{"id":571,"date":"2016-02-27T16:22:48","date_gmt":"2016-02-27T15:22:48","guid":{"rendered":"http:\/\/agora.xtec.cat\/ceipmarianao\/?page_id=571"},"modified":"2025-08-21T17:42:37","modified_gmt":"2025-08-21T15:42:37","slug":"crec-en-tu-escoltam-tutories-personalitzades","status":"publish","type":"page","link":"https:\/\/agora.xtec.cat\/ceipmarianao\/projecte-educatiu-i\/projectes-descola\/crec-en-tu-escoltam-tutories-personalitzades\/","title":{"rendered":"Crec en tu!  (Escolta\u2019m)"},"content":{"rendered":"<p><a href=\"https:\/\/agora.xtec.cat\/ceipmarianao\/wp-content\/uploads\/usu17\/2023\/02\/Escoltam-1.jpg\"><img loading=\"lazy\" decoding=\"async\" class=\"size-medium wp-image-4539 alignleft\" src=\"https:\/\/agora.xtec.cat\/ceipmarianao\/wp-content\/uploads\/usu17\/2023\/02\/Escoltam-1-225x300.jpg\" alt=\"\" width=\"225\" height=\"300\" srcset=\"https:\/\/agora.xtec.cat\/ceipmarianao\/wp-content\/uploads\/usu17\/2023\/02\/Escoltam-1-225x300.jpg 225w, https:\/\/agora.xtec.cat\/ceipmarianao\/wp-content\/uploads\/usu17\/2023\/02\/Escoltam-1-768x1024.jpg 768w, https:\/\/agora.xtec.cat\/ceipmarianao\/wp-content\/uploads\/usu17\/2023\/02\/Escoltam-1-1152x1536.jpg 1152w, https:\/\/agora.xtec.cat\/ceipmarianao\/wp-content\/uploads\/usu17\/2023\/02\/Escoltam-1.jpg 1500w\" sizes=\"auto, (max-width: 225px) 100vw, 225px\" \/><\/a><a href=\"https:\/\/agora.xtec.cat\/ceipmarianao\/wp-content\/uploads\/usu17\/2023\/02\/Escoltam-2.jpg\"><img loading=\"lazy\" decoding=\"async\" class=\"size-medium wp-image-4540 alignleft\" src=\"https:\/\/agora.xtec.cat\/ceipmarianao\/wp-content\/uploads\/usu17\/2023\/02\/Escoltam-2-300x225.jpg\" alt=\"\" width=\"300\" height=\"225\" srcset=\"https:\/\/agora.xtec.cat\/ceipmarianao\/wp-content\/uploads\/usu17\/2023\/02\/Escoltam-2-300x225.jpg 300w, https:\/\/agora.xtec.cat\/ceipmarianao\/wp-content\/uploads\/usu17\/2023\/02\/Escoltam-2-1024x768.jpg 1024w, https:\/\/agora.xtec.cat\/ceipmarianao\/wp-content\/uploads\/usu17\/2023\/02\/Escoltam-2-768x576.jpg 768w, https:\/\/agora.xtec.cat\/ceipmarianao\/wp-content\/uploads\/usu17\/2023\/02\/Escoltam-2-1536x1152.jpg 1536w, https:\/\/agora.xtec.cat\/ceipmarianao\/wp-content\/uploads\/usu17\/2023\/02\/Escoltam-2-200x150.jpg 200w, https:\/\/agora.xtec.cat\/ceipmarianao\/wp-content\/uploads\/usu17\/2023\/02\/Escoltam-2.jpg 2000w\" sizes=\"auto, (max-width: 300px) 100vw, 300px\" \/><\/a><a href=\"http:\/\/agora.xtec.cat\/ceipmarianao\/wp-content\/uploads\/usu17\/2016\/02\/escoltam.jpg\"><img loading=\"lazy\" decoding=\"async\" class=\"wp-image-562 alignleft\" src=\"http:\/\/agora.xtec.cat\/ceipmarianao\/wp-content\/uploads\/usu17\/2016\/02\/escoltam-300x223.jpg\" alt=\"escoltam\" width=\"304\" height=\"226\" srcset=\"https:\/\/agora.xtec.cat\/ceipmarianao\/wp-content\/uploads\/usu17\/2016\/02\/escoltam-300x223.jpg 300w, https:\/\/agora.xtec.cat\/ceipmarianao\/wp-content\/uploads\/usu17\/2016\/02\/escoltam-200x150.jpg 200w, https:\/\/agora.xtec.cat\/ceipmarianao\/wp-content\/uploads\/usu17\/2016\/02\/escoltam.jpg 532w\" sizes=\"auto, (max-width: 304px) 100vw, 304px\" \/><\/a><\/p>\n<p>&nbsp;<\/p>\n<p>&nbsp;<\/p>\n<p>&nbsp;<\/p>\n<p>&nbsp;<\/p>\n<p>&nbsp;<\/p>\n<p>&nbsp;<\/p>\n<p>&nbsp;<\/p>\n<p style=\"text-align: justify;\"><span style=\"font-family: inherit; font-size: 1em; text-align: justify;\">Aquesta \u00e9s una de les premisses que defineixen el Projecte Escolta\u2019m, endegat pel Toni Giner i la Carme Saumell i que, fa molts cursos, vam iniciar a l\u2019Escola Marianao.<\/span><\/p>\n<p style=\"text-align: justify;\">Setmanalment, a partir d\u2019I4, \u00a0els tutors i les tutores s\u2019emporten a \u201cl\u2019aula petita\u201d grups de tres alumnes on es desenvolupa un temps d\u2019escolta activa, sense demandes, sense judicis, sense restriccions, on els infants poden parlar d\u2019all\u00f2 que volen o explicar all\u00f2 que els ve de gust. El vincle emocional que s\u2019estableix entre tutora i alumne\/a \u00e9s una eina fonamental per a fer que el\/la nen\/a prengui consci\u00e8ncia de les seves capacitats, aprengui a aprendre i creixi i maduri de manera segura i aut\u00f2noma.<\/p>\n<p style=\"text-align: justify;\">LAE: Legitimar, Acceptar i Entendre \u00e9s la clau fonamental del projecte, ja que l\u2019escolta emp\u00e0tica desenvolupa la intel\u00b7lig\u00e8ncia emocional, cosa que ens fa m\u00e9s resilients, ens fa m\u00e9s forts davant les adversitats.<\/p>\n<p style=\"text-align: justify;\">Acompanyar, guiar, conduir en el complex, per\u00f2 apassionant viatge d\u2019ensenyar i aprendre, amb il\u00b7lusi\u00f3, esfor\u00e7 i confian\u00e7a, tant en un mateix com en els altres.<\/p>\n<p style=\"text-align: justify;\">No hi ha aprenentatge si no hi ha vinculaci\u00f3.<\/p>\n","protected":false},"excerpt":{"rendered":"<p><a href=\"https:\/\/agora.xtec.cat\/ceipmarianao\/wp-content\/uploads\/usu17\/2023\/02\/Escoltam-1.jpg\"><\/a><a href=\"https:\/\/agora.xtec.cat\/ceipmarianao\/wp-content\/uploads\/usu17\/2023\/02\/Escoltam-2.jpg\"><\/a><a href=\"http:\/\/agora.xtec.cat\/ceipmarianao\/wp-content\/uploads\/usu17\/2016\/02\/escoltam.jpg\"><\/a><br \/>\n&nbsp;<br \/>\n&nbsp;<br \/>\n&nbsp;<br \/>\n&nbsp;<br \/>\n&nbsp;<br \/>\n&nbsp;<br \/>\n&nbsp;<br \/>\nAquesta \u00e9s una de les premisses que defineixen el Projecte Escolta\u2019m, endegat pel Toni Giner i la Carme Saumell i que, fa molts cursos, vam iniciar a l\u2019Escola Marianao.<br \/>\nSetmanalment, a partir d\u2019I4, \u00a0els tutors i les tutores s\u2019emporten a \u201cl\u2019aula petita\u201d grups&hellip;  <a href=\"https:\/\/agora.xtec.cat\/ceipmarianao\/projecte-educatiu-i\/projectes-descola\/crec-en-tu-escoltam-tutories-personalitzades\/\" title=\"Read Crec en tu!  (Escolta\u2019m)\">Llegeix m\u00e9s\u00bb<\/a><\/p>\n","protected":false},"author":4,"featured_media":0,"parent":289,"menu_order":0,"comment_status":"closed","ping_status":"closed","template":"page-templates\/side-menu.php","meta":{"_bbp_topic_count":0,"_bbp_reply_count":0,"_bbp_total_topic_count":0,"_bbp_total_reply_count":0,"_bbp_voice_count":0,"_bbp_anonymous_reply_count":0,"_bbp_topic_count_hidden":0,"_bbp_reply_count_hidden":0,"_bbp_forum_subforum_count":0,"footnotes":""},"class_list":["post-571","page","type-page","status-publish","hentry"],"post_mailing_queue_ids":[],"_links":{"self":[{"href":"https:\/\/agora.xtec.cat\/ceipmarianao\/wp-json\/wp\/v2\/pages\/571","targetHints":{"allow":["GET"]}}],"collection":[{"href":"https:\/\/agora.xtec.cat\/ceipmarianao\/wp-json\/wp\/v2\/pages"}],"about":[{"href":"https:\/\/agora.xtec.cat\/ceipmarianao\/wp-json\/wp\/v2\/types\/page"}],"author":[{"embeddable":true,"href":"https:\/\/agora.xtec.cat\/ceipmarianao\/wp-json\/wp\/v2\/users\/4"}],"replies":[{"embeddable":true,"href":"https:\/\/agora.xtec.cat\/ceipmarianao\/wp-json\/wp\/v2\/comments?post=571"}],"version-history":[{"count":5,"href":"https:\/\/agora.xtec.cat\/ceipmarianao\/wp-json\/wp\/v2\/pages\/571\/revisions"}],"predecessor-version":[{"id":5428,"href":"https:\/\/agora.xtec.cat\/ceipmarianao\/wp-json\/wp\/v2\/pages\/571\/revisions\/5428"}],"up":[{"embeddable":true,"href":"https:\/\/agora.xtec.cat\/ceipmarianao\/wp-json\/wp\/v2\/pages\/289"}],"wp:attachment":[{"href":"https:\/\/agora.xtec.cat\/ceipmarianao\/wp-json\/wp\/v2\/media?parent=571"}],"curies":[{"name":"wp","href":"https:\/\/api.w.org\/{rel}","templated":true}]}}