{"id":431,"date":"2016-02-16T15:36:39","date_gmt":"2016-02-16T14:36:39","guid":{"rendered":"http:\/\/agora.xtec.cat\/ceipmarianao\/?page_id=431"},"modified":"2024-12-11T13:49:51","modified_gmt":"2024-12-11T12:49:51","slug":"normes-dorganitzacio-i-funcionament-del-centre","status":"publish","type":"page","link":"https:\/\/agora.xtec.cat\/ceipmarianao\/projecte-educatiu-i\/normes-dorganitzacio-i-funcionament-del-centre\/","title":{"rendered":"Normes d&#8217;Organitzaci\u00f3 i Funcionament del Centre"},"content":{"rendered":"<p style=\"text-align: justify;\">Amb aquest document es pret\u00e9n establir una normativa envers la conviv\u00e8ncia a l&#8217;escola per a tota la comunitat educativa, mitjan\u00e7ant una s\u00e8rie de normes que regulin i, alhora, ajudin al bon funcionament del centre. Amb les cartes de comprom\u00eds educatiu pretenem aconseguir els nostres objectius de manera coordinada i en col\u00b7laboraci\u00f3 fam\u00edlia-escola.<\/p>\n<p><a href=\"https:\/\/drive.google.com\/file\/d\/1VzQE0Qbt1UySqHIw5MfG9xE4Y-BLM_sf\/view?usp=sharing\">Acc\u00e9s a les NOFC<\/a><\/p>\n<p><a href=\"https:\/\/drive.google.com\/file\/d\/1M-4DGeoOQb9jgCV13Wv-PvBOSeMGfJRe\/view?usp=drive_link\">Acc\u00e9s a la carta de comprom\u00eds d&#8217;Educaci\u00f3 Infantil<\/a><\/p>\n<p><a href=\"https:\/\/drive.google.com\/file\/d\/1SzeXI8FFjvj9r4tCtYiwlqCMrtU3kG-Y\/view?usp=drive_link\">Acc\u00e9s a la carta de comprom\u00eds d&#8217;Educaci\u00f3 Prim\u00e0ria<\/a><\/p>\n<p>&nbsp;<\/p>\n","protected":false},"excerpt":{"rendered":"<p>Amb aquest document es pret\u00e9n establir una normativa envers la conviv\u00e8ncia a l&#8217;escola per a tota la comunitat educativa, mitjan\u00e7ant una s\u00e8rie de normes que regulin i, alhora, ajudin al bon funcionament del centre. Amb les cartes de comprom\u00eds educatiu pretenem aconseguir els nostres objectius&hellip;  <a href=\"https:\/\/agora.xtec.cat\/ceipmarianao\/projecte-educatiu-i\/normes-dorganitzacio-i-funcionament-del-centre\/\" title=\"Read Normes d&#8217;Organitzaci\u00f3 i Funcionament del Centre\">Llegeix m\u00e9s\u00bb<\/a><\/p>\n","protected":false},"author":3,"featured_media":0,"parent":312,"menu_order":0,"comment_status":"closed","ping_status":"closed","template":"page-templates\/side-menu.php","meta":{"_bbp_topic_count":0,"_bbp_reply_count":0,"_bbp_total_topic_count":0,"_bbp_total_reply_count":0,"_bbp_voice_count":0,"_bbp_anonymous_reply_count":0,"_bbp_topic_count_hidden":0,"_bbp_reply_count_hidden":0,"_bbp_forum_subforum_count":0,"footnotes":""},"class_list":["post-431","page","type-page","status-publish","hentry"],"post_mailing_queue_ids":[],"_links":{"self":[{"href":"https:\/\/agora.xtec.cat\/ceipmarianao\/wp-json\/wp\/v2\/pages\/431","targetHints":{"allow":["GET"]}}],"collection":[{"href":"https:\/\/agora.xtec.cat\/ceipmarianao\/wp-json\/wp\/v2\/pages"}],"about":[{"href":"https:\/\/agora.xtec.cat\/ceipmarianao\/wp-json\/wp\/v2\/types\/page"}],"author":[{"embeddable":true,"href":"https:\/\/agora.xtec.cat\/ceipmarianao\/wp-json\/wp\/v2\/users\/3"}],"replies":[{"embeddable":true,"href":"https:\/\/agora.xtec.cat\/ceipmarianao\/wp-json\/wp\/v2\/comments?post=431"}],"version-history":[{"count":6,"href":"https:\/\/agora.xtec.cat\/ceipmarianao\/wp-json\/wp\/v2\/pages\/431\/revisions"}],"predecessor-version":[{"id":5214,"href":"https:\/\/agora.xtec.cat\/ceipmarianao\/wp-json\/wp\/v2\/pages\/431\/revisions\/5214"}],"up":[{"embeddable":true,"href":"https:\/\/agora.xtec.cat\/ceipmarianao\/wp-json\/wp\/v2\/pages\/312"}],"wp:attachment":[{"href":"https:\/\/agora.xtec.cat\/ceipmarianao\/wp-json\/wp\/v2\/media?parent=431"}],"curies":[{"name":"wp","href":"https:\/\/api.w.org\/{rel}","templated":true}]}}