{"id":3742,"date":"2021-07-05T09:21:49","date_gmt":"2021-07-05T07:21:49","guid":{"rendered":"https:\/\/agora.xtec.cat\/ceipmarianao\/?page_id=3742"},"modified":"2021-08-17T12:42:04","modified_gmt":"2021-08-17T10:42:04","slug":"projecte-de-convivencia","status":"publish","type":"page","link":"https:\/\/agora.xtec.cat\/ceipmarianao\/projecte-educatiu-i\/projecte-de-convivencia\/","title":{"rendered":"Projecte de Conviv\u00e8ncia"},"content":{"rendered":"<p style=\"text-align: justify;\">Aquest projecte, conjuntament amb les Normes d\u2019Organitzaci\u00f3 i Funcionament del Centre, ser\u00e0 la base per a tractar les situacions de conflicte perjudicials per a la conviv\u00e8ncia en el centre. Tot i aix\u00ed, i per a donar soluci\u00f3 a aquells conflictes que tot i basant-nos en aquests documents no tinguem clar com vehicular, ja sigui perqu\u00e8 no hi estiguin especificats, siguin massa concrets o m\u00e9s greus de l\u2019habitual, es tindran en compte, si s\u2019escau, diferents protocols.<\/p>\n<p><a href=\"https:\/\/drive.google.com\/file\/d\/1WyB-GtPlta2o5yyGvHV4kGOSbj1p9rY1\/view?usp=sharing\">Acc\u00e9s al Projecte de Conviv\u00e8ncia<\/a><\/p>\n","protected":false},"excerpt":{"rendered":"<p>Aquest projecte, conjuntament amb les Normes d\u2019Organitzaci\u00f3 i Funcionament del Centre, ser\u00e0 la base per a tractar les situacions de conflicte perjudicials per a la conviv\u00e8ncia en el centre. Tot i aix\u00ed, i per a donar soluci\u00f3 a aquells conflictes que tot i basant-nos en&hellip;  <a href=\"https:\/\/agora.xtec.cat\/ceipmarianao\/projecte-educatiu-i\/projecte-de-convivencia\/\" title=\"Read Projecte de Conviv\u00e8ncia\">Llegeix m\u00e9s\u00bb<\/a><\/p>\n","protected":false},"author":3,"featured_media":0,"parent":312,"menu_order":4,"comment_status":"closed","ping_status":"closed","template":"page-templates\/side-menu.php","meta":{"_bbp_topic_count":0,"_bbp_reply_count":0,"_bbp_total_topic_count":0,"_bbp_total_reply_count":0,"_bbp_voice_count":0,"_bbp_anonymous_reply_count":0,"_bbp_topic_count_hidden":0,"_bbp_reply_count_hidden":0,"_bbp_forum_subforum_count":0,"footnotes":""},"class_list":["post-3742","page","type-page","status-publish","hentry"],"post_mailing_queue_ids":[],"_links":{"self":[{"href":"https:\/\/agora.xtec.cat\/ceipmarianao\/wp-json\/wp\/v2\/pages\/3742","targetHints":{"allow":["GET"]}}],"collection":[{"href":"https:\/\/agora.xtec.cat\/ceipmarianao\/wp-json\/wp\/v2\/pages"}],"about":[{"href":"https:\/\/agora.xtec.cat\/ceipmarianao\/wp-json\/wp\/v2\/types\/page"}],"author":[{"embeddable":true,"href":"https:\/\/agora.xtec.cat\/ceipmarianao\/wp-json\/wp\/v2\/users\/3"}],"replies":[{"embeddable":true,"href":"https:\/\/agora.xtec.cat\/ceipmarianao\/wp-json\/wp\/v2\/comments?post=3742"}],"version-history":[{"count":2,"href":"https:\/\/agora.xtec.cat\/ceipmarianao\/wp-json\/wp\/v2\/pages\/3742\/revisions"}],"predecessor-version":[{"id":3744,"href":"https:\/\/agora.xtec.cat\/ceipmarianao\/wp-json\/wp\/v2\/pages\/3742\/revisions\/3744"}],"up":[{"embeddable":true,"href":"https:\/\/agora.xtec.cat\/ceipmarianao\/wp-json\/wp\/v2\/pages\/312"}],"wp:attachment":[{"href":"https:\/\/agora.xtec.cat\/ceipmarianao\/wp-json\/wp\/v2\/media?parent=3742"}],"curies":[{"name":"wp","href":"https:\/\/api.w.org\/{rel}","templated":true}]}}