{"id":36,"date":"2014-09-18T12:33:11","date_gmt":"2014-09-18T12:33:11","guid":{"rendered":"http:\/\/agora.xtec.cat\/ceipmarianao\/?page_id=36"},"modified":"2025-08-21T17:34:29","modified_gmt":"2025-08-21T15:34:29","slug":"material-escolar","status":"publish","type":"page","link":"https:\/\/agora.xtec.cat\/ceipmarianao\/lescola\/material-escolar\/","title":{"rendered":"Material escolar i llibres de text"},"content":{"rendered":"<p style=\"text-align: justify;\">El material fungible de l&#8217;alumnat \u00e9s socialitzat. Les fam\u00edlies paguen una quota anual, aquest curs de 82,50\u20ac, que d\u00f3na dret als infants a fer-lo servir i a utilitzar l&#8217;aplicaci\u00f3 <em>Dinantia<\/em>. Est\u00e0 centralitzat a una aula del centre i les persones de l&#8217;equip directiu s\u00f3n les encarregades de portar-ne el control: fer-ne les comandes, organitzar-lo, gestionar-lo, distribuir-lo i reposar-lo.<\/p>\n<p style=\"text-align: justify;\">Es fan servir llibres de text a l&#8217;Educaci\u00f3 Prim\u00e0ria en algunes mat\u00e8ries. Els llibres de text que es faran servir el curs 2025-2026 seran els seg\u00fcents:<\/p>\n<p style=\"text-align: center;\"><a href=\"https:\/\/drive.google.com\/file\/d\/1GangBdSmaxL94qb_ENS_dtes4M7Vy6Mg\/view?usp=sharing\">Llibres de text 1r<\/a> \u00a0 \u00a0 \u00a0 \u00a0 \u00a0<a href=\"https:\/\/drive.google.com\/file\/d\/1fzW_6ubgZbwiD5b191MCWKjTq6hERemv\/view?usp=drive_link\">Llibres de text 2n<\/a> \u00a0\u00a0 \u00a0\u00a0 \u00a0\u00a0 <a href=\"https:\/\/drive.google.com\/file\/d\/1kVXE7OtymJ38iNwng9sMLoN5dll9s5l7\/view?usp=drive_link\">Llibres de text 3r<\/a><\/p>\n<p style=\"text-align: center;\"><a href=\"https:\/\/drive.google.com\/file\/d\/1XCGauVKZZ5DIwlgEVd1YeJozyJskWBMW\/view?usp=drive_link\">Llibres de text 4t<\/a> \u00a0 \u00a0 \u00a0 \u00a0 \u00a0<a href=\"https:\/\/drive.google.com\/file\/d\/1Ky1Ir2lPbzPE3RzRe9B1qGC5J4INRT9m\/view?usp=drive_link\">Llibres de text 5\u00e8<\/a> \u00a0 \u00a0 \u00a0 \u00a0 \u00a0<a href=\"https:\/\/drive.google.com\/file\/d\/18QsHXEL-sc4887hmqH-PHQgqxtC7Gh0Y\/view?usp=drive_link\">Llibres de text 6\u00e8<\/a><\/p>\n<p style=\"text-align: justify;\">Tant a Educaci\u00f3 Infantil com a Educaci\u00f3 Prim\u00e0ria, cada infant disposa d&#8217;una agenda escolar (el seu pagament est\u00e0 incl\u00f2s a la quota de l&#8217;AFA de 20\u20ac) que \u00e9s la principal via de comunicaci\u00f3 Escola-Fam\u00edlia.<\/p>\n<p style=\"text-align: justify;\">Per a psicomotricitat i Educaci\u00f3 F\u00edsica hi ha un uniforme esportiu que es ven a la botiga Multifil (carrer de Montmany, 25). A partir de 1r de Prim\u00e0ria els infants han de portar una bossa amb estris d&#8217;higiene personal.<\/p>\n<p style=\"text-align: justify;\">Els infants porten bata per a fer activitats pl\u00e0stiques.<\/p>\n<p style=\"text-align: justify;\">L&#8217;esmorzar es porta a una carmanyola o boc&#8217;n roll, ja que som Escola Verda i intentem generar el m\u00ednim de residus.<\/p>\n<p style=\"text-align: justify;\"><img loading=\"lazy\" decoding=\"async\" class=\" wp-image-197 alignright\" src=\"http:\/\/agora.xtec.cat\/ceipmarianao\/wp-content\/uploads\/usu17\/2014\/09\/pencils_colors.jpg\" alt=\"material_escolat\" width=\"318\" height=\"253\" srcset=\"https:\/\/agora.xtec.cat\/ceipmarianao\/wp-content\/uploads\/usu17\/2014\/09\/pencils_colors.jpg 504w, https:\/\/agora.xtec.cat\/ceipmarianao\/wp-content\/uploads\/usu17\/2014\/09\/pencils_colors-300x238.jpg 300w\" sizes=\"auto, (max-width: 318px) 100vw, 318px\" \/><\/p>\n","protected":false},"excerpt":{"rendered":"<p>El material fungible de l&#8217;alumnat \u00e9s socialitzat. Les fam\u00edlies paguen una quota anual, aquest curs de 82,50\u20ac, que d\u00f3na dret als infants a fer-lo servir i a utilitzar l&#8217;aplicaci\u00f3 Dinantia. Est\u00e0 centralitzat a una aula del centre i les persones de l&#8217;equip directiu s\u00f3n les&hellip;  <a href=\"https:\/\/agora.xtec.cat\/ceipmarianao\/lescola\/material-escolar\/\" title=\"Read Material escolar i llibres de text\">Llegeix m\u00e9s\u00bb<\/a><\/p>\n","protected":false},"author":2,"featured_media":0,"parent":22,"menu_order":70,"comment_status":"closed","ping_status":"closed","template":"page-templates\/side-menu.php","meta":{"_bbp_topic_count":0,"_bbp_reply_count":0,"_bbp_total_topic_count":0,"_bbp_total_reply_count":0,"_bbp_voice_count":0,"_bbp_anonymous_reply_count":0,"_bbp_topic_count_hidden":0,"_bbp_reply_count_hidden":0,"_bbp_forum_subforum_count":0,"footnotes":""},"class_list":["post-36","page","type-page","status-publish","hentry"],"post_mailing_queue_ids":[],"_links":{"self":[{"href":"https:\/\/agora.xtec.cat\/ceipmarianao\/wp-json\/wp\/v2\/pages\/36","targetHints":{"allow":["GET"]}}],"collection":[{"href":"https:\/\/agora.xtec.cat\/ceipmarianao\/wp-json\/wp\/v2\/pages"}],"about":[{"href":"https:\/\/agora.xtec.cat\/ceipmarianao\/wp-json\/wp\/v2\/types\/page"}],"author":[{"embeddable":true,"href":"https:\/\/agora.xtec.cat\/ceipmarianao\/wp-json\/wp\/v2\/users\/2"}],"replies":[{"embeddable":true,"href":"https:\/\/agora.xtec.cat\/ceipmarianao\/wp-json\/wp\/v2\/comments?post=36"}],"version-history":[{"count":8,"href":"https:\/\/agora.xtec.cat\/ceipmarianao\/wp-json\/wp\/v2\/pages\/36\/revisions"}],"predecessor-version":[{"id":5425,"href":"https:\/\/agora.xtec.cat\/ceipmarianao\/wp-json\/wp\/v2\/pages\/36\/revisions\/5425"}],"up":[{"embeddable":true,"href":"https:\/\/agora.xtec.cat\/ceipmarianao\/wp-json\/wp\/v2\/pages\/22"}],"wp:attachment":[{"href":"https:\/\/agora.xtec.cat\/ceipmarianao\/wp-json\/wp\/v2\/media?parent=36"}],"curies":[{"name":"wp","href":"https:\/\/api.w.org\/{rel}","templated":true}]}}