{"id":840,"date":"2025-02-03T16:10:31","date_gmt":"2025-02-03T15:10:31","guid":{"rendered":"https:\/\/agora.xtec.cat\/ceipmariagali\/?page_id=840"},"modified":"2025-02-03T16:28:52","modified_gmt":"2025-02-03T15:28:52","slug":"trets-didentitat","status":"publish","type":"page","link":"https:\/\/agora.xtec.cat\/ceipmariagali\/trets-didentitat\/","title":{"rendered":"Trets d&#8217;identitat"},"content":{"rendered":"\n<div class=\"wp-block-columns is-layout-flex wp-container-core-columns-is-layout-1 wp-block-columns-is-layout-flex\">\n<div class=\"wp-block-column is-layout-flow wp-block-column-is-layout-flow\" style=\"flex-basis:33.33%\">\n<figure class=\"wp-block-image size-full\"><img loading=\"lazy\" decoding=\"async\" width=\"449\" height=\"788\" src=\"https:\/\/agora.xtec.cat\/ceipmariagali\/wp-content\/uploads\/usu7\/2025\/02\/IDENTITAT-1-e1738593604391.jpg\" alt=\"\" class=\"wp-image-823\" srcset=\"https:\/\/agora.xtec.cat\/ceipmariagali\/wp-content\/uploads\/usu7\/2025\/02\/IDENTITAT-1-e1738593604391.jpg 449w, https:\/\/agora.xtec.cat\/ceipmariagali\/wp-content\/uploads\/usu7\/2025\/02\/IDENTITAT-1-e1738593604391-171x300.jpg 171w\" sizes=\"auto, (max-width: 449px) 100vw, 449px\" \/><\/figure>\n<\/div>\n\n\n\n<div class=\"wp-block-column is-layout-flow wp-block-column-is-layout-flow\" style=\"flex-basis:66.66%\">\n<p><\/p>\n\n\n\n<p><strong>1.- PRINCIPIS PEDAG\u00d2GICS DEL CENTRE:<\/strong><\/p>\n\n\n\n<ul class=\"wp-block-list\">\n<li>Potenciem la inclusi\u00f3 de les noves tecnologies dins del proc\u00e9s d\u2019ensenyament i aprenentatge amb tres ordinadors per aula, sessions d\u2019inform\u00e0tica a tots els nivells, utilitzaci\u00f3 de kits d\u2019internet a l\u2019aula i pissarra digital a cicle mitj\u00e0 i superior.<\/li>\n\n\n\n<li>L\u2019escola \u00e9s oberta a l\u2019entorn, per a fer possible l\u2019adquisici\u00f3 d\u2019elements b\u00e0sics culturals i una progressiva autonomia d\u2019acci\u00f3 en el medi de l\u2019infant.<\/li>\n\n\n\n<li>Potencia la participaci\u00f3 activa del pares i mares.<\/li>\n\n\n\n<li>L\u2019escola es manifesta aconfessional, respectant les creences de cada persona.<\/li>\n\n\n\n<li>Assumeix el pluralisme ideol\u00f2gic i evita l\u2019adoctrinament.<\/li>\n\n\n\n<li>L\u2019educaci\u00f3 social i moral de l\u2019alumnat \u00e9s orientada cap a la igualtat de les persones, rebutjant qualsevol discriminaci\u00f3 per ra\u00f3 de sexe, \u00e8tnia, religi\u00f3, etc.<\/li>\n<\/ul>\n\n\n\n<p><strong>2.- PROJECTE LING\u00dc\u00cdSTIC:<\/strong><br>L\u2019objectiu prioritari \u00e9s formar alumnes que siguin competents per comprendre i expressar-se tant en catal\u00e0 com en castell\u00e0 i coneguin iutilitzin una llengua estrangera: l\u2019angl\u00e8s.El catal\u00e0 \u00e9s la llengua de comunicaci\u00f3 i d\u2019aprenentatge a l\u2019escola, tant a les activitats pr\u00f2piament escolars com a les activitats complement\u00e0ries i extraescolars. Des de P3 l\u2019alumnat est\u00e0 immers en un ambient on la llengua que s\u2019utilitza arreu \u00e9s el catal\u00e0. El castell\u00e0 s\u2019introdueix a 1r curs de prim\u00e0ria, i la seva pres\u00e8ncia als horaris va augmentant en els cursos superiors.La llengua anglesas\u2019introdueix a P5 de forma oral i a partir de 1r curs de prim\u00e0riava augmentant la seva pres\u00e8ncia als horaris.<\/p>\n\n\n\n<p><strong>3.- RECURSOS HUMANS DELS QUE DISPOSA EL CENTRE:<\/strong><br>L\u2019escola Mari\u00e0 Gal\u00ed t\u00e9 18 grups\/classe: 6 d\u2019Educaci\u00f3 Infantil i 12 de Prim\u00e0ria.<br>El professorat actual del qual disposem est\u00e0 format per<\/p>\n\n\n\n<ul class=\"wp-block-list\">\n<li>les especialistes en l\u2019etapa infantil (3-6 anys),<\/li>\n\n\n\n<li>els tutors i les tutores de prim\u00e0ria,<\/li>\n\n\n\n<li>tutor d\u2019aula d\u2019acollida,<\/li>\n\n\n\n<li>especialistes d\u2019educaci\u00f3 f\u00edsica,<\/li>\n\n\n\n<li>especialistade m\u00fasica,<\/li>\n\n\n\n<li>especialistes d\u2019angl\u00e8s,<\/li>\n\n\n\n<li>mestra de religi\u00f3 (\u00e0rea volunt\u00e0ria per l\u2019alumnat),<\/li>\n\n\n\n<li>especialista d\u2019audici\u00f3 i llenguatge<\/li>\n\n\n\n<li>especialista d\u2019educaci\u00f3 especial.<\/li>\n<\/ul>\n\n\n\n<p>Tamb\u00e9 comptem amb una t\u00e8cnica auxiliar en educaci\u00f3 infantil pel nivell de P3. En total som 30 professionals de l\u2019ensenyament.<br>A m\u00e9s, comptem amb la col\u00b7laboraci\u00f3 d\u2019un psic\u00f2leg i una mediadora intercultural de forma peri\u00f2dica i la intervenci\u00f3 d\u2019una especialista de logop\u00e8dia i una fisioterapeuta per cassos concrets.<\/p>\n\n\n\n<p>El personal d\u2019administraci\u00f3 i serveis el formen<\/p>\n\n\n\n<ul class=\"wp-block-list\">\n<li>una administrativa i el conserge<\/li>\n\n\n\n<li>les cuineres i monitores del menjador i del servei d\u2019acollida matinal que depenen de l\u2019empresa encarregada.<\/li>\n\n\n\n<li>les monitores de les activitats extraescolars que depenen de l\u2019AMPA.<\/li>\n<\/ul>\n<\/div>\n<\/div>\n","protected":false},"excerpt":{"rendered":"<p>1.- PRINCIPIS PEDAG\u00d2GICS DEL CENTRE: 2.- PROJECTE LING\u00dc\u00cdSTIC:L\u2019objectiu prioritari \u00e9s formar alumnes que siguin competents per comprendre i expressar-se tant [&hellip;]<\/p>\n","protected":false},"author":1,"featured_media":823,"parent":0,"menu_order":0,"comment_status":"closed","ping_status":"close","template":"","meta":{"site-sidebar-layout":"default","site-content-layout":"","ast-site-content-layout":"default","site-content-style":"default","site-sidebar-style":"default","ast-global-header-display":"","ast-banner-title-visibility":"","ast-main-header-display":"","ast-hfb-above-header-display":"","ast-hfb-below-header-display":"","ast-hfb-mobile-header-display":"","site-post-title":"","ast-breadcrumbs-content":"","ast-featured-img":"","footer-sml-layout":"","theme-transparent-header-meta":"","adv-header-id-meta":"","stick-header-meta":"","header-above-stick-meta":"","header-main-stick-meta":"","header-below-stick-meta":"","astra-migrate-meta-layouts":"set","ast-page-background-enabled":"default","ast-page-background-meta":{"desktop":{"background-color":"var(--ast-global-color-4)","background-image":"","background-repeat":"repeat","background-position":"center center","background-size":"auto","background-attachment":"scroll","background-type":"","background-media":"","overlay-type":"","overlay-color":"","overlay-opacity":"","overlay-gradient":""},"tablet":{"background-color":"","background-image":"","background-repeat":"repeat","background-position":"center center","background-size":"auto","background-attachment":"scroll","background-type":"","background-media":"","overlay-type":"","overlay-color":"","overlay-opacity":"","overlay-gradient":""},"mobile":{"background-color":"","background-image":"","background-repeat":"repeat","background-position":"center center","background-size":"auto","background-attachment":"scroll","background-type":"","background-media":"","overlay-type":"","overlay-color":"","overlay-opacity":"","overlay-gradient":""}},"ast-content-background-meta":{"desktop":{"background-color":"var(--ast-global-color-5)","background-image":"","background-repeat":"repeat","background-position":"center center","background-size":"auto","background-attachment":"scroll","background-type":"","background-media":"","overlay-type":"","overlay-color":"","overlay-opacity":"","overlay-gradient":""},"tablet":{"background-color":"var(--ast-global-color-5)","background-image":"","background-repeat":"repeat","background-position":"center center","background-size":"auto","background-attachment":"scroll","background-type":"","background-media":"","overlay-type":"","overlay-color":"","overlay-opacity":"","overlay-gradient":""},"mobile":{"background-color":"var(--ast-global-color-5)","background-image":"","background-repeat":"repeat","background-position":"center center","background-size":"auto","background-attachment":"scroll","background-type":"","background-media":"","overlay-type":"","overlay-color":"","overlay-opacity":"","overlay-gradient":""}},"footnotes":""},"class_list":["post-840","page","type-page","status-publish","has-post-thumbnail","hentry"],"post_mailing_queue_ids":[],"_links":{"self":[{"href":"https:\/\/agora.xtec.cat\/ceipmariagali\/wp-json\/wp\/v2\/pages\/840","targetHints":{"allow":["GET"]}}],"collection":[{"href":"https:\/\/agora.xtec.cat\/ceipmariagali\/wp-json\/wp\/v2\/pages"}],"about":[{"href":"https:\/\/agora.xtec.cat\/ceipmariagali\/wp-json\/wp\/v2\/types\/page"}],"author":[{"embeddable":true,"href":"https:\/\/agora.xtec.cat\/ceipmariagali\/wp-json\/wp\/v2\/users\/1"}],"replies":[{"embeddable":true,"href":"https:\/\/agora.xtec.cat\/ceipmariagali\/wp-json\/wp\/v2\/comments?post=840"}],"version-history":[{"count":2,"href":"https:\/\/agora.xtec.cat\/ceipmariagali\/wp-json\/wp\/v2\/pages\/840\/revisions"}],"predecessor-version":[{"id":846,"href":"https:\/\/agora.xtec.cat\/ceipmariagali\/wp-json\/wp\/v2\/pages\/840\/revisions\/846"}],"wp:featuredmedia":[{"embeddable":true,"href":"https:\/\/agora.xtec.cat\/ceipmariagali\/wp-json\/wp\/v2\/media\/823"}],"wp:attachment":[{"href":"https:\/\/agora.xtec.cat\/ceipmariagali\/wp-json\/wp\/v2\/media?parent=840"}],"curies":[{"name":"wp","href":"https:\/\/api.w.org\/{rel}","templated":true}]}}