{"id":84,"date":"2014-09-18T14:11:31","date_gmt":"2014-09-18T13:11:31","guid":{"rendered":"http:\/\/agora.xtec.cat\/ceipmariagali\/?page_id=84"},"modified":"2025-01-30T19:29:55","modified_gmt":"2025-01-30T18:29:55","slug":"activitats-extraescolars","status":"publish","type":"page","link":"https:\/\/agora.xtec.cat\/ceipmariagali\/serveis\/activitats-extraescolars\/","title":{"rendered":"Activitats extraescolars"},"content":{"rendered":"<p><strong>Les extraescolars: Un servei adaptat a les necessitats de les fam\u00edlies<\/strong><\/p>\n<p>Les <strong>extraescolars<\/strong> s\u00f3n activitats organitzades per l&#8217;<strong>AFA<\/strong> amb l&#8217;objectiu d&#8217;oferir una oferta educativa i recreativa complement\u00e0ria per als infants. Aquestes activitats es dissenyen i organitzen <strong>segons la demanda de les fam\u00edlies<\/strong> i <strong>segons el nombre de participants<\/strong>, ja que l&#8217;AFA ajusta les opcions per assegurar-se que el servei sigui viable i s&#8217;adapti a les necessitats de cada curs.<\/p>\n<p>Les extraescolars poden tenir un <strong>caire l\u00fadic<\/strong> o <strong>esportiu<\/strong>, depenent de les prefer\u00e8ncies de les fam\u00edlies i els infants. Aix\u00f2 permet oferir una \u00e0mplia gamma d&#8217;activitats que fomenten tant el <strong>desenvolupament personal<\/strong> com la <strong>diversi\u00f3<\/strong> i la <strong>pr\u00e0ctica d&#8217;esports<\/strong>. Com que es basen en les demandes dels usuaris, aquestes activitats s\u00f3n totalment personalitzades i variades, creant un ambient d&#8217;aprenentatge divertit i actiu.<\/p>\n<p>A m\u00e9s, l&#8217;<strong>Associaci\u00f3 Educativa TU TRIES<\/strong> tamb\u00e9 ofereix un <strong>esplai de tarda de dilluns a dijous<\/strong>, ampliant aix\u00ed l&#8217;oferta extraescolar per a les fam\u00edlies que necessiten un servei d&#8217;acollida i activitat despr\u00e9s de les hores escolars.<\/p>\n<p>M\u00e9s informaci\u00f3 a:<\/p>\n<p><strong>AFA<\/strong><\/p>\n<p>afa@escolamariagali.com<\/p>\n<p><strong>TU TRIES ASSOCIACI\u00d3 SOCIOEDUCATIVA <\/strong><\/p>\n<p>cd.canboada.tutries@gmail.com<\/p>\n","protected":false},"excerpt":{"rendered":"<p>Les extraescolars: Un servei adaptat a les necessitats de les fam\u00edlies Les extraescolars s\u00f3n activitats organitzades per l&#8217;AFA amb l&#8217;objectiu [&hellip;]<\/p>\n","protected":false},"author":1,"featured_media":0,"parent":66,"menu_order":60,"comment_status":"closed","ping_status":"closed","template":"page-templates\/side-menu.php","meta":{"site-sidebar-layout":"default","site-content-layout":"","ast-site-content-layout":"default","site-content-style":"default","site-sidebar-style":"default","ast-global-header-display":"","ast-banner-title-visibility":"","ast-main-header-display":"","ast-hfb-above-header-display":"","ast-hfb-below-header-display":"","ast-hfb-mobile-header-display":"","site-post-title":"","ast-breadcrumbs-content":"","ast-featured-img":"","footer-sml-layout":"","theme-transparent-header-meta":"","adv-header-id-meta":"","stick-header-meta":"","header-above-stick-meta":"","header-main-stick-meta":"","header-below-stick-meta":"","astra-migrate-meta-layouts":"set","ast-page-background-enabled":"default","ast-page-background-meta":{"desktop":{"background-color":"var(--ast-global-color-4)","background-image":"","background-repeat":"repeat","background-position":"center center","background-size":"auto","background-attachment":"scroll","background-type":"","background-media":"","overlay-type":"","overlay-color":"","overlay-opacity":"","overlay-gradient":""},"tablet":{"background-color":"","background-image":"","background-repeat":"repeat","background-position":"center center","background-size":"auto","background-attachment":"scroll","background-type":"","background-media":"","overlay-type":"","overlay-color":"","overlay-opacity":"","overlay-gradient":""},"mobile":{"background-color":"","background-image":"","background-repeat":"repeat","background-position":"center center","background-size":"auto","background-attachment":"scroll","background-type":"","background-media":"","overlay-type":"","overlay-color":"","overlay-opacity":"","overlay-gradient":""}},"ast-content-background-meta":{"desktop":{"background-color":"var(--ast-global-color-5)","background-image":"","background-repeat":"repeat","background-position":"center center","background-size":"auto","background-attachment":"scroll","background-type":"","background-media":"","overlay-type":"","overlay-color":"","overlay-opacity":"","overlay-gradient":""},"tablet":{"background-color":"var(--ast-global-color-5)","background-image":"","background-repeat":"repeat","background-position":"center center","background-size":"auto","background-attachment":"scroll","background-type":"","background-media":"","overlay-type":"","overlay-color":"","overlay-opacity":"","overlay-gradient":""},"mobile":{"background-color":"var(--ast-global-color-5)","background-image":"","background-repeat":"repeat","background-position":"center center","background-size":"auto","background-attachment":"scroll","background-type":"","background-media":"","overlay-type":"","overlay-color":"","overlay-opacity":"","overlay-gradient":""}},"footnotes":""},"class_list":["post-84","page","type-page","status-publish","hentry"],"post_mailing_queue_ids":[],"_links":{"self":[{"href":"https:\/\/agora.xtec.cat\/ceipmariagali\/wp-json\/wp\/v2\/pages\/84","targetHints":{"allow":["GET"]}}],"collection":[{"href":"https:\/\/agora.xtec.cat\/ceipmariagali\/wp-json\/wp\/v2\/pages"}],"about":[{"href":"https:\/\/agora.xtec.cat\/ceipmariagali\/wp-json\/wp\/v2\/types\/page"}],"author":[{"embeddable":true,"href":"https:\/\/agora.xtec.cat\/ceipmariagali\/wp-json\/wp\/v2\/users\/1"}],"replies":[{"embeddable":true,"href":"https:\/\/agora.xtec.cat\/ceipmariagali\/wp-json\/wp\/v2\/comments?post=84"}],"version-history":[{"count":1,"href":"https:\/\/agora.xtec.cat\/ceipmariagali\/wp-json\/wp\/v2\/pages\/84\/revisions"}],"predecessor-version":[{"id":757,"href":"https:\/\/agora.xtec.cat\/ceipmariagali\/wp-json\/wp\/v2\/pages\/84\/revisions\/757"}],"up":[{"embeddable":true,"href":"https:\/\/agora.xtec.cat\/ceipmariagali\/wp-json\/wp\/v2\/pages\/66"}],"wp:attachment":[{"href":"https:\/\/agora.xtec.cat\/ceipmariagali\/wp-json\/wp\/v2\/media?parent=84"}],"curies":[{"name":"wp","href":"https:\/\/api.w.org\/{rel}","templated":true}]}}