{"id":34,"date":"2014-09-18T12:32:18","date_gmt":"2014-09-18T11:32:18","guid":{"rendered":"http:\/\/agora.xtec.cat\/ceipmariagali\/?page_id=34"},"modified":"2025-01-29T12:27:18","modified_gmt":"2025-01-29T11:27:18","slug":"oferta-educativa","status":"publish","type":"page","link":"https:\/\/agora.xtec.cat\/ceipmariagali\/lescola\/oferta-educativa\/","title":{"rendered":"Oferta educativa"},"content":{"rendered":"<p>L&#8217;Escola Mari\u00e0 Gal\u00ed de Terrassa \u00e9s un centre d&#8217;una l\u00ednia que compta amb 9 grups escolars, distribu\u00efts entre Educaci\u00f3 Infantil i Educaci\u00f3 Prim\u00e0ria.<\/p>\n<p>A Educaci\u00f3 Infantil hi ha tres grups:<\/p>\n<ul>\n<li><strong>I3 (P3)<\/strong>: infants de 3-4 anys<\/li>\n<li><strong>I4 (P4)<\/strong>: infants de 4-5 anys<\/li>\n<li><strong>I5 (P5)<\/strong>: infants de 5-6 anys<\/li>\n<\/ul>\n<p>A Educaci\u00f3 Prim\u00e0ria hi ha sis grups:<\/p>\n<ul>\n<li><strong>1r de Prim\u00e0ria<\/strong>: infants de 6-7 anys<\/li>\n<li><strong>2n de Prim\u00e0ria<\/strong>: infants de 7-8 anys<\/li>\n<li><strong>3r de Prim\u00e0ria<\/strong>: infants de 8-9 anys<\/li>\n<li><strong>4t de Prim\u00e0ria<\/strong>: infants de 9-10 anys<\/li>\n<li><strong>5\u00e8 de Prim\u00e0ria<\/strong>: infants de 10-11 anys<\/li>\n<li><strong>6\u00e8 de Prim\u00e0ria<\/strong>: infants de 11-12 anys<\/li>\n<\/ul>\n<p>D\u2019aquesta manera, l\u2019escola cobreix l\u2019etapa educativa dels 3 als 12 anys, acompanyant l\u2019alumnat en el seu proc\u00e9s d\u2019aprenentatge des dels primers anys fins a la seva preparaci\u00f3 per a l\u2019educaci\u00f3 secund\u00e0ria.<\/p>\n","protected":false},"excerpt":{"rendered":"<p>L&#8217;Escola Mari\u00e0 Gal\u00ed de Terrassa \u00e9s un centre d&#8217;una l\u00ednia que compta amb 9 grups escolars, distribu\u00efts entre Educaci\u00f3 Infantil [&hellip;]<\/p>\n","protected":false},"author":1,"featured_media":0,"parent":22,"menu_order":60,"comment_status":"closed","ping_status":"closed","template":"","meta":{"site-sidebar-layout":"default","site-content-layout":"","ast-site-content-layout":"default","site-content-style":"default","site-sidebar-style":"default","ast-global-header-display":"","ast-banner-title-visibility":"","ast-main-header-display":"","ast-hfb-above-header-display":"","ast-hfb-below-header-display":"","ast-hfb-mobile-header-display":"","site-post-title":"","ast-breadcrumbs-content":"","ast-featured-img":"","footer-sml-layout":"","theme-transparent-header-meta":"","adv-header-id-meta":"","stick-header-meta":"","header-above-stick-meta":"","header-main-stick-meta":"","header-below-stick-meta":"","astra-migrate-meta-layouts":"set","ast-page-background-enabled":"default","ast-page-background-meta":{"desktop":{"background-color":"var(--ast-global-color-4)","background-image":"","background-repeat":"repeat","background-position":"center center","background-size":"auto","background-attachment":"scroll","background-type":"","background-media":"","overlay-type":"","overlay-color":"","overlay-opacity":"","overlay-gradient":""},"tablet":{"background-color":"","background-image":"","background-repeat":"repeat","background-position":"center center","background-size":"auto","background-attachment":"scroll","background-type":"","background-media":"","overlay-type":"","overlay-color":"","overlay-opacity":"","overlay-gradient":""},"mobile":{"background-color":"","background-image":"","background-repeat":"repeat","background-position":"center center","background-size":"auto","background-attachment":"scroll","background-type":"","background-media":"","overlay-type":"","overlay-color":"","overlay-opacity":"","overlay-gradient":""}},"ast-content-background-meta":{"desktop":{"background-color":"var(--ast-global-color-5)","background-image":"","background-repeat":"repeat","background-position":"center center","background-size":"auto","background-attachment":"scroll","background-type":"","background-media":"","overlay-type":"","overlay-color":"","overlay-opacity":"","overlay-gradient":""},"tablet":{"background-color":"var(--ast-global-color-5)","background-image":"","background-repeat":"repeat","background-position":"center center","background-size":"auto","background-attachment":"scroll","background-type":"","background-media":"","overlay-type":"","overlay-color":"","overlay-opacity":"","overlay-gradient":""},"mobile":{"background-color":"var(--ast-global-color-5)","background-image":"","background-repeat":"repeat","background-position":"center center","background-size":"auto","background-attachment":"scroll","background-type":"","background-media":"","overlay-type":"","overlay-color":"","overlay-opacity":"","overlay-gradient":""}},"footnotes":""},"class_list":["post-34","page","type-page","status-publish","hentry"],"post_mailing_queue_ids":[],"_links":{"self":[{"href":"https:\/\/agora.xtec.cat\/ceipmariagali\/wp-json\/wp\/v2\/pages\/34","targetHints":{"allow":["GET"]}}],"collection":[{"href":"https:\/\/agora.xtec.cat\/ceipmariagali\/wp-json\/wp\/v2\/pages"}],"about":[{"href":"https:\/\/agora.xtec.cat\/ceipmariagali\/wp-json\/wp\/v2\/types\/page"}],"author":[{"embeddable":true,"href":"https:\/\/agora.xtec.cat\/ceipmariagali\/wp-json\/wp\/v2\/users\/1"}],"replies":[{"embeddable":true,"href":"https:\/\/agora.xtec.cat\/ceipmariagali\/wp-json\/wp\/v2\/comments?post=34"}],"version-history":[{"count":1,"href":"https:\/\/agora.xtec.cat\/ceipmariagali\/wp-json\/wp\/v2\/pages\/34\/revisions"}],"predecessor-version":[{"id":727,"href":"https:\/\/agora.xtec.cat\/ceipmariagali\/wp-json\/wp\/v2\/pages\/34\/revisions\/727"}],"up":[{"embeddable":true,"href":"https:\/\/agora.xtec.cat\/ceipmariagali\/wp-json\/wp\/v2\/pages\/22"}],"wp:attachment":[{"href":"https:\/\/agora.xtec.cat\/ceipmariagali\/wp-json\/wp\/v2\/media?parent=34"}],"curies":[{"name":"wp","href":"https:\/\/api.w.org\/{rel}","templated":true}]}}