{"id":36,"date":"2014-09-18T12:33:11","date_gmt":"2014-09-18T11:33:11","guid":{"rendered":"http:\/\/agora.xtec.cat\/ceipmariafortuny\/?page_id=36"},"modified":"2025-02-25T11:32:41","modified_gmt":"2025-02-25T10:32:41","slug":"material-escolar","status":"publish","type":"page","link":"https:\/\/agora.xtec.cat\/ceipmariafortuny\/lescola\/material-escolar\/","title":{"rendered":"Material escolar i import aportacions fam\u00edlies"},"content":{"rendered":"<p>Per a dur a terme les activitats, tots els nens i nenes necessiten diversos materials al seu abast. La gran majoria d&#8217;aquests les posa l&#8217;escola, per\u00f2 cada any, es demana una aportaci\u00f3 a les fam\u00edlies per cobrir alguns materials i les sortides que es fan al llarg del curs.<\/p>\n<p><strong>Les fam\u00edlies d&#8217;Educaci\u00f3 Infantil<\/strong> fan una aportaci\u00f3 de<strong> 95\u20ac anuals<\/strong><\/p>\n<p><strong>Les fam\u00edlies d&#8217;educaci\u00f3 Prim\u00e0ria<\/strong> fan una aportaci\u00f3 anual de <strong>35\u20ac<\/strong> m\u00e9s els 2 <a href=\"https:\/\/www.valescolar.cat\/\" target=\"_blank\" rel=\"noopener\">vals escolars<\/a> de 30\u20ac que els arriba a casa des de la Generalitat de Catalunya.<\/p>\n<p>&nbsp;<\/p>\n<p>A m\u00e9s, podeu consultar a l&#8217;apartat de Documents. All\u00e0 trobareu tota la informaci\u00f3 necess\u00e0ria. Podeu utilitzar l&#8217;apartat de cerca i escriure el curs del vostre fill\/a.<\/p>\n","protected":false},"excerpt":{"rendered":"<p>Per a dur a terme les activitats, tots els nens i nenes necessiten diversos materials al seu abast. La gran majoria d&#8217;aquests les posa l&#8217;escola, per\u00f2 cada any, es demana una aportaci\u00f3 a les fam\u00edlies per cobrir alguns materials i les sortides que es fan&hellip;  <a href=\"https:\/\/agora.xtec.cat\/ceipmariafortuny\/lescola\/material-escolar\/\" title=\"Read Material escolar i import aportacions fam\u00edlies\">Llegeix m\u00e9s\u00bb<\/a><\/p>\n","protected":false},"author":1,"featured_media":0,"parent":22,"menu_order":70,"comment_status":"closed","ping_status":"closed","template":"page-templates\/side-menu.php","meta":{"_bbp_topic_count":0,"_bbp_reply_count":0,"_bbp_total_topic_count":0,"_bbp_total_reply_count":0,"_bbp_voice_count":0,"_bbp_anonymous_reply_count":0,"_bbp_topic_count_hidden":0,"_bbp_reply_count_hidden":0,"_bbp_forum_subforum_count":0,"footnotes":""},"class_list":["post-36","page","type-page","status-publish","hentry"],"post_mailing_queue_ids":[],"_links":{"self":[{"href":"https:\/\/agora.xtec.cat\/ceipmariafortuny\/wp-json\/wp\/v2\/pages\/36","targetHints":{"allow":["GET"]}}],"collection":[{"href":"https:\/\/agora.xtec.cat\/ceipmariafortuny\/wp-json\/wp\/v2\/pages"}],"about":[{"href":"https:\/\/agora.xtec.cat\/ceipmariafortuny\/wp-json\/wp\/v2\/types\/page"}],"author":[{"embeddable":true,"href":"https:\/\/agora.xtec.cat\/ceipmariafortuny\/wp-json\/wp\/v2\/users\/1"}],"replies":[{"embeddable":true,"href":"https:\/\/agora.xtec.cat\/ceipmariafortuny\/wp-json\/wp\/v2\/comments?post=36"}],"version-history":[{"count":6,"href":"https:\/\/agora.xtec.cat\/ceipmariafortuny\/wp-json\/wp\/v2\/pages\/36\/revisions"}],"predecessor-version":[{"id":22867,"href":"https:\/\/agora.xtec.cat\/ceipmariafortuny\/wp-json\/wp\/v2\/pages\/36\/revisions\/22867"}],"up":[{"embeddable":true,"href":"https:\/\/agora.xtec.cat\/ceipmariafortuny\/wp-json\/wp\/v2\/pages\/22"}],"wp:attachment":[{"href":"https:\/\/agora.xtec.cat\/ceipmariafortuny\/wp-json\/wp\/v2\/media?parent=36"}],"curies":[{"name":"wp","href":"https:\/\/api.w.org\/{rel}","templated":true}]}}