{"id":26,"date":"2014-09-18T12:24:32","date_gmt":"2014-09-18T11:24:32","guid":{"rendered":"http:\/\/agora.xtec.cat\/ceipmariafortuny\/?page_id=26"},"modified":"2019-04-19T21:24:18","modified_gmt":"2019-04-19T19:24:18","slug":"historia","status":"publish","type":"page","link":"https:\/\/agora.xtec.cat\/ceipmariafortuny\/lescola\/historia\/","title":{"rendered":"Hist\u00f2ria"},"content":{"rendered":"<p align=\"JUSTIFY\"><span style=\"color: #000000;\"><span style=\"font-size: medium;\">L&#8217;escola Mari\u00e0 Fortuny va ser fundada l&#8217;any 1970 despr\u00e9s de m\u00e9s de 10 anys de lluita del barri i els mestres per aconseguir una escola en condicions.<\/span><\/span><\/p>\n<p align=\"JUSTIFY\"><span style=\"color: #000000;\"><span style=\"font-size: medium;\">L&#8217;any 1961 s&#8217;aprov\u00e0 a l&#8217;ajuntament el projecte del grup escolar del Barri Fortuny.<\/span><\/span><\/p>\n<p align=\"JUSTIFY\"><span style=\"color: #000000;\"><span style=\"font-size: medium;\">La situaci\u00f3 l&#8217;any 1963 no va variar, el grup escolar estava format per 7 unitats, i un dels mestres, Josep Bella, va comen\u00e7ar a fer les tasques de direcci\u00f3.<\/span><\/span><\/p>\n<p align=\"JUSTIFY\"><span style=\"color: #000000;\"><span style=\"font-size: medium;\">L&#8217;any 1970 l&#8217;escola rebia oficialment el nom d&#8217;escola Mari\u00e0 Fortuny.<\/span><\/span><\/p>\n<p align=\"JUSTIFY\">Des de la seva fundaci\u00f3 fins als nostres dies la direcci\u00f3 ha estat representada,\u00a0 a m\u00e9s d&#8217;en Josep Bella, per grans professionals de l&#8217;educaci\u00f3, com s\u00f3n: <span style=\"color: #000000;\"><span style=\"font-size: medium;\">Andreu Ferr\u00e9 Capdevila, Antonio Rold\u00e1n, Miseric\u00f2rdia Ferran, Concepci\u00f3n Moya, Montserrat Alzamora i N\u00faria Sabat\u00e9. Tot comptant amb l&#8217;ajuda dels seus respectius equips, tamb\u00e9 amb la resta del claustre i personal laboral.<br \/>\n<\/span><\/span><\/p>\n<p align=\"JUSTIFY\"><span style=\"color: #000000;\"><span style=\"font-size: medium;\">\u00a0<\/span><\/span><\/p>\n","protected":false},"excerpt":{"rendered":"<p>L&#8217;escola Mari\u00e0 Fortuny va ser fundada l&#8217;any 1970 despr\u00e9s de m\u00e9s de 10 anys de lluita del barri i els mestres per aconseguir una escola en condicions.<br \/>\nL&#8217;any 1961 s&#8217;aprov\u00e0 a l&#8217;ajuntament el projecte del grup escolar del Barri Fortuny.<br \/>\nLa situaci\u00f3 l&#8217;any 1963 no va variar,&hellip;  <a href=\"https:\/\/agora.xtec.cat\/ceipmariafortuny\/lescola\/historia\/\" title=\"Read Hist\u00f2ria\">Llegeix m\u00e9s\u00bb<\/a><\/p>\n","protected":false},"author":1,"featured_media":0,"parent":22,"menu_order":20,"comment_status":"closed","ping_status":"closed","template":"page-templates\/side-menu.php","meta":{"_bbp_topic_count":0,"_bbp_reply_count":0,"_bbp_total_topic_count":0,"_bbp_total_reply_count":0,"_bbp_voice_count":0,"_bbp_anonymous_reply_count":0,"_bbp_topic_count_hidden":0,"_bbp_reply_count_hidden":0,"_bbp_forum_subforum_count":0,"footnotes":""},"class_list":["post-26","page","type-page","status-publish","hentry"],"post_mailing_queue_ids":[],"_links":{"self":[{"href":"https:\/\/agora.xtec.cat\/ceipmariafortuny\/wp-json\/wp\/v2\/pages\/26","targetHints":{"allow":["GET"]}}],"collection":[{"href":"https:\/\/agora.xtec.cat\/ceipmariafortuny\/wp-json\/wp\/v2\/pages"}],"about":[{"href":"https:\/\/agora.xtec.cat\/ceipmariafortuny\/wp-json\/wp\/v2\/types\/page"}],"author":[{"embeddable":true,"href":"https:\/\/agora.xtec.cat\/ceipmariafortuny\/wp-json\/wp\/v2\/users\/1"}],"replies":[{"embeddable":true,"href":"https:\/\/agora.xtec.cat\/ceipmariafortuny\/wp-json\/wp\/v2\/comments?post=26"}],"version-history":[{"count":3,"href":"https:\/\/agora.xtec.cat\/ceipmariafortuny\/wp-json\/wp\/v2\/pages\/26\/revisions"}],"predecessor-version":[{"id":18171,"href":"https:\/\/agora.xtec.cat\/ceipmariafortuny\/wp-json\/wp\/v2\/pages\/26\/revisions\/18171"}],"up":[{"embeddable":true,"href":"https:\/\/agora.xtec.cat\/ceipmariafortuny\/wp-json\/wp\/v2\/pages\/22"}],"wp:attachment":[{"href":"https:\/\/agora.xtec.cat\/ceipmariafortuny\/wp-json\/wp\/v2\/media?parent=26"}],"curies":[{"name":"wp","href":"https:\/\/api.w.org\/{rel}","templated":true}]}}