{"id":22,"date":"2014-09-18T12:19:57","date_gmt":"2014-09-18T11:19:57","guid":{"rendered":"http:\/\/agora.xtec.cat\/ceipmariafortuny\/?page_id=22"},"modified":"2016-09-23T09:42:22","modified_gmt":"2016-09-23T08:42:22","slug":"lescola","status":"publish","type":"page","link":"https:\/\/agora.xtec.cat\/ceipmariafortuny\/lescola\/","title":{"rendered":"L&#8217;escola"},"content":{"rendered":"<p style=\"margin-bottom: .0001pt; text-align: justify;\">Tal i com es recull en el Projecte Educatiu de centre, l&#8217;escola es declara:<\/p>\n<p style=\"margin-bottom: .0001pt; text-align: justify;\"><b>Escola catalana. <\/b>Empra el catal\u00e0 com a llengua pr\u00f2pia i vehicular d\u2019ensenyament i aprenentatge.<\/p>\n<p style=\"margin-bottom: .0001pt; text-align: justify;\">\n<p style=\"margin-bottom: .0001pt; text-align: justify;\"><b>Escola aconfessional i pluralista. <\/b>Respecta les diferents maneres de pensar i \u00e9s oberta a tothom. Educa per a la llibertat, la responsabilitat i per l\u2019adquisici\u00f3 d\u2019h\u00e0bits i conductes que fan dels seus membres persones socials dignes de la comunitat on viuen.<\/p>\n<p style=\"margin-bottom: .0001pt; text-align: justify;\">\n<p style=\"margin-bottom: .0001pt; text-align: justify;\"><b>Escola coeducadora i no sexista. <\/b>Educa per la conviv\u00e8ncia i respecte als altres basant-se en la coeducaci\u00f3, sense cap mena de discriminaci\u00f3 per ra\u00f3 de sexe.<\/p>\n<p style=\"margin-bottom: .0001pt; text-align: justify;\">\n<p style=\"margin-bottom: .0001pt; text-align: justify;\"><b>Escola solid\u00e0ria i tolerant. <\/b>Educa per la just\u00edcia, la solidaritat i la no discriminaci\u00f3.<\/p>\n<p style=\"margin-bottom: .0001pt; text-align: justify;\">\n<p style=\"margin-bottom: .0001pt; text-align: justify;\"><b>Educaci\u00f3 integral. <\/b>Escola que descobreix en el treball, les aptituds de cadasc\u00fa, aprenent a desenvolupar totes les capacitats personals i a respectar les dels altres, fomentant l\u2019autoestima i real\u00e7ant l\u2019aspecte formatiu de la persona. La comunitat educativa estimula i potencia el desenvolupament integral de l\u2019alumnat tenint en compte les caracter\u00edstiques personals que fan \u00fanic\/a a cada alumne\/a.<\/p>\n<p style=\"margin-bottom: .0001pt; text-align: justify;\">\n<p style=\"margin-bottom: .0001pt; text-align: justify;\"><b>Educaci\u00f3 socialitzadora. <\/b>Educa en les estrat\u00e8gies per resoldre les dificultats i per conscienciar dels drets i deures que comporta la vida en societat, fugint de l\u2019estricta competitivitat.<\/p>\n<p style=\"margin-bottom: .0001pt; text-align: justify;\">\n<p style=\"margin-bottom: .0001pt; text-align: justify;\"><b>Escola dialogant. <\/b>Afavoridora del di\u00e0leg, mantenint una relaci\u00f3 real i efectiva entre els pares, mestres, alumnes i altres professionals implicats dins la comunitat escolar, per mitj\u00e0 dels representants elegits per cada un d\u2019aquests estaments.<\/p>\n<p style=\"margin-bottom: .0001pt; text-align: justify;\">\n<p style=\"margin-bottom: .0001pt; text-align: justify;\"><b>Ensenyament de qualitat. <\/b>Escola que aspira a un ensenyament de qualitat, que ensenyi a aprendre, a consultar i a adaptar-se a la constant evoluci\u00f3 social (aprenentatge significatiu).<\/p>\n<p style=\"margin-bottom: .0001pt; text-align: justify;\">\n<p style=\"margin-bottom: .0001pt; text-align: justify;\"><b>Ensenyament actiu i innovador. <\/b>Escola que potencia l\u2019aspecte instructiu, que fomenta l\u2019experimentaci\u00f3, el descobriment, la formaci\u00f3 d\u2019h\u00e0bits \u00e8tics i c\u00edvics, aprendre a aprendre i el coneixement del medi.<\/p>\n<p style=\"margin-bottom: .0001pt; text-align: justify;\">\n<p style=\"margin-bottom: .0001pt; text-align: justify;\"><b>Escola oberta a la participaci\u00f3. <\/b>Valora com a fonamental la participaci\u00f3 de l\u2019alumnat en totes les tasques d\u2019aprenentatges i en les diferents activitats, i que fomenta el treball individual i en equip.<\/p>\n<p style=\"margin-bottom: .0001pt; text-align: justify;\">\n<p style=\"margin-bottom: .0001pt; text-align: justify;\"><b>Escola democr\u00e0tica. <\/b>Vol que l\u2019escola sigui un reflex de la societat actual estimulant els valors d\u2019una societat democr\u00e0tica.<\/p>\n<p style=\"margin-bottom: .0001pt; text-align: justify;\">\n<p style=\"margin-bottom: .0001pt; text-align: justify;\"><b>Escola respectuosa amb l\u2019entorn i compromesa amb el medi ambient. <\/b>Es vol treballar per la sostenibilitat: residus, mobilitat, gesti\u00f3 de recursos.<\/p>\n<p style=\"margin-bottom: .0001pt; text-align: justify;\">\n<p style=\"margin-bottom: .0001pt; text-align: justify;\"><b>Visi\u00f3 cr\u00edtica. <\/b>Escola que vol aconseguir que es valorin els fets amb visi\u00f3 cr\u00edtica, fomentant l\u2019observaci\u00f3, la investigaci\u00f3, l\u2019an\u00e0lisi, la s\u00edntesi, l&#8217;autoavaluaci\u00f3 i l\u2019aprendre del propi error.<\/p>\n","protected":false},"excerpt":{"rendered":"<p>Tal i com es recull en el Projecte Educatiu de centre, l&#8217;escola es declara:<br \/>\nEscola catalana. Empra el catal\u00e0 com a llengua pr\u00f2pia i vehicular d\u2019ensenyament i aprenentatge.<\/p>\n<p>Escola aconfessional i pluralista. Respecta les diferents maneres de pensar i \u00e9s oberta a tothom. Educa per a la&hellip;  <a href=\"https:\/\/agora.xtec.cat\/ceipmariafortuny\/lescola\/\" title=\"Read L&#8217;escola\">Llegeix m\u00e9s\u00bb<\/a><\/p>\n","protected":false},"author":1,"featured_media":0,"parent":0,"menu_order":0,"comment_status":"closed","ping_status":"closed","template":"page-templates\/side-menu.php","meta":{"_bbp_topic_count":0,"_bbp_reply_count":0,"_bbp_total_topic_count":0,"_bbp_total_reply_count":0,"_bbp_voice_count":0,"_bbp_anonymous_reply_count":0,"_bbp_topic_count_hidden":0,"_bbp_reply_count_hidden":0,"_bbp_forum_subforum_count":0,"footnotes":""},"class_list":["post-22","page","type-page","status-publish","hentry"],"post_mailing_queue_ids":[],"_links":{"self":[{"href":"https:\/\/agora.xtec.cat\/ceipmariafortuny\/wp-json\/wp\/v2\/pages\/22","targetHints":{"allow":["GET"]}}],"collection":[{"href":"https:\/\/agora.xtec.cat\/ceipmariafortuny\/wp-json\/wp\/v2\/pages"}],"about":[{"href":"https:\/\/agora.xtec.cat\/ceipmariafortuny\/wp-json\/wp\/v2\/types\/page"}],"author":[{"embeddable":true,"href":"https:\/\/agora.xtec.cat\/ceipmariafortuny\/wp-json\/wp\/v2\/users\/1"}],"replies":[{"embeddable":true,"href":"https:\/\/agora.xtec.cat\/ceipmariafortuny\/wp-json\/wp\/v2\/comments?post=22"}],"version-history":[{"count":3,"href":"https:\/\/agora.xtec.cat\/ceipmariafortuny\/wp-json\/wp\/v2\/pages\/22\/revisions"}],"predecessor-version":[{"id":503,"href":"https:\/\/agora.xtec.cat\/ceipmariafortuny\/wp-json\/wp\/v2\/pages\/22\/revisions\/503"}],"wp:attachment":[{"href":"https:\/\/agora.xtec.cat\/ceipmariafortuny\/wp-json\/wp\/v2\/media?parent=22"}],"curies":[{"name":"wp","href":"https:\/\/api.w.org\/{rel}","templated":true}]}}