{"id":87,"date":"2014-09-18T14:28:12","date_gmt":"2014-09-18T13:28:12","guid":{"rendered":"http:\/\/agora.xtec.cat\/ceipmargallo\/?page_id=87"},"modified":"2026-02-17T18:17:26","modified_gmt":"2026-02-17T17:17:26","slug":"nivells","status":"publish","type":"page","link":"https:\/\/agora.xtec.cat\/ceipmargallo\/lescola\/nivells\/","title":{"rendered":"Galeria"},"content":{"rendered":"<h3>De l&#8217;Escola&#8230;<\/h3>\n<p>&nbsp;<\/p>\n<p><a href=\"https:\/\/youtu.be\/dx8Mt2gJ-kk\">Per qu\u00e8 ens agrada el Margall\u00f3?<\/a><\/p>\n<p><a href=\"https:\/\/youtu.be\/qm5FJ_CiyaQ?si=190m6YPCVC72Qkw2\">Com treballem al Margall\u00f3? Clica i mira-ho\u00a0<\/a><\/p>\n<p><a href=\"https:\/\/youtu.be\/NckevW3bUNY?si=YFSaaTcChs5QJkwK\">La M\u00fasica al Margall\u00f3<\/a><\/p>\n<h3><\/h3>\n<h3>Infantil<\/h3>\n<table style=\"height: 92px; width: 75.2034%;\" width=\"410\">\n<tbody>\n<tr style=\"height: 46px;\">\n<td style=\"height: 46px; width: 548px;\"><a href=\"https:\/\/youtu.be\/cEe-V3uJiB0\">Un dia a infantil 3<\/a><\/td>\n<\/tr>\n<tr style=\"height: 46px;\">\n<td style=\"height: 46px; width: 548px;\">\n<p class=\"style-scope ytd-watch-metadata\"><a href=\"http:\/\/Educaci\u00f3 Infantil | Vine al Margall\u00f3!\">Educaci\u00f3 Infantil | Vine al Margall\u00f3!<\/a><\/p>\n<\/td>\n<\/tr>\n<tr>\n<td style=\"width: 548px;\">\n<p class=\"style-scope ytd-watch-metadata\"><a href=\"https:\/\/youtu.be\/LzdpOhWMdcM?si=TZanddxxtCRzftr7\">Treballem per espais d&#8217;aprenentatge<\/a><\/p>\n<\/td>\n<\/tr>\n<\/tbody>\n<\/table>\n<p><span style=\"font-size: 1.375em; font-weight: bold;\">Prim\u00e0ria<\/span><\/p>\n<div class=\"entry-content\">\n<table style=\"width: 95.0195%; height: 152px;\" width=\"410\">\n<tbody>\n<tr style=\"height: 61px;\">\n<td style=\"width: 100%; height: 61px;\"><a href=\"https:\/\/youtu.be\/25qxh7ylPeM?si=B9TxEhl5OMUv45ze\">Qu\u00e8 fem a prim\u00e0ria?<\/a><\/td>\n<\/tr>\n<tr style=\"height: 45px;\">\n<td style=\"width: 100%; height: 46px;\"><a href=\"https:\/\/youtu.be\/PUFyhJpLSUU?si=P66vbcDUPMifMtNA\">Utilitzem t\u00e8cniques cooperatives\u00a0 a l&#8217;aula\u00a0<\/a><\/td>\n<\/tr>\n<tr style=\"height: 45px;\">\n<td style=\"width: 100%; height: 45px;\"><a href=\"https:\/\/youtu.be\/v6MnICGfJnk?si=UB1LIDdPP6wF5y9a\">A cicle inicial tenim racons d&#8217;aprenentatge\u00a0<\/a><\/td>\n<\/tr>\n<\/tbody>\n<\/table>\n<\/div>\n<h3><\/h3>\n<h3><\/h3>\n","protected":false},"excerpt":{"rendered":"<p>De l&#8217;Escola&#8230; &nbsp; Per qu\u00e8 ens agrada el Margall\u00f3? Com treballem al Margall\u00f3? Clica i mira-ho\u00a0 La M\u00fasica al Margall\u00f3 Infantil Un dia a infantil 3 Educaci\u00f3 Infantil | Vine al Margall\u00f3! Treballem per espais d&#8217;aprenentatge Prim\u00e0ria Qu\u00e8 fem a prim\u00e0ria? Utilitzem t\u00e8cniques cooperatives\u00a0 a l&#8217;aula\u00a0 A cicle inicial tenim racons d&#8217;aprenentatge\u00a0<\/p>\n","protected":false},"author":1,"featured_media":0,"parent":22,"menu_order":0,"comment_status":"closed","ping_status":"closed","template":"","meta":{"_bbp_topic_count":0,"_bbp_reply_count":0,"_bbp_total_topic_count":0,"_bbp_total_reply_count":0,"_bbp_voice_count":0,"_bbp_anonymous_reply_count":0,"_bbp_topic_count_hidden":0,"_bbp_reply_count_hidden":0,"_bbp_forum_subforum_count":0,"site-sidebar-layout":"default","site-content-layout":"","ast-site-content-layout":"default","site-content-style":"default","site-sidebar-style":"default","ast-global-header-display":"","ast-banner-title-visibility":"","ast-main-header-display":"","ast-hfb-above-header-display":"","ast-hfb-below-header-display":"","ast-hfb-mobile-header-display":"","site-post-title":"","ast-breadcrumbs-content":"","ast-featured-img":"","footer-sml-layout":"","theme-transparent-header-meta":"default","adv-header-id-meta":"","stick-header-meta":"","header-above-stick-meta":"","header-main-stick-meta":"","header-below-stick-meta":"","astra-migrate-meta-layouts":"set","ast-page-background-enabled":"default","ast-page-background-meta":{"desktop":{"background-color":"var(--ast-global-color-4)","background-image":"","background-repeat":"repeat","background-position":"center center","background-size":"auto","background-attachment":"scroll","background-type":"","background-media":"","overlay-type":"","overlay-color":"","overlay-opacity":"","overlay-gradient":""},"tablet":{"background-color":"","background-image":"","background-repeat":"repeat","background-position":"center center","background-size":"auto","background-attachment":"scroll","background-type":"","background-media":"","overlay-type":"","overlay-color":"","overlay-opacity":"","overlay-gradient":""},"mobile":{"background-color":"","background-image":"","background-repeat":"repeat","background-position":"center center","background-size":"auto","background-attachment":"scroll","background-type":"","background-media":"","overlay-type":"","overlay-color":"","overlay-opacity":"","overlay-gradient":""}},"ast-content-background-meta":{"desktop":{"background-color":"var(--ast-global-color-5)","background-image":"","background-repeat":"repeat","background-position":"center center","background-size":"auto","background-attachment":"scroll","background-type":"","background-media":"","overlay-type":"","overlay-color":"","overlay-opacity":"","overlay-gradient":""},"tablet":{"background-color":"var(--ast-global-color-5)","background-image":"","background-repeat":"repeat","background-position":"center center","background-size":"auto","background-attachment":"scroll","background-type":"","background-media":"","overlay-type":"","overlay-color":"","overlay-opacity":"","overlay-gradient":""},"mobile":{"background-color":"var(--ast-global-color-5)","background-image":"","background-repeat":"repeat","background-position":"center center","background-size":"auto","background-attachment":"scroll","background-type":"","background-media":"","overlay-type":"","overlay-color":"","overlay-opacity":"","overlay-gradient":""}},"footnotes":""},"class_list":["post-87","page","type-page","status-publish","hentry"],"post_mailing_queue_ids":[],"_links":{"self":[{"href":"https:\/\/agora.xtec.cat\/ceipmargallo\/wp-json\/wp\/v2\/pages\/87","targetHints":{"allow":["GET"]}}],"collection":[{"href":"https:\/\/agora.xtec.cat\/ceipmargallo\/wp-json\/wp\/v2\/pages"}],"about":[{"href":"https:\/\/agora.xtec.cat\/ceipmargallo\/wp-json\/wp\/v2\/types\/page"}],"author":[{"embeddable":true,"href":"https:\/\/agora.xtec.cat\/ceipmargallo\/wp-json\/wp\/v2\/users\/1"}],"replies":[{"embeddable":true,"href":"https:\/\/agora.xtec.cat\/ceipmargallo\/wp-json\/wp\/v2\/comments?post=87"}],"version-history":[{"count":6,"href":"https:\/\/agora.xtec.cat\/ceipmargallo\/wp-json\/wp\/v2\/pages\/87\/revisions"}],"predecessor-version":[{"id":14950,"href":"https:\/\/agora.xtec.cat\/ceipmargallo\/wp-json\/wp\/v2\/pages\/87\/revisions\/14950"}],"up":[{"embeddable":true,"href":"https:\/\/agora.xtec.cat\/ceipmargallo\/wp-json\/wp\/v2\/pages\/22"}],"wp:attachment":[{"href":"https:\/\/agora.xtec.cat\/ceipmargallo\/wp-json\/wp\/v2\/media?parent=87"}],"curies":[{"name":"wp","href":"https:\/\/api.w.org\/{rel}","templated":true}]}}