{"id":64,"date":"2014-09-18T12:39:08","date_gmt":"2014-09-18T11:39:08","guid":{"rendered":"http:\/\/agora.xtec.cat\/ceipmargallo\/?page_id=64"},"modified":"2026-02-17T16:17:22","modified_gmt":"2026-02-17T15:17:22","slug":"projecte-educatiu","status":"publish","type":"page","link":"https:\/\/agora.xtec.cat\/ceipmargallo\/lescola\/projecte-educatiu\/","title":{"rendered":"Principis pedag\u00f2gics"},"content":{"rendered":"<p><span style=\"font-weight: 400;\">La nostra filosofia d&#8217;entendre i de viure l&#8217;escola \u00e9s compartir mitjan\u00e7ant el di\u00e0leg, el respecte i la confian\u00e7a m\u00fatua.\u00a0<\/span><\/p>\n<p><span style=\"font-weight: 400;\">Creiem en l&#8217;\u00e9sser hum\u00e0 i en la seva bona voluntat, en l&#8217;honestedat, en l&#8217;esfor\u00e7, en la const\u00e0ncia i en l&#8217;estima.\u00a0<\/span><\/p>\n<p><span style=\"font-weight: 400;\">Potenciem tot all\u00f2 que \u00e9s positiu i intentem convertir les errades en oportunitats per aprendre.<\/span><\/p>\n<p><span style=\"font-weight: 400;\">Entenem l\u2019\u00e8xit educatiu com el desenvolupament de l\u2019autonomia personal, la responsabilitat, la conviv\u00e8ncia, la cooperaci\u00f3, els h\u00e0bits saludables,\u00a0 la conscienciaci\u00f3 mediambiental, l\u2019esperit cr\u00edtic constructiu i l\u2019afany d\u2019auto superaci\u00f3.<\/span><\/p>\n<p><span style=\"font-weight: 400;\">Volem que el nostre alumnat practiqui i experimenti l\u2019art d\u2019aprendre: a aprendre, a pensar, a decidir, a fer, a ser, a estar, a gaudir, a viure i a conviure, facilitant-los la presa de consci\u00e8ncia dels seus aprenentatges i capacitats.<\/span><\/p>\n<p><img loading=\"lazy\" decoding=\"async\" class=\"aligncenter size-large wp-image-4515\" src=\"https:\/\/agora.xtec.cat\/ceipmargallo\/wp-content\/uploads\/usu1899\/2020\/02\/12694775_1554350291541667_8062087101509869141_o-1-1024x379.jpg\" alt=\"\" width=\"1024\" height=\"379\" srcset=\"https:\/\/agora.xtec.cat\/ceipmargallo\/wp-content\/uploads\/usu1899\/2020\/02\/12694775_1554350291541667_8062087101509869141_o-1-1024x379.jpg 1024w, https:\/\/agora.xtec.cat\/ceipmargallo\/wp-content\/uploads\/usu1899\/2020\/02\/12694775_1554350291541667_8062087101509869141_o-1-300x111.jpg 300w, https:\/\/agora.xtec.cat\/ceipmargallo\/wp-content\/uploads\/usu1899\/2020\/02\/12694775_1554350291541667_8062087101509869141_o-1-768x284.jpg 768w\" sizes=\"auto, (max-width: 1024px) 100vw, 1024px\" \/><\/p>\n","protected":false},"excerpt":{"rendered":"<p>La nostra filosofia d&#8217;entendre i de viure l&#8217;escola \u00e9s compartir mitjan\u00e7ant el di\u00e0leg, el respecte i la confian\u00e7a m\u00fatua.\u00a0 Creiem en l&#8217;\u00e9sser hum\u00e0 i en la seva bona voluntat, en l&#8217;honestedat, en l&#8217;esfor\u00e7, en la const\u00e0ncia i en l&#8217;estima.\u00a0 Potenciem tot all\u00f2 que \u00e9s positiu i intentem convertir les errades en oportunitats per aprendre. Entenem [&hellip;]<\/p>\n","protected":false},"author":1,"featured_media":0,"parent":22,"menu_order":0,"comment_status":"closed","ping_status":"closed","template":"","meta":{"_bbp_topic_count":0,"_bbp_reply_count":0,"_bbp_total_topic_count":0,"_bbp_total_reply_count":0,"_bbp_voice_count":0,"_bbp_anonymous_reply_count":0,"_bbp_topic_count_hidden":0,"_bbp_reply_count_hidden":0,"_bbp_forum_subforum_count":0,"site-sidebar-layout":"default","site-content-layout":"","ast-site-content-layout":"default","site-content-style":"default","site-sidebar-style":"default","ast-global-header-display":"","ast-banner-title-visibility":"","ast-main-header-display":"","ast-hfb-above-header-display":"","ast-hfb-below-header-display":"","ast-hfb-mobile-header-display":"","site-post-title":"","ast-breadcrumbs-content":"","ast-featured-img":"","footer-sml-layout":"","theme-transparent-header-meta":"default","adv-header-id-meta":"","stick-header-meta":"","header-above-stick-meta":"","header-main-stick-meta":"","header-below-stick-meta":"","astra-migrate-meta-layouts":"set","ast-page-background-enabled":"default","ast-page-background-meta":{"desktop":{"background-color":"var(--ast-global-color-4)","background-image":"","background-repeat":"repeat","background-position":"center center","background-size":"auto","background-attachment":"scroll","background-type":"","background-media":"","overlay-type":"","overlay-color":"","overlay-opacity":"","overlay-gradient":""},"tablet":{"background-color":"","background-image":"","background-repeat":"repeat","background-position":"center center","background-size":"auto","background-attachment":"scroll","background-type":"","background-media":"","overlay-type":"","overlay-color":"","overlay-opacity":"","overlay-gradient":""},"mobile":{"background-color":"","background-image":"","background-repeat":"repeat","background-position":"center center","background-size":"auto","background-attachment":"scroll","background-type":"","background-media":"","overlay-type":"","overlay-color":"","overlay-opacity":"","overlay-gradient":""}},"ast-content-background-meta":{"desktop":{"background-color":"var(--ast-global-color-5)","background-image":"","background-repeat":"repeat","background-position":"center center","background-size":"auto","background-attachment":"scroll","background-type":"","background-media":"","overlay-type":"","overlay-color":"","overlay-opacity":"","overlay-gradient":""},"tablet":{"background-color":"var(--ast-global-color-5)","background-image":"","background-repeat":"repeat","background-position":"center center","background-size":"auto","background-attachment":"scroll","background-type":"","background-media":"","overlay-type":"","overlay-color":"","overlay-opacity":"","overlay-gradient":""},"mobile":{"background-color":"var(--ast-global-color-5)","background-image":"","background-repeat":"repeat","background-position":"center center","background-size":"auto","background-attachment":"scroll","background-type":"","background-media":"","overlay-type":"","overlay-color":"","overlay-opacity":"","overlay-gradient":""}},"footnotes":""},"class_list":["post-64","page","type-page","status-publish","hentry"],"post_mailing_queue_ids":[],"_links":{"self":[{"href":"https:\/\/agora.xtec.cat\/ceipmargallo\/wp-json\/wp\/v2\/pages\/64","targetHints":{"allow":["GET"]}}],"collection":[{"href":"https:\/\/agora.xtec.cat\/ceipmargallo\/wp-json\/wp\/v2\/pages"}],"about":[{"href":"https:\/\/agora.xtec.cat\/ceipmargallo\/wp-json\/wp\/v2\/types\/page"}],"author":[{"embeddable":true,"href":"https:\/\/agora.xtec.cat\/ceipmargallo\/wp-json\/wp\/v2\/users\/1"}],"replies":[{"embeddable":true,"href":"https:\/\/agora.xtec.cat\/ceipmargallo\/wp-json\/wp\/v2\/comments?post=64"}],"version-history":[{"count":4,"href":"https:\/\/agora.xtec.cat\/ceipmargallo\/wp-json\/wp\/v2\/pages\/64\/revisions"}],"predecessor-version":[{"id":14939,"href":"https:\/\/agora.xtec.cat\/ceipmargallo\/wp-json\/wp\/v2\/pages\/64\/revisions\/14939"}],"up":[{"embeddable":true,"href":"https:\/\/agora.xtec.cat\/ceipmargallo\/wp-json\/wp\/v2\/pages\/22"}],"wp:attachment":[{"href":"https:\/\/agora.xtec.cat\/ceipmargallo\/wp-json\/wp\/v2\/media?parent=64"}],"curies":[{"name":"wp","href":"https:\/\/api.w.org\/{rel}","templated":true}]}}