{"id":528,"date":"2018-10-07T15:44:24","date_gmt":"2018-10-07T13:44:24","guid":{"rendered":"http:\/\/agora.xtec.cat\/ceipmargallo\/?page_id=528"},"modified":"2020-02-17T18:41:44","modified_gmt":"2020-02-17T17:41:44","slug":"a-prop-de-les-families","status":"publish","type":"page","link":"https:\/\/agora.xtec.cat\/ceipmargallo\/lescola\/projecte-educatiu\/a-prop-de-les-families\/","title":{"rendered":"A prop de les fam\u00edlies"},"content":{"rendered":"<p>La fam\u00edlia i l\u2019escola tenim la responsabilitat d\u2019educar i afavorir el desenvolupament dels h\u00e0bits de conviv\u00e8ncia, de toler\u00e0ncia, de col\u00b7laboraci\u00f3 i de solidaritat a trav\u00e9s de la pr\u00e0ctica di\u00e0ria, tenint present que \u00e9s a la fam\u00edlia on es posen aquests fonaments. La implicaci\u00f3 per part de les dues parts \u00e9s un factor fonamental per aconseguir l\u2019\u00e8xit educatiu de l\u2019alumnat.<\/p>\n<p>Som una escola familiar i propera<\/p>\n<p>Treballem conjuntament amb l\u2019AMPA de l\u2019escola: festes, delegats, aules\u2026<\/p>\n<p>Organitzem accions que ajuden a cohesionar la comunitat educativa.<\/p>\n<p>Obrim l\u2019escola a les fam\u00edlies: espais d\u2019aprenentatge, experts, entrada relaxada,&#8230;.<\/p>\n<p>Impulsem i potenciem la col\u00b7laboraci\u00f3 dels pares, mares, avis , \u00e0vies (de la classe) en totes les activitats que l\u2019escola i\/o l\u2019Ampa proposa.<\/p>\n<p>Realitzem activitats en fam\u00edlia.<\/p>\n<p>L\u2019Ampa gestiona:<\/p>\n<ul>\n<li>Servei de Bon dia des de les 7.45 \u00a0a les 9 h<\/li>\n<li>Servei de retard a partir de les 16:30h<\/li>\n<li>Servei de menjador: cuina pr\u00f2pia i men\u00fas especialitzats.<\/li>\n<li>Activitats extraescolars de les 16:30h a les 17:45h<\/li>\n<li>\u00a0Educaci\u00f3 en el lleure garantida (ludoteca, casal de Nadal, Setmana Santa i estiu).<\/li>\n<\/ul>\n<p><img loading=\"lazy\" decoding=\"async\" class=\"wp-image-4082 alignleft\" src=\"https:\/\/agora.xtec.cat\/ceipmargallo\/wp-content\/uploads\/usu1899\/2019\/11\/IMG-20191129-WA0024-1024x768.jpg\" alt=\"\" width=\"242\" height=\"181\" srcset=\"https:\/\/agora.xtec.cat\/ceipmargallo\/wp-content\/uploads\/usu1899\/2019\/11\/IMG-20191129-WA0024.jpg 1024w, https:\/\/agora.xtec.cat\/ceipmargallo\/wp-content\/uploads\/usu1899\/2019\/11\/IMG-20191129-WA0024-300x225.jpg 300w, https:\/\/agora.xtec.cat\/ceipmargallo\/wp-content\/uploads\/usu1899\/2019\/11\/IMG-20191129-WA0024-768x576.jpg 768w, https:\/\/agora.xtec.cat\/ceipmargallo\/wp-content\/uploads\/usu1899\/2019\/11\/IMG-20191129-WA0024-200x150.jpg 200w\" sizes=\"auto, (max-width: 242px) 100vw, 242px\" \/><\/p>\n<p><img loading=\"lazy\" decoding=\"async\" class=\"wp-image-4080 alignleft\" src=\"https:\/\/agora.xtec.cat\/ceipmargallo\/wp-content\/uploads\/usu1899\/2019\/11\/IMG-20191129-WA0020-1024x768.jpg\" alt=\"\" width=\"241\" height=\"181\" srcset=\"https:\/\/agora.xtec.cat\/ceipmargallo\/wp-content\/uploads\/usu1899\/2019\/11\/IMG-20191129-WA0020.jpg 1024w, https:\/\/agora.xtec.cat\/ceipmargallo\/wp-content\/uploads\/usu1899\/2019\/11\/IMG-20191129-WA0020-300x225.jpg 300w, https:\/\/agora.xtec.cat\/ceipmargallo\/wp-content\/uploads\/usu1899\/2019\/11\/IMG-20191129-WA0020-768x576.jpg 768w, https:\/\/agora.xtec.cat\/ceipmargallo\/wp-content\/uploads\/usu1899\/2019\/11\/IMG-20191129-WA0020-200x150.jpg 200w\" sizes=\"auto, (max-width: 241px) 100vw, 241px\" \/><img loading=\"lazy\" decoding=\"async\" class=\"wp-image-4078 alignleft\" src=\"https:\/\/agora.xtec.cat\/ceipmargallo\/wp-content\/uploads\/usu1899\/2019\/11\/IMG-20191129-WA0018-1024x768.jpg\" alt=\"\" width=\"247\" height=\"185\" srcset=\"https:\/\/agora.xtec.cat\/ceipmargallo\/wp-content\/uploads\/usu1899\/2019\/11\/IMG-20191129-WA0018.jpg 1024w, https:\/\/agora.xtec.cat\/ceipmargallo\/wp-content\/uploads\/usu1899\/2019\/11\/IMG-20191129-WA0018-300x225.jpg 300w, https:\/\/agora.xtec.cat\/ceipmargallo\/wp-content\/uploads\/usu1899\/2019\/11\/IMG-20191129-WA0018-768x576.jpg 768w, https:\/\/agora.xtec.cat\/ceipmargallo\/wp-content\/uploads\/usu1899\/2019\/11\/IMG-20191129-WA0018-200x150.jpg 200w\" sizes=\"auto, (max-width: 247px) 100vw, 247px\" \/><\/p>\n","protected":false},"excerpt":{"rendered":"<p>La fam\u00edlia i l\u2019escola tenim la responsabilitat d\u2019educar i afavorir el desenvolupament dels h\u00e0bits de conviv\u00e8ncia, de toler\u00e0ncia, de col\u00b7laboraci\u00f3 i de solidaritat a trav\u00e9s de la pr\u00e0ctica di\u00e0ria, tenint present que \u00e9s a la fam\u00edlia on es posen aquests fonaments. La implicaci\u00f3 per part de les dues parts \u00e9s un factor fonamental per aconseguir [&hellip;]<\/p>\n","protected":false},"author":1,"featured_media":0,"parent":64,"menu_order":0,"comment_status":"closed","ping_status":"closed","template":"page-templates\/side-menu.php","meta":{"_bbp_topic_count":0,"_bbp_reply_count":0,"_bbp_total_topic_count":0,"_bbp_total_reply_count":0,"_bbp_voice_count":0,"_bbp_anonymous_reply_count":0,"_bbp_topic_count_hidden":0,"_bbp_reply_count_hidden":0,"_bbp_forum_subforum_count":0,"site-sidebar-layout":"default","site-content-layout":"","ast-site-content-layout":"","site-content-style":"default","site-sidebar-style":"default","ast-global-header-display":"","ast-banner-title-visibility":"","ast-main-header-display":"","ast-hfb-above-header-display":"","ast-hfb-below-header-display":"","ast-hfb-mobile-header-display":"","site-post-title":"","ast-breadcrumbs-content":"","ast-featured-img":"","footer-sml-layout":"","theme-transparent-header-meta":"","adv-header-id-meta":"","stick-header-meta":"","header-above-stick-meta":"","header-main-stick-meta":"","header-below-stick-meta":"","astra-migrate-meta-layouts":"default","ast-page-background-enabled":"default","ast-page-background-meta":{"desktop":{"background-color":"var(--ast-global-color-4)","background-image":"","background-repeat":"repeat","background-position":"center center","background-size":"auto","background-attachment":"scroll","background-type":"","background-media":"","overlay-type":"","overlay-color":"","overlay-opacity":"","overlay-gradient":""},"tablet":{"background-color":"","background-image":"","background-repeat":"repeat","background-position":"center center","background-size":"auto","background-attachment":"scroll","background-type":"","background-media":"","overlay-type":"","overlay-color":"","overlay-opacity":"","overlay-gradient":""},"mobile":{"background-color":"","background-image":"","background-repeat":"repeat","background-position":"center center","background-size":"auto","background-attachment":"scroll","background-type":"","background-media":"","overlay-type":"","overlay-color":"","overlay-opacity":"","overlay-gradient":""}},"ast-content-background-meta":{"desktop":{"background-color":"var(--ast-global-color-5)","background-image":"","background-repeat":"repeat","background-position":"center center","background-size":"auto","background-attachment":"scroll","background-type":"","background-media":"","overlay-type":"","overlay-color":"","overlay-opacity":"","overlay-gradient":""},"tablet":{"background-color":"var(--ast-global-color-5)","background-image":"","background-repeat":"repeat","background-position":"center center","background-size":"auto","background-attachment":"scroll","background-type":"","background-media":"","overlay-type":"","overlay-color":"","overlay-opacity":"","overlay-gradient":""},"mobile":{"background-color":"var(--ast-global-color-5)","background-image":"","background-repeat":"repeat","background-position":"center center","background-size":"auto","background-attachment":"scroll","background-type":"","background-media":"","overlay-type":"","overlay-color":"","overlay-opacity":"","overlay-gradient":""}},"footnotes":""},"class_list":["post-528","page","type-page","status-publish","hentry"],"post_mailing_queue_ids":[],"_links":{"self":[{"href":"https:\/\/agora.xtec.cat\/ceipmargallo\/wp-json\/wp\/v2\/pages\/528","targetHints":{"allow":["GET"]}}],"collection":[{"href":"https:\/\/agora.xtec.cat\/ceipmargallo\/wp-json\/wp\/v2\/pages"}],"about":[{"href":"https:\/\/agora.xtec.cat\/ceipmargallo\/wp-json\/wp\/v2\/types\/page"}],"author":[{"embeddable":true,"href":"https:\/\/agora.xtec.cat\/ceipmargallo\/wp-json\/wp\/v2\/users\/1"}],"replies":[{"embeddable":true,"href":"https:\/\/agora.xtec.cat\/ceipmargallo\/wp-json\/wp\/v2\/comments?post=528"}],"version-history":[{"count":3,"href":"https:\/\/agora.xtec.cat\/ceipmargallo\/wp-json\/wp\/v2\/pages\/528\/revisions"}],"predecessor-version":[{"id":4601,"href":"https:\/\/agora.xtec.cat\/ceipmargallo\/wp-json\/wp\/v2\/pages\/528\/revisions\/4601"}],"up":[{"embeddable":true,"href":"https:\/\/agora.xtec.cat\/ceipmargallo\/wp-json\/wp\/v2\/pages\/64"}],"wp:attachment":[{"href":"https:\/\/agora.xtec.cat\/ceipmargallo\/wp-json\/wp\/v2\/media?parent=528"}],"curies":[{"name":"wp","href":"https:\/\/api.w.org\/{rel}","templated":true}]}}