{"id":493,"date":"2018-10-07T13:20:59","date_gmt":"2018-10-07T11:20:59","guid":{"rendered":"http:\/\/agora.xtec.cat\/ceipmargallo\/?page_id=493"},"modified":"2026-02-13T12:52:43","modified_gmt":"2026-02-13T11:52:43","slug":"organigrama","status":"publish","type":"page","link":"https:\/\/agora.xtec.cat\/ceipmargallo\/lescola\/organigrama\/","title":{"rendered":"Equip Hum\u00e0"},"content":{"rendered":"<table class=\" alignleft\" style=\"border-collapse: collapse; width: 47.2838%; height: 796px;\">\n<tbody>\n<tr style=\"height: 32px;\">\n<td style=\"width: 265.891px; text-align: center; height: 32px;\"><span style=\"color: #000000;\"><strong>CURS<\/strong><\/span><\/td>\n<td style=\"width: 644.359px; height: 32px; border-style: solid; text-align: center;\"><span style=\"color: #000000;\"><strong>EQUIP DOCENT I PERSONAL PAS<\/strong><\/span><\/td>\n<\/tr>\n<tr style=\"height: 32px;\">\n<td style=\"width: 265.891px; height: 32px;\">I3<\/td>\n<td style=\"width: 644.359px; height: 32px;\">J\u00e9ssica Font<\/td>\n<\/tr>\n<tr style=\"height: 32px;\">\n<td style=\"width: 265.891px; height: 32px;\">I4<\/td>\n<td style=\"width: 644.359px; height: 32px;\">Sonia Martin<\/td>\n<\/tr>\n<tr style=\"height: 32px;\">\n<td style=\"width: 265.891px; height: 32px;\">I5<\/td>\n<td style=\"width: 644.359px; height: 32px;\">Raquel Garc\u00eda<\/td>\n<\/tr>\n<tr style=\"height: 32px;\">\n<td style=\"width: 265.891px; height: 32px;\">T\u00e8cnica Educaci\u00f3 Infantil<\/td>\n<td style=\"width: 644.359px; height: 32px;\">Loli Mart\u00ednez<\/td>\n<\/tr>\n<tr style=\"height: 32px;\">\n<td style=\"width: 265.891px; height: 32px;\">Refor\u00e7 Infantil<\/td>\n<td style=\"width: 644.359px; height: 32px;\">Alba Manch\u00f3n, Ana Jordan, Ethel Pons, Irene Moreno<\/td>\n<\/tr>\n<tr style=\"height: 32px;\">\n<td style=\"width: 265.891px; height: 33px;\">1r<\/td>\n<td style=\"width: 644.359px; height: 33px;\">Jessica Vela<\/td>\n<\/tr>\n<tr style=\"height: 32px;\">\n<td style=\"width: 265.891px; height: 32px;\">2n<\/td>\n<td style=\"width: 644.359px; height: 32px;\">Pol Ramon i Neus Jurado<\/td>\n<\/tr>\n<tr style=\"height: 32px;\">\n<td style=\"width: 265.891px; height: 32px;\">Refor\u00e7 Inicial<\/td>\n<td style=\"width: 644.359px; height: 32px;\">Marta Comes, Gemma Duch<\/td>\n<\/tr>\n<tr style=\"height: 32px;\">\n<td style=\"width: 265.891px; height: 32px;\">3r<\/td>\n<td style=\"width: 644.359px; height: 32px;\">Nika P\u00e9rez<\/td>\n<\/tr>\n<tr style=\"height: 32px;\">\n<td style=\"width: 265.891px; height: 32px;\">4t A<\/td>\n<td style=\"width: 644.359px; height: 32px;\">Raquel Gonz\u00e1lez<\/td>\n<\/tr>\n<tr style=\"height: 32px;\">\n<td style=\"width: 265.891px; height: 32px;\">4t B<\/td>\n<td style=\"width: 644.359px; height: 32px;\">Cristina Castillo \/ Eric Deiros<\/td>\n<\/tr>\n<tr style=\"height: 32px;\">\n<td style=\"width: 265.891px; height: 32px;\">5\u00e8A<\/td>\n<td style=\"width: 644.359px; height: 32px;\">Albert Mart\u00ednez<\/td>\n<\/tr>\n<tr style=\"height: 53px;\">\n<td style=\"width: 265.891px; height: 53px;\">5\u00e8B<\/td>\n<td style=\"width: 644.359px; height: 53px;\">Felisa Bl\u00e9<\/td>\n<\/tr>\n<tr style=\"height: 53px;\">\n<td style=\"width: 265.891px; height: 53px;\">5\u00e8C<\/td>\n<td style=\"width: 644.359px; height: 53px;\">V\u00edctor Moreno<\/td>\n<\/tr>\n<tr style=\"height: 32px;\">\n<td style=\"width: 265.891px; height: 32px;\">6\u00e8<\/td>\n<td style=\"width: 644.359px; height: 32px;\">Marga L\u00f3pez<\/td>\n<\/tr>\n<tr style=\"height: 53px;\">\n<td style=\"width: 265.891px; height: 53px;\">Refor\u00e7 CM\/CS<\/td>\n<td style=\"width: 644.359px; height: 53px;\">No\u00e8lia Blasco\/ Ramon Moreno \/Gemma R<\/td>\n<\/tr>\n<tr style=\"height: 32px;\">\n<td style=\"width: 265.891px; height: 32px;\">Educaci\u00f3 Musical<\/td>\n<td style=\"width: 644.359px; height: 32px;\">Cristina Garcia \/ Tomi S\u00e1nchez<\/td>\n<\/tr>\n<tr style=\"height: 32px;\">\n<td style=\"width: 265.891px; height: 32px;\">Educaci\u00f3 F\u00edsica<\/td>\n<td style=\"width: 644.359px; height: 32px;\">Ram\u00f3n Moreno \/ Dani Garcia<\/td>\n<\/tr>\n<tr style=\"height: 32px;\">\n<td style=\"width: 265.891px; height: 32px;\">Llengua Anglesa<\/td>\n<td style=\"width: 644.359px; height: 32px;\">Cristina Mart\u00ednez, N\u00faria F\u00e1bregas<\/td>\n<\/tr>\n<tr style=\"height: 32px;\">\n<td style=\"width: 265.891px; height: 32px;\">Atenci\u00f3 a la diversitat<\/td>\n<td style=\"width: 644.359px; height: 32px;\">Adela Soria, Irene Moreno, Laura Rufi\u00e1n, Marta Comas\u00a0 i Gemma Renau<\/td>\n<\/tr>\n<tr style=\"height: 53px;\">\n<td style=\"width: 265.891px; height: 53px;\">Aula d&#8217;acollida<\/td>\n<td style=\"width: 644.359px; height: 53px;\">Laura Ponz<\/td>\n<\/tr>\n<tr style=\"height: 32px;\">\n<td style=\"width: 265.891px; height: 32px;\">AIS<\/td>\n<td style=\"width: 644.359px; height: 32px;\">Remei Cerezo, Erika Salvador<\/td>\n<\/tr>\n<tr style=\"height: 32px;\">\n<td style=\"width: 265.891px; height: 31px;\">Educadores<\/td>\n<td style=\"width: 644.359px; height: 31px;\">Sara Gonz\u00e1lez, Ana\u00efs Bueno<\/td>\n<\/tr>\n<tr style=\"height: 53px;\">\n<td style=\"width: 265.891px; height: 53px;\">TIS<\/td>\n<td style=\"width: 644.359px; height: 53px;\">Laura Ramos<\/td>\n<\/tr>\n<tr style=\"height: 32px;\">\n<td style=\"width: 265.891px; height: 32px;\">Vetlladores<\/td>\n<td style=\"width: 644.359px; height: 32px;\">Dori Jim\u00e9nez<\/td>\n<\/tr>\n<tr style=\"height: 32px;\">\n<td style=\"width: 265.891px; height: 32px;\">Religi\u00f3<\/td>\n<td style=\"width: 644.359px; height: 32px;\">M\u00aa \u00c1ngeles Vallecillo<\/td>\n<\/tr>\n<tr style=\"height: 32px;\">\n<td style=\"width: 265.891px; height: 32px;\">Directora<\/td>\n<td style=\"width: 644.359px; height: 32px;\">Gemma Duch<\/td>\n<\/tr>\n<tr style=\"height: 32px;\">\n<td style=\"width: 265.891px; height: 32px;\">Cap d&#8217;estudis<\/td>\n<td style=\"width: 644.359px; height: 32px;\">Gemma Renau<\/td>\n<\/tr>\n<tr style=\"height: 32px;\">\n<td style=\"width: 265.891px; height: 32px;\">Secretari<\/td>\n<td style=\"width: 644.359px; height: 32px;\">Ram\u00f3n Moreno<\/td>\n<\/tr>\n<tr style=\"height: 32px;\">\n<td style=\"width: 265.891px; height: 32px;\"><\/td>\n<td style=\"width: 644.359px; height: 32px;\"><\/td>\n<\/tr>\n<tr style=\"height: 32px;\">\n<td style=\"width: 265.891px; height: 32px;\">Administrativa<\/td>\n<td style=\"width: 644.359px; height: 32px;\">M\u00aaJos\u00e9 G\u00e1lvez<\/td>\n<\/tr>\n<tr style=\"height: 32px;\">\n<td style=\"width: 265.891px; height: 32px;\">Consergeria<\/td>\n<td style=\"width: 644.359px; height: 32px;\">Gabriel Guill\u00e9n<\/td>\n<\/tr>\n<tr style=\"height: 32px;\">\n<td style=\"width: 265.891px; height: 32px;\">Coord. Menjador<\/td>\n<td style=\"width: 644.359px; height: 32px;\">Noem\u00ed Rufo (Empresa- Fundesplai)<\/td>\n<\/tr>\n<\/tbody>\n<\/table>\n<p>&nbsp;<\/p>\n<table style=\"border-collapse: collapse; width: 1.317%; height: 773px;\">\n<tbody>\n<tr style=\"height: 38px;\">\n<td style=\"width: 144.143%; height: 38px;\" colspan=\"2\"><\/td>\n<\/tr>\n<tr style=\"height: 56px;\">\n<td style=\"width: 31.167%; height: 56px;\"><b>CONSELL DE DIRECCI\u00d3:<\/b><\/td>\n<td style=\"width: 112.976%; height: 56px;\">&nbsp;<\/p>\n<p>Sonia Mart\u00edn, Jessica Vela, Albert Mart\u00ednez, Ram\u00f3n Moreno, Gemma Renau i Gemma Duch<\/td>\n<\/tr>\n<tr style=\"height: 56px;\">\n<td style=\"width: 31.167%; height: 56px;\"><span style=\"font-weight: 400;\">EDC<\/span><\/td>\n<td style=\"width: 112.976%; height: 56px;\"><span style=\"font-weight: 400;\">Pol Ram\u00f3n<\/span><\/td>\n<\/tr>\n<tr style=\"height: 36px;\">\n<td style=\"width: 31.167%; height: 36px;\"><span style=\"font-weight: 400;\">Riscos Laborals<\/span><\/td>\n<td style=\"width: 112.976%; height: 36px;\">Laura Rufi\u00e1n<\/td>\n<\/tr>\n<tr style=\"height: 92px;\">\n<td style=\"width: 31.167%; height: 92px;\"><span style=\"font-weight: 400;\">Coeducaci\u00f3, conviv\u00e8ncia i benestar<\/span><\/td>\n<td style=\"width: 112.976%; height: 92px;\">\n<p style=\"text-align: left;\"><span style=\"font-weight: 400;\">\u00a0Nika P\u00e9rez<\/span><\/p>\n<\/td>\n<\/tr>\n<\/tbody>\n<\/table>\n<p>&nbsp;<\/p>\n<p>&nbsp;<\/p>\n<p>&nbsp;<\/p>\n<p>&nbsp;<\/p>\n<p>&nbsp;<\/p>\n<p>&nbsp;<\/p>\n<p>&nbsp;<\/p>\n<p>&nbsp;<\/p>\n<p>&nbsp;<\/p>\n<p>&nbsp;<\/p>\n<p>&nbsp;<\/p>\n<p>&nbsp;<\/p>\n<p>&nbsp;<\/p>\n<p>&nbsp;<\/p>\n<p>&nbsp;<\/p>\n","protected":false},"excerpt":{"rendered":"<p>CURS EQUIP DOCENT I PERSONAL PAS I3 J\u00e9ssica Font I4 Sonia Martin I5 Raquel Garc\u00eda T\u00e8cnica Educaci\u00f3 Infantil Loli Mart\u00ednez Refor\u00e7 Infantil Alba Manch\u00f3n, Ana Jordan, Ethel Pons, Irene Moreno 1r Jessica Vela 2n Pol Ramon i Neus Jurado Refor\u00e7 Inicial Marta Comes, Gemma Duch 3r Nika P\u00e9rez 4t A Raquel Gonz\u00e1lez 4t B Cristina [&hellip;]<\/p>\n","protected":false},"author":1,"featured_media":0,"parent":22,"menu_order":3,"comment_status":"closed","ping_status":"closed","template":"","meta":{"_bbp_topic_count":0,"_bbp_reply_count":0,"_bbp_total_topic_count":0,"_bbp_total_reply_count":0,"_bbp_voice_count":0,"_bbp_anonymous_reply_count":0,"_bbp_topic_count_hidden":0,"_bbp_reply_count_hidden":0,"_bbp_forum_subforum_count":0,"site-sidebar-layout":"default","site-content-layout":"","ast-site-content-layout":"default","site-content-style":"default","site-sidebar-style":"default","ast-global-header-display":"","ast-banner-title-visibility":"","ast-main-header-display":"","ast-hfb-above-header-display":"","ast-hfb-below-header-display":"","ast-hfb-mobile-header-display":"","site-post-title":"","ast-breadcrumbs-content":"","ast-featured-img":"","footer-sml-layout":"","theme-transparent-header-meta":"default","adv-header-id-meta":"","stick-header-meta":"","header-above-stick-meta":"","header-main-stick-meta":"","header-below-stick-meta":"","astra-migrate-meta-layouts":"set","ast-page-background-enabled":"default","ast-page-background-meta":{"desktop":{"background-color":"var(--ast-global-color-4)","background-image":"","background-repeat":"repeat","background-position":"center center","background-size":"auto","background-attachment":"scroll","background-type":"","background-media":"","overlay-type":"","overlay-color":"","overlay-opacity":"","overlay-gradient":""},"tablet":{"background-color":"","background-image":"","background-repeat":"repeat","background-position":"center center","background-size":"auto","background-attachment":"scroll","background-type":"","background-media":"","overlay-type":"","overlay-color":"","overlay-opacity":"","overlay-gradient":""},"mobile":{"background-color":"","background-image":"","background-repeat":"repeat","background-position":"center center","background-size":"auto","background-attachment":"scroll","background-type":"","background-media":"","overlay-type":"","overlay-color":"","overlay-opacity":"","overlay-gradient":""}},"ast-content-background-meta":{"desktop":{"background-color":"var(--ast-global-color-5)","background-image":"","background-repeat":"repeat","background-position":"center center","background-size":"auto","background-attachment":"scroll","background-type":"","background-media":"","overlay-type":"","overlay-color":"","overlay-opacity":"","overlay-gradient":""},"tablet":{"background-color":"var(--ast-global-color-5)","background-image":"","background-repeat":"repeat","background-position":"center center","background-size":"auto","background-attachment":"scroll","background-type":"","background-media":"","overlay-type":"","overlay-color":"","overlay-opacity":"","overlay-gradient":""},"mobile":{"background-color":"var(--ast-global-color-5)","background-image":"","background-repeat":"repeat","background-position":"center center","background-size":"auto","background-attachment":"scroll","background-type":"","background-media":"","overlay-type":"","overlay-color":"","overlay-opacity":"","overlay-gradient":""}},"footnotes":""},"class_list":["post-493","page","type-page","status-publish","hentry"],"post_mailing_queue_ids":[],"_links":{"self":[{"href":"https:\/\/agora.xtec.cat\/ceipmargallo\/wp-json\/wp\/v2\/pages\/493","targetHints":{"allow":["GET"]}}],"collection":[{"href":"https:\/\/agora.xtec.cat\/ceipmargallo\/wp-json\/wp\/v2\/pages"}],"about":[{"href":"https:\/\/agora.xtec.cat\/ceipmargallo\/wp-json\/wp\/v2\/types\/page"}],"author":[{"embeddable":true,"href":"https:\/\/agora.xtec.cat\/ceipmargallo\/wp-json\/wp\/v2\/users\/1"}],"replies":[{"embeddable":true,"href":"https:\/\/agora.xtec.cat\/ceipmargallo\/wp-json\/wp\/v2\/comments?post=493"}],"version-history":[{"count":7,"href":"https:\/\/agora.xtec.cat\/ceipmargallo\/wp-json\/wp\/v2\/pages\/493\/revisions"}],"predecessor-version":[{"id":14904,"href":"https:\/\/agora.xtec.cat\/ceipmargallo\/wp-json\/wp\/v2\/pages\/493\/revisions\/14904"}],"up":[{"embeddable":true,"href":"https:\/\/agora.xtec.cat\/ceipmargallo\/wp-json\/wp\/v2\/pages\/22"}],"wp:attachment":[{"href":"https:\/\/agora.xtec.cat\/ceipmargallo\/wp-json\/wp\/v2\/media?parent=493"}],"curies":[{"name":"wp","href":"https:\/\/api.w.org\/{rel}","templated":true}]}}