{"id":4602,"date":"2020-02-17T18:33:32","date_gmt":"2020-02-17T17:33:32","guid":{"rendered":"http:\/\/agora.xtec.cat\/ceipmargallo\/?page_id=4602"},"modified":"2020-02-19T11:56:59","modified_gmt":"2020-02-19T10:56:59","slug":"escola-en-moviment","status":"publish","type":"page","link":"https:\/\/agora.xtec.cat\/ceipmargallo\/lescola\/projecte-educatiu\/escola-en-moviment\/","title":{"rendered":"Escola en moviment"},"content":{"rendered":"<p><span style=\"font-weight: 400;\">Som una escola en moviment, amb un equip hum\u00e0 de professionals amb ganes de transformar l\u2019escola i en constant formaci\u00f3. Formem part de la Xarxa de compet\u00e8ncies b\u00e0siques i, actualment, estem fent formaci\u00f3 en llengua, programaci\u00f3 i rob\u00f2tica.<\/span><\/p>\n<p><img loading=\"lazy\" decoding=\"async\" class=\"wp-image-4625 alignleft\" src=\"https:\/\/agora.xtec.cat\/ceipmargallo\/wp-content\/uploads\/usu1899\/2020\/02\/IMG_20200206_101239-1024x768.jpg\" alt=\"\" width=\"402\" height=\"301\" srcset=\"https:\/\/agora.xtec.cat\/ceipmargallo\/wp-content\/uploads\/usu1899\/2020\/02\/IMG_20200206_101239.jpg 1024w, https:\/\/agora.xtec.cat\/ceipmargallo\/wp-content\/uploads\/usu1899\/2020\/02\/IMG_20200206_101239-300x225.jpg 300w, https:\/\/agora.xtec.cat\/ceipmargallo\/wp-content\/uploads\/usu1899\/2020\/02\/IMG_20200206_101239-768x576.jpg 768w, https:\/\/agora.xtec.cat\/ceipmargallo\/wp-content\/uploads\/usu1899\/2020\/02\/IMG_20200206_101239-200x150.jpg 200w\" sizes=\"auto, (max-width: 402px) 100vw, 402px\" \/><\/p>\n<p><span style=\"font-weight: 400;\">Som una escola innovadora, que no es tanca a altres maneres de fer i que es fonamenta en la reflexi\u00f3 de la mateixa tasca docent, a trav\u00e9s de la qual establim les noves pautes de treball col\u00b7lectives. Aquest proc\u00e9s no s\u2019acaba mai. Tenim presents les noves eines, els nous coneixements i els aven\u00e7os cient\u00edfics relacionats amb els processos d\u2019ensenyament-aprenentatge.<\/span><\/p>\n<p><span style=\"font-weight: 400;\">Som una escola acollidora i transparent. Tenim en compte les necessitats dels infants. Considerem que l\u2019adaptaci\u00f3 a l\u2019escola \u00e9s un proc\u00e9s molt important i el fem amb l\u2019acompanyament de les fam\u00edlies. Hem de viure aquest proc\u00e9s de la manera m\u00e9s natural i tranquil\u00b7la possible. Sempre i quan les fam\u00edlies vulguin i puguin, oferim la possibilitat d\u2019 estar amb els seus fills i filles a l\u2019escola, mentre dura l\u2019adaptaci\u00f3.<\/span><\/p>\n<p><span style=\"font-weight: 400;\">L\u2019infant \u00e9s el centre de les nostres mirades. Per tal de donar un temps i un moment a cada infant i a la fam\u00edlia, fem l\u2019entrada relaxada.<\/span><\/p>\n<p><span style=\"font-weight: 400;\">Acompanyem i ajudem els infants en el seu desenvolupament emocional. Treballem l\u2019educaci\u00f3 emocional i els valors per tal que els infants tinguin consci\u00e8ncia de les pr\u00f2pies emocions i siguin capa\u00e7os de regular-les.\u00a0<\/span><\/p>\n<p><img loading=\"lazy\" decoding=\"async\" class=\"wp-image-4627 alignright\" src=\"https:\/\/agora.xtec.cat\/ceipmargallo\/wp-content\/uploads\/usu1899\/2020\/02\/TABLETS-4-1024x768.jpg\" alt=\"\" width=\"402\" height=\"301\" srcset=\"https:\/\/agora.xtec.cat\/ceipmargallo\/wp-content\/uploads\/usu1899\/2020\/02\/TABLETS-4.jpg 1024w, https:\/\/agora.xtec.cat\/ceipmargallo\/wp-content\/uploads\/usu1899\/2020\/02\/TABLETS-4-300x225.jpg 300w, https:\/\/agora.xtec.cat\/ceipmargallo\/wp-content\/uploads\/usu1899\/2020\/02\/TABLETS-4-768x576.jpg 768w, https:\/\/agora.xtec.cat\/ceipmargallo\/wp-content\/uploads\/usu1899\/2020\/02\/TABLETS-4-200x150.jpg 200w\" sizes=\"auto, (max-width: 402px) 100vw, 402px\" \/><\/p>\n<p><span style=\"font-weight: 400;\">\u201cEducar la ment sense<\/span><b>\u00a0educar el cor<\/b><span style=\"font-weight: 400;\">, no \u00e9s educaci\u00f3 en absolut.<\/span><b>\u201d Arist\u00f2til<\/b><\/p>\n<p><span style=\"font-weight: 400;\">Potenciem la vessant art\u00edstica i cultural.<\/span><\/p>\n<p><span style=\"font-weight: 400;\">Fem sortides i col\u00f2nies. Aquestes \u00faltimes a final de cicle amb la intenci\u00f3 d\u2019apropar l\u2019infant a la realitat que ens envolta<\/span><\/p>\n<p><span style=\"font-weight: 400;\">Treballem les festes i les tradicions.<\/span><\/p>\n<p><span style=\"font-weight: 400;\">Desenvolupem actuacions encaminades a que els infants adquireixin una bona compet\u00e8ncia lectora, estimulant-los el plaer per llegir i el gust per con\u00e8ixer i saber. Per aquest motiu realitzem diferents projectes de lectura com el \u201cLlegim en parella\u201d, l\u2019Apadrinament lector\u201d&#8230;<\/span><\/p>\n<p><span style=\"font-weight: 400;\">Cuidem el medi ambient. Fomentem activitats per conscienciar a l\u2019alumnat per tenir un planeta m\u00e9s sostenible. Un dels projectes \u00e9s l\u2019hort escolar.Som Escola Verda.\u00a0<\/span><\/p>\n<p><span style=\"font-weight: 400;\">Introdu\u00efm l\u2019angl\u00e8s com un proc\u00e9s natural, iniciant-lo a P3<\/span><\/p>\n<p><span style=\"font-weight: 400;\">Utilitzem tecnologies per l\u2019aprenentatge. Tenim un Pla d\u2019Innovaci\u00f3 TAC (Rob\u00f2tica, Scratch, Mbot&#8230;)<\/span><\/p>\n<p><span style=\"font-weight: 400;\">Som una escola oberta al nostre entorn: participem d\u2019activitats ofertades per l\u2019Ajuntament o altres entitats. Col.laborem amb les llars d\u2019infants i instituts de la nostra ciutat. Formem part de la Xarxa de Compet\u00e8ncies b\u00e0siques.<\/span><\/p>\n<p><img loading=\"lazy\" decoding=\"async\" class=\"wp-image-4621 alignleft\" src=\"https:\/\/agora.xtec.cat\/ceipmargallo\/wp-content\/uploads\/usu1899\/2020\/02\/20191024_152728-4-1024x576.jpg\" alt=\"\" width=\"407\" height=\"229\" srcset=\"https:\/\/agora.xtec.cat\/ceipmargallo\/wp-content\/uploads\/usu1899\/2020\/02\/20191024_152728-4.jpg 1024w, https:\/\/agora.xtec.cat\/ceipmargallo\/wp-content\/uploads\/usu1899\/2020\/02\/20191024_152728-4-300x169.jpg 300w, https:\/\/agora.xtec.cat\/ceipmargallo\/wp-content\/uploads\/usu1899\/2020\/02\/20191024_152728-4-768x432.jpg 768w\" sizes=\"auto, (max-width: 407px) 100vw, 407px\" \/><\/p>\n<p><span style=\"font-weight: 400;\">Ens caracteritzem per utilitzar diferents metodologies i aix\u00ed garantim el treball de les diferents intel\u00b7lig\u00e8ncies m\u00faltiples. Per aix\u00f2:<\/span><\/p>\n<ul>\n<li style=\"font-weight: 400;\"><span style=\"font-weight: 400;\">Potenciem\u00a0 l\u2019aprenentatge a trav\u00e9s del joc i l\u2019experimentaci\u00f3.<\/span><\/li>\n<li style=\"font-weight: 400;\"><span style=\"font-weight: 400;\">Treballem amb una metodologia d\u2019aprenentatge cooperatiu amb repartiment de responsabilitats dins dels grups.<\/span><\/li>\n<li style=\"font-weight: 400;\"><span style=\"font-weight: 400;\">Desenvolupament el treball per projectes.<\/span><\/li>\n<li style=\"font-weight: 400;\"><span style=\"font-weight: 400;\">Fomentem el treball per racons.<\/span><\/li>\n<li style=\"font-weight: 400;\"><span style=\"font-weight: 400;\">Fem espais d\u2019aprenentatge a infantil i a prim\u00e0ria.<\/span><\/li>\n<\/ul>\n<p><span style=\"font-weight: 400;\">Aquestes metodologies ens permet treballar de manera simult\u00e0nia diferents activitats de tipus cognitiu, manipulatiu i simb\u00f2lic. Aquesta manera de treballar implica que la\u00a0 metodologia sigui m\u00e9s creativa i flexible, en la que el rol del mestre \u00e9s dinamitzar els aprenentatges i proporcionar oportunitats per que els alumnes puguin explorar tots els centres d\u2019aprenentatges. S\u00f3n fonamentals pel desenvolupament global de l\u2019infant i t\u00e9 en compte les necessitats cognitives, motrius, afectives i socials.<\/span><\/p>\n<p>&nbsp;<\/p>\n<p><span style=\"font-weight: 400;\">L\u2019\u00e8xit, l\u2019excel\u00b7l\u00e8ncia, \u00e9s trobar l\u2019equilibri en les diferents metodologies per aix\u00ed donar resposta a les necessitats de l\u2019infant. <\/span><\/p>\n","protected":false},"excerpt":{"rendered":"<p>Som una escola en moviment, amb un equip hum\u00e0 de professionals amb ganes de transformar l\u2019escola i en constant formaci\u00f3. Formem part de la Xarxa de compet\u00e8ncies b\u00e0siques i, actualment, estem fent formaci\u00f3 en llengua, programaci\u00f3 i rob\u00f2tica. Som una escola innovadora, que no es tanca a altres maneres de fer i que es fonamenta [&hellip;]<\/p>\n","protected":false},"author":1,"featured_media":0,"parent":64,"menu_order":0,"comment_status":"closed","ping_status":"closed","template":"","meta":{"_bbp_topic_count":0,"_bbp_reply_count":0,"_bbp_total_topic_count":0,"_bbp_total_reply_count":0,"_bbp_voice_count":0,"_bbp_anonymous_reply_count":0,"_bbp_topic_count_hidden":0,"_bbp_reply_count_hidden":0,"_bbp_forum_subforum_count":0,"site-sidebar-layout":"default","site-content-layout":"","ast-site-content-layout":"","site-content-style":"default","site-sidebar-style":"default","ast-global-header-display":"","ast-banner-title-visibility":"","ast-main-header-display":"","ast-hfb-above-header-display":"","ast-hfb-below-header-display":"","ast-hfb-mobile-header-display":"","site-post-title":"","ast-breadcrumbs-content":"","ast-featured-img":"","footer-sml-layout":"","theme-transparent-header-meta":"","adv-header-id-meta":"","stick-header-meta":"","header-above-stick-meta":"","header-main-stick-meta":"","header-below-stick-meta":"","astra-migrate-meta-layouts":"default","ast-page-background-enabled":"default","ast-page-background-meta":{"desktop":{"background-color":"var(--ast-global-color-4)","background-image":"","background-repeat":"repeat","background-position":"center center","background-size":"auto","background-attachment":"scroll","background-type":"","background-media":"","overlay-type":"","overlay-color":"","overlay-opacity":"","overlay-gradient":""},"tablet":{"background-color":"","background-image":"","background-repeat":"repeat","background-position":"center center","background-size":"auto","background-attachment":"scroll","background-type":"","background-media":"","overlay-type":"","overlay-color":"","overlay-opacity":"","overlay-gradient":""},"mobile":{"background-color":"","background-image":"","background-repeat":"repeat","background-position":"center center","background-size":"auto","background-attachment":"scroll","background-type":"","background-media":"","overlay-type":"","overlay-color":"","overlay-opacity":"","overlay-gradient":""}},"ast-content-background-meta":{"desktop":{"background-color":"var(--ast-global-color-5)","background-image":"","background-repeat":"repeat","background-position":"center center","background-size":"auto","background-attachment":"scroll","background-type":"","background-media":"","overlay-type":"","overlay-color":"","overlay-opacity":"","overlay-gradient":""},"tablet":{"background-color":"var(--ast-global-color-5)","background-image":"","background-repeat":"repeat","background-position":"center center","background-size":"auto","background-attachment":"scroll","background-type":"","background-media":"","overlay-type":"","overlay-color":"","overlay-opacity":"","overlay-gradient":""},"mobile":{"background-color":"var(--ast-global-color-5)","background-image":"","background-repeat":"repeat","background-position":"center center","background-size":"auto","background-attachment":"scroll","background-type":"","background-media":"","overlay-type":"","overlay-color":"","overlay-opacity":"","overlay-gradient":""}},"footnotes":""},"class_list":["post-4602","page","type-page","status-publish","hentry"],"post_mailing_queue_ids":[],"_links":{"self":[{"href":"https:\/\/agora.xtec.cat\/ceipmargallo\/wp-json\/wp\/v2\/pages\/4602","targetHints":{"allow":["GET"]}}],"collection":[{"href":"https:\/\/agora.xtec.cat\/ceipmargallo\/wp-json\/wp\/v2\/pages"}],"about":[{"href":"https:\/\/agora.xtec.cat\/ceipmargallo\/wp-json\/wp\/v2\/types\/page"}],"author":[{"embeddable":true,"href":"https:\/\/agora.xtec.cat\/ceipmargallo\/wp-json\/wp\/v2\/users\/1"}],"replies":[{"embeddable":true,"href":"https:\/\/agora.xtec.cat\/ceipmargallo\/wp-json\/wp\/v2\/comments?post=4602"}],"version-history":[{"count":3,"href":"https:\/\/agora.xtec.cat\/ceipmargallo\/wp-json\/wp\/v2\/pages\/4602\/revisions"}],"predecessor-version":[{"id":4643,"href":"https:\/\/agora.xtec.cat\/ceipmargallo\/wp-json\/wp\/v2\/pages\/4602\/revisions\/4643"}],"up":[{"embeddable":true,"href":"https:\/\/agora.xtec.cat\/ceipmargallo\/wp-json\/wp\/v2\/pages\/64"}],"wp:attachment":[{"href":"https:\/\/agora.xtec.cat\/ceipmargallo\/wp-json\/wp\/v2\/media?parent=4602"}],"curies":[{"name":"wp","href":"https:\/\/api.w.org\/{rel}","templated":true}]}}