{"id":4534,"date":"2020-02-10T13:15:27","date_gmt":"2020-02-10T12:15:27","guid":{"rendered":"http:\/\/agora.xtec.cat\/ceipmargallo\/?page_id=4534"},"modified":"2020-02-13T15:07:24","modified_gmt":"2020-02-13T14:07:24","slug":"projecte-musica-cantania","status":"publish","type":"page","link":"https:\/\/agora.xtec.cat\/ceipmargallo\/projecte-musica-cantania\/","title":{"rendered":"Projecte M\u00fasica: Cant\u00e0nia"},"content":{"rendered":"<p><a href=\"https:\/\/agora.xtec.cat\/ceipmargallo\/wp-content\/uploads\/usu1899\/2020\/02\/CANTANIA113.0.jpg\"><img loading=\"lazy\" decoding=\"async\" class=\"alignnone size-full wp-image-4568\" src=\"https:\/\/agora.xtec.cat\/ceipmargallo\/wp-content\/uploads\/usu1899\/2020\/02\/CANTANIA113.0.jpg\" alt=\"\" width=\"830\" height=\"300\" srcset=\"https:\/\/agora.xtec.cat\/ceipmargallo\/wp-content\/uploads\/usu1899\/2020\/02\/CANTANIA113.0.jpg 830w, https:\/\/agora.xtec.cat\/ceipmargallo\/wp-content\/uploads\/usu1899\/2020\/02\/CANTANIA113.0-300x108.jpg 300w, https:\/\/agora.xtec.cat\/ceipmargallo\/wp-content\/uploads\/usu1899\/2020\/02\/CANTANIA113.0-768x278.jpg 768w\" sizes=\"auto, (max-width: 830px) 100vw, 830px\" \/><\/a><\/p>\n<p>A la nostra escola l\u2019alumnat de 5\u00e8 participa en el Projecte Cant\u00e0nia.<\/p>\n<p>Cant\u00e0nia \u00e9s una activitat participativa organitzada pel Servei Educatiu de l&#8217;Auditori de Barcelona des de fa m\u00e9s de 30 anys. Cada curs es demana a compositors i escriptors catalans de reconegut prestigi que cre\u00efn una obra d\u2019un tema determinat.<\/p>\n<p>Aquest tema es desenvolupa en diverses can\u00e7ons que s\u2019interpreten en forma de cantata. Durant tot el curs, a l\u2019aula de m\u00fasica, es treballa per aprendre les can\u00e7ons i l\u2019escenificaci\u00f3 i, a final de curs, hi ha un dia que l\u2019alumnat interpreta la cantata davant de les fam\u00edlies a l\u2019Auditori de Barcelona.<\/p>\n<p>En aquest concert els infants participen formant part d\u2019un gran cor, estan acompanyats de m\u00fasica en directe i, normalment, de dos solistes que s\u2019encarreguen de portar el fil conductor de l\u2019obra.<\/p>\n<p>Algunes de les tem\u00e0tiques desenvolupades en les darreres Cant\u00e0nies han estat:<\/p>\n<ul>\n<li>La por (t\u00edtol: \u201cLa nit dels malsons\u201d).<\/li>\n<li>L\u2019univers (t\u00edtol: \u201cPart\u00edcules\u201d).<\/li>\n<li>Homenatge al poeta Joan Brossa (t\u00edtol: \u201cA de Brossa\u201d).<\/li>\n<li>El m\u00f3n digital (t\u00edtol: \u201cVirtual\u201d<span style=\"font-family: inherit; font-size: 1em;\">).<\/span><\/li>\n<\/ul>\n<p><strong>Hist\u00f2ria de Cant\u00e0nia <\/strong><\/p>\n<p>El curs 1989 \u2013 1990 va n\u00e9ixer Cant\u00e0nia a partir de la voluntat de les mestres de m\u00fasica de les 9 escoles municipals de Barcelona de fer alguna activitat conjunta. L\u2019any 1997 es van afegir totes les escoles de la ciutat. L\u2019\u00e8xit va ser tal, que l\u2019any 2002 va comen\u00e7ar a implantar-se a d\u2019altres ciutats de Catalunya per a, l\u2019any 2005, comen\u00e7ar a cr\u00e9ixer arreu del m\u00f3n.<\/p>\n<p>Fins a dia d\u2019avui, Cant\u00e0nia s\u2019ha realitzat a m\u00e9s de 20 ciutats de 6 pa\u00efsos tant europeus com americans.<\/p>\n<ul>\n<li>A Espanya: Argentona, Burgos, C\u00e0diz, El Vendrell, Figueres, Girona, Granollers, Madrid, Manresa, Matar\u00f3, Olot, Parla, Reus, Salamanca, Sant Cugat del Vall\u00e8s, Saragossa, Sevilla, Valladolid, Vic i Vilafranca del Pened\u00e8s.<\/li>\n<li>A Alemanya: Mainz, Bremen, Biefeld, Neustadt i Koblenz.<\/li>\n<li>A B\u00e8lgica: Brussel\u00b7les.<\/li>\n<li>A Portugal: Guimaraes.<\/li>\n<li>A Vene\u00e7uela: Caracas.<\/li>\n<li>A It\u00e0lia: Alexandria.<\/li>\n<li>I a M\u00e8xic.<\/li>\n<\/ul>\n<p>Les xifres anuals s\u00f3n espectaculars: al llarg d\u2019un curs escolar passen pels escenaris de totes les ciutats participants aproximadament 50.000 nens i nenes, 1.000 mestres de m\u00fasica de m\u00e9s de 1.000 escoles i 100.000 espectadors.<\/p>\n","protected":false},"excerpt":{"rendered":"<p>A la nostra escola l\u2019alumnat de 5\u00e8 participa en el Projecte Cant\u00e0nia. Cant\u00e0nia \u00e9s una activitat participativa organitzada pel Servei Educatiu de l&#8217;Auditori de Barcelona des de fa m\u00e9s de 30 anys. Cada curs es demana a compositors i escriptors catalans de reconegut prestigi que cre\u00efn una obra d\u2019un tema determinat. Aquest tema es desenvolupa [&hellip;]<\/p>\n","protected":false},"author":1,"featured_media":0,"parent":0,"menu_order":0,"comment_status":"closed","ping_status":"closed","template":"","meta":{"_bbp_topic_count":0,"_bbp_reply_count":0,"_bbp_total_topic_count":0,"_bbp_total_reply_count":0,"_bbp_voice_count":0,"_bbp_anonymous_reply_count":0,"_bbp_topic_count_hidden":0,"_bbp_reply_count_hidden":0,"_bbp_forum_subforum_count":0,"site-sidebar-layout":"default","site-content-layout":"","ast-site-content-layout":"","site-content-style":"default","site-sidebar-style":"default","ast-global-header-display":"","ast-banner-title-visibility":"","ast-main-header-display":"","ast-hfb-above-header-display":"","ast-hfb-below-header-display":"","ast-hfb-mobile-header-display":"","site-post-title":"","ast-breadcrumbs-content":"","ast-featured-img":"","footer-sml-layout":"","theme-transparent-header-meta":"","adv-header-id-meta":"","stick-header-meta":"","header-above-stick-meta":"","header-main-stick-meta":"","header-below-stick-meta":"","astra-migrate-meta-layouts":"default","ast-page-background-enabled":"default","ast-page-background-meta":{"desktop":{"background-color":"var(--ast-global-color-4)","background-image":"","background-repeat":"repeat","background-position":"center center","background-size":"auto","background-attachment":"scroll","background-type":"","background-media":"","overlay-type":"","overlay-color":"","overlay-opacity":"","overlay-gradient":""},"tablet":{"background-color":"","background-image":"","background-repeat":"repeat","background-position":"center center","background-size":"auto","background-attachment":"scroll","background-type":"","background-media":"","overlay-type":"","overlay-color":"","overlay-opacity":"","overlay-gradient":""},"mobile":{"background-color":"","background-image":"","background-repeat":"repeat","background-position":"center center","background-size":"auto","background-attachment":"scroll","background-type":"","background-media":"","overlay-type":"","overlay-color":"","overlay-opacity":"","overlay-gradient":""}},"ast-content-background-meta":{"desktop":{"background-color":"var(--ast-global-color-5)","background-image":"","background-repeat":"repeat","background-position":"center center","background-size":"auto","background-attachment":"scroll","background-type":"","background-media":"","overlay-type":"","overlay-color":"","overlay-opacity":"","overlay-gradient":""},"tablet":{"background-color":"var(--ast-global-color-5)","background-image":"","background-repeat":"repeat","background-position":"center center","background-size":"auto","background-attachment":"scroll","background-type":"","background-media":"","overlay-type":"","overlay-color":"","overlay-opacity":"","overlay-gradient":""},"mobile":{"background-color":"var(--ast-global-color-5)","background-image":"","background-repeat":"repeat","background-position":"center center","background-size":"auto","background-attachment":"scroll","background-type":"","background-media":"","overlay-type":"","overlay-color":"","overlay-opacity":"","overlay-gradient":""}},"footnotes":""},"class_list":["post-4534","page","type-page","status-publish","hentry"],"post_mailing_queue_ids":[],"_links":{"self":[{"href":"https:\/\/agora.xtec.cat\/ceipmargallo\/wp-json\/wp\/v2\/pages\/4534","targetHints":{"allow":["GET"]}}],"collection":[{"href":"https:\/\/agora.xtec.cat\/ceipmargallo\/wp-json\/wp\/v2\/pages"}],"about":[{"href":"https:\/\/agora.xtec.cat\/ceipmargallo\/wp-json\/wp\/v2\/types\/page"}],"author":[{"embeddable":true,"href":"https:\/\/agora.xtec.cat\/ceipmargallo\/wp-json\/wp\/v2\/users\/1"}],"replies":[{"embeddable":true,"href":"https:\/\/agora.xtec.cat\/ceipmargallo\/wp-json\/wp\/v2\/comments?post=4534"}],"version-history":[{"count":4,"href":"https:\/\/agora.xtec.cat\/ceipmargallo\/wp-json\/wp\/v2\/pages\/4534\/revisions"}],"predecessor-version":[{"id":4597,"href":"https:\/\/agora.xtec.cat\/ceipmargallo\/wp-json\/wp\/v2\/pages\/4534\/revisions\/4597"}],"wp:attachment":[{"href":"https:\/\/agora.xtec.cat\/ceipmargallo\/wp-json\/wp\/v2\/media?parent=4534"}],"curies":[{"name":"wp","href":"https:\/\/api.w.org\/{rel}","templated":true}]}}