{"id":3718,"date":"2019-10-27T20:15:50","date_gmt":"2019-10-27T19:15:50","guid":{"rendered":"http:\/\/agora.xtec.cat\/ceipmargallo\/?page_id=3718"},"modified":"2022-08-30T19:38:36","modified_gmt":"2022-08-30T17:38:36","slug":"som-escola-verda","status":"publish","type":"page","link":"https:\/\/agora.xtec.cat\/ceipmargallo\/som-escola-verda\/","title":{"rendered":"Som escola Verda!"},"content":{"rendered":"<p style=\"text-align: justify;\"><img loading=\"lazy\" decoding=\"async\" class=\"size-large alignleft\" src=\"http:\/\/mediambient.gencat.cat\/web\/.content\/home\/ambits_dactuacio\/educacio_i_sostenibilitat\/educacio_per_a_la_sostenibilitat\/escoles_verdes\/el_programa_escoles_verdes\/logotips\/Icona_escoles_verdes.jpg\" width=\"340\" height=\"340\" \/><\/p>\n<p>El programa escoles verdes sorgeix com un comprom\u00eds per donar suport a tots els centres educatius de Catalunya que volen innovar, incloure, avan\u00e7ar, sistematitzar i organitzar accions educatives que tinguin la finalitat d&#8217;afrontar, des de l&#8217;educaci\u00f3, els nous reptes i valors de la sostenibilitat.<\/p>\n<p><strong>L&#8217;escola Margall\u00f3<\/strong> \u00e9s una d&#8217;aquestes escoles adherides i per tant es planteja tres grans objectius:<\/p>\n<ul style=\"list-style-type: square;\">\n<li>Incorporar els valors de l&#8217;<strong>educaci\u00f3 per a la sostenibilitat<\/strong> en tots els \u00e0mbits de la vida del centre.<\/li>\n<li>Promoure la participaci\u00f3 i la implicaci\u00f3 activa de la comunitat educativa en la <strong>millora del seu entorn.<\/strong><\/li>\n<li><strong>Afavorir l&#8217;intercanvi entre els centres<\/strong> que comparteixen uns mateixos objectius.<\/li>\n<li style=\"text-align: left;\">Ser escola verda implica realitzar les tasques seg\u00fcents per assolir els 3 objectius anteriorment anomenats:<\/li>\n<\/ul>\n<p>&#8211; Participar al projecte d&#8217;hort escolar i compostatge de l&#8217;escola<\/p>\n<p>&#8211; Reduir el paper en les circulars i utilitzar l&#8217;aplicaci\u00f3 Telegram per la comunicaci\u00f3 fam\u00edlia-escola.<\/p>\n<p>-\u00das del correu d&#8217;aula per la comunicaci\u00f3 fam\u00edlia-escola.<\/p>\n<p>-Reciclatge del paper, pl\u00e0stic i el vidre.<\/p>\n<p>-\u00das de la carmanyola pels esmorzar redu\u00efnt aix\u00ed l&#8217;\u00fas del paper\u00a0 l&#8217;alumni.<\/p>\n<p>-\u00das d&#8217;ampolla personal reutilitzable evitant aix\u00ed l&#8217;us del pl\u00e0stic.<\/p>\n<p>-Participar en el reciclatge de l&#8217;oli projecte Oliclakis.<\/p>\n<p>-Reciclatge de piles usades projecte Apilo.<\/p>\n<p>-Reunions del comit\u00e9 verd amb els representants verds de cada aula. Fent assemblees conjuntes amb l&#8217;equip directiu.<\/p>\n<p>-Participant en activitats de medi ambient\u00a0 l&#8217;Ajuntament .<\/p>\n<p>-Participant en el projecte de Consum de fruita de les escoles del Departament.<\/p>\n","protected":false},"excerpt":{"rendered":"<p>El programa escoles verdes sorgeix com un comprom\u00eds per donar suport a tots els centres educatius de Catalunya que volen innovar, incloure, avan\u00e7ar, sistematitzar i organitzar accions educatives que tinguin la finalitat d&#8217;afrontar, des de l&#8217;educaci\u00f3, els nous reptes i valors de la sostenibilitat. L&#8217;escola Margall\u00f3 \u00e9s una d&#8217;aquestes escoles adherides i per tant es [&hellip;]<\/p>\n","protected":false},"author":6,"featured_media":0,"parent":0,"menu_order":0,"comment_status":"closed","ping_status":"closed","template":"","meta":{"_bbp_topic_count":0,"_bbp_reply_count":0,"_bbp_total_topic_count":0,"_bbp_total_reply_count":0,"_bbp_voice_count":0,"_bbp_anonymous_reply_count":0,"_bbp_topic_count_hidden":0,"_bbp_reply_count_hidden":0,"_bbp_forum_subforum_count":0,"site-sidebar-layout":"default","site-content-layout":"","ast-site-content-layout":"","site-content-style":"default","site-sidebar-style":"default","ast-global-header-display":"","ast-banner-title-visibility":"","ast-main-header-display":"","ast-hfb-above-header-display":"","ast-hfb-below-header-display":"","ast-hfb-mobile-header-display":"","site-post-title":"","ast-breadcrumbs-content":"","ast-featured-img":"","footer-sml-layout":"","theme-transparent-header-meta":"","adv-header-id-meta":"","stick-header-meta":"","header-above-stick-meta":"","header-main-stick-meta":"","header-below-stick-meta":"","astra-migrate-meta-layouts":"default","ast-page-background-enabled":"default","ast-page-background-meta":{"desktop":{"background-color":"var(--ast-global-color-4)","background-image":"","background-repeat":"repeat","background-position":"center center","background-size":"auto","background-attachment":"scroll","background-type":"","background-media":"","overlay-type":"","overlay-color":"","overlay-opacity":"","overlay-gradient":""},"tablet":{"background-color":"","background-image":"","background-repeat":"repeat","background-position":"center center","background-size":"auto","background-attachment":"scroll","background-type":"","background-media":"","overlay-type":"","overlay-color":"","overlay-opacity":"","overlay-gradient":""},"mobile":{"background-color":"","background-image":"","background-repeat":"repeat","background-position":"center center","background-size":"auto","background-attachment":"scroll","background-type":"","background-media":"","overlay-type":"","overlay-color":"","overlay-opacity":"","overlay-gradient":""}},"ast-content-background-meta":{"desktop":{"background-color":"var(--ast-global-color-5)","background-image":"","background-repeat":"repeat","background-position":"center center","background-size":"auto","background-attachment":"scroll","background-type":"","background-media":"","overlay-type":"","overlay-color":"","overlay-opacity":"","overlay-gradient":""},"tablet":{"background-color":"var(--ast-global-color-5)","background-image":"","background-repeat":"repeat","background-position":"center center","background-size":"auto","background-attachment":"scroll","background-type":"","background-media":"","overlay-type":"","overlay-color":"","overlay-opacity":"","overlay-gradient":""},"mobile":{"background-color":"var(--ast-global-color-5)","background-image":"","background-repeat":"repeat","background-position":"center center","background-size":"auto","background-attachment":"scroll","background-type":"","background-media":"","overlay-type":"","overlay-color":"","overlay-opacity":"","overlay-gradient":""}},"footnotes":""},"class_list":["post-3718","page","type-page","status-publish","hentry"],"post_mailing_queue_ids":[],"_links":{"self":[{"href":"https:\/\/agora.xtec.cat\/ceipmargallo\/wp-json\/wp\/v2\/pages\/3718","targetHints":{"allow":["GET"]}}],"collection":[{"href":"https:\/\/agora.xtec.cat\/ceipmargallo\/wp-json\/wp\/v2\/pages"}],"about":[{"href":"https:\/\/agora.xtec.cat\/ceipmargallo\/wp-json\/wp\/v2\/types\/page"}],"author":[{"embeddable":true,"href":"https:\/\/agora.xtec.cat\/ceipmargallo\/wp-json\/wp\/v2\/users\/6"}],"replies":[{"embeddable":true,"href":"https:\/\/agora.xtec.cat\/ceipmargallo\/wp-json\/wp\/v2\/comments?post=3718"}],"version-history":[{"count":4,"href":"https:\/\/agora.xtec.cat\/ceipmargallo\/wp-json\/wp\/v2\/pages\/3718\/revisions"}],"predecessor-version":[{"id":11477,"href":"https:\/\/agora.xtec.cat\/ceipmargallo\/wp-json\/wp\/v2\/pages\/3718\/revisions\/11477"}],"wp:attachment":[{"href":"https:\/\/agora.xtec.cat\/ceipmargallo\/wp-json\/wp\/v2\/media?parent=3718"}],"curies":[{"name":"wp","href":"https:\/\/api.w.org\/{rel}","templated":true}]}}