{"id":2853,"date":"2019-05-28T11:05:26","date_gmt":"2019-05-28T09:05:26","guid":{"rendered":"http:\/\/agora.xtec.cat\/ceipmargallo\/?page_id=2853"},"modified":"2019-05-28T12:26:09","modified_gmt":"2019-05-28T10:26:09","slug":"dscratch-a-la-robotica-amb-mbot","status":"publish","type":"page","link":"https:\/\/agora.xtec.cat\/ceipmargallo\/projectes\/dscratch-a-la-robotica-amb-mbot\/","title":{"rendered":"D&#8217;Scratch a la rob\u00f2tica amb mBot"},"content":{"rendered":"<p>&nbsp;<\/p>\n<p><a href=\"https:\/\/agora.xtec.cat\/ceipmargallo\/wp-content\/uploads\/usu1899\/2019\/05\/Diapositiva1.jpg\"><img loading=\"lazy\" decoding=\"async\" class=\"aligncenter size-full wp-image-2855\" src=\"https:\/\/agora.xtec.cat\/ceipmargallo\/wp-content\/uploads\/usu1899\/2019\/05\/Diapositiva1.jpg\" alt=\"\" width=\"960\" height=\"720\" srcset=\"https:\/\/agora.xtec.cat\/ceipmargallo\/wp-content\/uploads\/usu1899\/2019\/05\/Diapositiva1.jpg 960w, https:\/\/agora.xtec.cat\/ceipmargallo\/wp-content\/uploads\/usu1899\/2019\/05\/Diapositiva1-300x225.jpg 300w, https:\/\/agora.xtec.cat\/ceipmargallo\/wp-content\/uploads\/usu1899\/2019\/05\/Diapositiva1-768x576.jpg 768w, https:\/\/agora.xtec.cat\/ceipmargallo\/wp-content\/uploads\/usu1899\/2019\/05\/Diapositiva1-200x150.jpg 200w\" sizes=\"auto, (max-width: 960px) 100vw, 960px\" \/><\/a><\/p>\n<p><strong>Bona tarda a tothom!<\/strong><\/p>\n<p>Per nosaltres \u00e9s una passada poder estar avui aqu\u00ed. \u00a0Estem nerviosos ja que \u00e9s la primera vegada que parlem per un gran p\u00fablic, fora del que normalment fem a l\u2019escola. Aix\u00ed que si ens equivoquem, ens quedem en blanc o alguna cosa semblant sabem que vosaltres ens sabreu perdonar.<\/p>\n<p>Volem agrair la nostra estada aqu\u00ed en primer lloc al <strong>Servei Educatiu de Castelldefels<\/strong> i especialment a l\u2019<strong>Antoni Alberich<\/strong> per proporcionar-nos l\u2019oportunitat de ser-hi avui aqu\u00ed per mostrar-vos els treballs que hem fet al cole.<\/p>\n<p>Tamb\u00e9 volem agrair a la nostra escola, l\u2019escola <strong>Margall\u00f3<\/strong>, aix\u00ed com al Juan, que ens hagi escollit a nosaltres com a representaci\u00f3 de l\u2019escola i de la classe per fer aquest recorregut aquesta tarda.<\/p>\n<p>I per \u00faltim donar les gr\u00e0cies a tots els nostres companys de <strong>sis\u00e8 A i B<\/strong> que tamb\u00e9 els hi hagu\u00e9s agradat estar aqu\u00ed amb vosaltres i que han participat activament en tots i cadascun dels projectes que avui us presentarem.<!--more--><\/p>\n<p><a href=\"https:\/\/agora.xtec.cat\/ceipmargallo\/wp-content\/uploads\/usu1899\/2019\/05\/Diapositiva2.jpg\"><img loading=\"lazy\" decoding=\"async\" class=\"aligncenter size-full wp-image-2856\" src=\"https:\/\/agora.xtec.cat\/ceipmargallo\/wp-content\/uploads\/usu1899\/2019\/05\/Diapositiva2.jpg\" alt=\"\" width=\"960\" height=\"720\" srcset=\"https:\/\/agora.xtec.cat\/ceipmargallo\/wp-content\/uploads\/usu1899\/2019\/05\/Diapositiva2.jpg 960w, https:\/\/agora.xtec.cat\/ceipmargallo\/wp-content\/uploads\/usu1899\/2019\/05\/Diapositiva2-300x225.jpg 300w, https:\/\/agora.xtec.cat\/ceipmargallo\/wp-content\/uploads\/usu1899\/2019\/05\/Diapositiva2-768x576.jpg 768w, https:\/\/agora.xtec.cat\/ceipmargallo\/wp-content\/uploads\/usu1899\/2019\/05\/Diapositiva2-200x150.jpg 200w\" sizes=\"auto, (max-width: 960px) 100vw, 960px\" \/><\/a><\/p>\n<p>A l\u2019escola <strong>Margall\u00f3<\/strong> som una escola de barri, molt xula, perqu\u00e8 est\u00e0 al costat del <strong>parc natural del Garraf<\/strong>. Molt antiga, ja fa 34 anys que hi \u00e9s. I amb pocs recursos, amb uns ordinadors del Jurassic, i com diu el Juan, sense LAN transformada, tot i que nosaltres no tenim ni idea de que vol dir aix\u00f2. Tot i aix\u00ed ens hem aventurat en treballar la rob\u00f2tica i la programaci\u00f3.<\/p>\n<p>Fa pocs dies ens vam preguntar perqu\u00e8 fem programaci\u00f3 i rob\u00f2tica a l\u2019escola. Tenim un bon grapat de respostes\u2026<\/p>\n<p>Una d\u2019elles \u00e9s perqu\u00e8 el nostre mestre va arribar a l\u2019escola. (&#8230;) Perqu\u00e8 serveix per adaptar-nos al futur, ja que la farem servir en el nostre dia a dia. Perqu\u00e8 \u00e9s divertida!<\/p>\n<p>Perqu\u00e8 ens ajuda a ser imaginatius, a ser creatius, podem fer els nostres videojocs i hist\u00f2ries, els podem compartir i que els altres nens i nenes de la classe els vegin\u2026 i tamb\u00e9 els altres nens i nenes de Catalunya, i d\u2019Espanya i\u2026 de tot el m\u00f3n.<\/p>\n<p>Per\u00f2 fins arribar al final del projecte i treballar la rob\u00f2tica i la programaci\u00f3\u2026 com va comen\u00e7ar tot?<\/p>\n<p><a href=\"https:\/\/agora.xtec.cat\/ceipmargallo\/wp-content\/uploads\/usu1899\/2019\/05\/Diapositiva4.jpg\"><img loading=\"lazy\" decoding=\"async\" class=\"aligncenter size-full wp-image-2857\" src=\"https:\/\/agora.xtec.cat\/ceipmargallo\/wp-content\/uploads\/usu1899\/2019\/05\/Diapositiva4.jpg\" alt=\"\" width=\"960\" height=\"720\" srcset=\"https:\/\/agora.xtec.cat\/ceipmargallo\/wp-content\/uploads\/usu1899\/2019\/05\/Diapositiva4.jpg 960w, https:\/\/agora.xtec.cat\/ceipmargallo\/wp-content\/uploads\/usu1899\/2019\/05\/Diapositiva4-300x225.jpg 300w, https:\/\/agora.xtec.cat\/ceipmargallo\/wp-content\/uploads\/usu1899\/2019\/05\/Diapositiva4-768x576.jpg 768w, https:\/\/agora.xtec.cat\/ceipmargallo\/wp-content\/uploads\/usu1899\/2019\/05\/Diapositiva4-200x150.jpg 200w\" sizes=\"auto, (max-width: 960px) 100vw, 960px\" \/><\/a><\/p>\n<p>Despr\u00e9s d\u2019aprendre les coses b\u00e0siques d\u2019Scratch, quina pinta tenia, com s&#8217;accedeix a la web, de crear el nostre usuari, com es feien servir el blocs b\u00e0sics de programaci\u00f3\u2026 van comen\u00e7ar amb una primera activitat\u2026 Us enrecordeu companys?<\/p>\n<p>La primera de les activitats va ser crear una petita hist\u00f2ria, o acudit entre dos personatges. Ara us mostrarem una activitat en la seva versi\u00f3 2.0 que hem preparat expressament per aquesta confer\u00e8ncia perqu\u00e8 us podeu fer una idea del que busc\u00e0vem. Ara veure un acudit en el qual els protagonistes s\u00f3n la J\u00falia i el Pau.<\/p>\n<p><iframe loading=\"lazy\" src=\"https:\/\/scratch.mit.edu\/projects\/307024355\/embed\" width=\"485\" height=\"402\" frameborder=\"0\" scrolling=\"no\" allowfullscreen=\"allowfullscreen\"><\/iframe><\/p>\n<p>Amb aquesta activitat havien experimentat amb els diferents vestits dels personatges, havien fet servir els bloc de espera, i digues per poder fer parlar als personatges. Tanmateix van veure tamb\u00e9 com podem canviar d\u2019escenari.<\/p>\n<p>La segona d\u2019aquestes activitats va ser crear un joc de ca\u00e7ar a la bruixa\u2026 cadasc\u00fa de nosaltres va decidir que ca\u00e7ava i aqu\u00ed us mostren tamb\u00e9 un exemple de joc. Aqu\u00ed el joc de l&#8217;<strong>Anjie<\/strong>!<\/p>\n<p><iframe loading=\"lazy\" src=\"https:\/\/scratch.mit.edu\/projects\/311463961\/embed\" width=\"485\" height=\"402\" frameborder=\"0\" scrolling=\"no\" allowfullscreen=\"allowfullscreen\"><\/iframe><\/p>\n<p>Amb aquesta activitat havien experimentat amb personatges que es mouen per la pantalla. Van aprendre a amagar-los i mostrar-los. Van aprendre a fer bucles i variables. Van aprendre que volia dir la paraula BUCLE i que volia dir VARIABLE. Per\u00f2 sobretot sobretot, ens van divertir fent-ho.<\/p>\n<p>Despr\u00e9s de unes quantes activitats preliminars ja estaven preparats per fer els nostres propis projectes\u2026 aqu\u00ed un exemple en el que la <strong>Varvara<\/strong> ens explica els eixos de coordenades\u2026<\/p>\n<p><iframe loading=\"lazy\" src=\"https:\/\/scratch.mit.edu\/projects\/311477849\/embed\" width=\"485\" height=\"402\" frameborder=\"0\" scrolling=\"no\" allowfullscreen=\"allowfullscreen\"><\/iframe><\/p>\n<p>O la <strong>Mar Serrano<\/strong> amb aquest joc de vestir al Dani!<\/p>\n<p><iframe loading=\"lazy\" src=\"https:\/\/scratch.mit.edu\/projects\/311520806\/embed\" width=\"485\" height=\"402\" frameborder=\"0\" scrolling=\"no\" allowfullscreen=\"allowfullscreen\"><\/iframe><\/p>\n<p>I aix\u00ed vas ser com a poc a poc van anar aprenent m\u00e9s i m\u00e9s sobre Scratch. Fins que finalment van buscar el repte i final de projecte del curs passat, quan estaven a cinqu\u00e8.<\/p>\n<p>Durant unes bones sessions van estar treballant, fent un projecte per a un concurs, l\u2019<strong>Scratch Challenge<\/strong>. Un concurs promocionat i fet per <strong>mSchools<\/strong> en el que se\u2019ns planteja el repte de fer un joc d\u2019Scratch que tingu\u00e8s com a tem\u00e0tica:<strong> \u201cDe gran vull ser\u2026\u201d<\/strong><\/p>\n<p>Despr\u00e9s de treballar for\u00e7a van enviar quatre dels nostres projectes al concurs\u2026 i sabeu que?&#8230; De 580 treballs que es van enviar al concurs de tot arreu de Catalunya, nosaltres, l\u2019Escola Margall\u00f3, van ser uns dels finalistes.<\/p>\n<p>A continuaci\u00f3 us ensenyarem tamb\u00e9 el nostre projecte guanyador realitzat per la <strong>Varvara, el Marc, la J\u00falia i el Jes\u00fas.<\/strong><\/p>\n<p><iframe loading=\"lazy\" src=\"https:\/\/scratch.mit.edu\/projects\/222098670\/embed\" width=\"485\" height=\"402\" frameborder=\"0\" scrolling=\"no\" allowfullscreen=\"allowfullscreen\"><\/iframe><\/p>\n<p>Els nostres companys de classe van poder anar a la final que es va celebrar a La Farga de l\u2019Hospitalet a final de curs. Durant el mat\u00ed juntament amb els altres finalistes van estar competint desenvolupant un projecte Scratch. No van guanyar, per\u00f2 es van endur una experi\u00e8ncia inigualable.<a href=\"https:\/\/agora.xtec.cat\/ceipmargallo\/wp-content\/uploads\/usu1899\/2019\/05\/Diapositiva14.jpg\"><img loading=\"lazy\" decoding=\"async\" class=\"aligncenter size-full wp-image-2861\" src=\"https:\/\/agora.xtec.cat\/ceipmargallo\/wp-content\/uploads\/usu1899\/2019\/05\/Diapositiva14.jpg\" alt=\"\" width=\"960\" height=\"720\" srcset=\"https:\/\/agora.xtec.cat\/ceipmargallo\/wp-content\/uploads\/usu1899\/2019\/05\/Diapositiva14.jpg 960w, https:\/\/agora.xtec.cat\/ceipmargallo\/wp-content\/uploads\/usu1899\/2019\/05\/Diapositiva14-300x225.jpg 300w, https:\/\/agora.xtec.cat\/ceipmargallo\/wp-content\/uploads\/usu1899\/2019\/05\/Diapositiva14-768x576.jpg 768w, https:\/\/agora.xtec.cat\/ceipmargallo\/wp-content\/uploads\/usu1899\/2019\/05\/Diapositiva14-200x150.jpg 200w\" sizes=\"auto, (max-width: 960px) 100vw, 960px\" \/><\/a><\/p>\n<p>&nbsp;<\/p>\n<p>Aquest curs, 2018\/2019, hem fet sis\u00e8, i aix\u00f2 de l\u2019Scratch ho tenim ja mastegat i van donar un petit gran salt. Vam introduir la <strong>Rob\u00f2tica<\/strong> amb <strong>mBot<\/strong>.<\/p>\n<p>I per qu\u00e8 rob\u00f2tica\u2026<\/p>\n<p>I per qu\u00e8 <strong>mBot<\/strong>?<\/p>\n<p><a href=\"https:\/\/agora.xtec.cat\/ceipmargallo\/wp-content\/uploads\/usu1899\/2019\/05\/Diapositiva16.jpg\"><img loading=\"lazy\" decoding=\"async\" class=\"aligncenter size-full wp-image-2862\" src=\"https:\/\/agora.xtec.cat\/ceipmargallo\/wp-content\/uploads\/usu1899\/2019\/05\/Diapositiva16.jpg\" alt=\"\" width=\"960\" height=\"720\" srcset=\"https:\/\/agora.xtec.cat\/ceipmargallo\/wp-content\/uploads\/usu1899\/2019\/05\/Diapositiva16.jpg 960w, https:\/\/agora.xtec.cat\/ceipmargallo\/wp-content\/uploads\/usu1899\/2019\/05\/Diapositiva16-300x225.jpg 300w, https:\/\/agora.xtec.cat\/ceipmargallo\/wp-content\/uploads\/usu1899\/2019\/05\/Diapositiva16-768x576.jpg 768w, https:\/\/agora.xtec.cat\/ceipmargallo\/wp-content\/uploads\/usu1899\/2019\/05\/Diapositiva16-200x150.jpg 200w\" sizes=\"auto, (max-width: 960px) 100vw, 960px\" \/><\/a><\/p>\n<p><strong>Mbot<\/strong> \u00e9s un robot bastant econ\u00f2mic i amb recanvis disponibles.<\/p>\n<p><strong>Mbot<\/strong> permet el muntatge i desmuntatge, aix\u00ed com poder afegir-li peces tant de mbot, com de lego, com les que tu vulguis fer amb un impressora 3d o paper i cartr\u00f3 que tamb\u00e9 va molt b\u00e9.<\/p>\n<p><a href=\"https:\/\/agora.xtec.cat\/ceipmargallo\/wp-content\/uploads\/usu1899\/2019\/05\/Diapositiva17.jpg\"><img loading=\"lazy\" decoding=\"async\" class=\"aligncenter size-full wp-image-2863\" src=\"https:\/\/agora.xtec.cat\/ceipmargallo\/wp-content\/uploads\/usu1899\/2019\/05\/Diapositiva17.jpg\" alt=\"\" width=\"960\" height=\"720\" srcset=\"https:\/\/agora.xtec.cat\/ceipmargallo\/wp-content\/uploads\/usu1899\/2019\/05\/Diapositiva17.jpg 960w, https:\/\/agora.xtec.cat\/ceipmargallo\/wp-content\/uploads\/usu1899\/2019\/05\/Diapositiva17-300x225.jpg 300w, https:\/\/agora.xtec.cat\/ceipmargallo\/wp-content\/uploads\/usu1899\/2019\/05\/Diapositiva17-768x576.jpg 768w, https:\/\/agora.xtec.cat\/ceipmargallo\/wp-content\/uploads\/usu1899\/2019\/05\/Diapositiva17-200x150.jpg 200w\" sizes=\"auto, (max-width: 960px) 100vw, 960px\" \/><\/a><\/p>\n<p>Mbot \u00e9s un robot compacte que inclou la majoria de sensors b\u00e0sics i actuadors que pot tenir un robot. Sensor d\u2019ultrasons per detectar dist\u00e0ncies, sensor de llum, sensor seguidor de linea (o detector de blanc i negre). A m\u00e9s se li podem afegir altres sensors que poden ampliar la nostra experi\u00e8ncia.<\/p>\n<p>I com deiem, tamb\u00e9 actuadors. Dos motors independents, un comandament a dist\u00e0ncia per infrarojos, un bot\u00f3 configurable, un altaveu amb el que reproduir sons, tres llums leds, i una pantalla led de 8&#215;16 completament configurable.<\/p>\n<p>Tot aix\u00f2, connectat a una placa arduino que pot funcionar amb piles o bateria.<\/p>\n<p><a href=\"https:\/\/agora.xtec.cat\/ceipmargallo\/wp-content\/uploads\/usu1899\/2019\/05\/Diapositiva18.jpg\"><img loading=\"lazy\" decoding=\"async\" class=\"aligncenter size-full wp-image-2864\" src=\"https:\/\/agora.xtec.cat\/ceipmargallo\/wp-content\/uploads\/usu1899\/2019\/05\/Diapositiva18.jpg\" alt=\"\" width=\"960\" height=\"720\" srcset=\"https:\/\/agora.xtec.cat\/ceipmargallo\/wp-content\/uploads\/usu1899\/2019\/05\/Diapositiva18.jpg 960w, https:\/\/agora.xtec.cat\/ceipmargallo\/wp-content\/uploads\/usu1899\/2019\/05\/Diapositiva18-300x225.jpg 300w, https:\/\/agora.xtec.cat\/ceipmargallo\/wp-content\/uploads\/usu1899\/2019\/05\/Diapositiva18-768x576.jpg 768w, https:\/\/agora.xtec.cat\/ceipmargallo\/wp-content\/uploads\/usu1899\/2019\/05\/Diapositiva18-200x150.jpg 200w\" sizes=\"auto, (max-width: 960px) 100vw, 960px\" \/><\/a><\/p>\n<p>Per\u00f2 el m\u00e9s interessant de tot va ser\u2026 que quasi no va ser necessari aprendre a programar-lo, perqu\u00e8 es pot programar amb Mblock un programeta id\u00e8ntic a Scratch.<\/p>\n<p>&nbsp;<\/p>\n<p>Aix\u00ed que van desenvolupar diferents activitats per veure com anava el robot.<\/p>\n<p>La primera de les activitats va ser fer el muntatge de l\u2019Mbot. El muntatge no \u00e9s massa complicat, per\u00f2 van haver de fer servir un tornav\u00eds i seguir les instruccions com el que monta un moble de l\u2019Ikea.<\/p>\n<p><a href=\"https:\/\/agora.xtec.cat\/ceipmargallo\/wp-content\/uploads\/usu1899\/2019\/05\/Diapositiva19.jpg\"><img loading=\"lazy\" decoding=\"async\" class=\"aligncenter size-full wp-image-2865\" src=\"https:\/\/agora.xtec.cat\/ceipmargallo\/wp-content\/uploads\/usu1899\/2019\/05\/Diapositiva19.jpg\" alt=\"\" width=\"960\" height=\"720\" srcset=\"https:\/\/agora.xtec.cat\/ceipmargallo\/wp-content\/uploads\/usu1899\/2019\/05\/Diapositiva19.jpg 960w, https:\/\/agora.xtec.cat\/ceipmargallo\/wp-content\/uploads\/usu1899\/2019\/05\/Diapositiva19-300x225.jpg 300w, https:\/\/agora.xtec.cat\/ceipmargallo\/wp-content\/uploads\/usu1899\/2019\/05\/Diapositiva19-768x576.jpg 768w, https:\/\/agora.xtec.cat\/ceipmargallo\/wp-content\/uploads\/usu1899\/2019\/05\/Diapositiva19-200x150.jpg 200w\" sizes=\"auto, (max-width: 960px) 100vw, 960px\" \/><\/a><\/p>\n<p>El robot ve programat amb dos programes per defecte que van fer servir per con\u00e8ixer si hav\u00edem fet el muntatge correctament.<\/p>\n<p>El primer dels programes fa servir el sensor d\u2019ultrasons i imita un robot RUMBA. Quan troba un objecte davant, s\u2019acaba desviant del seu cam\u00ed. Un dels nostres primers errors va ser muntar els motors al contrari. De forma que el robot es despla\u00e7a cap al darrere.<\/p>\n<p>El segon dels errors abans de trobar la clau del seu funcionament va ser connectar tamb\u00e9 de forma incorrecta els sensors. Ara el robot ja funcionava, i es despla\u00e7ava cap a endavant per\u00f2 en trobar un objecte, xocava contra ell.<\/p>\n<p>Una vegada muntat, vam provar el segon programa predeterminat el seguidor de l\u00ednia. I vam descobrir amb Scratch com estava programat.<\/p>\n<p><iframe loading=\"lazy\" src=\"https:\/\/www.youtube.com\/embed\/kjGDBjhMxGc\" width=\"560\" height=\"315\" frameborder=\"0\" allowfullscreen=\"allowfullscreen\"><\/iframe><\/p>\n<p>Una vegada que el robot estava perfectament muntat vam comen\u00e7ar a experimentar amb els motors. Fent carreres i un joc de petanca que a continuaci\u00f3 us mostrem.<\/p>\n<p><iframe loading=\"lazy\" src=\"https:\/\/www.youtube.com\/embed\/z-Z_xI6olPY\" width=\"560\" height=\"315\" frameborder=\"0\" allowfullscreen=\"allowfullscreen\"><\/iframe><\/p>\n<p>Una altra de les activitats que vam fer, va ser fer servir i combinar l\u2019altaveu incorporat i els tres llums led. Fent m\u00fasica i llums amb el robot. A continuaci\u00f3 us mostrem un v\u00eddeo de l\u2019Edgar i l\u2019Octavio amb la seva creaci\u00f3 musical.<\/p>\n<p><iframe loading=\"lazy\" src=\"https:\/\/www.youtube.com\/embed\/ig0-WQOHzSM\" width=\"560\" height=\"315\" frameborder=\"0\" allowfullscreen=\"allowfullscreen\"><\/iframe><\/p>\n<p>Una altra de les activitats va ser fer una alarma detectora de moviment. A continuaci\u00f3 l\u2019\u00c0lex us ensenya un petit v\u00eddeo de mostra.<\/p>\n<p><iframe loading=\"lazy\" src=\"https:\/\/www.youtube.com\/embed\/NCzOjL-EkT4\" width=\"560\" height=\"315\" frameborder=\"0\" allowfullscreen=\"allowfullscreen\"><\/iframe><\/p>\n<p>Com que a poc a poc ens an\u00e0vem familiaritzant amb el robot, va arribar el moment de tornar a desmontar el nostre mBot i fer noves creacions, des de zero, aplicant el que hav\u00edem apr\u00e8s. De forma que van pensar que podr\u00edem preparar una s\u00e8rie de miniprojectes per les portes obertes de l\u2019escola que a continuaci\u00f3 us ensenyarem.<\/p>\n<p>&nbsp;<\/p>\n<p>Per una banda un sensor de benvinguda, a la porta d\u2019entrada a l\u2019aula d\u2019Inform\u00e0tica.<\/p>\n<p><iframe loading=\"lazy\" src=\"https:\/\/www.youtube.com\/embed\/dj3l5CgcTTg\" width=\"560\" height=\"315\" frameborder=\"0\" allowfullscreen=\"allowfullscreen\"><\/iframe><\/p>\n<p>Va ser superdivertit veure com els pares entr\u00e0vem a la classe i el robot els saludava.<\/p>\n<p>&nbsp;<\/p>\n<p>Per una altra banda van agafar una caseta de nines de una de les aules d\u2019infantil i la vam transformar en una casa intel\u00b7ligent, detectora de quantitat de llum.<\/p>\n<p><iframe loading=\"lazy\" src=\"https:\/\/www.youtube.com\/embed\/bbzKXVT47F4\" width=\"560\" height=\"315\" frameborder=\"0\" allowfullscreen=\"allowfullscreen\"><\/iframe><\/p>\n<p>&nbsp;<\/p>\n<p>Vam preparar un circuit entre tota la classe de F\u00f2rmula 1, amb el seu circuit de Montmel\u00f3.<\/p>\n<p><iframe loading=\"lazy\" src=\"https:\/\/www.youtube.com\/embed\/ehfhS9LCA-M\" width=\"560\" height=\"315\" frameborder=\"0\" allowfullscreen=\"allowfullscreen\"><\/iframe><\/p>\n<p>&nbsp;<\/p>\n<p>Tamb\u00e9, amb Makey Makey vam fer el ja cl\u00e0ssic Piano que avui us hem portat per ensenyar-vos-lo. Ens encanta poder tocar-lo entre dos o tres persones.<\/p>\n<p><iframe loading=\"lazy\" src=\"https:\/\/www.youtube.com\/embed\/bJ4yVH5-x0o\" width=\"560\" height=\"315\" frameborder=\"0\" allowfullscreen=\"allowfullscreen\"><\/iframe><\/p>\n<p>&nbsp;<\/p>\n<p>I avui ens trobem aqu\u00ed. Fent-vos una petita mostra de tot el que hem treballat en aquests dos cursos. Per nosaltres aquest \u00e9s el final del nostre projecte. El fet de poder mostrar-vos la nostra feina ens fa feli\u00e7os. I ens omple d\u2019orgull i satisfacci\u00f3.<\/p>\n<p>Amb la programaci\u00f3 i la rob\u00f2tica, hem fet llengua, hem fet mates, medi, pl\u00e0stica, electr\u00f2nica, per\u00f2 el que m\u00e9s hem fet \u00e9s passar-ho d\u2019all\u00f2 m\u00e9s b\u00e9.<\/p>\n<p>&nbsp;<\/p>\n<p>Moltes moltes gr\u00e0cies per la vostra atenci\u00f3.<\/p>\n","protected":false},"excerpt":{"rendered":"<p>&nbsp; Bona tarda a tothom! Per nosaltres \u00e9s una passada poder estar avui aqu\u00ed. \u00a0Estem nerviosos ja que \u00e9s la primera vegada que parlem per un gran p\u00fablic, fora del que normalment fem a l\u2019escola. Aix\u00ed que si ens equivoquem, ens quedem en blanc o alguna cosa semblant sabem que vosaltres ens sabreu perdonar. Volem [&hellip;]<\/p>\n","protected":false},"author":1,"featured_media":0,"parent":507,"menu_order":1,"comment_status":"closed","ping_status":"closed","template":"","meta":{"_bbp_topic_count":0,"_bbp_reply_count":0,"_bbp_total_topic_count":0,"_bbp_total_reply_count":0,"_bbp_voice_count":0,"_bbp_anonymous_reply_count":0,"_bbp_topic_count_hidden":0,"_bbp_reply_count_hidden":0,"_bbp_forum_subforum_count":0,"site-sidebar-layout":"default","site-content-layout":"","ast-site-content-layout":"","site-content-style":"default","site-sidebar-style":"default","ast-global-header-display":"","ast-banner-title-visibility":"","ast-main-header-display":"","ast-hfb-above-header-display":"","ast-hfb-below-header-display":"","ast-hfb-mobile-header-display":"","site-post-title":"","ast-breadcrumbs-content":"","ast-featured-img":"","footer-sml-layout":"","theme-transparent-header-meta":"","adv-header-id-meta":"","stick-header-meta":"","header-above-stick-meta":"","header-main-stick-meta":"","header-below-stick-meta":"","astra-migrate-meta-layouts":"default","ast-page-background-enabled":"default","ast-page-background-meta":{"desktop":{"background-color":"var(--ast-global-color-4)","background-image":"","background-repeat":"repeat","background-position":"center center","background-size":"auto","background-attachment":"scroll","background-type":"","background-media":"","overlay-type":"","overlay-color":"","overlay-opacity":"","overlay-gradient":""},"tablet":{"background-color":"","background-image":"","background-repeat":"repeat","background-position":"center center","background-size":"auto","background-attachment":"scroll","background-type":"","background-media":"","overlay-type":"","overlay-color":"","overlay-opacity":"","overlay-gradient":""},"mobile":{"background-color":"","background-image":"","background-repeat":"repeat","background-position":"center center","background-size":"auto","background-attachment":"scroll","background-type":"","background-media":"","overlay-type":"","overlay-color":"","overlay-opacity":"","overlay-gradient":""}},"ast-content-background-meta":{"desktop":{"background-color":"var(--ast-global-color-5)","background-image":"","background-repeat":"repeat","background-position":"center center","background-size":"auto","background-attachment":"scroll","background-type":"","background-media":"","overlay-type":"","overlay-color":"","overlay-opacity":"","overlay-gradient":""},"tablet":{"background-color":"var(--ast-global-color-5)","background-image":"","background-repeat":"repeat","background-position":"center center","background-size":"auto","background-attachment":"scroll","background-type":"","background-media":"","overlay-type":"","overlay-color":"","overlay-opacity":"","overlay-gradient":""},"mobile":{"background-color":"var(--ast-global-color-5)","background-image":"","background-repeat":"repeat","background-position":"center center","background-size":"auto","background-attachment":"scroll","background-type":"","background-media":"","overlay-type":"","overlay-color":"","overlay-opacity":"","overlay-gradient":""}},"footnotes":""},"class_list":["post-2853","page","type-page","status-publish","hentry"],"post_mailing_queue_ids":[],"_links":{"self":[{"href":"https:\/\/agora.xtec.cat\/ceipmargallo\/wp-json\/wp\/v2\/pages\/2853","targetHints":{"allow":["GET"]}}],"collection":[{"href":"https:\/\/agora.xtec.cat\/ceipmargallo\/wp-json\/wp\/v2\/pages"}],"about":[{"href":"https:\/\/agora.xtec.cat\/ceipmargallo\/wp-json\/wp\/v2\/types\/page"}],"author":[{"embeddable":true,"href":"https:\/\/agora.xtec.cat\/ceipmargallo\/wp-json\/wp\/v2\/users\/1"}],"replies":[{"embeddable":true,"href":"https:\/\/agora.xtec.cat\/ceipmargallo\/wp-json\/wp\/v2\/comments?post=2853"}],"version-history":[{"count":3,"href":"https:\/\/agora.xtec.cat\/ceipmargallo\/wp-json\/wp\/v2\/pages\/2853\/revisions"}],"predecessor-version":[{"id":2871,"href":"https:\/\/agora.xtec.cat\/ceipmargallo\/wp-json\/wp\/v2\/pages\/2853\/revisions\/2871"}],"up":[{"embeddable":true,"href":"https:\/\/agora.xtec.cat\/ceipmargallo\/wp-json\/wp\/v2\/pages\/507"}],"wp:attachment":[{"href":"https:\/\/agora.xtec.cat\/ceipmargallo\/wp-json\/wp\/v2\/media?parent=2853"}],"curies":[{"name":"wp","href":"https:\/\/api.w.org\/{rel}","templated":true}]}}