{"id":14597,"date":"2025-10-08T17:52:59","date_gmt":"2025-10-08T15:52:59","guid":{"rendered":"https:\/\/agora.xtec.cat\/ceipmargallo\/?page_id=14597"},"modified":"2025-12-04T16:19:59","modified_gmt":"2025-12-04T15:19:59","slug":"podcast-les-noticies-de-5e","status":"publish","type":"page","link":"https:\/\/agora.xtec.cat\/ceipmargallo\/podcast-les-noticies-de-5e\/","title":{"rendered":"P\u00d2DCAST: Les not\u00edcies de 5\u00e8"},"content":{"rendered":"<ul>\n<li>Cap\u00edtol 1: Setmana del 30 de setembre al 3 d&#8217;octubre<\/li>\n<\/ul>\n<p><iframe loading=\"lazy\" src=\"https:\/\/w.soundcloud.com\/player\/?url=https%3A\/\/api.soundcloud.com\/tracks\/soundcloud%253Atracks%253A2181577359&amp;color=%23ff5500&amp;auto_play=false&amp;hide_related=false&amp;show_comments=true&amp;show_user=true&amp;show_reposts=false&amp;show_teaser=true&amp;visual=true\" width=\"100%\" height=\"300\" frameborder=\"no\" scrolling=\"no\" data-mce-fragment=\"1\"><\/iframe><\/p>\n<div style=\"font-size: 10px; color: #cccccc; line-break: anywhere; word-break: normal; overflow: hidden; white-space: nowrap; text-overflow: ellipsis; font-family: Interstate,Lucida Grande,Lucida Sans Unicode,Lucida Sans,Garuda,Verdana,Tahoma,sans-serif; font-weight: 100;\"><a style=\"color: #cccccc; text-decoration: none;\" title=\"sommargallo\" href=\"https:\/\/soundcloud.com\/sommargallo\" target=\"_blank\" rel=\"noopener\">sommargallo<\/a> \u00b7 <a style=\"color: #cccccc; text-decoration: none;\" title=\"Les not\u00edcies de 5\u00e8: 2 d'octubre de 2025\" href=\"https:\/\/soundcloud.com\/sommargallo\/les-noticies-de-5e-2-doctubre-de-2025\" target=\"_blank\" rel=\"noopener\">Les not\u00edcies de 5\u00e8: 2 d&#8217;octubre de 2025<\/a><\/div>\n<div><\/div>\n<div>\n<ul>\n<li>Cap\u00edtol 2: Setmana del 6 al 9 d&#8217;octubre<\/li>\n<\/ul>\n<p><iframe loading=\"lazy\" src=\"https:\/\/w.soundcloud.com\/player\/?url=https%3A\/\/api.soundcloud.com\/tracks\/soundcloud%253Atracks%253A2186810843&amp;color=%23ff5500&amp;auto_play=false&amp;hide_related=false&amp;show_comments=true&amp;show_user=true&amp;show_reposts=false&amp;show_teaser=true&amp;visual=true\" width=\"100%\" height=\"300\" frameborder=\"no\" scrolling=\"no\" data-mce-fragment=\"1\"><\/iframe><\/p>\n<div style=\"font-size: 10px; color: #cccccc; line-break: anywhere; word-break: normal; overflow: hidden; white-space: nowrap; text-overflow: ellipsis; font-family: Interstate,Lucida Grande,Lucida Sans Unicode,Lucida Sans,Garuda,Verdana,Tahoma,sans-serif; font-weight: 100;\"><a style=\"color: #cccccc; text-decoration: none;\" title=\"sommargallo\" href=\"https:\/\/soundcloud.com\/sommargallo\" target=\"_blank\" rel=\"noopener\">sommargallo<\/a> \u00b7 <a style=\"color: #cccccc; text-decoration: none;\" title=\"Les not\u00edcies de 5\u00e8: 9 d'octubre de 2025\" href=\"https:\/\/soundcloud.com\/sommargallo\/les-noticies-de-5e-9-doctubre-de-2025\" target=\"_blank\" rel=\"noopener\">Les not\u00edcies de 5\u00e8: 9 d&#8217;octubre de 2025<\/a><\/div>\n<ul>\n<li>Cap\u00edtol 4: del 27 al 31 d&#8217;octubre<\/li>\n<\/ul>\n<p><iframe loading=\"lazy\" src=\"https:\/\/w.soundcloud.com\/player\/?url=https%3A\/\/api.soundcloud.com\/tracks\/soundcloud%253Atracks%253A2203128211&amp;color=%23ff5500&amp;auto_play=false&amp;hide_related=false&amp;show_comments=true&amp;show_user=true&amp;show_reposts=false&amp;show_teaser=true&amp;visual=true\" width=\"100%\" height=\"300\" frameborder=\"no\" scrolling=\"no\"><\/iframe><\/p>\n<div style=\"font-size: 10px; color: #cccccc; line-break: anywhere; word-break: normal; overflow: hidden; white-space: nowrap; text-overflow: ellipsis; font-family: Interstate,Lucida Grande,Lucida Sans Unicode,Lucida Sans,Garuda,Verdana,Tahoma,sans-serif; font-weight: 100;\"><a style=\"color: #cccccc; text-decoration: none;\" title=\"sommargallo\" href=\"https:\/\/soundcloud.com\/sommargallo\" target=\"_blank\" rel=\"noopener\">sommargallo<\/a> \u00b7 <a style=\"color: #cccccc; text-decoration: none;\" title=\"Les not\u00edcies de 5\u00e8: 30 d'octubre de 2025\" href=\"https:\/\/soundcloud.com\/sommargallo\/les-noticies-de-5e-30-doctubre-de-2025\" target=\"_blank\" rel=\"noopener\">Les not\u00edcies de 5\u00e8: 30 d&#8217;octubre de 2025<\/a><\/div>\n<div>\n<ul>\n<li>Cap\u00edtol 5: del 10 al 14 de novembre<\/li>\n<\/ul>\n<p><iframe loading=\"lazy\" src=\"https:\/\/w.soundcloud.com\/player\/?url=https%3A\/\/api.soundcloud.com\/tracks\/soundcloud%253Atracks%253A2211981512&amp;color=%23ff5500&amp;auto_play=false&amp;hide_related=false&amp;show_comments=true&amp;show_user=true&amp;show_reposts=false&amp;show_teaser=true&amp;visual=true\" width=\"100%\" height=\"300\" frameborder=\"no\" scrolling=\"no\"><\/iframe><\/p>\n<div style=\"font-size: 10px; color: #cccccc; line-break: anywhere; word-break: normal; overflow: hidden; white-space: nowrap; text-overflow: ellipsis; font-family: Interstate,Lucida Grande,Lucida Sans Unicode,Lucida Sans,Garuda,Verdana,Tahoma,sans-serif; font-weight: 100;\"><a style=\"color: #cccccc; text-decoration: none;\" title=\"sommargallo\" href=\"https:\/\/soundcloud.com\/sommargallo\" target=\"_blank\" rel=\"noopener\">sommargallo<\/a> \u00b7 <a style=\"color: #cccccc; text-decoration: none;\" title=\"Les not\u00edcies de 5\u00e8: 13 de novembre de 2025\" href=\"https:\/\/soundcloud.com\/sommargallo\/13-de-novembre\" target=\"_blank\" rel=\"noopener\">Les not\u00edcies de 5\u00e8: 13 de novembre de 2025<\/a><\/div>\n<div>\n<ul>\n<li>Cap\u00edtol 6: del 17 al 21 de novembre<\/li>\n<\/ul>\n<p><iframe loading=\"lazy\" src=\"https:\/\/w.soundcloud.com\/player\/?url=https%3A\/\/api.soundcloud.com\/tracks\/soundcloud%253Atracks%253A2216028659&amp;color=%23ff5500&amp;auto_play=false&amp;hide_related=false&amp;show_comments=true&amp;show_user=true&amp;show_reposts=false&amp;show_teaser=true&amp;visual=true\" width=\"100%\" height=\"300\" frameborder=\"no\" scrolling=\"no\"><\/iframe><\/p>\n<div style=\"font-size: 10px; color: #cccccc; line-break: anywhere; word-break: normal; overflow: hidden; white-space: nowrap; text-overflow: ellipsis; font-family: Interstate,Lucida Grande,Lucida Sans Unicode,Lucida Sans,Garuda,Verdana,Tahoma,sans-serif; font-weight: 100;\"><a style=\"color: #cccccc; text-decoration: none;\" title=\"sommargallo\" href=\"https:\/\/soundcloud.com\/sommargallo\" target=\"_blank\" rel=\"noopener\">sommargallo<\/a> \u00b7 <a style=\"color: #cccccc; text-decoration: none;\" title=\"Les not\u00edcies de 5\u00e8: 20 de novembre de 2025\" href=\"https:\/\/soundcloud.com\/sommargallo\/les-noticies-de-5e-20-de-novembre-de-2025\" target=\"_blank\" rel=\"noopener\">Les not\u00edcies de 5\u00e8: 20 de novembre de 2025<\/a><\/div>\n<div>\n<ul>\n<li>Cap\u00edtol 7: del 24 al 28 de novembre<\/li>\n<\/ul>\n<p><iframe loading=\"lazy\" src=\"https:\/\/w.soundcloud.com\/player\/?url=https%3A\/\/api.soundcloud.com\/tracks\/soundcloud%253Atracks%253A2219960555&amp;color=%23ff5500&amp;auto_play=false&amp;hide_related=false&amp;show_comments=true&amp;show_user=true&amp;show_reposts=false&amp;show_teaser=true&amp;visual=true\" width=\"100%\" height=\"300\" frameborder=\"no\" scrolling=\"no\"><\/iframe><\/p>\n<div style=\"font-size: 10px; color: #cccccc; line-break: anywhere; word-break: normal; overflow: hidden; white-space: nowrap; text-overflow: ellipsis; font-family: Interstate,Lucida Grande,Lucida Sans Unicode,Lucida Sans,Garuda,Verdana,Tahoma,sans-serif; font-weight: 100;\"><a style=\"color: #cccccc; text-decoration: none;\" title=\"sommargallo\" href=\"https:\/\/soundcloud.com\/sommargallo\" target=\"_blank\" rel=\"noopener\">sommargallo<\/a> \u00b7 <a style=\"color: #cccccc; text-decoration: none;\" title=\"Les not\u00edcies de 5\u00e8: 27 de novembre de 2025\" href=\"https:\/\/soundcloud.com\/sommargallo\/les-noticies-de-5e-27-de-novembre-de-2025\" target=\"_blank\" rel=\"noopener\">Les not\u00edcies de 5\u00e8: 27 de novembre de 2025<\/a><\/div>\n<div>\n<ul>\n<li style=\"list-style-type: none;\">\n<ul>\n<li>Cap\u00edtol 8: Setmana de l&#8217;1 al 4 de desembre de 2025<\/li>\n<\/ul>\n<\/li>\n<\/ul>\n<p><iframe loading=\"lazy\" src=\"https:\/\/w.soundcloud.com\/player\/?url=https%3A\/\/api.soundcloud.com\/tracks\/soundcloud%253Atracks%253A2223975776&amp;color=%23ff5500&amp;auto_play=false&amp;hide_related=false&amp;show_comments=true&amp;show_user=true&amp;show_reposts=false&amp;show_teaser=true&amp;visual=true\" width=\"100%\" height=\"300\" frameborder=\"no\" scrolling=\"no\"><\/iframe><\/p>\n<div style=\"font-size: 10px; color: #cccccc; line-break: anywhere; word-break: normal; overflow: hidden; white-space: nowrap; text-overflow: ellipsis; font-family: Interstate,Lucida Grande,Lucida Sans Unicode,Lucida Sans,Garuda,Verdana,Tahoma,sans-serif; font-weight: 100;\"><a style=\"color: #cccccc; text-decoration: none;\" title=\"sommargallo\" href=\"https:\/\/soundcloud.com\/sommargallo\" target=\"_blank\" rel=\"noopener\">sommargallo<\/a> \u00b7 <a style=\"color: #cccccc; text-decoration: none;\" title=\"Les not\u00edcies de 5\u00e8: 4 de desembre de 2025\" href=\"https:\/\/soundcloud.com\/sommargallo\/les-noticies-de-5e-4-de-desembre-de-2025\" target=\"_blank\" rel=\"noopener\">Les not\u00edcies de 5\u00e8: 4 de desembre de 2025<\/a><\/div>\n<\/div>\n<\/div>\n<\/div>\n<\/div>\n<\/div>\n","protected":false},"excerpt":{"rendered":"<p>Cap\u00edtol 1: Setmana del 30 de setembre al 3 d&#8217;octubre sommargallo \u00b7 Les not\u00edcies de 5\u00e8: 2 d&#8217;octubre de 2025 Cap\u00edtol 2: Setmana del 6 al 9 d&#8217;octubre sommargallo \u00b7 Les not\u00edcies de 5\u00e8: 9 d&#8217;octubre de 2025 Cap\u00edtol 4: del 27 al 31 d&#8217;octubre sommargallo \u00b7 Les not\u00edcies de 5\u00e8: 30 d&#8217;octubre de 2025 [&hellip;]<\/p>\n","protected":false},"author":77,"featured_media":0,"parent":0,"menu_order":0,"comment_status":"closed","ping_status":"closed","template":"","meta":{"_bbp_topic_count":0,"_bbp_reply_count":0,"_bbp_total_topic_count":0,"_bbp_total_reply_count":0,"_bbp_voice_count":0,"_bbp_anonymous_reply_count":0,"_bbp_topic_count_hidden":0,"_bbp_reply_count_hidden":0,"_bbp_forum_subforum_count":0,"site-sidebar-layout":"default","site-content-layout":"","ast-site-content-layout":"","site-content-style":"default","site-sidebar-style":"default","ast-global-header-display":"","ast-banner-title-visibility":"","ast-main-header-display":"","ast-hfb-above-header-display":"","ast-hfb-below-header-display":"","ast-hfb-mobile-header-display":"","site-post-title":"","ast-breadcrumbs-content":"","ast-featured-img":"","footer-sml-layout":"","theme-transparent-header-meta":"","adv-header-id-meta":"","stick-header-meta":"","header-above-stick-meta":"","header-main-stick-meta":"","header-below-stick-meta":"","astra-migrate-meta-layouts":"default","ast-page-background-enabled":"default","ast-page-background-meta":{"desktop":{"background-color":"var(--ast-global-color-4)","background-image":"","background-repeat":"repeat","background-position":"center center","background-size":"auto","background-attachment":"scroll","background-type":"","background-media":"","overlay-type":"","overlay-color":"","overlay-opacity":"","overlay-gradient":""},"tablet":{"background-color":"","background-image":"","background-repeat":"repeat","background-position":"center center","background-size":"auto","background-attachment":"scroll","background-type":"","background-media":"","overlay-type":"","overlay-color":"","overlay-opacity":"","overlay-gradient":""},"mobile":{"background-color":"","background-image":"","background-repeat":"repeat","background-position":"center center","background-size":"auto","background-attachment":"scroll","background-type":"","background-media":"","overlay-type":"","overlay-color":"","overlay-opacity":"","overlay-gradient":""}},"ast-content-background-meta":{"desktop":{"background-color":"var(--ast-global-color-5)","background-image":"","background-repeat":"repeat","background-position":"center center","background-size":"auto","background-attachment":"scroll","background-type":"","background-media":"","overlay-type":"","overlay-color":"","overlay-opacity":"","overlay-gradient":""},"tablet":{"background-color":"var(--ast-global-color-5)","background-image":"","background-repeat":"repeat","background-position":"center center","background-size":"auto","background-attachment":"scroll","background-type":"","background-media":"","overlay-type":"","overlay-color":"","overlay-opacity":"","overlay-gradient":""},"mobile":{"background-color":"var(--ast-global-color-5)","background-image":"","background-repeat":"repeat","background-position":"center center","background-size":"auto","background-attachment":"scroll","background-type":"","background-media":"","overlay-type":"","overlay-color":"","overlay-opacity":"","overlay-gradient":""}},"footnotes":""},"class_list":["post-14597","page","type-page","status-publish","hentry"],"post_mailing_queue_ids":[],"_links":{"self":[{"href":"https:\/\/agora.xtec.cat\/ceipmargallo\/wp-json\/wp\/v2\/pages\/14597","targetHints":{"allow":["GET"]}}],"collection":[{"href":"https:\/\/agora.xtec.cat\/ceipmargallo\/wp-json\/wp\/v2\/pages"}],"about":[{"href":"https:\/\/agora.xtec.cat\/ceipmargallo\/wp-json\/wp\/v2\/types\/page"}],"author":[{"embeddable":true,"href":"https:\/\/agora.xtec.cat\/ceipmargallo\/wp-json\/wp\/v2\/users\/77"}],"replies":[{"embeddable":true,"href":"https:\/\/agora.xtec.cat\/ceipmargallo\/wp-json\/wp\/v2\/comments?post=14597"}],"version-history":[{"count":6,"href":"https:\/\/agora.xtec.cat\/ceipmargallo\/wp-json\/wp\/v2\/pages\/14597\/revisions"}],"predecessor-version":[{"id":14703,"href":"https:\/\/agora.xtec.cat\/ceipmargallo\/wp-json\/wp\/v2\/pages\/14597\/revisions\/14703"}],"wp:attachment":[{"href":"https:\/\/agora.xtec.cat\/ceipmargallo\/wp-json\/wp\/v2\/media?parent=14597"}],"curies":[{"name":"wp","href":"https:\/\/api.w.org\/{rel}","templated":true}]}}