{"id":13940,"date":"2024-06-10T14:11:15","date_gmt":"2024-06-10T12:11:15","guid":{"rendered":"https:\/\/agora.xtec.cat\/ceipmargallo\/?page_id=13940"},"modified":"2024-06-13T14:51:13","modified_gmt":"2024-06-13T12:51:13","slug":"podcast-un-poema-cada-mes","status":"publish","type":"page","link":"https:\/\/agora.xtec.cat\/ceipmargallo\/podcast-un-poema-cada-mes\/","title":{"rendered":"P\u00d2DCAST: Un poema cada mes"},"content":{"rendered":"<p>Introducci\u00f3<\/p>\n<!--[if lt IE 9]><script>document.createElement('audio');<\/script><![endif]-->\n<audio class=\"wp-audio-shortcode\" id=\"audio-13940-1\" preload=\"none\" style=\"width: 100%;\" controls=\"controls\"><source type=\"audio\/mpeg\" src=\"https:\/\/agora.xtec.cat\/ceipmargallo\/wp-content\/uploads\/usu1899\/2024\/06\/Intro.mp3?_=1\" \/><a href=\"https:\/\/agora.xtec.cat\/ceipmargallo\/wp-content\/uploads\/usu1899\/2024\/06\/Intro.mp3\">https:\/\/agora.xtec.cat\/ceipmargallo\/wp-content\/uploads\/usu1899\/2024\/06\/Intro.mp3<\/a><\/audio>\n<p>Poema 1 &#8211; Novembre<\/p>\n<p><em>Novembre &#8211; Miquel Mart\u00ed i Pol<\/em><\/p>\n<audio class=\"wp-audio-shortcode\" id=\"audio-13940-2\" preload=\"none\" style=\"width: 100%;\" controls=\"controls\"><source type=\"audio\/mpeg\" src=\"https:\/\/agora.xtec.cat\/ceipmargallo\/wp-content\/uploads\/usu1899\/2024\/06\/01-NOV.mp3?_=2\" \/><a href=\"https:\/\/agora.xtec.cat\/ceipmargallo\/wp-content\/uploads\/usu1899\/2024\/06\/01-NOV.mp3\">https:\/\/agora.xtec.cat\/ceipmargallo\/wp-content\/uploads\/usu1899\/2024\/06\/01-NOV.mp3<\/a><\/audio>\n<p>Poema 2 &#8211; Desembre<\/p>\n<p><em>Desembre &#8211; Miquel Mart\u00ed i Pol<\/em><\/p>\n<audio class=\"wp-audio-shortcode\" id=\"audio-13940-3\" preload=\"none\" style=\"width: 100%;\" controls=\"controls\"><source type=\"audio\/mpeg\" src=\"https:\/\/agora.xtec.cat\/ceipmargallo\/wp-content\/uploads\/usu1899\/2024\/06\/02-DES.mp3?_=3\" \/><a href=\"https:\/\/agora.xtec.cat\/ceipmargallo\/wp-content\/uploads\/usu1899\/2024\/06\/02-DES.mp3\">https:\/\/agora.xtec.cat\/ceipmargallo\/wp-content\/uploads\/usu1899\/2024\/06\/02-DES.mp3<\/a><\/audio>\n<p>Poema 3 &#8211; Gener<\/p>\n<p><em>Refranys de gener<\/em><\/p>\n<audio class=\"wp-audio-shortcode\" id=\"audio-13940-4\" preload=\"none\" style=\"width: 100%;\" controls=\"controls\"><source type=\"audio\/mpeg\" src=\"https:\/\/agora.xtec.cat\/ceipmargallo\/wp-content\/uploads\/usu1899\/2024\/06\/03-GEN.mp3?_=4\" \/><a href=\"https:\/\/agora.xtec.cat\/ceipmargallo\/wp-content\/uploads\/usu1899\/2024\/06\/03-GEN.mp3\">https:\/\/agora.xtec.cat\/ceipmargallo\/wp-content\/uploads\/usu1899\/2024\/06\/03-GEN.mp3<\/a><\/audio>\n<p>Poema 4 &#8211; Febrer<\/p>\n<p><em>Vistes al mar &#8211; Joan Maragall<\/em><\/p>\n<audio class=\"wp-audio-shortcode\" id=\"audio-13940-5\" preload=\"none\" style=\"width: 100%;\" controls=\"controls\"><source type=\"audio\/mpeg\" src=\"https:\/\/agora.xtec.cat\/ceipmargallo\/wp-content\/uploads\/usu1899\/2024\/06\/04-FEB.mp3?_=5\" \/><a href=\"https:\/\/agora.xtec.cat\/ceipmargallo\/wp-content\/uploads\/usu1899\/2024\/06\/04-FEB.mp3\">https:\/\/agora.xtec.cat\/ceipmargallo\/wp-content\/uploads\/usu1899\/2024\/06\/04-FEB.mp3<\/a><\/audio>\n<p>Poema 5 &#8211; Mar\u00e7<\/p>\n<p><em>Me lo cont\u00f3 el garabato &#8211; Gloria Fuertes<\/em><\/p>\n<audio class=\"wp-audio-shortcode\" id=\"audio-13940-6\" preload=\"none\" style=\"width: 100%;\" controls=\"controls\"><source type=\"audio\/mpeg\" src=\"https:\/\/agora.xtec.cat\/ceipmargallo\/wp-content\/uploads\/usu1899\/2024\/06\/05-MAR.mp3?_=6\" \/><a href=\"https:\/\/agora.xtec.cat\/ceipmargallo\/wp-content\/uploads\/usu1899\/2024\/06\/05-MAR.mp3\">https:\/\/agora.xtec.cat\/ceipmargallo\/wp-content\/uploads\/usu1899\/2024\/06\/05-MAR.mp3<\/a><\/audio>\n<p>Poema 6 &#8211; Abril<\/p>\n<p><em>Can\u00e7\u00f3 d&#8217;abril &#8211; Clementina Arderiu<\/em><\/p>\n<audio class=\"wp-audio-shortcode\" id=\"audio-13940-7\" preload=\"none\" style=\"width: 100%;\" controls=\"controls\"><source type=\"audio\/mpeg\" src=\"https:\/\/agora.xtec.cat\/ceipmargallo\/wp-content\/uploads\/usu1899\/2024\/06\/06-ABR.mp3?_=7\" \/><a href=\"https:\/\/agora.xtec.cat\/ceipmargallo\/wp-content\/uploads\/usu1899\/2024\/06\/06-ABR.mp3\">https:\/\/agora.xtec.cat\/ceipmargallo\/wp-content\/uploads\/usu1899\/2024\/06\/06-ABR.mp3<\/a><\/audio>\n<p>Poema 7 &#8211; Maig<\/p>\n<p><em>Mare, si fos mariner &#8211; Miquel Mart\u00ed i Pol<\/em><\/p>\n<audio class=\"wp-audio-shortcode\" id=\"audio-13940-8\" preload=\"none\" style=\"width: 100%;\" controls=\"controls\"><source type=\"audio\/mpeg\" src=\"https:\/\/agora.xtec.cat\/ceipmargallo\/wp-content\/uploads\/usu1899\/2024\/06\/07-MAI.mp3?_=8\" \/><a href=\"https:\/\/agora.xtec.cat\/ceipmargallo\/wp-content\/uploads\/usu1899\/2024\/06\/07-MAI.mp3\">https:\/\/agora.xtec.cat\/ceipmargallo\/wp-content\/uploads\/usu1899\/2024\/06\/07-MAI.mp3<\/a><\/audio>\n","protected":false},"excerpt":{"rendered":"<p>Introducci\u00f3 Poema 1 &#8211; Novembre Novembre &#8211; Miquel Mart\u00ed i Pol Poema 2 &#8211; Desembre Desembre &#8211; Miquel Mart\u00ed i Pol Poema 3 &#8211; Gener Refranys de gener Poema 4 &#8211; Febrer Vistes al mar &#8211; Joan Maragall Poema 5 &#8211; Mar\u00e7 Me lo cont\u00f3 el garabato &#8211; Gloria Fuertes Poema 6 &#8211; Abril Can\u00e7\u00f3 [&hellip;]<\/p>\n","protected":false},"author":77,"featured_media":0,"parent":0,"menu_order":0,"comment_status":"closed","ping_status":"closed","template":"","meta":{"_bbp_topic_count":0,"_bbp_reply_count":0,"_bbp_total_topic_count":0,"_bbp_total_reply_count":0,"_bbp_voice_count":0,"_bbp_anonymous_reply_count":0,"_bbp_topic_count_hidden":0,"_bbp_reply_count_hidden":0,"_bbp_forum_subforum_count":0,"site-sidebar-layout":"default","site-content-layout":"","ast-site-content-layout":"","site-content-style":"default","site-sidebar-style":"default","ast-global-header-display":"","ast-banner-title-visibility":"","ast-main-header-display":"","ast-hfb-above-header-display":"","ast-hfb-below-header-display":"","ast-hfb-mobile-header-display":"","site-post-title":"","ast-breadcrumbs-content":"","ast-featured-img":"","footer-sml-layout":"","theme-transparent-header-meta":"","adv-header-id-meta":"","stick-header-meta":"","header-above-stick-meta":"","header-main-stick-meta":"","header-below-stick-meta":"","astra-migrate-meta-layouts":"default","ast-page-background-enabled":"default","ast-page-background-meta":{"desktop":{"background-color":"var(--ast-global-color-4)","background-image":"","background-repeat":"repeat","background-position":"center center","background-size":"auto","background-attachment":"scroll","background-type":"","background-media":"","overlay-type":"","overlay-color":"","overlay-opacity":"","overlay-gradient":""},"tablet":{"background-color":"","background-image":"","background-repeat":"repeat","background-position":"center center","background-size":"auto","background-attachment":"scroll","background-type":"","background-media":"","overlay-type":"","overlay-color":"","overlay-opacity":"","overlay-gradient":""},"mobile":{"background-color":"","background-image":"","background-repeat":"repeat","background-position":"center center","background-size":"auto","background-attachment":"scroll","background-type":"","background-media":"","overlay-type":"","overlay-color":"","overlay-opacity":"","overlay-gradient":""}},"ast-content-background-meta":{"desktop":{"background-color":"var(--ast-global-color-5)","background-image":"","background-repeat":"repeat","background-position":"center center","background-size":"auto","background-attachment":"scroll","background-type":"","background-media":"","overlay-type":"","overlay-color":"","overlay-opacity":"","overlay-gradient":""},"tablet":{"background-color":"var(--ast-global-color-5)","background-image":"","background-repeat":"repeat","background-position":"center center","background-size":"auto","background-attachment":"scroll","background-type":"","background-media":"","overlay-type":"","overlay-color":"","overlay-opacity":"","overlay-gradient":""},"mobile":{"background-color":"var(--ast-global-color-5)","background-image":"","background-repeat":"repeat","background-position":"center center","background-size":"auto","background-attachment":"scroll","background-type":"","background-media":"","overlay-type":"","overlay-color":"","overlay-opacity":"","overlay-gradient":""}},"footnotes":""},"class_list":["post-13940","page","type-page","status-publish","hentry"],"post_mailing_queue_ids":[],"_links":{"self":[{"href":"https:\/\/agora.xtec.cat\/ceipmargallo\/wp-json\/wp\/v2\/pages\/13940","targetHints":{"allow":["GET"]}}],"collection":[{"href":"https:\/\/agora.xtec.cat\/ceipmargallo\/wp-json\/wp\/v2\/pages"}],"about":[{"href":"https:\/\/agora.xtec.cat\/ceipmargallo\/wp-json\/wp\/v2\/types\/page"}],"author":[{"embeddable":true,"href":"https:\/\/agora.xtec.cat\/ceipmargallo\/wp-json\/wp\/v2\/users\/77"}],"replies":[{"embeddable":true,"href":"https:\/\/agora.xtec.cat\/ceipmargallo\/wp-json\/wp\/v2\/comments?post=13940"}],"version-history":[{"count":5,"href":"https:\/\/agora.xtec.cat\/ceipmargallo\/wp-json\/wp\/v2\/pages\/13940\/revisions"}],"predecessor-version":[{"id":13984,"href":"https:\/\/agora.xtec.cat\/ceipmargallo\/wp-json\/wp\/v2\/pages\/13940\/revisions\/13984"}],"wp:attachment":[{"href":"https:\/\/agora.xtec.cat\/ceipmargallo\/wp-json\/wp\/v2\/media?parent=13940"}],"curies":[{"name":"wp","href":"https:\/\/api.w.org\/{rel}","templated":true}]}}