{"id":13799,"date":"2024-04-15T13:22:46","date_gmt":"2024-04-15T11:22:46","guid":{"rendered":"https:\/\/agora.xtec.cat\/ceipmargallo\/?page_id=13799"},"modified":"2026-04-15T10:30:37","modified_gmt":"2026-04-15T08:30:37","slug":"https-agora-xtec-cat-ceipmargallo-podcast-les-noticies-de-5e","status":"publish","type":"page","link":"https:\/\/agora.xtec.cat\/ceipmargallo\/https-agora-xtec-cat-ceipmargallo-podcast-les-noticies-de-5e\/","title":{"rendered":"P\u00d2DCAST ESCOLARS"},"content":{"rendered":"\r\n\t<div class=\"slideshow_container slideshow_container_style-light\" style=\"height: 400px; \" data-slideshow-id=\"13853\" data-style-name=\"style-light\" data-style-version=\"2.3.1\" >\r\n\r\n\t\t\t\t\t<div class=\"slideshow_loading_icon\"><\/div>\r\n\t\t\r\n\t\t<div class=\"slideshow_content\" style=\"display: none;\">\r\n\r\n\t\t\t<div class=\"slideshow_view\">\r\n\t\t\t\t<div class=\"slideshow_slide slideshow_slide_image\">\r\n\t\t\t\t\t\t\t\t\t\t\t<img src=\"https:\/\/agora.xtec.cat\/ceipmargallo\/wp-content\/uploads\/usu1899\/2024\/04\/IMG-20240429-WA0011.jpg\" alt=\"IMG-20240429-WA0011\" width=\"1536\" height=\"2048\" \/>\r\n\t\t\t\t\t\t\t\t\t\t<div class=\"slideshow_description_box slideshow_transparent\">\r\n\t\t\t\t\t\t\t\t\t\t\t\t\t\t\t\t\t<\/div>\r\n\t\t\t\t<\/div>\r\n\r\n\t\t\t\t\t\t\r\n\t\t\t\t<div class=\"slideshow_slide slideshow_slide_image\">\r\n\t\t\t\t\t\t\t\t\t\t\t<img src=\"https:\/\/agora.xtec.cat\/ceipmargallo\/wp-content\/uploads\/usu1899\/2024\/04\/IMG-20240429-WA0010.jpg\" alt=\"IMG-20240429-WA0010\" width=\"2048\" height=\"1153\" \/>\r\n\t\t\t\t\t\t\t\t\t\t<div class=\"slideshow_description_box slideshow_transparent\">\r\n\t\t\t\t\t\t\t\t\t\t\t\t\t\t\t\t\t<\/div>\r\n\t\t\t\t<\/div>\r\n\r\n\t\t\t\t\t\t<div style=\"clear: both;\"><\/div><\/div><div class=\"slideshow_view\">\r\n\t\t\t\t<div class=\"slideshow_slide slideshow_slide_image\">\r\n\t\t\t\t\t\t\t\t\t\t\t<img src=\"https:\/\/agora.xtec.cat\/ceipmargallo\/wp-content\/uploads\/usu1899\/2024\/04\/IMG-20240429-WA0015.jpg\" alt=\"IMG-20240429-WA0015\" width=\"1200\" height=\"1600\" \/>\r\n\t\t\t\t\t\t\t\t\t\t<div class=\"slideshow_description_box slideshow_transparent\">\r\n\t\t\t\t\t\t\t\t\t\t\t\t\t\t\t\t\t<\/div>\r\n\t\t\t\t<\/div>\r\n\r\n\t\t\t\t\t\t\r\n\t\t\t\t<div class=\"slideshow_slide slideshow_slide_image\">\r\n\t\t\t\t\t\t\t\t\t\t\t<img src=\"https:\/\/agora.xtec.cat\/ceipmargallo\/wp-content\/uploads\/usu1899\/2024\/04\/IMG-20240429-WA0013.jpg\" alt=\"IMG-20240429-WA0013\" width=\"1200\" height=\"1600\" \/>\r\n\t\t\t\t\t\t\t\t\t\t<div class=\"slideshow_description_box slideshow_transparent\">\r\n\t\t\t\t\t\t\t\t\t\t\t\t\t\t\t\t\t<\/div>\r\n\t\t\t\t<\/div>\r\n\r\n\t\t\t\t\t\t<div style=\"clear: both;\"><\/div><\/div><div class=\"slideshow_view\">\r\n\t\t\t\t<div class=\"slideshow_slide slideshow_slide_image\">\r\n\t\t\t\t\t\t\t\t\t\t\t<img src=\"https:\/\/agora.xtec.cat\/ceipmargallo\/wp-content\/uploads\/usu1899\/2024\/04\/IMG-20240429-WA0014.jpg\" alt=\"IMG-20240429-WA0014\" width=\"1200\" height=\"1600\" \/>\r\n\t\t\t\t\t\t\t\t\t\t<div class=\"slideshow_description_box slideshow_transparent\">\r\n\t\t\t\t\t\t\t\t\t\t\t\t\t\t\t\t\t<\/div>\r\n\t\t\t\t<\/div>\r\n\r\n\t\t\t\t\t\t<div style=\"clear: both;\"><\/div><\/div>\r\n\t\t<\/div>\r\n\r\n\t\t<div class=\"slideshow_controlPanel slideshow_transparent\" style=\"display: none;\"><ul><li class=\"slideshow_togglePlay\" data-play-text=\"Visualitza\" data-pause-text=\"Pausa\"><\/li><\/ul><\/div>\r\n\r\n\t\t<div class=\"slideshow_button slideshow_previous slideshow_transparent\" role=\"button\" data-previous-text=\"Anterior\" style=\"display: none;\"><\/div>\r\n\t\t<div class=\"slideshow_button slideshow_next slideshow_transparent\" role=\"button\" data-next-text=\"Seg\u00fcent\" style=\"display: none;\"><\/div>\r\n\r\n\t\t<div class=\"slideshow_pagination\" style=\"display: none;\" data-go-to-text=\"V\u00e9s a la diapositiva\"><div class=\"slideshow_pagination_center\"><\/div><\/div>\r\n\r\n\t\t<!-- WordPress Slideshow Version 2.3.1 -->\r\n\r\n\t\t\t<\/div>\r\n\r\n\n<p>&nbsp;<\/p>\n<p><a href=\"https:\/\/agora.xtec.cat\/ceipmargallo\/podcast-un-poema-cada-mes\/\">P\u00d2DCAST: UN POEMA CADA MES<\/a><\/p>\n<p><strong><span style=\"color: #cc99ff;\">P\u00d2DCAST: Dones al m\u00f3n del teatre<\/span><\/strong><\/p>\n<p>Cap\u00edtol 0 &#8211; Introducci\u00f3:<\/p>\n<!--[if lt IE 9]><script>document.createElement('audio');<\/script><![endif]-->\n<audio class=\"wp-audio-shortcode\" id=\"audio-13799-1\" preload=\"none\" style=\"width: 100%;\" controls=\"controls\"><source type=\"audio\/mpeg\" src=\"https:\/\/agora.xtec.cat\/ceipmargallo\/wp-content\/uploads\/usu1899\/2024\/04\/CAPITOL-0.mp3?_=1\" \/><a href=\"https:\/\/agora.xtec.cat\/ceipmargallo\/wp-content\/uploads\/usu1899\/2024\/04\/CAPITOL-0.mp3\">https:\/\/agora.xtec.cat\/ceipmargallo\/wp-content\/uploads\/usu1899\/2024\/04\/CAPITOL-0.mp3<\/a><\/audio>\n<p>Cap\u00edtol 1 &#8211; Emma Vilarasau, S\u00edlvia Bel i N\u00faria Espert:<\/p>\n<audio class=\"wp-audio-shortcode\" id=\"audio-13799-2\" preload=\"none\" style=\"width: 100%;\" controls=\"controls\"><source type=\"audio\/mpeg\" src=\"https:\/\/agora.xtec.cat\/ceipmargallo\/wp-content\/uploads\/usu1899\/2024\/04\/CAPITOL-1-PETITS.mp3?_=2\" \/><a href=\"https:\/\/agora.xtec.cat\/ceipmargallo\/wp-content\/uploads\/usu1899\/2024\/04\/CAPITOL-1-PETITS.mp3\">https:\/\/agora.xtec.cat\/ceipmargallo\/wp-content\/uploads\/usu1899\/2024\/04\/CAPITOL-1-PETITS.mp3<\/a><\/audio>\n<p>Cap\u00edtol 2 &#8211; Blanca Portillo:<\/p>\n<audio class=\"wp-audio-shortcode\" id=\"audio-13799-3\" preload=\"none\" style=\"width: 100%;\" controls=\"controls\"><source type=\"audio\/mpeg\" src=\"https:\/\/agora.xtec.cat\/ceipmargallo\/wp-content\/uploads\/usu1899\/2024\/04\/CAPITOL-2-1r.mp3?_=3\" \/><a href=\"https:\/\/agora.xtec.cat\/ceipmargallo\/wp-content\/uploads\/usu1899\/2024\/04\/CAPITOL-2-1r.mp3\">https:\/\/agora.xtec.cat\/ceipmargallo\/wp-content\/uploads\/usu1899\/2024\/04\/CAPITOL-2-1r.mp3<\/a><\/audio>\n<p>Cap\u00edtol 3 &#8211; Margarida Xirgu:<\/p>\n<audio class=\"wp-audio-shortcode\" id=\"audio-13799-4\" preload=\"none\" style=\"width: 100%;\" controls=\"controls\"><source type=\"audio\/mpeg\" src=\"https:\/\/agora.xtec.cat\/ceipmargallo\/wp-content\/uploads\/usu1899\/2024\/04\/CAPITOL-3-2N.mp3?_=4\" \/><a href=\"https:\/\/agora.xtec.cat\/ceipmargallo\/wp-content\/uploads\/usu1899\/2024\/04\/CAPITOL-3-2N.mp3\">https:\/\/agora.xtec.cat\/ceipmargallo\/wp-content\/uploads\/usu1899\/2024\/04\/CAPITOL-3-2N.mp3<\/a><\/audio>\n<p>Cap\u00edtol 4 &#8211; Montserrat Carulla:<\/p>\n<audio class=\"wp-audio-shortcode\" id=\"audio-13799-5\" preload=\"none\" style=\"width: 100%;\" controls=\"controls\"><source type=\"audio\/mpeg\" src=\"https:\/\/agora.xtec.cat\/ceipmargallo\/wp-content\/uploads\/usu1899\/2024\/04\/CAPITOL-4-3rA.mp3?_=5\" \/><a href=\"https:\/\/agora.xtec.cat\/ceipmargallo\/wp-content\/uploads\/usu1899\/2024\/04\/CAPITOL-4-3rA.mp3\">https:\/\/agora.xtec.cat\/ceipmargallo\/wp-content\/uploads\/usu1899\/2024\/04\/CAPITOL-4-3rA.mp3<\/a><\/audio>\n<p>Cap\u00edtol 5 &#8211; Marta P\u00e9rez:<\/p>\n<audio class=\"wp-audio-shortcode\" id=\"audio-13799-6\" preload=\"none\" style=\"width: 100%;\" controls=\"controls\"><source type=\"audio\/mpeg\" src=\"https:\/\/agora.xtec.cat\/ceipmargallo\/wp-content\/uploads\/usu1899\/2024\/04\/CAPITOL-5-3RB.mp3?_=6\" \/><a href=\"https:\/\/agora.xtec.cat\/ceipmargallo\/wp-content\/uploads\/usu1899\/2024\/04\/CAPITOL-5-3RB.mp3\">https:\/\/agora.xtec.cat\/ceipmargallo\/wp-content\/uploads\/usu1899\/2024\/04\/CAPITOL-5-3RB.mp3<\/a><\/audio>\n<p>Cap\u00edtol 6 &#8211; Carmen Machi:<\/p>\n<audio class=\"wp-audio-shortcode\" id=\"audio-13799-7\" preload=\"none\" style=\"width: 100%;\" controls=\"controls\"><source type=\"audio\/mpeg\" src=\"https:\/\/agora.xtec.cat\/ceipmargallo\/wp-content\/uploads\/usu1899\/2024\/04\/CAPITOL-6-4t.mp3?_=7\" \/><a href=\"https:\/\/agora.xtec.cat\/ceipmargallo\/wp-content\/uploads\/usu1899\/2024\/04\/CAPITOL-6-4t.mp3\">https:\/\/agora.xtec.cat\/ceipmargallo\/wp-content\/uploads\/usu1899\/2024\/04\/CAPITOL-6-4t.mp3<\/a><\/audio>\n<p>Cap\u00edtol 7 &#8211; Ana Diosdado:<\/p>\n<audio class=\"wp-audio-shortcode\" id=\"audio-13799-8\" preload=\"none\" style=\"width: 100%;\" controls=\"controls\"><source type=\"audio\/mpeg\" src=\"https:\/\/agora.xtec.cat\/ceipmargallo\/wp-content\/uploads\/usu1899\/2024\/04\/CAPITOL-7-5e.mp3?_=8\" \/><a href=\"https:\/\/agora.xtec.cat\/ceipmargallo\/wp-content\/uploads\/usu1899\/2024\/04\/CAPITOL-7-5e.mp3\">https:\/\/agora.xtec.cat\/ceipmargallo\/wp-content\/uploads\/usu1899\/2024\/04\/CAPITOL-7-5e.mp3<\/a><\/audio>\n<p>Cap\u00edtol 8 &#8211; Carme Portaceli:<\/p>\n<audio class=\"wp-audio-shortcode\" id=\"audio-13799-9\" preload=\"none\" style=\"width: 100%;\" controls=\"controls\"><source type=\"audio\/mpeg\" src=\"https:\/\/agora.xtec.cat\/ceipmargallo\/wp-content\/uploads\/usu1899\/2024\/04\/CAPITOL-8-6e-A.mp3?_=9\" \/><a href=\"https:\/\/agora.xtec.cat\/ceipmargallo\/wp-content\/uploads\/usu1899\/2024\/04\/CAPITOL-8-6e-A.mp3\">https:\/\/agora.xtec.cat\/ceipmargallo\/wp-content\/uploads\/usu1899\/2024\/04\/CAPITOL-8-6e-A.mp3<\/a><\/audio>\n<p>Cap\u00edtol 9 &#8211; Mar\u00eda de la O Laj\u00e1rraga:<\/p>\n<audio class=\"wp-audio-shortcode\" id=\"audio-13799-10\" preload=\"none\" style=\"width: 100%;\" controls=\"controls\"><source type=\"audio\/mpeg\" src=\"https:\/\/agora.xtec.cat\/ceipmargallo\/wp-content\/uploads\/usu1899\/2024\/04\/CAPILTOL-9-6e-B-1.mp3?_=10\" \/><a href=\"https:\/\/agora.xtec.cat\/ceipmargallo\/wp-content\/uploads\/usu1899\/2024\/04\/CAPILTOL-9-6e-B-1.mp3\">https:\/\/agora.xtec.cat\/ceipmargallo\/wp-content\/uploads\/usu1899\/2024\/04\/CAPILTOL-9-6e-B-1.mp3<\/a><\/audio>\n","protected":false},"excerpt":{"rendered":"<p>&nbsp; P\u00d2DCAST: UN POEMA CADA MES P\u00d2DCAST: Dones al m\u00f3n del teatre Cap\u00edtol 0 &#8211; Introducci\u00f3: Cap\u00edtol 1 &#8211; Emma Vilarasau, S\u00edlvia Bel i N\u00faria Espert: Cap\u00edtol 2 &#8211; Blanca Portillo: Cap\u00edtol 3 &#8211; Margarida Xirgu: Cap\u00edtol 4 &#8211; Montserrat Carulla: Cap\u00edtol 5 &#8211; Marta P\u00e9rez: Cap\u00edtol 6 &#8211; Carmen Machi: Cap\u00edtol 7 &#8211; Ana [&hellip;]<\/p>\n","protected":false},"author":77,"featured_media":0,"parent":0,"menu_order":0,"comment_status":"closed","ping_status":"closed","template":"","meta":{"_bbp_topic_count":0,"_bbp_reply_count":0,"_bbp_total_topic_count":0,"_bbp_total_reply_count":0,"_bbp_voice_count":0,"_bbp_anonymous_reply_count":0,"_bbp_topic_count_hidden":0,"_bbp_reply_count_hidden":0,"_bbp_forum_subforum_count":0,"site-sidebar-layout":"default","site-content-layout":"","ast-site-content-layout":"default","site-content-style":"default","site-sidebar-style":"default","ast-global-header-display":"","ast-banner-title-visibility":"","ast-main-header-display":"","ast-hfb-above-header-display":"","ast-hfb-below-header-display":"","ast-hfb-mobile-header-display":"","site-post-title":"","ast-breadcrumbs-content":"","ast-featured-img":"","footer-sml-layout":"","theme-transparent-header-meta":"default","adv-header-id-meta":"","stick-header-meta":"","header-above-stick-meta":"","header-main-stick-meta":"","header-below-stick-meta":"","astra-migrate-meta-layouts":"set","ast-page-background-enabled":"default","ast-page-background-meta":{"desktop":{"background-color":"var(--ast-global-color-4)","background-image":"","background-repeat":"repeat","background-position":"center center","background-size":"auto","background-attachment":"scroll","background-type":"","background-media":"","overlay-type":"","overlay-color":"","overlay-opacity":"","overlay-gradient":""},"tablet":{"background-color":"","background-image":"","background-repeat":"repeat","background-position":"center center","background-size":"auto","background-attachment":"scroll","background-type":"","background-media":"","overlay-type":"","overlay-color":"","overlay-opacity":"","overlay-gradient":""},"mobile":{"background-color":"","background-image":"","background-repeat":"repeat","background-position":"center center","background-size":"auto","background-attachment":"scroll","background-type":"","background-media":"","overlay-type":"","overlay-color":"","overlay-opacity":"","overlay-gradient":""}},"ast-content-background-meta":{"desktop":{"background-color":"var(--ast-global-color-5)","background-image":"","background-repeat":"repeat","background-position":"center center","background-size":"auto","background-attachment":"scroll","background-type":"","background-media":"","overlay-type":"","overlay-color":"","overlay-opacity":"","overlay-gradient":""},"tablet":{"background-color":"var(--ast-global-color-5)","background-image":"","background-repeat":"repeat","background-position":"center center","background-size":"auto","background-attachment":"scroll","background-type":"","background-media":"","overlay-type":"","overlay-color":"","overlay-opacity":"","overlay-gradient":""},"mobile":{"background-color":"var(--ast-global-color-5)","background-image":"","background-repeat":"repeat","background-position":"center center","background-size":"auto","background-attachment":"scroll","background-type":"","background-media":"","overlay-type":"","overlay-color":"","overlay-opacity":"","overlay-gradient":""}},"footnotes":""},"class_list":["post-13799","page","type-page","status-publish","hentry"],"post_mailing_queue_ids":[],"_links":{"self":[{"href":"https:\/\/agora.xtec.cat\/ceipmargallo\/wp-json\/wp\/v2\/pages\/13799","targetHints":{"allow":["GET"]}}],"collection":[{"href":"https:\/\/agora.xtec.cat\/ceipmargallo\/wp-json\/wp\/v2\/pages"}],"about":[{"href":"https:\/\/agora.xtec.cat\/ceipmargallo\/wp-json\/wp\/v2\/types\/page"}],"author":[{"embeddable":true,"href":"https:\/\/agora.xtec.cat\/ceipmargallo\/wp-json\/wp\/v2\/users\/77"}],"replies":[{"embeddable":true,"href":"https:\/\/agora.xtec.cat\/ceipmargallo\/wp-json\/wp\/v2\/comments?post=13799"}],"version-history":[{"count":6,"href":"https:\/\/agora.xtec.cat\/ceipmargallo\/wp-json\/wp\/v2\/pages\/13799\/revisions"}],"predecessor-version":[{"id":14020,"href":"https:\/\/agora.xtec.cat\/ceipmargallo\/wp-json\/wp\/v2\/pages\/13799\/revisions\/14020"}],"wp:attachment":[{"href":"https:\/\/agora.xtec.cat\/ceipmargallo\/wp-json\/wp\/v2\/media?parent=13799"}],"curies":[{"name":"wp","href":"https:\/\/api.w.org\/{rel}","templated":true}]}}