{"id":13787,"date":"2024-04-11T16:36:18","date_gmt":"2024-04-11T14:36:18","guid":{"rendered":"https:\/\/agora.xtec.cat\/ceipmargallo\/?page_id=13787"},"modified":"2024-04-11T16:48:30","modified_gmt":"2024-04-11T14:48:30","slug":"aparador-de-histories","status":"publish","type":"page","link":"https:\/\/agora.xtec.cat\/ceipmargallo\/aparador-de-histories\/","title":{"rendered":"Aparador de hist\u00f2ries a 6\u00e8"},"content":{"rendered":"<p align=\"justify\">L\u2019activitat\u00a0<strong><i>Aparador d\u2019hist\u00f2ries<\/i><\/strong>\u00a0t\u00e9 com objectius desenvolupar el gust per la lectura i donar el protagonisme\u00a0 a l\u2019alumnat en la tria del material a llegir en el seu temps de lleure, dinamitzant el proc\u00e9s d\u2019impuls de la\u00a0 lectura. S\u2019afavoreix la participaci\u00f3 de l\u2019alumnat en una jornada liter\u00e0ria al carrer i tamb\u00e9 permet als alumnes i\u00a0 les seves fam\u00edlies contactar amb els establiments col\u00b7laboradors, arrelant-se m\u00e9s al seu municipi.<\/p>\n<p align=\"justify\">Aquesta activitat va dirigida a tots als centres escolars de la poblaci\u00f3 de Castelldefels i consisteixen exposar en els aparadors de diferents comer\u00e7os, centres d\u2019atenci\u00f3 prim\u00e0ria, biblioteques i oficines de turisme de la ciutat les recomanacions liter\u00e0ries dels alumnes.<\/p>\n<p align=\"justify\"><img loading=\"lazy\" decoding=\"async\" class=\"aligncenter\" src=\"https:\/\/serveiseducatius.xtec.cat\/castelldefels\/wp-content\/uploads\/usu4\/2024\/03\/cartell-aparador-histories-e1710327299663.png\" alt=\"\" width=\"590\" height=\"838\" \/><\/p>\n","protected":false},"excerpt":{"rendered":"<p>L\u2019activitat\u00a0Aparador d\u2019hist\u00f2ries\u00a0t\u00e9 com objectius desenvolupar el gust per la lectura i donar el protagonisme\u00a0 a l\u2019alumnat en la tria del material a llegir en el seu temps de lleure, dinamitzant el proc\u00e9s d\u2019impuls de la\u00a0 lectura. S\u2019afavoreix la participaci\u00f3 de l\u2019alumnat en una jornada liter\u00e0ria al carrer i tamb\u00e9 permet als alumnes i\u00a0 les seves [&hellip;]<\/p>\n","protected":false},"author":6,"featured_media":0,"parent":0,"menu_order":0,"comment_status":"closed","ping_status":"closed","template":"","meta":{"_bbp_topic_count":0,"_bbp_reply_count":0,"_bbp_total_topic_count":0,"_bbp_total_reply_count":0,"_bbp_voice_count":0,"_bbp_anonymous_reply_count":0,"_bbp_topic_count_hidden":0,"_bbp_reply_count_hidden":0,"_bbp_forum_subforum_count":0,"site-sidebar-layout":"default","site-content-layout":"","ast-site-content-layout":"","site-content-style":"default","site-sidebar-style":"default","ast-global-header-display":"","ast-banner-title-visibility":"","ast-main-header-display":"","ast-hfb-above-header-display":"","ast-hfb-below-header-display":"","ast-hfb-mobile-header-display":"","site-post-title":"","ast-breadcrumbs-content":"","ast-featured-img":"","footer-sml-layout":"","theme-transparent-header-meta":"","adv-header-id-meta":"","stick-header-meta":"","header-above-stick-meta":"","header-main-stick-meta":"","header-below-stick-meta":"","astra-migrate-meta-layouts":"default","ast-page-background-enabled":"default","ast-page-background-meta":{"desktop":{"background-color":"var(--ast-global-color-4)","background-image":"","background-repeat":"repeat","background-position":"center center","background-size":"auto","background-attachment":"scroll","background-type":"","background-media":"","overlay-type":"","overlay-color":"","overlay-opacity":"","overlay-gradient":""},"tablet":{"background-color":"","background-image":"","background-repeat":"repeat","background-position":"center center","background-size":"auto","background-attachment":"scroll","background-type":"","background-media":"","overlay-type":"","overlay-color":"","overlay-opacity":"","overlay-gradient":""},"mobile":{"background-color":"","background-image":"","background-repeat":"repeat","background-position":"center center","background-size":"auto","background-attachment":"scroll","background-type":"","background-media":"","overlay-type":"","overlay-color":"","overlay-opacity":"","overlay-gradient":""}},"ast-content-background-meta":{"desktop":{"background-color":"var(--ast-global-color-5)","background-image":"","background-repeat":"repeat","background-position":"center center","background-size":"auto","background-attachment":"scroll","background-type":"","background-media":"","overlay-type":"","overlay-color":"","overlay-opacity":"","overlay-gradient":""},"tablet":{"background-color":"var(--ast-global-color-5)","background-image":"","background-repeat":"repeat","background-position":"center center","background-size":"auto","background-attachment":"scroll","background-type":"","background-media":"","overlay-type":"","overlay-color":"","overlay-opacity":"","overlay-gradient":""},"mobile":{"background-color":"var(--ast-global-color-5)","background-image":"","background-repeat":"repeat","background-position":"center center","background-size":"auto","background-attachment":"scroll","background-type":"","background-media":"","overlay-type":"","overlay-color":"","overlay-opacity":"","overlay-gradient":""}},"footnotes":""},"class_list":["post-13787","page","type-page","status-publish","hentry"],"post_mailing_queue_ids":[],"_links":{"self":[{"href":"https:\/\/agora.xtec.cat\/ceipmargallo\/wp-json\/wp\/v2\/pages\/13787","targetHints":{"allow":["GET"]}}],"collection":[{"href":"https:\/\/agora.xtec.cat\/ceipmargallo\/wp-json\/wp\/v2\/pages"}],"about":[{"href":"https:\/\/agora.xtec.cat\/ceipmargallo\/wp-json\/wp\/v2\/types\/page"}],"author":[{"embeddable":true,"href":"https:\/\/agora.xtec.cat\/ceipmargallo\/wp-json\/wp\/v2\/users\/6"}],"replies":[{"embeddable":true,"href":"https:\/\/agora.xtec.cat\/ceipmargallo\/wp-json\/wp\/v2\/comments?post=13787"}],"version-history":[{"count":5,"href":"https:\/\/agora.xtec.cat\/ceipmargallo\/wp-json\/wp\/v2\/pages\/13787\/revisions"}],"predecessor-version":[{"id":13794,"href":"https:\/\/agora.xtec.cat\/ceipmargallo\/wp-json\/wp\/v2\/pages\/13787\/revisions\/13794"}],"wp:attachment":[{"href":"https:\/\/agora.xtec.cat\/ceipmargallo\/wp-json\/wp\/v2\/media?parent=13787"}],"curies":[{"name":"wp","href":"https:\/\/api.w.org\/{rel}","templated":true}]}}