{"id":12935,"date":"2023-10-05T20:46:33","date_gmt":"2023-10-05T18:46:33","guid":{"rendered":"https:\/\/agora.xtec.cat\/ceipmargallo\/?page_id=12935"},"modified":"2023-10-26T20:52:58","modified_gmt":"2023-10-26T18:52:58","slug":"margallo-solidari","status":"publish","type":"page","link":"https:\/\/agora.xtec.cat\/ceipmargallo\/projectes-escola\/margallo-solidari\/","title":{"rendered":"MARGALL\u00d3 SOLIDARI"},"content":{"rendered":"<p>&nbsp;<\/p>\n<p><a href=\"https:\/\/agora.xtec.cat\/ceipmargallo\/wp-content\/uploads\/usu1899\/2023\/10\/photo_2023-10-26_20-50-59.jpg\"><img loading=\"lazy\" decoding=\"async\" class=\"alignnone size-large wp-image-13047\" src=\"https:\/\/agora.xtec.cat\/ceipmargallo\/wp-content\/uploads\/usu1899\/2023\/10\/photo_2023-10-26_20-50-59-1024x729.jpg\" alt=\"\" width=\"1024\" height=\"729\" srcset=\"https:\/\/agora.xtec.cat\/ceipmargallo\/wp-content\/uploads\/usu1899\/2023\/10\/photo_2023-10-26_20-50-59-1024x729.jpg 1024w, https:\/\/agora.xtec.cat\/ceipmargallo\/wp-content\/uploads\/usu1899\/2023\/10\/photo_2023-10-26_20-50-59-300x214.jpg 300w, https:\/\/agora.xtec.cat\/ceipmargallo\/wp-content\/uploads\/usu1899\/2023\/10\/photo_2023-10-26_20-50-59-768x547.jpg 768w, https:\/\/agora.xtec.cat\/ceipmargallo\/wp-content\/uploads\/usu1899\/2023\/10\/photo_2023-10-26_20-50-59.jpg 1080w\" sizes=\"auto, (max-width: 1024px) 100vw, 1024px\" \/><\/a><\/p>\n<p><a href=\"https:\/\/agora.xtec.cat\/ceipmargallo\/wp-content\/uploads\/usu1899\/2023\/10\/photo_5891178045040082633_y-1.jpg\"><img loading=\"lazy\" decoding=\"async\" class=\"alignnone size-large wp-image-13044\" src=\"https:\/\/agora.xtec.cat\/ceipmargallo\/wp-content\/uploads\/usu1899\/2023\/10\/photo_5891178045040082633_y-1-718x1024.jpg\" alt=\"\" width=\"718\" height=\"1024\" srcset=\"https:\/\/agora.xtec.cat\/ceipmargallo\/wp-content\/uploads\/usu1899\/2023\/10\/photo_5891178045040082633_y-1-718x1024.jpg 718w, https:\/\/agora.xtec.cat\/ceipmargallo\/wp-content\/uploads\/usu1899\/2023\/10\/photo_5891178045040082633_y-1-210x300.jpg 210w, https:\/\/agora.xtec.cat\/ceipmargallo\/wp-content\/uploads\/usu1899\/2023\/10\/photo_5891178045040082633_y-1-768x1095.jpg 768w, https:\/\/agora.xtec.cat\/ceipmargallo\/wp-content\/uploads\/usu1899\/2023\/10\/photo_5891178045040082633_y-1.jpg 898w\" sizes=\"auto, (max-width: 718px) 100vw, 718px\" \/><\/a><\/p>\n<p><b>L\u2019ALUMNAT DE L\u2019ESCOLA MARGALL\u00d3 CORRER\u00c0 CONTRA LA LEUC\u00c8MIA INFANTIL 2023-24<\/b><\/p>\n<p><span style=\"font-weight: 400;\">La Volta al Cole \u00e9s una carrera solid\u00e0ria que es celebra cada any cents d\u2019escoles i el major moviment de sensibilitzaci\u00f3 en la lluita contra aquests tipus de c\u00e0ncer, el m\u00e9s freq\u00fcent en infants.<\/span><\/p>\n<p><span style=\"font-weight: 400;\">Aquest anys l\u2019Escola Margall\u00f3 \u00e9s una Escola Entrecentmil i \u00e9s part d\u2019aquest moviment de persones que lluita en contra de la leuc\u00e8mia infantil.<\/span><\/p>\n<p>La data de la carrera\/passeig solidari es realitzar\u00e0 el <strong>divendres 20 d&#8217;octubre<\/strong> en horari lectiu!<\/p>\n<p><span style=\"font-weight: 400; color: #0000ff;\">@Unoentrecienmil \u00a0 \u00a0 #VueltaAlColeUnoentrecienmil<\/span><\/p>\n<p><span style=\"font-weight: 400;\">Castelldefels, 27 de setembre de 2023. L\u2019Escola Margall\u00f3 s\u2019uneix en la lluita contra la leuc\u00e8mia infantil amb la celebraci\u00f3 de La Volta al Cole de la Fundaci\u00f3 Unoentrecienmil, que es dedica a impulsar projectes d\u2019investigaci\u00f3 per a la cura plena de la leuc\u00e8mia. Es tracta d\u2019una cursa solid\u00e0ria en la que aquest any es volen batre r\u00e9cords i superar els 2.000.000 euros recaptats.<\/span><\/p>\n<p><iframe loading=\"lazy\" title=\"YouTube video player\" src=\"https:\/\/www.youtube.com\/embed\/KKbCM_T5HCc?si=ay3U-AbghZkZrHrM\" width=\"560\" height=\"315\" frameborder=\"0\" allowfullscreen=\"allowfullscreen\" data-mce-fragment=\"1\"><\/iframe><br \/>\n<span style=\"font-weight: 400;\">Aquesta \u00e9s una ocasi\u00f3 \u00fanica per a transmetre valors d\u2019empatia i solidaritat als infants des de les escoles. Es tracta d\u2019infants ajudant a infants. D\u2019aquesta manera, tant els petits com les seves fam\u00edlies s\u2019uneixen a la causa Unoentrecienmil que persegueix la curaci\u00f3 plena de la malaltia.<\/span><\/p>\n<p><span style=\"font-weight: 400;\">A Espanya es diagnostica un cas diari de leuc\u00e8mia , que suposa el tipus de c\u00e0ncer m\u00e9s freq\u00fcent entre els infants. Una situaci\u00f3 dif\u00edcil i angoixosa per a les fam\u00edlies , ja que un 20% no aconsegueix superar la malaltia. El prop\u00f2sit de la fundaci\u00f3 \u00e9s aconseguir la cura del 100% dels infants. I aix\u00f2 nom\u00e9s es pot aconseguir invertint en investigaci\u00f3.<\/span><\/p>\n<p><span style=\"font-weight: 400;\">\u00a0 \u00a0 \u00a0 \u00a0 \u00a0 \u00a0 \u00a0 \u00a0 \u00a0 \u00a0 \u00a0 \u00a0 \u00a0 \u00a0 <\/span><span style=\"font-weight: 400;\">\u00a0\u00a0\u00a0<span style=\"color: #ff6600;\">Donatiu de 2 euros = 8 minuts de investigaci\u00f3<\/span><\/span><\/p>\n<p><span style=\"font-weight: 400; color: #ff6600;\">\u00a0 \u00a0 \u00a0 \u00a0 \u00a0 \u00a0 \u00a0 \u00a0 \u00a0 \u00a0 \u00a0 \u00a0 \u00a0 \u00a0 \u00a0 \u00a0Donatiu de 5 euros= 20 minuts d\u2019investigaci\u00f3<\/span><\/p>\n<p>L&#8217;Escola i AMPA faran una aportaci\u00f3 com a centre perqu\u00e8 tot l&#8217;alumnat faci la seva aportaci\u00f3.<\/p>\n<p><span style=\"font-weight: 400;\">Des de l\u2019inici d\u2019aquesta iniciativa, al 2015, la Fundaci\u00f3 ha anat afegint Escoles Entrecentmil, en concret ja s\u00f3n m\u00e9s de 3500, moltes d\u2019aquestes repeteixen cada any i suposen un recolzament fonamental en l\u2019impuls dels projectes d\u2019investigaci\u00f3 que s\u2019han iniciat.<\/span><\/p>\n<p><span style=\"font-weight: 400;\">Aquest any, les fam\u00edlies tamb\u00e9 poden participar des de casa seva accedint a trav\u00e9s d\u2019un codi QR a la p\u00e0gina de la fundaci\u00f3 y signant una petici\u00f3 per aconseguir m\u00e9s investigaci\u00f3. I tamb\u00e9 recollirem donatius al llarg de la setmana del 16 al 20 d&#8217;octubre i convidarem a les fam\u00edlies a participar de la cursa amb tota l&#8217;escola.<\/span><\/p>\n<p><span style=\"font-weight: 400;\">Per a participar en la Volta al Cole, cada participant rebr\u00e0 un dorsal i un diploma a canvi d\u2019una donaci\u00f3 d\u2019un euro. Les escoles organitzen el recorregut que millor s\u2019adapti a les seves instal\u00b7lacions i pr\u00e8viament es treballa amb l\u2019alumnat a les aules per explicar-lis la import\u00e0ncia d\u2019aquesta cursa i el que significa el seu recolzament, com part de sabers transversals de la seva educaci\u00f3. No \u00e9s competir o guanyar, sino recolzar , c\u00f3rrer, lluitar, aconseguir, superar, motivar, avan\u00e7ar, treballar en equip.<\/span><\/p>\n<p>&#8220;VUESTRA META ES NUESTRA META&#8221;<\/p>\n<p>&#8220;LA VOSTRA META \u00c9S LA NOSTRA META&#8221;<\/p>\n<p><img decoding=\"async\" src=\"https:\/\/www.lavueltaalcole.com\/wp-content\/uploads\/2023\/07\/Badge-La-Vuelta-al-Cole.png\" \/><\/p>\n<p>&nbsp;<\/p>\n<p>&nbsp;<\/p>\n","protected":false},"excerpt":{"rendered":"<p>&nbsp; L\u2019ALUMNAT DE L\u2019ESCOLA MARGALL\u00d3 CORRER\u00c0 CONTRA LA LEUC\u00c8MIA INFANTIL 2023-24 La Volta al Cole \u00e9s una carrera solid\u00e0ria que es celebra cada any cents d\u2019escoles i el major moviment de sensibilitzaci\u00f3 en la lluita contra aquests tipus de c\u00e0ncer, el m\u00e9s freq\u00fcent en infants. Aquest anys l\u2019Escola Margall\u00f3 \u00e9s una Escola Entrecentmil i \u00e9s [&hellip;]<\/p>\n","protected":false},"author":6,"featured_media":0,"parent":3694,"menu_order":0,"comment_status":"closed","ping_status":"closed","template":"","meta":{"_bbp_topic_count":0,"_bbp_reply_count":0,"_bbp_total_topic_count":0,"_bbp_total_reply_count":0,"_bbp_voice_count":0,"_bbp_anonymous_reply_count":0,"_bbp_topic_count_hidden":0,"_bbp_reply_count_hidden":0,"_bbp_forum_subforum_count":0,"site-sidebar-layout":"default","site-content-layout":"","ast-site-content-layout":"","site-content-style":"default","site-sidebar-style":"default","ast-global-header-display":"","ast-banner-title-visibility":"","ast-main-header-display":"","ast-hfb-above-header-display":"","ast-hfb-below-header-display":"","ast-hfb-mobile-header-display":"","site-post-title":"","ast-breadcrumbs-content":"","ast-featured-img":"","footer-sml-layout":"","theme-transparent-header-meta":"","adv-header-id-meta":"","stick-header-meta":"","header-above-stick-meta":"","header-main-stick-meta":"","header-below-stick-meta":"","astra-migrate-meta-layouts":"default","ast-page-background-enabled":"default","ast-page-background-meta":{"desktop":{"background-color":"var(--ast-global-color-4)","background-image":"","background-repeat":"repeat","background-position":"center center","background-size":"auto","background-attachment":"scroll","background-type":"","background-media":"","overlay-type":"","overlay-color":"","overlay-opacity":"","overlay-gradient":""},"tablet":{"background-color":"","background-image":"","background-repeat":"repeat","background-position":"center center","background-size":"auto","background-attachment":"scroll","background-type":"","background-media":"","overlay-type":"","overlay-color":"","overlay-opacity":"","overlay-gradient":""},"mobile":{"background-color":"","background-image":"","background-repeat":"repeat","background-position":"center center","background-size":"auto","background-attachment":"scroll","background-type":"","background-media":"","overlay-type":"","overlay-color":"","overlay-opacity":"","overlay-gradient":""}},"ast-content-background-meta":{"desktop":{"background-color":"var(--ast-global-color-5)","background-image":"","background-repeat":"repeat","background-position":"center center","background-size":"auto","background-attachment":"scroll","background-type":"","background-media":"","overlay-type":"","overlay-color":"","overlay-opacity":"","overlay-gradient":""},"tablet":{"background-color":"var(--ast-global-color-5)","background-image":"","background-repeat":"repeat","background-position":"center center","background-size":"auto","background-attachment":"scroll","background-type":"","background-media":"","overlay-type":"","overlay-color":"","overlay-opacity":"","overlay-gradient":""},"mobile":{"background-color":"var(--ast-global-color-5)","background-image":"","background-repeat":"repeat","background-position":"center center","background-size":"auto","background-attachment":"scroll","background-type":"","background-media":"","overlay-type":"","overlay-color":"","overlay-opacity":"","overlay-gradient":""}},"footnotes":""},"class_list":["post-12935","page","type-page","status-publish","hentry"],"post_mailing_queue_ids":[],"_links":{"self":[{"href":"https:\/\/agora.xtec.cat\/ceipmargallo\/wp-json\/wp\/v2\/pages\/12935","targetHints":{"allow":["GET"]}}],"collection":[{"href":"https:\/\/agora.xtec.cat\/ceipmargallo\/wp-json\/wp\/v2\/pages"}],"about":[{"href":"https:\/\/agora.xtec.cat\/ceipmargallo\/wp-json\/wp\/v2\/types\/page"}],"author":[{"embeddable":true,"href":"https:\/\/agora.xtec.cat\/ceipmargallo\/wp-json\/wp\/v2\/users\/6"}],"replies":[{"embeddable":true,"href":"https:\/\/agora.xtec.cat\/ceipmargallo\/wp-json\/wp\/v2\/comments?post=12935"}],"version-history":[{"count":5,"href":"https:\/\/agora.xtec.cat\/ceipmargallo\/wp-json\/wp\/v2\/pages\/12935\/revisions"}],"predecessor-version":[{"id":13049,"href":"https:\/\/agora.xtec.cat\/ceipmargallo\/wp-json\/wp\/v2\/pages\/12935\/revisions\/13049"}],"up":[{"embeddable":true,"href":"https:\/\/agora.xtec.cat\/ceipmargallo\/wp-json\/wp\/v2\/pages\/3694"}],"wp:attachment":[{"href":"https:\/\/agora.xtec.cat\/ceipmargallo\/wp-json\/wp\/v2\/media?parent=12935"}],"curies":[{"name":"wp","href":"https:\/\/api.w.org\/{rel}","templated":true}]}}