{"id":12372,"date":"2023-02-23T22:13:37","date_gmt":"2023-02-23T21:13:37","guid":{"rendered":"https:\/\/agora.xtec.cat\/ceipmargallo\/?page_id=12372"},"modified":"2023-02-23T22:31:04","modified_gmt":"2023-02-23T21:31:04","slug":"acollida-matinal","status":"publish","type":"page","link":"https:\/\/agora.xtec.cat\/ceipmargallo\/acollida-matinal\/","title":{"rendered":"Acollida matinal"},"content":{"rendered":"<p>L&#8217;empresa<strong> Fundaesplai<\/strong> conjuntament amb l&#8217;escola ofereix l&#8217;acollida matinal pr\u00e8via a l&#8217;inici de les classes escolars. Un servei destinat per les fam\u00edlies que necessiten conciliar la vida laboral i familiar. Des de l&#8217;escola s&#8217;ofereixen tres franges d&#8217;entrada d&#8217;acollida: <strong>7:45 ; 8:00\u00a0 i 8:30 <\/strong>per infants de I3 fins a 6\u00e8 per els dies lectius.<\/p>\n<p><a href=\"https:\/\/agora.xtec.cat\/ceipmargallo\/wp-content\/uploads\/usu1899\/2023\/02\/LOGO-MENJADOR.png\"><img loading=\"lazy\" decoding=\"async\" class=\"size-full wp-image-12287 aligncenter\" src=\"https:\/\/agora.xtec.cat\/ceipmargallo\/wp-content\/uploads\/usu1899\/2023\/02\/LOGO-MENJADOR.png\" alt=\"\" width=\"313\" height=\"89\" srcset=\"https:\/\/agora.xtec.cat\/ceipmargallo\/wp-content\/uploads\/usu1899\/2023\/02\/LOGO-MENJADOR.png 313w, https:\/\/agora.xtec.cat\/ceipmargallo\/wp-content\/uploads\/usu1899\/2023\/02\/LOGO-MENJADOR-300x85.png 300w\" sizes=\"auto, (max-width: 313px) 100vw, 313px\" \/><\/a><\/p>\n<p>L&#8217;\u00fas d&#8217;aquest servei pot esdevenir espor\u00e0dic o fix depenent de les necessitats de les fam\u00edlies.<\/p>\n<p style=\"text-align: center;\"><strong>Horari d\u2019atenci\u00f3 a les fam\u00edlies:\u00a0<\/strong><\/p>\n<p style=\"text-align: center;\">\u00a0 \u00a0De dilluns a divendres de 9:00h a 10:00 h<\/p>\n<p style=\"text-align: center;\">\u00a0 \u00a0Coordinadora:\u00a0 Noem\u00ed Ruf\u00f3- 647400905<\/p>\n<p>&nbsp;<\/p>\n","protected":false},"excerpt":{"rendered":"<p>L&#8217;empresa Fundaesplai conjuntament amb l&#8217;escola ofereix l&#8217;acollida matinal pr\u00e8via a l&#8217;inici de les classes escolars. Un servei destinat per les fam\u00edlies que necessiten conciliar la vida laboral i familiar. Des de l&#8217;escola s&#8217;ofereixen tres franges d&#8217;entrada d&#8217;acollida: 7:45 ; 8:00\u00a0 i 8:30 per infants de I3 fins a 6\u00e8 per els dies lectius. L&#8217;\u00fas d&#8217;aquest [&hellip;]<\/p>\n","protected":false},"author":6,"featured_media":0,"parent":0,"menu_order":0,"comment_status":"closed","ping_status":"closed","template":"","meta":{"_bbp_topic_count":0,"_bbp_reply_count":0,"_bbp_total_topic_count":0,"_bbp_total_reply_count":0,"_bbp_voice_count":0,"_bbp_anonymous_reply_count":0,"_bbp_topic_count_hidden":0,"_bbp_reply_count_hidden":0,"_bbp_forum_subforum_count":0,"site-sidebar-layout":"default","site-content-layout":"","ast-site-content-layout":"","site-content-style":"default","site-sidebar-style":"default","ast-global-header-display":"","ast-banner-title-visibility":"","ast-main-header-display":"","ast-hfb-above-header-display":"","ast-hfb-below-header-display":"","ast-hfb-mobile-header-display":"","site-post-title":"","ast-breadcrumbs-content":"","ast-featured-img":"","footer-sml-layout":"","theme-transparent-header-meta":"","adv-header-id-meta":"","stick-header-meta":"","header-above-stick-meta":"","header-main-stick-meta":"","header-below-stick-meta":"","astra-migrate-meta-layouts":"default","ast-page-background-enabled":"default","ast-page-background-meta":{"desktop":{"background-color":"var(--ast-global-color-4)","background-image":"","background-repeat":"repeat","background-position":"center center","background-size":"auto","background-attachment":"scroll","background-type":"","background-media":"","overlay-type":"","overlay-color":"","overlay-opacity":"","overlay-gradient":""},"tablet":{"background-color":"","background-image":"","background-repeat":"repeat","background-position":"center center","background-size":"auto","background-attachment":"scroll","background-type":"","background-media":"","overlay-type":"","overlay-color":"","overlay-opacity":"","overlay-gradient":""},"mobile":{"background-color":"","background-image":"","background-repeat":"repeat","background-position":"center center","background-size":"auto","background-attachment":"scroll","background-type":"","background-media":"","overlay-type":"","overlay-color":"","overlay-opacity":"","overlay-gradient":""}},"ast-content-background-meta":{"desktop":{"background-color":"var(--ast-global-color-5)","background-image":"","background-repeat":"repeat","background-position":"center center","background-size":"auto","background-attachment":"scroll","background-type":"","background-media":"","overlay-type":"","overlay-color":"","overlay-opacity":"","overlay-gradient":""},"tablet":{"background-color":"var(--ast-global-color-5)","background-image":"","background-repeat":"repeat","background-position":"center center","background-size":"auto","background-attachment":"scroll","background-type":"","background-media":"","overlay-type":"","overlay-color":"","overlay-opacity":"","overlay-gradient":""},"mobile":{"background-color":"var(--ast-global-color-5)","background-image":"","background-repeat":"repeat","background-position":"center center","background-size":"auto","background-attachment":"scroll","background-type":"","background-media":"","overlay-type":"","overlay-color":"","overlay-opacity":"","overlay-gradient":""}},"footnotes":""},"class_list":["post-12372","page","type-page","status-publish","hentry"],"post_mailing_queue_ids":[],"_links":{"self":[{"href":"https:\/\/agora.xtec.cat\/ceipmargallo\/wp-json\/wp\/v2\/pages\/12372","targetHints":{"allow":["GET"]}}],"collection":[{"href":"https:\/\/agora.xtec.cat\/ceipmargallo\/wp-json\/wp\/v2\/pages"}],"about":[{"href":"https:\/\/agora.xtec.cat\/ceipmargallo\/wp-json\/wp\/v2\/types\/page"}],"author":[{"embeddable":true,"href":"https:\/\/agora.xtec.cat\/ceipmargallo\/wp-json\/wp\/v2\/users\/6"}],"replies":[{"embeddable":true,"href":"https:\/\/agora.xtec.cat\/ceipmargallo\/wp-json\/wp\/v2\/comments?post=12372"}],"version-history":[{"count":4,"href":"https:\/\/agora.xtec.cat\/ceipmargallo\/wp-json\/wp\/v2\/pages\/12372\/revisions"}],"predecessor-version":[{"id":12381,"href":"https:\/\/agora.xtec.cat\/ceipmargallo\/wp-json\/wp\/v2\/pages\/12372\/revisions\/12381"}],"wp:attachment":[{"href":"https:\/\/agora.xtec.cat\/ceipmargallo\/wp-json\/wp\/v2\/media?parent=12372"}],"curies":[{"name":"wp","href":"https:\/\/api.w.org\/{rel}","templated":true}]}}