{"id":12321,"date":"2023-02-19T20:33:19","date_gmt":"2023-02-19T19:33:19","guid":{"rendered":"https:\/\/agora.xtec.cat\/ceipmargallo\/?page_id=12321"},"modified":"2023-02-19T20:45:57","modified_gmt":"2023-02-19T19:45:57","slug":"tardes-de-biblioeca","status":"publish","type":"page","link":"https:\/\/agora.xtec.cat\/ceipmargallo\/tardes-de-biblioeca\/","title":{"rendered":"Tardes de biblioteca"},"content":{"rendered":"<p><a href=\"https:\/\/agora.xtec.cat\/ceipmargallo\/wp-content\/uploads\/usu1899\/2023\/02\/Tardes-biblioteca.png\"><img loading=\"lazy\" decoding=\"async\" class=\"alignnone size-full wp-image-12331\" src=\"https:\/\/agora.xtec.cat\/ceipmargallo\/wp-content\/uploads\/usu1899\/2023\/02\/Tardes-biblioteca.png\" alt=\"\" width=\"951\" height=\"658\" srcset=\"https:\/\/agora.xtec.cat\/ceipmargallo\/wp-content\/uploads\/usu1899\/2023\/02\/Tardes-biblioteca.png 951w, https:\/\/agora.xtec.cat\/ceipmargallo\/wp-content\/uploads\/usu1899\/2023\/02\/Tardes-biblioteca-300x208.png 300w, https:\/\/agora.xtec.cat\/ceipmargallo\/wp-content\/uploads\/usu1899\/2023\/02\/Tardes-biblioteca-768x531.png 768w\" sizes=\"auto, (max-width: 951px) 100vw, 951px\" \/><\/a><\/p>\n<p><a href=\"https:\/\/ampamargallo.blogspot.com\/2023\/02\/obrir%20la%20biblioteca%20del%20Margallo.html\">Per m\u00e9s informaci\u00f3: L&#8217;AMPA \u00e9s l&#8217;entitat que ofereix aquest servei. CLICA l&#8217;ENLLA\u00c7<\/a><\/p>\n<p>Al Gener vam iniciar un nou any i amb ell hem iniciat l&#8217;obertura de la Biblioteca de l&#8217;escola juntament amb les tardes de patis.<\/p>\n<p><b>La Biblioteca<\/b>\u00a0estar\u00e0 oberta uns dies al mes que estaran fixats a mes vista en l&#8217; horari de\u00a0\u00a0<b>16:30 a 17:30,<\/b>\u00a0 en ella podreu gaudir de pr\u00e9stec de llibres, activitats per els mes petits i no tan petits, temps per fer treballs en grup, estudiar, realitzar deures i d&#8217;un espai per gaudir en fam\u00edlia.<\/p>\n<p>Aquest mes de\u00a0<b>Febrer\u00a0<\/b>estar\u00e0 oberta els dies:\u00a0<b>dilluns 6, dimecres 15, divendres 24 i el dilluns 27<\/b><\/p>\n<p>Els tallers o activitats\u00a0que es realitzaran\u00a0 seran els seg\u00fcents:<\/p>\n<p><strong>Dilluns 6\u00a0\u00a0\u00a0Tinta Invisible<\/strong><\/p>\n<p><strong>Dimecres 15\u00a0Curiositat del M\u00f3n Animal<\/strong><\/p>\n<p><strong>Divendres\u00a024\u00a0Contacontes: Els tres porquets<\/strong><\/p>\n<p><strong>Dilluns 27\u00a0Tallers d&#8217;ombres<\/strong><\/p>\n<p><strong>Els patis estaran\u00a0oberts els\u00a0dilluns, dimecres i divendres\u00a0en l&#8217;horari\u00a016:30 a 17:30<\/strong><\/p>\n","protected":false},"excerpt":{"rendered":"<p>Per m\u00e9s informaci\u00f3: L&#8217;AMPA \u00e9s l&#8217;entitat que ofereix aquest servei. CLICA l&#8217;ENLLA\u00c7 Al Gener vam iniciar un nou any i amb ell hem iniciat l&#8217;obertura de la Biblioteca de l&#8217;escola juntament amb les tardes de patis. La Biblioteca\u00a0estar\u00e0 oberta uns dies al mes que estaran fixats a mes vista en l&#8217; horari de\u00a0\u00a016:30 a 17:30,\u00a0 [&hellip;]<\/p>\n","protected":false},"author":6,"featured_media":0,"parent":0,"menu_order":0,"comment_status":"closed","ping_status":"closed","template":"","meta":{"_bbp_topic_count":0,"_bbp_reply_count":0,"_bbp_total_topic_count":0,"_bbp_total_reply_count":0,"_bbp_voice_count":0,"_bbp_anonymous_reply_count":0,"_bbp_topic_count_hidden":0,"_bbp_reply_count_hidden":0,"_bbp_forum_subforum_count":0,"site-sidebar-layout":"default","site-content-layout":"","ast-site-content-layout":"","site-content-style":"default","site-sidebar-style":"default","ast-global-header-display":"","ast-banner-title-visibility":"","ast-main-header-display":"","ast-hfb-above-header-display":"","ast-hfb-below-header-display":"","ast-hfb-mobile-header-display":"","site-post-title":"","ast-breadcrumbs-content":"","ast-featured-img":"","footer-sml-layout":"","theme-transparent-header-meta":"","adv-header-id-meta":"","stick-header-meta":"","header-above-stick-meta":"","header-main-stick-meta":"","header-below-stick-meta":"","astra-migrate-meta-layouts":"default","ast-page-background-enabled":"default","ast-page-background-meta":{"desktop":{"background-color":"var(--ast-global-color-4)","background-image":"","background-repeat":"repeat","background-position":"center center","background-size":"auto","background-attachment":"scroll","background-type":"","background-media":"","overlay-type":"","overlay-color":"","overlay-opacity":"","overlay-gradient":""},"tablet":{"background-color":"","background-image":"","background-repeat":"repeat","background-position":"center center","background-size":"auto","background-attachment":"scroll","background-type":"","background-media":"","overlay-type":"","overlay-color":"","overlay-opacity":"","overlay-gradient":""},"mobile":{"background-color":"","background-image":"","background-repeat":"repeat","background-position":"center center","background-size":"auto","background-attachment":"scroll","background-type":"","background-media":"","overlay-type":"","overlay-color":"","overlay-opacity":"","overlay-gradient":""}},"ast-content-background-meta":{"desktop":{"background-color":"var(--ast-global-color-5)","background-image":"","background-repeat":"repeat","background-position":"center center","background-size":"auto","background-attachment":"scroll","background-type":"","background-media":"","overlay-type":"","overlay-color":"","overlay-opacity":"","overlay-gradient":""},"tablet":{"background-color":"var(--ast-global-color-5)","background-image":"","background-repeat":"repeat","background-position":"center center","background-size":"auto","background-attachment":"scroll","background-type":"","background-media":"","overlay-type":"","overlay-color":"","overlay-opacity":"","overlay-gradient":""},"mobile":{"background-color":"var(--ast-global-color-5)","background-image":"","background-repeat":"repeat","background-position":"center center","background-size":"auto","background-attachment":"scroll","background-type":"","background-media":"","overlay-type":"","overlay-color":"","overlay-opacity":"","overlay-gradient":""}},"footnotes":""},"class_list":["post-12321","page","type-page","status-publish","hentry"],"post_mailing_queue_ids":[],"_links":{"self":[{"href":"https:\/\/agora.xtec.cat\/ceipmargallo\/wp-json\/wp\/v2\/pages\/12321","targetHints":{"allow":["GET"]}}],"collection":[{"href":"https:\/\/agora.xtec.cat\/ceipmargallo\/wp-json\/wp\/v2\/pages"}],"about":[{"href":"https:\/\/agora.xtec.cat\/ceipmargallo\/wp-json\/wp\/v2\/types\/page"}],"author":[{"embeddable":true,"href":"https:\/\/agora.xtec.cat\/ceipmargallo\/wp-json\/wp\/v2\/users\/6"}],"replies":[{"embeddable":true,"href":"https:\/\/agora.xtec.cat\/ceipmargallo\/wp-json\/wp\/v2\/comments?post=12321"}],"version-history":[{"count":3,"href":"https:\/\/agora.xtec.cat\/ceipmargallo\/wp-json\/wp\/v2\/pages\/12321\/revisions"}],"predecessor-version":[{"id":12336,"href":"https:\/\/agora.xtec.cat\/ceipmargallo\/wp-json\/wp\/v2\/pages\/12321\/revisions\/12336"}],"wp:attachment":[{"href":"https:\/\/agora.xtec.cat\/ceipmargallo\/wp-json\/wp\/v2\/media?parent=12321"}],"curies":[{"name":"wp","href":"https:\/\/api.w.org\/{rel}","templated":true}]}}