{"id":12266,"date":"2023-02-18T21:50:43","date_gmt":"2023-02-18T20:50:43","guid":{"rendered":"https:\/\/agora.xtec.cat\/ceipmargallo\/?page_id=12266"},"modified":"2026-02-23T15:07:49","modified_gmt":"2026-02-23T14:07:49","slug":"menjador-escolar","status":"publish","type":"page","link":"https:\/\/agora.xtec.cat\/ceipmargallo\/menjador-escolar\/","title":{"rendered":"Menjador Escolar"},"content":{"rendered":"<p>L\u2019AMPA \u00e9s l\u2019encarregada de contractar l\u2019empresa del servei de menjador, <a href=\"https:\/\/activitats.fundesplai.org\/public\/landing\/app\">Fundaesplai<\/a>. i les extraescolars de l&#8217;escola. Llibre informatiu per les fam\u00edlies. Trobareu informaci\u00f3 dels objectius que treballem en el servei de menjador, dels diferents men\u00fas, del funcionament dels p\u00edcnics&#8230;<\/p>\n<p><a href=\"https:\/\/agora.xtec.cat\/ceipmargallo\/wp-content\/uploads\/usu1899\/2026\/02\/Llibret-families-FUNDESPLAI-Curs-25-26-MARGALLO.pdf\"><img loading=\"lazy\" decoding=\"async\" class=\"wp-image-14869 alignleft\" src=\"https:\/\/agora.xtec.cat\/ceipmargallo\/wp-content\/uploads\/usu1899\/2026\/02\/llibret-families.png\" alt=\"\" width=\"215\" height=\"307\" srcset=\"https:\/\/agora.xtec.cat\/ceipmargallo\/wp-content\/uploads\/usu1899\/2026\/02\/llibret-families.png 627w, https:\/\/agora.xtec.cat\/ceipmargallo\/wp-content\/uploads\/usu1899\/2026\/02\/llibret-families-210x300.png 210w\" sizes=\"auto, (max-width: 215px) 100vw, 215px\" \/><\/a><\/p>\n<p>&nbsp;<\/p>\n<p><strong>Per m\u00e9s informaci\u00f3 clica a la imatge i\u00a0 descarrega&#8217;t el llibret per les fam\u00edlies.<\/strong><\/p>\n<p>&nbsp;<\/p>\n<p><strong>PREU DEL SERVEI DE MENJADOR<\/strong><br \/>\nPreu dia fix: 7,50 \u20ac (2 dies o m\u00e9s fixes per setmana)<br \/>\nPreu dia espor\u00e0dic: 8\u20ac (dies puntuals o menys de 2 dies per setmana)<br \/>\nTots els usuaris de menjador han de donar-se d\u2019alta al servei a la APP de FUNDESPLAI.<\/p>\n<p style=\"text-align: center;\"><a href=\"https:\/\/activitats.fundesplai.org\/public\/landing\/app\"><img loading=\"lazy\" decoding=\"async\" class=\"alignnone size-full wp-image-12287\" src=\"https:\/\/agora.xtec.cat\/ceipmargallo\/wp-content\/uploads\/usu1899\/2023\/02\/LOGO-MENJADOR.png\" alt=\"\" width=\"313\" height=\"89\" srcset=\"https:\/\/agora.xtec.cat\/ceipmargallo\/wp-content\/uploads\/usu1899\/2023\/02\/LOGO-MENJADOR.png 313w, https:\/\/agora.xtec.cat\/ceipmargallo\/wp-content\/uploads\/usu1899\/2023\/02\/LOGO-MENJADOR-300x85.png 300w\" sizes=\"auto, (max-width: 313px) 100vw, 313px\" \/><\/a><\/p>\n<p>A l&#8217;escola tenim<em><strong> cuina pr\u00f2pia<\/strong> <\/em>de manera que el dinar s&#8217;elabora di\u00e0riament. <strong>Seguint la GUIA PReME.<\/strong><\/p>\n<p><strong><a href=\"https:\/\/agora.xtec.cat\/ceipmargallo\/wp-content\/uploads\/usu1899\/2026\/01\/MENU_BASAL_ESCOLA_MARGALLO_FEBRER26.pdf\">MEN\u00da MES DE FEBRER<\/a>\u00a0<\/strong><\/p>\n<p><a href=\"https:\/\/agora.xtec.cat\/ceipmargallo\/wp-content\/uploads\/usu1899\/2026\/01\/MENU_ADAPTATS-CUINA_ESCOLA_MARGALLO_FEBRER26.pdf\"><strong>MEN\u00da VARIAT\u00a0 MES DE FEBRER<\/strong><\/a><\/p>\n<p><a href=\"https:\/\/agora.xtec.cat\/ceipmargallo\/wp-content\/uploads\/usu1899\/2026\/02\/MENU_BASAL_ESCOLA_MARGALLO_MARC26.pdf\"><strong>MEN\u00da\u00a0 MES DE MAR\u00c7<\/strong><\/a><\/p>\n<p><a href=\"https:\/\/agora.xtec.cat\/ceipmargallo\/wp-content\/uploads\/usu1899\/2026\/02\/MENU_DERIVACIONS-CUINA_ESCOLA_MARGALLO_MARC26.pdf\"><strong>MEN\u00da VARIAT MES DE MAR\u00c7<\/strong><\/a><\/p>\n<table style=\"border-collapse: collapse; width: 31.391%; height: 288px;\">\n<tbody>\n<tr style=\"height: 36px;\">\n<td style=\"width: 100%; height: 36px;\">MEN\u00da SENSE CARN<\/td>\n<\/tr>\n<tr style=\"height: 36px;\">\n<td style=\"width: 100%; height: 36px;\">MEN\u00da SENSE FRUCTOSA<\/td>\n<\/tr>\n<tr style=\"height: 36px;\">\n<td style=\"width: 100%; height: 36px;\">MEN\u00da SENSE FRUCTOSA NI LACTOSA<\/td>\n<\/tr>\n<tr style=\"height: 36px;\">\n<td style=\"width: 100%; height: 36px;\">MEN\u00da SENSE GLUTEN<\/td>\n<\/tr>\n<tr style=\"height: 36px;\">\n<td style=\"width: 100%; height: 36px;\">MEN\u00da SENSE LACTOSA<\/td>\n<\/tr>\n<tr style=\"height: 36px;\">\n<td style=\"width: 100%; height: 36px;\">MEN\u00da SENSE GLUTEN NI LACTOSA<\/td>\n<\/tr>\n<tr style=\"height: 36px;\">\n<td style=\"width: 100%; height: 36px;\">MEN\u00da OVOVEGETARIANA<\/td>\n<\/tr>\n<tr style=\"height: 36px;\">\n<td style=\"width: 100%; height: 36px;\">MEN\u00da OVOLACTOVEGETARIANA<\/td>\n<\/tr>\n<tr>\n<td style=\"width: 100%;\">MEN\u00da SENSE PORC<\/td>\n<\/tr>\n<\/tbody>\n<\/table>\n<p>Els infants d\u2019I3 i I4 dinen a les seves aules corresponents per respectar el seu entorn m\u00e9s proper. Despr\u00e9s de dinar I3 fa migdiada.<\/p>\n<p>&nbsp;<\/p>\n<p>&nbsp;<\/p>\n<h4 style=\"text-align: center;\"><strong>PER INSCRIPCIONS <a href=\"https:\/\/activitats.fundesplai.org\/public\/landing\/app\">CLICA AQU\u00cd<\/a><\/strong><\/h4>\n<p>&nbsp;<\/p>\n<p style=\"text-align: center;\"><strong>Horari d\u2019atenci\u00f3 a les fam\u00edlies:\u00a0<\/strong><\/p>\n<p style=\"text-align: center;\">\u00a0 \u00a0De dilluns a divendres de 9:00h a 10:00 h<\/p>\n<p style=\"text-align: center;\">\u00a0 \u00a0Coordinadora:\u00a0 Noem\u00ed Ruf\u00f3- 647400905<\/p>\n","protected":false},"excerpt":{"rendered":"<p>L\u2019AMPA \u00e9s l\u2019encarregada de contractar l\u2019empresa del servei de menjador, Fundaesplai. i les extraescolars de l&#8217;escola. Llibre informatiu per les fam\u00edlies. Trobareu informaci\u00f3 dels objectius que treballem en el servei de menjador, dels diferents men\u00fas, del funcionament dels p\u00edcnics&#8230; &nbsp; Per m\u00e9s informaci\u00f3 clica a la imatge i\u00a0 descarrega&#8217;t el llibret per les fam\u00edlies. &nbsp; [&hellip;]<\/p>\n","protected":false},"author":6,"featured_media":0,"parent":0,"menu_order":0,"comment_status":"closed","ping_status":"closed","template":"","meta":{"_bbp_topic_count":0,"_bbp_reply_count":0,"_bbp_total_topic_count":0,"_bbp_total_reply_count":0,"_bbp_voice_count":0,"_bbp_anonymous_reply_count":0,"_bbp_topic_count_hidden":0,"_bbp_reply_count_hidden":0,"_bbp_forum_subforum_count":0,"site-sidebar-layout":"default","site-content-layout":"","ast-site-content-layout":"default","site-content-style":"default","site-sidebar-style":"default","ast-global-header-display":"","ast-banner-title-visibility":"","ast-main-header-display":"","ast-hfb-above-header-display":"","ast-hfb-below-header-display":"","ast-hfb-mobile-header-display":"","site-post-title":"","ast-breadcrumbs-content":"","ast-featured-img":"","footer-sml-layout":"","theme-transparent-header-meta":"default","adv-header-id-meta":"","stick-header-meta":"","header-above-stick-meta":"","header-main-stick-meta":"","header-below-stick-meta":"","astra-migrate-meta-layouts":"set","ast-page-background-enabled":"default","ast-page-background-meta":{"desktop":{"background-color":"var(--ast-global-color-4)","background-image":"","background-repeat":"repeat","background-position":"center center","background-size":"auto","background-attachment":"scroll","background-type":"","background-media":"","overlay-type":"","overlay-color":"","overlay-opacity":"","overlay-gradient":""},"tablet":{"background-color":"","background-image":"","background-repeat":"repeat","background-position":"center center","background-size":"auto","background-attachment":"scroll","background-type":"","background-media":"","overlay-type":"","overlay-color":"","overlay-opacity":"","overlay-gradient":""},"mobile":{"background-color":"","background-image":"","background-repeat":"repeat","background-position":"center center","background-size":"auto","background-attachment":"scroll","background-type":"","background-media":"","overlay-type":"","overlay-color":"","overlay-opacity":"","overlay-gradient":""}},"ast-content-background-meta":{"desktop":{"background-color":"var(--ast-global-color-5)","background-image":"","background-repeat":"repeat","background-position":"center center","background-size":"auto","background-attachment":"scroll","background-type":"","background-media":"","overlay-type":"","overlay-color":"","overlay-opacity":"","overlay-gradient":""},"tablet":{"background-color":"var(--ast-global-color-5)","background-image":"","background-repeat":"repeat","background-position":"center center","background-size":"auto","background-attachment":"scroll","background-type":"","background-media":"","overlay-type":"","overlay-color":"","overlay-opacity":"","overlay-gradient":""},"mobile":{"background-color":"var(--ast-global-color-5)","background-image":"","background-repeat":"repeat","background-position":"center center","background-size":"auto","background-attachment":"scroll","background-type":"","background-media":"","overlay-type":"","overlay-color":"","overlay-opacity":"","overlay-gradient":""}},"footnotes":""},"class_list":["post-12266","page","type-page","status-publish","hentry"],"post_mailing_queue_ids":[],"_links":{"self":[{"href":"https:\/\/agora.xtec.cat\/ceipmargallo\/wp-json\/wp\/v2\/pages\/12266","targetHints":{"allow":["GET"]}}],"collection":[{"href":"https:\/\/agora.xtec.cat\/ceipmargallo\/wp-json\/wp\/v2\/pages"}],"about":[{"href":"https:\/\/agora.xtec.cat\/ceipmargallo\/wp-json\/wp\/v2\/types\/page"}],"author":[{"embeddable":true,"href":"https:\/\/agora.xtec.cat\/ceipmargallo\/wp-json\/wp\/v2\/users\/6"}],"replies":[{"embeddable":true,"href":"https:\/\/agora.xtec.cat\/ceipmargallo\/wp-json\/wp\/v2\/comments?post=12266"}],"version-history":[{"count":7,"href":"https:\/\/agora.xtec.cat\/ceipmargallo\/wp-json\/wp\/v2\/pages\/12266\/revisions"}],"predecessor-version":[{"id":12294,"href":"https:\/\/agora.xtec.cat\/ceipmargallo\/wp-json\/wp\/v2\/pages\/12266\/revisions\/12294"}],"wp:attachment":[{"href":"https:\/\/agora.xtec.cat\/ceipmargallo\/wp-json\/wp\/v2\/media?parent=12266"}],"curies":[{"name":"wp","href":"https:\/\/api.w.org\/{rel}","templated":true}]}}