{"id":11535,"date":"2022-09-21T16:15:38","date_gmt":"2022-09-21T14:15:38","guid":{"rendered":"https:\/\/agora.xtec.cat\/ceipmargallo\/?page_id=11535"},"modified":"2022-09-21T16:29:20","modified_gmt":"2022-09-21T14:29:20","slug":"nit-de-la-recerca","status":"publish","type":"page","link":"https:\/\/agora.xtec.cat\/ceipmargallo\/nit-de-la-recerca\/","title":{"rendered":"Nit de la Recerca"},"content":{"rendered":"<h3><span style=\"color: #0000ff;\"><strong>QU\u00c8 \u00c9S?<\/strong><\/span><\/h3>\n<p><span style=\"font-weight: 400;\">La <\/span><b>Nit Europea de la Recerca<\/b><span style=\"font-weight: 400;\"> \u00e9s un esdeveniment p\u00fablic dedicat a la divulgaci\u00f3 de la ci\u00e8ncia,\u00a0 promogut per\u00a0 la Comissi\u00f3 Europea en el marc de les accions de Marie Sktodowsca-Curie del programa Horitzons 2020.<\/span><\/p>\n<p><span style=\"font-weight: 400;\">El seu objectiu \u00e9s apropar la recerca, la innovaci\u00f3 i els seus protagonistes\u00a0 al p\u00fablic de totes les edats de manera planera i divertida.<\/span><\/p>\n<p><a href=\"https:\/\/agora.xtec.cat\/ceipmargallo\/wp-content\/uploads\/usu1899\/2022\/09\/Nit-Europea-de-la-Recerca-2020.jpg\"><img loading=\"lazy\" decoding=\"async\" class=\"wp-image-11524 aligncenter\" src=\"https:\/\/agora.xtec.cat\/ceipmargallo\/wp-content\/uploads\/usu1899\/2022\/09\/Nit-Europea-de-la-Recerca-2020-1024x484.jpg\" alt=\"\" width=\"410\" height=\"194\" srcset=\"https:\/\/agora.xtec.cat\/ceipmargallo\/wp-content\/uploads\/usu1899\/2022\/09\/Nit-Europea-de-la-Recerca-2020-1024x484.jpg 1024w, https:\/\/agora.xtec.cat\/ceipmargallo\/wp-content\/uploads\/usu1899\/2022\/09\/Nit-Europea-de-la-Recerca-2020-300x142.jpg 300w, https:\/\/agora.xtec.cat\/ceipmargallo\/wp-content\/uploads\/usu1899\/2022\/09\/Nit-Europea-de-la-Recerca-2020-768x363.jpg 768w, https:\/\/agora.xtec.cat\/ceipmargallo\/wp-content\/uploads\/usu1899\/2022\/09\/Nit-Europea-de-la-Recerca-2020-1536x726.jpg 1536w, https:\/\/agora.xtec.cat\/ceipmargallo\/wp-content\/uploads\/usu1899\/2022\/09\/Nit-Europea-de-la-Recerca-2020.jpg 1600w\" sizes=\"auto, (max-width: 410px) 100vw, 410px\" \/><\/a><\/p>\n<h3><span style=\"color: #0000ff;\"><strong>QUAN I ON ES CELEBRA?<\/strong><\/span><\/h3>\n<p><span style=\"font-weight: 400;\">Es celebra cada \u00faltim divendres del mes de setembre, a m\u00e9s de 300 ciutats\u00a0 de 30 pa\u00efsos europeus.\u00a0<\/span><\/p>\n<p><span style=\"font-weight: 400;\">I ARA VE EL M\u00c9S IMPORTANT!!!!!!! Aquest any, <\/span><b>l\u2019Escola Margall\u00f3<\/b> <b>organitza la celebraci\u00f3 de la Nit Europea de la Recerca a Castelldefels.<\/b><\/p>\n<p><!--more--><\/p>\n<h3><span style=\"color: #0000ff;\"><strong>COM L&#8217;ESCOLA HI PARTICIPA?<\/strong><\/span><\/h3>\n<p><span style=\"font-weight: 400;\">Com escola formem part<\/span><span style=\"font-weight: 400;\">\u00a0del Projecte Magnet. \u00c9s per aix\u00f2 que, en col\u00b7laboraci\u00f3 amb el Liceu, participem d\u2019aquesta nit relacionant la ci\u00e8ncia amb les arts esc\u00e8niques.<\/span><\/p>\n<p><span style=\"font-weight: 400;\">Organitzarem uns tallers a la Pla\u00e7a de l\u2019Esgl\u00e9sia i als edificis i carrers del voltant, aquest <strong>divendres 30 de setembre des de les 18:00 fins a les 19:30.<\/strong><\/span><\/p>\n<p><a href=\"https:\/\/agora.xtec.cat\/ceipmargallo\/wp-content\/uploads\/usu1899\/2022\/09\/MAPA-NIT-RECERCA.png\"><img loading=\"lazy\" decoding=\"async\" class=\"wp-image-11518 aligncenter\" src=\"https:\/\/agora.xtec.cat\/ceipmargallo\/wp-content\/uploads\/usu1899\/2022\/09\/MAPA-NIT-RECERCA.png\" alt=\"\" width=\"466\" height=\"471\" srcset=\"https:\/\/agora.xtec.cat\/ceipmargallo\/wp-content\/uploads\/usu1899\/2022\/09\/MAPA-NIT-RECERCA.png 779w, https:\/\/agora.xtec.cat\/ceipmargallo\/wp-content\/uploads\/usu1899\/2022\/09\/MAPA-NIT-RECERCA-297x300.png 297w, https:\/\/agora.xtec.cat\/ceipmargallo\/wp-content\/uploads\/usu1899\/2022\/09\/MAPA-NIT-RECERCA-768x776.png 768w\" sizes=\"auto, (max-width: 466px) 100vw, 466px\" \/><\/a><\/p>\n<p><span style=\"font-weight: 400;\">L\u2019objectiu dels tallers \u00e9s gaudir per\u00f2 tamb\u00e9 aprendre.<\/span><\/p>\n<p><span style=\"font-weight: 400;\">Cada <\/span><b>taller<\/b><span style=\"font-weight: 400;\"> t\u00e9 una pregunta qu\u00e8 s\u2019ha d\u2019investigar.\u00a0<\/span><\/p>\n<p><span style=\"font-weight: 400;\">Els tallers i les seves preguntes s\u00f3n:<\/span><\/p>\n<ul>\n<li style=\"font-weight: 400;\" aria-level=\"1\"><span style=\"font-weight: 400;\"><strong>Taller de Circ:<\/strong> Per qu\u00e8 cauen els objectes?<\/span><\/li>\n<li style=\"font-weight: 400;\" aria-level=\"1\"><span style=\"font-weight: 400;\"><strong>Taller de Dansa:<\/strong> Un ballar\u00ed \u00e9s un esportista?<\/span><\/li>\n<li style=\"font-weight: 400;\" aria-level=\"1\"><span style=\"font-weight: 400;\"><strong>Taller de Percussi\u00f3:<\/strong> Una persona sorda pot composar i gaudir de la m\u00fasica?<\/span><\/li>\n<li style=\"font-weight: 400;\" aria-level=\"1\"><span style=\"font-weight: 400;\"><strong>Taller de la llum:<\/strong> Per qu\u00e8 hi ha elements que brillen?<\/span><\/li>\n<li style=\"font-weight: 400;\" aria-level=\"1\"><span style=\"font-weight: 400;\"><strong>Taller de m\u00fasica i pintura:<\/strong> La m\u00fasica ens mou?<\/span><\/li>\n<\/ul>\n<p><span style=\"font-weight: 400;\">Us animem a venir a investigar, a aprendre coses noves i a gaudir amb nosaltres.\u00a0<\/span><\/p>\n<p><b>Ser\u00e0 una experi\u00e8ncia \u00fanica, enriquidora i mooolt divertida!!!!!!!!!!!!<\/b><\/p>\n<p>&nbsp;<\/p>\n<p>L&#8217;article ha estat escrit pels infants de 6\u00e8 de prim\u00e0ria<\/p>\n<p>&nbsp;<\/p>\n<p><img loading=\"lazy\" decoding=\"async\" class=\"aligncenter\" src=\"https:\/\/agora.xtec.cat\/ceipmargallo\/wp-content\/uploads\/usu1899\/2022\/09\/BANNER-NIT-RECERCA_page-0001-RETALLAT.jpg\" alt=\"\" width=\"707\" height=\"202\" \/><\/p>\n<p>&nbsp;<\/p>\n","protected":false},"excerpt":{"rendered":"<p>QU\u00c8 \u00c9S? La Nit Europea de la Recerca \u00e9s un esdeveniment p\u00fablic dedicat a la divulgaci\u00f3 de la ci\u00e8ncia,\u00a0 promogut per\u00a0 la Comissi\u00f3 Europea en el marc de les accions de Marie Sktodowsca-Curie del programa Horitzons 2020. El seu objectiu \u00e9s apropar la recerca, la innovaci\u00f3 i els seus protagonistes\u00a0 al p\u00fablic de totes les [&hellip;]<\/p>\n","protected":false},"author":6,"featured_media":0,"parent":0,"menu_order":0,"comment_status":"closed","ping_status":"closed","template":"","meta":{"_bbp_topic_count":0,"_bbp_reply_count":0,"_bbp_total_topic_count":0,"_bbp_total_reply_count":0,"_bbp_voice_count":0,"_bbp_anonymous_reply_count":0,"_bbp_topic_count_hidden":0,"_bbp_reply_count_hidden":0,"_bbp_forum_subforum_count":0,"site-sidebar-layout":"default","site-content-layout":"","ast-site-content-layout":"","site-content-style":"default","site-sidebar-style":"default","ast-global-header-display":"","ast-banner-title-visibility":"","ast-main-header-display":"","ast-hfb-above-header-display":"","ast-hfb-below-header-display":"","ast-hfb-mobile-header-display":"","site-post-title":"","ast-breadcrumbs-content":"","ast-featured-img":"","footer-sml-layout":"","theme-transparent-header-meta":"","adv-header-id-meta":"","stick-header-meta":"","header-above-stick-meta":"","header-main-stick-meta":"","header-below-stick-meta":"","astra-migrate-meta-layouts":"default","ast-page-background-enabled":"default","ast-page-background-meta":{"desktop":{"background-color":"var(--ast-global-color-4)","background-image":"","background-repeat":"repeat","background-position":"center center","background-size":"auto","background-attachment":"scroll","background-type":"","background-media":"","overlay-type":"","overlay-color":"","overlay-opacity":"","overlay-gradient":""},"tablet":{"background-color":"","background-image":"","background-repeat":"repeat","background-position":"center center","background-size":"auto","background-attachment":"scroll","background-type":"","background-media":"","overlay-type":"","overlay-color":"","overlay-opacity":"","overlay-gradient":""},"mobile":{"background-color":"","background-image":"","background-repeat":"repeat","background-position":"center center","background-size":"auto","background-attachment":"scroll","background-type":"","background-media":"","overlay-type":"","overlay-color":"","overlay-opacity":"","overlay-gradient":""}},"ast-content-background-meta":{"desktop":{"background-color":"var(--ast-global-color-5)","background-image":"","background-repeat":"repeat","background-position":"center center","background-size":"auto","background-attachment":"scroll","background-type":"","background-media":"","overlay-type":"","overlay-color":"","overlay-opacity":"","overlay-gradient":""},"tablet":{"background-color":"var(--ast-global-color-5)","background-image":"","background-repeat":"repeat","background-position":"center center","background-size":"auto","background-attachment":"scroll","background-type":"","background-media":"","overlay-type":"","overlay-color":"","overlay-opacity":"","overlay-gradient":""},"mobile":{"background-color":"var(--ast-global-color-5)","background-image":"","background-repeat":"repeat","background-position":"center center","background-size":"auto","background-attachment":"scroll","background-type":"","background-media":"","overlay-type":"","overlay-color":"","overlay-opacity":"","overlay-gradient":""}},"footnotes":""},"class_list":["post-11535","page","type-page","status-publish","hentry"],"post_mailing_queue_ids":[],"_links":{"self":[{"href":"https:\/\/agora.xtec.cat\/ceipmargallo\/wp-json\/wp\/v2\/pages\/11535","targetHints":{"allow":["GET"]}}],"collection":[{"href":"https:\/\/agora.xtec.cat\/ceipmargallo\/wp-json\/wp\/v2\/pages"}],"about":[{"href":"https:\/\/agora.xtec.cat\/ceipmargallo\/wp-json\/wp\/v2\/types\/page"}],"author":[{"embeddable":true,"href":"https:\/\/agora.xtec.cat\/ceipmargallo\/wp-json\/wp\/v2\/users\/6"}],"replies":[{"embeddable":true,"href":"https:\/\/agora.xtec.cat\/ceipmargallo\/wp-json\/wp\/v2\/comments?post=11535"}],"version-history":[{"count":4,"href":"https:\/\/agora.xtec.cat\/ceipmargallo\/wp-json\/wp\/v2\/pages\/11535\/revisions"}],"predecessor-version":[{"id":11549,"href":"https:\/\/agora.xtec.cat\/ceipmargallo\/wp-json\/wp\/v2\/pages\/11535\/revisions\/11549"}],"wp:attachment":[{"href":"https:\/\/agora.xtec.cat\/ceipmargallo\/wp-json\/wp\/v2\/media?parent=11535"}],"curies":[{"name":"wp","href":"https:\/\/api.w.org\/{rel}","templated":true}]}}