{"id":10676,"date":"2022-02-28T20:49:56","date_gmt":"2022-02-28T19:49:56","guid":{"rendered":"https:\/\/agora.xtec.cat\/ceipmargallo\/?page_id=10676"},"modified":"2023-02-18T21:03:01","modified_gmt":"2023-02-18T20:03:01","slug":"racons","status":"publish","type":"page","link":"https:\/\/agora.xtec.cat\/ceipmargallo\/racons\/","title":{"rendered":"Racons d&#8217;aprenentatge"},"content":{"rendered":"<p><span style=\"font-weight: 400;\">El treball per racons \u00e9s una proposta metodol\u00f2gica que proposa delimitar, dintre de l\u2019aula, diferents espais on els nostres alumnes puguin realitzar de manera simult\u00e0nia diferents activitats de tipus cognitiu, manipulatiu i simb\u00f2lic.<\/span><\/p>\n<p><span style=\"font-weight: 400;\">La manera d\u2019organitzar la classe \u00e9s oferir una gran varietat de propostes a les quals els <\/span><span style=\"font-weight: 400;\">infants poden accedir d\u2019una forma oberta. Els nens poden realizar activitats aut\u00f2nomament, amb d\u2019altres companys o amb l\u2019adult.<\/span><\/p>\n<p><span style=\"font-weight: 400;\">Aquesta manera de treballar implica una metodologia m\u00e9s creativa i flexible, en la que el rol del mestre es dinamitzar els aprenentatges i proporcionar oportunitats per que els alumnes puguin explorar tots els centres d\u2019aprenentatges. Els continguts d\u2019aprenentatge s&#8217;assoleixen progressivament mitjan\u00e7ant propostes i materials enfocats als interessos i necessitats de cada moment i respectant els diferents ritmes d&#8217;aprenentatge.\u00a0<\/span><\/p>\n<p><span style=\"font-weight: 400;\">El treball per racons es fonamental pel desenvolupament global de cada infant, t\u00e9 en compte les necessitats cognitives, motrius, afectives i socials.Per tal de que aquesta concepci\u00f3 del proc\u00e9s d\u2019ensenyament aprenentatge sigui efectiva han de haver-hi uns canvis pel que fa al rol dels mestres i al rol de l\u2019alumnat.<\/span><\/p>\n","protected":false},"excerpt":{"rendered":"<p>El treball per racons \u00e9s una proposta metodol\u00f2gica que proposa delimitar, dintre de l\u2019aula, diferents espais on els nostres alumnes puguin realitzar de manera simult\u00e0nia diferents activitats de tipus cognitiu, manipulatiu i simb\u00f2lic. La manera d\u2019organitzar la classe \u00e9s oferir una gran varietat de propostes a les quals els infants poden accedir d\u2019una forma oberta. [&hellip;]<\/p>\n","protected":false},"author":6,"featured_media":0,"parent":0,"menu_order":0,"comment_status":"closed","ping_status":"closed","template":"","meta":{"_bbp_topic_count":0,"_bbp_reply_count":0,"_bbp_total_topic_count":0,"_bbp_total_reply_count":0,"_bbp_voice_count":0,"_bbp_anonymous_reply_count":0,"_bbp_topic_count_hidden":0,"_bbp_reply_count_hidden":0,"_bbp_forum_subforum_count":0,"site-sidebar-layout":"default","site-content-layout":"","ast-site-content-layout":"","site-content-style":"default","site-sidebar-style":"default","ast-global-header-display":"","ast-banner-title-visibility":"","ast-main-header-display":"","ast-hfb-above-header-display":"","ast-hfb-below-header-display":"","ast-hfb-mobile-header-display":"","site-post-title":"","ast-breadcrumbs-content":"","ast-featured-img":"","footer-sml-layout":"","theme-transparent-header-meta":"","adv-header-id-meta":"","stick-header-meta":"","header-above-stick-meta":"","header-main-stick-meta":"","header-below-stick-meta":"","astra-migrate-meta-layouts":"default","ast-page-background-enabled":"default","ast-page-background-meta":{"desktop":{"background-color":"var(--ast-global-color-4)","background-image":"","background-repeat":"repeat","background-position":"center center","background-size":"auto","background-attachment":"scroll","background-type":"","background-media":"","overlay-type":"","overlay-color":"","overlay-opacity":"","overlay-gradient":""},"tablet":{"background-color":"","background-image":"","background-repeat":"repeat","background-position":"center center","background-size":"auto","background-attachment":"scroll","background-type":"","background-media":"","overlay-type":"","overlay-color":"","overlay-opacity":"","overlay-gradient":""},"mobile":{"background-color":"","background-image":"","background-repeat":"repeat","background-position":"center center","background-size":"auto","background-attachment":"scroll","background-type":"","background-media":"","overlay-type":"","overlay-color":"","overlay-opacity":"","overlay-gradient":""}},"ast-content-background-meta":{"desktop":{"background-color":"var(--ast-global-color-5)","background-image":"","background-repeat":"repeat","background-position":"center center","background-size":"auto","background-attachment":"scroll","background-type":"","background-media":"","overlay-type":"","overlay-color":"","overlay-opacity":"","overlay-gradient":""},"tablet":{"background-color":"var(--ast-global-color-5)","background-image":"","background-repeat":"repeat","background-position":"center center","background-size":"auto","background-attachment":"scroll","background-type":"","background-media":"","overlay-type":"","overlay-color":"","overlay-opacity":"","overlay-gradient":""},"mobile":{"background-color":"var(--ast-global-color-5)","background-image":"","background-repeat":"repeat","background-position":"center center","background-size":"auto","background-attachment":"scroll","background-type":"","background-media":"","overlay-type":"","overlay-color":"","overlay-opacity":"","overlay-gradient":""}},"footnotes":""},"class_list":["post-10676","page","type-page","status-publish","hentry"],"post_mailing_queue_ids":[],"_links":{"self":[{"href":"https:\/\/agora.xtec.cat\/ceipmargallo\/wp-json\/wp\/v2\/pages\/10676","targetHints":{"allow":["GET"]}}],"collection":[{"href":"https:\/\/agora.xtec.cat\/ceipmargallo\/wp-json\/wp\/v2\/pages"}],"about":[{"href":"https:\/\/agora.xtec.cat\/ceipmargallo\/wp-json\/wp\/v2\/types\/page"}],"author":[{"embeddable":true,"href":"https:\/\/agora.xtec.cat\/ceipmargallo\/wp-json\/wp\/v2\/users\/6"}],"replies":[{"embeddable":true,"href":"https:\/\/agora.xtec.cat\/ceipmargallo\/wp-json\/wp\/v2\/comments?post=10676"}],"version-history":[{"count":3,"href":"https:\/\/agora.xtec.cat\/ceipmargallo\/wp-json\/wp\/v2\/pages\/10676\/revisions"}],"predecessor-version":[{"id":12264,"href":"https:\/\/agora.xtec.cat\/ceipmargallo\/wp-json\/wp\/v2\/pages\/10676\/revisions\/12264"}],"wp:attachment":[{"href":"https:\/\/agora.xtec.cat\/ceipmargallo\/wp-json\/wp\/v2\/media?parent=10676"}],"curies":[{"name":"wp","href":"https:\/\/api.w.org\/{rel}","templated":true}]}}