{"id":26,"date":"2014-09-18T12:24:32","date_gmt":"2014-09-18T12:24:32","guid":{"rendered":"http:\/\/agora.xtec.cat\/ceipmarededeumontserrat\/\/?page_id=26"},"modified":"2022-01-23T11:08:27","modified_gmt":"2022-01-23T10:08:27","slug":"historia","status":"publish","type":"page","link":"https:\/\/agora.xtec.cat\/ceipmarededeumontserrat\/lescola\/historia\/","title":{"rendered":"Hist\u00f2ria"},"content":{"rendered":"<figure class=\"figure wp-caption alignright\"><img loading=\"lazy\" decoding=\"async\" class=\"wp-image-191 size-full\" src=\"http:\/\/agora.xtec.cat\/ceipmarededeumontserrat\/wp-content\/uploads\/usu324\/2014\/09\/Captura-de-pantalla-2015-03-21-a-las-12.22.56.png\" alt=\"Captura de pantalla 2015-03-21 a las 12.22.56\" width=\"147\" height=\"100\" \/><figcaption class=\"wp-caption-text\"><span style=\"color: #ff6600;\">Metge Carreras<\/span><\/figcaption><\/figure>\n<figure class=\"figure wp-caption alignleft\"><a href=\"http:\/\/agora.xtec.cat\/ceipmarededeumontserrat\/wp-content\/uploads\/usu324\/2014\/09\/220px-Jeroni_Martorell_i_Terrats.jpg\"><img loading=\"lazy\" decoding=\"async\" class=\"wp-image-190 \" src=\"http:\/\/agora.xtec.cat\/ceipmarededeumontserrat\/wp-content\/uploads\/usu324\/2014\/09\/220px-Jeroni_Martorell_i_Terrats.jpg\" alt=\"220px-Jeroni_Martorell_i_Terrats\" width=\"149\" height=\"194\" \/><\/a><figcaption class=\"wp-caption-text\"><span style=\"color: #ff6600;\">Jeroni Martorell i Terrats<\/span><\/figcaption><\/figure>\n<p align=\"justify\"><span style=\"color: #800080;\">A Olesa a l\u2019any 1925 es va plantejar la necessitat que hi hagu\u00e9s un edifici escolar de nens i nenes. Es van presentar\u00a0diversos projectes i el 10 de juny del 1927 va ser acceptat el de l\u2019 arquitecte Jeroni Martorell i Terrats, que era l\u2019arquitecte director de la Diputaci\u00f3 de Barcelona i m\u00e9s tard l&#8217;arquitecte director de la Generalitat. En aquell temps n\u2019era alcalde de la nostra vila en Salvador Casas.<\/span><\/p>\n<p align=\"justify\"><span style=\"color: #800080;\">La durada de les obres va ser de 18 mesos, acabant-se a l\u2019abril de 1930. El seu cost va ser de 255.913,10 pessetes. Ha tingut diversos noms: des de &#8221; Escuela Nacional de ni\u00f1os y ni\u00f1as &#8221; fins a &#8221; Escola Mare de D\u00e9u de Montserrat&#8221;. Un dels benefactors d&#8217;aquesta obra va l&#8217;insigne Metge Carreras.<\/span><\/p>\n<p align=\"justify\"><span style=\"color: #800080;\">A finals de juny de 1996 es van acabar les obres de remodelaci\u00f3. A l&#8217;any es va ampliar l&#8217;edifici passant a ser una escola de doble l\u00ednia.<\/span><\/p>\n","protected":false},"excerpt":{"rendered":"<p>Metge Carreras<br \/>\n<a href=\"http:\/\/agora.xtec.cat\/ceipmarededeumontserrat\/wp-content\/uploads\/usu324\/2014\/09\/220px-Jeroni_Martorell_i_Terrats.jpg\"><\/a>Jeroni Martorell i Terrats<br \/>\nA Olesa a l\u2019any 1925 es va plantejar la necessitat que hi hagu\u00e9s un edifici escolar de nens i nenes. Es van presentar\u00a0diversos projectes i el 10 de juny del 1927 va ser acceptat el de l\u2019 arquitecte Jeroni Martorell&hellip;  <a href=\"https:\/\/agora.xtec.cat\/ceipmarededeumontserrat\/lescola\/historia\/\" title=\"Read Hist\u00f2ria\">Llegeix m\u00e9s\u00bb<\/a><\/p>\n","protected":false},"author":2,"featured_media":0,"parent":22,"menu_order":20,"comment_status":"closed","ping_status":"closed","template":"page-templates\/side-menu.php","meta":{"_bbp_topic_count":0,"_bbp_reply_count":0,"_bbp_total_topic_count":0,"_bbp_total_reply_count":0,"_bbp_voice_count":0,"_bbp_anonymous_reply_count":0,"_bbp_topic_count_hidden":0,"_bbp_reply_count_hidden":0,"_bbp_forum_subforum_count":0,"footnotes":""},"class_list":["post-26","page","type-page","status-publish","hentry"],"post_mailing_queue_ids":[],"_links":{"self":[{"href":"https:\/\/agora.xtec.cat\/ceipmarededeumontserrat\/wp-json\/wp\/v2\/pages\/26","targetHints":{"allow":["GET"]}}],"collection":[{"href":"https:\/\/agora.xtec.cat\/ceipmarededeumontserrat\/wp-json\/wp\/v2\/pages"}],"about":[{"href":"https:\/\/agora.xtec.cat\/ceipmarededeumontserrat\/wp-json\/wp\/v2\/types\/page"}],"author":[{"embeddable":true,"href":"https:\/\/agora.xtec.cat\/ceipmarededeumontserrat\/wp-json\/wp\/v2\/users\/2"}],"replies":[{"embeddable":true,"href":"https:\/\/agora.xtec.cat\/ceipmarededeumontserrat\/wp-json\/wp\/v2\/comments?post=26"}],"version-history":[{"count":4,"href":"https:\/\/agora.xtec.cat\/ceipmarededeumontserrat\/wp-json\/wp\/v2\/pages\/26\/revisions"}],"predecessor-version":[{"id":2303,"href":"https:\/\/agora.xtec.cat\/ceipmarededeumontserrat\/wp-json\/wp\/v2\/pages\/26\/revisions\/2303"}],"up":[{"embeddable":true,"href":"https:\/\/agora.xtec.cat\/ceipmarededeumontserrat\/wp-json\/wp\/v2\/pages\/22"}],"wp:attachment":[{"href":"https:\/\/agora.xtec.cat\/ceipmarededeumontserrat\/wp-json\/wp\/v2\/media?parent=26"}],"curies":[{"name":"wp","href":"https:\/\/api.w.org\/{rel}","templated":true}]}}