{"id":36,"date":"2014-09-18T12:33:11","date_gmt":"2014-09-18T11:33:11","guid":{"rendered":"http:\/\/agora.xtec.cat\/ceipmarededeudelaroca\/?page_id=36"},"modified":"2023-03-02T13:07:34","modified_gmt":"2023-03-02T12:07:34","slug":"material-escolar","status":"publish","type":"page","link":"https:\/\/agora.xtec.cat\/ceipmarededeudelaroca\/escola\/material-escolar\/","title":{"rendered":"Plantejament institucional"},"content":{"rendered":"<p><em>L\u2019Escola Mare de D\u00e9u de la Roca \u00e9s una<strong> escola p\u00fablica, catalana, laica, inclusiva i plural<\/strong> que s\u2019adapta als canvis de la societat integrant-los en el proc\u00e9s d\u2019ensenyament-aprenentatge.<\/em><\/p>\n<p><a href=\"https:\/\/agora.xtec.cat\/ceipmarededeudelaroca\/wp-content\/uploads\/usu2452\/2020\/05\/ideari.jpg\"><img loading=\"lazy\" decoding=\"async\" class=\"size-large wp-image-1688 aligncenter\" src=\"https:\/\/agora.xtec.cat\/ceipmarededeudelaroca\/wp-content\/uploads\/usu2452\/2020\/05\/ideari-732x1024.jpg\" alt=\"\" width=\"732\" height=\"1024\" srcset=\"https:\/\/agora.xtec.cat\/ceipmarededeudelaroca\/wp-content\/uploads\/usu2452\/2020\/05\/ideari-732x1024.jpg 732w, https:\/\/agora.xtec.cat\/ceipmarededeudelaroca\/wp-content\/uploads\/usu2452\/2020\/05\/ideari-214x300.jpg 214w, https:\/\/agora.xtec.cat\/ceipmarededeudelaroca\/wp-content\/uploads\/usu2452\/2020\/05\/ideari-768x1075.jpg 768w, https:\/\/agora.xtec.cat\/ceipmarededeudelaroca\/wp-content\/uploads\/usu2452\/2020\/05\/ideari.jpg 1139w\" sizes=\"auto, (max-width: 732px) 100vw, 732px\" \/><\/a><\/p>\n<h3><em><strong>Missi\u00f3<\/strong><\/em><\/h3>\n<p>L\u2019escola proposa desenvolupar la capacitat de relaci\u00f3 harm\u00f2nica de l\u2019individu amb si mateix i amb les altres persones. Inclou tant l\u2019habilitat de sentir i comprendre les emocions i els sentiments d\u2019un mateix i dels altres, com el fet de saber emprar la informaci\u00f3 que ens proporcionen per tal d\u2019orientar el propi pensament i les pr\u00f2pies accions.<br \/>\nVolem formar persones integres, equilibrades socio-emocionalment, respectuoses, tolerants, cr\u00edtiques, creatives, participatives, democr\u00e0tiques i amb capacitat d\u2019assolir les compet\u00e8ncies necess\u00e0ries per aprendre cont\u00ednuament i integrar-se plenament a la societat.<br \/>\nSom una escola oberta a la comunitat educativa. Incentivem la col\u00b7laboraci\u00f3, el comprom\u00eds i al responsabilitat de tots els seus membres. Cerquem l\u2019entesa i la cooperaci\u00f3 amb les administracions p\u00fabliques.<br \/>\nPromovem l\u2019equitat, la cohesi\u00f3 social, la conviv\u00e8ncia, eduquem en la sostenibilitat i en el respecte al medi ambient. Vetllem per la integraci\u00f3 de les noves tecnologies en l\u2019aprenentatge.<\/p>\n<h3><em><strong>Visi\u00f3<\/strong><\/em><\/h3>\n<p>L\u2019escola ha de contribuir a adquirir, fins al m\u00e0xim de les possibilitats de cadasc\u00fa. Volem que els nostres alumnes assoleixin les habilitats socials i personals, aix\u00ed com les compet\u00e8ncies b\u00e0siques que els permetin la plena integraci\u00f3 social i laboral, amb un bon nivell de comprensi\u00f3 i expressi\u00f3 oral i escrita, mostrant gust per la lectura i amb un bon raonament l\u00f2gic i matem\u00e0tic.<br \/>\nPotenciem l\u2019aprenentatge significatiu i competencial, l\u2019adaptaci\u00f3 a les noves tecnologies, l\u2019experimentaci\u00f3 i el coneixement del nostre entorn.<br \/>\nVolem una escola activa, innovadora amb professionals compromesos amb el centre i interessats en millorar la seva formaci\u00f3.<br \/>\nValorem la import\u00e0ncia del pluriling\u00fcisme i la necessitar d\u2019impulsar el coneixement de les lleng\u00fces estrangeres. Cal normalitzar l\u2019\u00fas de la llengua catalana en la relaci\u00f3 de tots els membres de la comunitat educativa.<\/p>\n<h3><strong>Valors<\/strong><\/h3>\n<p>Fomentarem els seg\u00fcents valors: Democr\u00e0tics, de solidaritat, de conviv\u00e8ncia,, d\u2019empatia amb la diversitat i la no discriminaci\u00f3, de respecte del pluralisme social i ideol\u00f2gic, de la llibertat religiosa i de la diversitat d\u2019opinions.<br \/>\nVolem una escola inclusiva per tal de millorar la cohesi\u00f3 social i potenciar l\u2019atenci\u00f3 a la diversitat.<br \/>\nEl respecte a l\u2019entorn natural i social i el comprom\u00eds amb la llengua i cultura catalana s\u00f3n tamb\u00e9 valors que sempre tenim presents aix\u00ed com la coeducaci\u00f3, la cultura per la pau, el respecte als drets humans, la cultura de l\u2019esfor\u00e7 i del treball ben fet.<br \/>\nEntenem l\u2019educaci\u00f3 dels infants com un proc\u00e9s integral de formaci\u00f3 de les persones que va m\u00e9s enll\u00e0 de l\u2019escola i que perdura al llarg de la vida.<\/p>\n<p>&nbsp;<\/p>\n","protected":false},"excerpt":{"rendered":"<p>L\u2019Escola Mare de D\u00e9u de la Roca \u00e9s una escola p\u00fablica, catalana, laica, inclusiva i plural que s\u2019adapta als canvis de la societat integrant-los en el proc\u00e9s d\u2019ensenyament-aprenentatge. Missi\u00f3 L\u2019escola proposa desenvolupar la capacitat de relaci\u00f3 harm\u00f2nica de l\u2019individu amb si mateix i amb les altres persones. Inclou tant l\u2019habilitat de sentir i comprendre les [&hellip;]<\/p>\n","protected":false},"author":1,"featured_media":0,"parent":477,"menu_order":0,"comment_status":"closed","ping_status":"closed","template":"page-templates\/side-menu.php","meta":{"_bbp_topic_count":0,"_bbp_reply_count":0,"_bbp_total_topic_count":0,"_bbp_total_reply_count":0,"_bbp_voice_count":0,"_bbp_anonymous_reply_count":0,"_bbp_topic_count_hidden":0,"_bbp_reply_count_hidden":0,"_bbp_forum_subforum_count":0,"site-sidebar-layout":"default","site-content-layout":"","ast-site-content-layout":"","site-content-style":"default","site-sidebar-style":"default","ast-global-header-display":"","ast-banner-title-visibility":"","ast-main-header-display":"","ast-hfb-above-header-display":"","ast-hfb-below-header-display":"","ast-hfb-mobile-header-display":"","site-post-title":"","ast-breadcrumbs-content":"","ast-featured-img":"","footer-sml-layout":"","theme-transparent-header-meta":"","adv-header-id-meta":"","stick-header-meta":"","header-above-stick-meta":"","header-main-stick-meta":"","header-below-stick-meta":"","astra-migrate-meta-layouts":"default","ast-page-background-enabled":"default","ast-page-background-meta":{"desktop":{"background-color":"var(--ast-global-color-4)","background-image":"","background-repeat":"repeat","background-position":"center center","background-size":"auto","background-attachment":"scroll","background-type":"","background-media":"","overlay-type":"","overlay-color":"","overlay-opacity":"","overlay-gradient":""},"tablet":{"background-color":"","background-image":"","background-repeat":"repeat","background-position":"center center","background-size":"auto","background-attachment":"scroll","background-type":"","background-media":"","overlay-type":"","overlay-color":"","overlay-opacity":"","overlay-gradient":""},"mobile":{"background-color":"","background-image":"","background-repeat":"repeat","background-position":"center center","background-size":"auto","background-attachment":"scroll","background-type":"","background-media":"","overlay-type":"","overlay-color":"","overlay-opacity":"","overlay-gradient":""}},"ast-content-background-meta":{"desktop":{"background-color":"var(--ast-global-color-5)","background-image":"","background-repeat":"repeat","background-position":"center center","background-size":"auto","background-attachment":"scroll","background-type":"","background-media":"","overlay-type":"","overlay-color":"","overlay-opacity":"","overlay-gradient":""},"tablet":{"background-color":"var(--ast-global-color-5)","background-image":"","background-repeat":"repeat","background-position":"center center","background-size":"auto","background-attachment":"scroll","background-type":"","background-media":"","overlay-type":"","overlay-color":"","overlay-opacity":"","overlay-gradient":""},"mobile":{"background-color":"var(--ast-global-color-5)","background-image":"","background-repeat":"repeat","background-position":"center center","background-size":"auto","background-attachment":"scroll","background-type":"","background-media":"","overlay-type":"","overlay-color":"","overlay-opacity":"","overlay-gradient":""}},"footnotes":""},"class_list":["post-36","page","type-page","status-publish","hentry"],"post_mailing_queue_ids":[],"_links":{"self":[{"href":"https:\/\/agora.xtec.cat\/ceipmarededeudelaroca\/wp-json\/wp\/v2\/pages\/36","targetHints":{"allow":["GET"]}}],"collection":[{"href":"https:\/\/agora.xtec.cat\/ceipmarededeudelaroca\/wp-json\/wp\/v2\/pages"}],"about":[{"href":"https:\/\/agora.xtec.cat\/ceipmarededeudelaroca\/wp-json\/wp\/v2\/types\/page"}],"author":[{"embeddable":true,"href":"https:\/\/agora.xtec.cat\/ceipmarededeudelaroca\/wp-json\/wp\/v2\/users\/1"}],"replies":[{"embeddable":true,"href":"https:\/\/agora.xtec.cat\/ceipmarededeudelaroca\/wp-json\/wp\/v2\/comments?post=36"}],"version-history":[{"count":4,"href":"https:\/\/agora.xtec.cat\/ceipmarededeudelaroca\/wp-json\/wp\/v2\/pages\/36\/revisions"}],"predecessor-version":[{"id":3262,"href":"https:\/\/agora.xtec.cat\/ceipmarededeudelaroca\/wp-json\/wp\/v2\/pages\/36\/revisions\/3262"}],"up":[{"embeddable":true,"href":"https:\/\/agora.xtec.cat\/ceipmarededeudelaroca\/wp-json\/wp\/v2\/pages\/477"}],"wp:attachment":[{"href":"https:\/\/agora.xtec.cat\/ceipmarededeudelaroca\/wp-json\/wp\/v2\/media?parent=36"}],"curies":[{"name":"wp","href":"https:\/\/api.w.org\/{rel}","templated":true}]}}