{"id":3214,"date":"2023-03-01T15:28:41","date_gmt":"2023-03-01T14:28:41","guid":{"rendered":"https:\/\/agora.xtec.cat\/ceipmarededeudelaroca\/?page_id=3214"},"modified":"2025-06-18T10:40:01","modified_gmt":"2025-06-18T08:40:01","slug":"ome","status":"publish","type":"page","link":"https:\/\/agora.xtec.cat\/ceipmarededeudelaroca\/ajuntament\/ome\/","title":{"rendered":"OME."},"content":{"rendered":"\n<p>Toda fam\u00edlia que necessiti suport inform\u00e0tic per tramitar la preinscripci\u00f3 pot sol\u00b7licitar-ho a <strong>l&#8217;OME (Oficina Municipal d&#8217;escolaritzaci\u00f3)&nbsp;<\/strong><\/p>\n\n\n\n<p>Recordeu demanar <strong><em>CITA PR\u00c8VIA<\/em><\/strong>.<\/p>\n\n\n\n<p><strong><em>On ens podeu trobar?<\/em><\/strong><\/p>\n\n\n\n<p>Carrer Soria, 16 . 43892. Miami Platja (Mont-roig del camp)<\/p>\n\n\n\n<p>Tel\u00e8fon: 977172865<\/p>\n\n\n\n<p><strong><em>Atenci\u00f3 presencial.<\/em><\/strong><\/p>\n\n\n\n<p>Demanar cita pr\u00e8via via tel\u00e8fon i correu electr\u00f2nic.<\/p>\n\n\n\n<p><strong><em>Atenci\u00f3 telef\u00f3nica:<\/em><\/strong><\/p>\n\n\n\n<p>977 172865 \/ 677 724637<\/p>\n\n\n\n<p><em><strong>Atenci\u00f3 per @.<\/strong><\/em><\/p>\n\n\n\n<p>ome@mont-roig.cat.<\/p>\n\n\n\n<p><em><strong>Horari:&nbsp;<\/strong><\/em><\/p>\n\n\n\n<p>De dilluns a divendres de 9:00h a 14:00h.<\/p>\n\n\n\n<p><em><strong>M\u00e9s informaci\u00f3:&nbsp;<\/strong><\/em><\/p>\n\n\n\n<p>www.mont-roig.cat\/educaci\u00f3.<\/p>\n\n\n\n<p>&nbsp;<\/p>\n","protected":false},"excerpt":{"rendered":"<p>Toda fam\u00edlia que necessiti suport inform\u00e0tic per tramitar la preinscripci\u00f3 pot sol\u00b7licitar-ho a l&#8217;OME (Oficina Municipal d&#8217;escolaritzaci\u00f3)&nbsp; Recordeu demanar CITA PR\u00c8VIA. On ens podeu trobar? Carrer Soria, 16 . 43892. Miami Platja (Mont-roig del camp) Tel\u00e8fon: 977172865 Atenci\u00f3 presencial. Demanar cita pr\u00e8via via tel\u00e8fon i correu electr\u00f2nic. Atenci\u00f3 telef\u00f3nica: 977 172865 \/ 677 724637 Atenci\u00f3 [&hellip;]<\/p>\n","protected":false},"author":6,"featured_media":0,"parent":3203,"menu_order":0,"comment_status":"closed","ping_status":"closed","template":"","meta":{"_bbp_topic_count":0,"_bbp_reply_count":0,"_bbp_total_topic_count":0,"_bbp_total_reply_count":0,"_bbp_voice_count":0,"_bbp_anonymous_reply_count":0,"_bbp_topic_count_hidden":0,"_bbp_reply_count_hidden":0,"_bbp_forum_subforum_count":0,"site-sidebar-layout":"default","site-content-layout":"","ast-site-content-layout":"default","site-content-style":"default","site-sidebar-style":"default","ast-global-header-display":"","ast-banner-title-visibility":"","ast-main-header-display":"","ast-hfb-above-header-display":"","ast-hfb-below-header-display":"","ast-hfb-mobile-header-display":"","site-post-title":"","ast-breadcrumbs-content":"","ast-featured-img":"","footer-sml-layout":"","theme-transparent-header-meta":"","adv-header-id-meta":"","stick-header-meta":"","header-above-stick-meta":"","header-main-stick-meta":"","header-below-stick-meta":"","astra-migrate-meta-layouts":"set","ast-page-background-enabled":"default","ast-page-background-meta":{"desktop":{"background-color":"var(--ast-global-color-4)","background-image":"","background-repeat":"repeat","background-position":"center center","background-size":"auto","background-attachment":"scroll","background-type":"","background-media":"","overlay-type":"","overlay-color":"","overlay-opacity":"","overlay-gradient":""},"tablet":{"background-color":"","background-image":"","background-repeat":"repeat","background-position":"center center","background-size":"auto","background-attachment":"scroll","background-type":"","background-media":"","overlay-type":"","overlay-color":"","overlay-opacity":"","overlay-gradient":""},"mobile":{"background-color":"","background-image":"","background-repeat":"repeat","background-position":"center center","background-size":"auto","background-attachment":"scroll","background-type":"","background-media":"","overlay-type":"","overlay-color":"","overlay-opacity":"","overlay-gradient":""}},"ast-content-background-meta":{"desktop":{"background-color":"var(--ast-global-color-5)","background-image":"","background-repeat":"repeat","background-position":"center center","background-size":"auto","background-attachment":"scroll","background-type":"","background-media":"","overlay-type":"","overlay-color":"","overlay-opacity":"","overlay-gradient":""},"tablet":{"background-color":"var(--ast-global-color-5)","background-image":"","background-repeat":"repeat","background-position":"center center","background-size":"auto","background-attachment":"scroll","background-type":"","background-media":"","overlay-type":"","overlay-color":"","overlay-opacity":"","overlay-gradient":""},"mobile":{"background-color":"var(--ast-global-color-5)","background-image":"","background-repeat":"repeat","background-position":"center center","background-size":"auto","background-attachment":"scroll","background-type":"","background-media":"","overlay-type":"","overlay-color":"","overlay-opacity":"","overlay-gradient":""}},"footnotes":""},"class_list":["post-3214","page","type-page","status-publish","hentry"],"post_mailing_queue_ids":[],"_links":{"self":[{"href":"https:\/\/agora.xtec.cat\/ceipmarededeudelaroca\/wp-json\/wp\/v2\/pages\/3214","targetHints":{"allow":["GET"]}}],"collection":[{"href":"https:\/\/agora.xtec.cat\/ceipmarededeudelaroca\/wp-json\/wp\/v2\/pages"}],"about":[{"href":"https:\/\/agora.xtec.cat\/ceipmarededeudelaroca\/wp-json\/wp\/v2\/types\/page"}],"author":[{"embeddable":true,"href":"https:\/\/agora.xtec.cat\/ceipmarededeudelaroca\/wp-json\/wp\/v2\/users\/6"}],"replies":[{"embeddable":true,"href":"https:\/\/agora.xtec.cat\/ceipmarededeudelaroca\/wp-json\/wp\/v2\/comments?post=3214"}],"version-history":[{"count":4,"href":"https:\/\/agora.xtec.cat\/ceipmarededeudelaroca\/wp-json\/wp\/v2\/pages\/3214\/revisions"}],"predecessor-version":[{"id":5620,"href":"https:\/\/agora.xtec.cat\/ceipmarededeudelaroca\/wp-json\/wp\/v2\/pages\/3214\/revisions\/5620"}],"up":[{"embeddable":true,"href":"https:\/\/agora.xtec.cat\/ceipmarededeudelaroca\/wp-json\/wp\/v2\/pages\/3203"}],"wp:attachment":[{"href":"https:\/\/agora.xtec.cat\/ceipmarededeudelaroca\/wp-json\/wp\/v2\/media?parent=3214"}],"curies":[{"name":"wp","href":"https:\/\/api.w.org\/{rel}","templated":true}]}}