{"id":2645,"date":"2021-02-25T09:17:50","date_gmt":"2021-02-25T08:17:50","guid":{"rendered":"https:\/\/agora.xtec.cat\/ceipmarededeudelaroca\/?page_id=2645"},"modified":"2026-03-08T19:01:11","modified_gmt":"2026-03-08T18:01:11","slug":"esport","status":"publish","type":"page","link":"https:\/\/agora.xtec.cat\/ceipmarededeudelaroca\/ens-identifica\/esport\/","title":{"rendered":"Esport i h\u00e0bits saludables"},"content":{"rendered":"\n<div class=\"wp-block-columns is-layout-flex wp-container-core-columns-is-layout-1 wp-block-columns-is-layout-flex\">\n<div class=\"wp-block-column is-layout-flow wp-block-column-is-layout-flow\" style=\"flex-basis:33.34%\">\n<p>Entendre la import\u00e0ncia d\u2019incorporar la pr\u00e0ctica d\u2019activitat f\u00edsica saludable a la vida di\u00e0ria de manera regular \u00e9s fonamental per tenir un estil de vida saludable.<\/p>\n<\/div>\n\n\n\n<div class=\"wp-block-column is-layout-flow wp-block-column-is-layout-flow\" style=\"flex-basis:33.33%\">\n<figure class=\"wp-block-image aligncenter\"><a href=\"https:\/\/esport.gencat.cat\/ca\/arees_dactuacio\/escolar\/placatala_esportescola\/programa_placatala_esportescola\/\" target=\"_blank\" rel=\" noreferrer noopener\"><img decoding=\"async\" src=\"https:\/\/agora.xtec.cat\/ies-antoni-pous\/wp-content\/uploads\/usu283\/2020\/08\/pla-catal%C3%A0.jpg\" alt=\"\"\/><\/a><\/figure>\n<\/div>\n\n\n\n<div class=\"wp-block-column is-layout-flow wp-block-column-is-layout-flow\" style=\"flex-basis:33.34%\">\n<p>\u00c9s per aquest motiu que la nostra escola forma part del&nbsp;<a href=\"https:\/\/esport.gencat.cat\/ca\/arees_dactuacio\/escolar\/pla-catala-desport-a-lescola-pcee\/\"><em><strong>Pla Catal\u00e0 de l\u2019Esport<\/strong><\/em>&nbsp;<\/a>en el qual&nbsp;es promociona el foment de l\u2019esport al nostre pa\u00eds.<\/p>\n<\/div>\n<\/div>\n\n\n\n<hr class=\"wp-block-separator has-alpha-channel-opacity\"\/>\n\n\n\n<div class=\"wp-block-columns is-layout-flex wp-container-core-columns-is-layout-2 wp-block-columns-is-layout-flex\" style=\"margin-top:0;margin-bottom:0;padding-top:0;padding-right:var(--wp--preset--spacing--80);padding-bottom:0;padding-left:var(--wp--preset--spacing--80)\">\n<div class=\"wp-block-column is-vertically-aligned-bottom is-content-justification-left is-layout-constrained wp-container-core-column-is-layout-4 wp-block-column-is-layout-constrained\" style=\"flex-basis:66.66%\">\n<figure class=\"wp-block-embed is-type-video is-provider-youtube wp-block-embed-youtube wp-embed-aspect-9-16 wp-has-aspect-ratio\" style=\"margin-top:var(--wp--preset--spacing--80);margin-right:var(--wp--preset--spacing--80);margin-bottom:var(--wp--preset--spacing--80);margin-left:var(--wp--preset--spacing--80)\"><div class=\"wp-block-embed__wrapper\">\n<div class=\"ast-oembed-container \" style=\"height: 100%;\"><iframe loading=\"lazy\" title=\"Esport i h\u00e0bits saludables.\" width=\"422\" height=\"750\" src=\"https:\/\/www.youtube.com\/embed\/ExxcGkziEIM?feature=oembed\" frameborder=\"0\" allow=\"accelerometer; autoplay; clipboard-write; encrypted-media; gyroscope; picture-in-picture; web-share\" referrerpolicy=\"strict-origin-when-cross-origin\" allowfullscreen><\/iframe><\/div>\n<\/div><\/figure>\n<\/div>\n\n\n\n<div class=\"wp-block-column is-vertically-aligned-center is-layout-flow wp-block-column-is-layout-flow\" style=\"flex-basis:33.33%\">\n<p class=\"has-medium-font-size\" style=\"padding-top:var(--wp--preset--spacing--20);padding-right:var(--wp--preset--spacing--30);padding-bottom:var(--wp--preset--spacing--20);padding-left:var(--wp--preset--spacing--30)\">A la nostra escola el moviment forma part del nostre dia a dia. <\/p>\n\n\n\n<p class=\"has-medium-font-size\" style=\"padding-top:var(--wp--preset--spacing--20);padding-right:var(--wp--preset--spacing--30);padding-bottom:var(--wp--preset--spacing--20);padding-left:var(--wp--preset--spacing--30)\">Fomentem h\u00e0bits de vida saludable i treballem a l&#8217;hort com a un espai m\u00e9s d&#8217;aprenentatge.<\/p>\n<\/div>\n<\/div>\n\n\n\n<hr class=\"wp-block-separator has-alpha-channel-opacity\"\/>\n\n\n\n<p class=\"has-luminous-vivid-amber-background-color has-background\">Tamb\u00e9 participem en diverses competicions i actes esportius del municipi<\/p>\n\n\n\n<div class=\"wp-block-columns is-layout-flex wp-container-core-columns-is-layout-3 wp-block-columns-is-layout-flex\">\n<div class=\"wp-block-column is-layout-flow wp-block-column-is-layout-flow\" style=\"flex-basis:32.87%\">\n<figure class=\"wp-block-image size-full\"><a href=\"https:\/\/agora.xtec.cat\/ceipmarededeudelaroca\/?s=bitlles\"><img loading=\"lazy\" decoding=\"async\" width=\"1024\" height=\"576\" src=\"https:\/\/agora.xtec.cat\/ceipmarededeudelaroca\/wp-content\/uploads\/usu2452\/2025\/06\/bitlles-bona.jpg\" alt=\"\" class=\"wp-image-5697\" srcset=\"https:\/\/agora.xtec.cat\/ceipmarededeudelaroca\/wp-content\/uploads\/usu2452\/2025\/06\/bitlles-bona.jpg 1024w, https:\/\/agora.xtec.cat\/ceipmarededeudelaroca\/wp-content\/uploads\/usu2452\/2025\/06\/bitlles-bona-300x169.jpg 300w, https:\/\/agora.xtec.cat\/ceipmarededeudelaroca\/wp-content\/uploads\/usu2452\/2025\/06\/bitlles-bona-768x432.jpg 768w\" sizes=\"auto, (max-width: 1024px) 100vw, 1024px\" \/><\/a><\/figure>\n\n\n\n<p class=\"has-text-align-center\">BITLLES CATALANES<\/p>\n<\/div>\n\n\n\n<div class=\"wp-block-column is-layout-flow wp-block-column-is-layout-flow\" style=\"flex-basis:21.07%\">\n<figure class=\"wp-block-image aligncenter size-large is-resized is-style-default\"><a href=\"https:\/\/agora.xtec.cat\/ceipmarededeudelaroca\/tag\/4termeskids\/\"><img loading=\"lazy\" decoding=\"async\" width=\"723\" height=\"1024\" src=\"https:\/\/agora.xtec.cat\/ceipmarededeudelaroca\/wp-content\/uploads\/usu2452\/2026\/03\/CARTELL-CURSA-4-TERMES-KIDS-2025-26102025-723x1024.jpg\" alt=\"\" class=\"wp-image-6143\" style=\"width:107px;height:auto\" srcset=\"https:\/\/agora.xtec.cat\/ceipmarededeudelaroca\/wp-content\/uploads\/usu2452\/2026\/03\/CARTELL-CURSA-4-TERMES-KIDS-2025-26102025-723x1024.jpg 723w, https:\/\/agora.xtec.cat\/ceipmarededeudelaroca\/wp-content\/uploads\/usu2452\/2026\/03\/CARTELL-CURSA-4-TERMES-KIDS-2025-26102025-212x300.jpg 212w, https:\/\/agora.xtec.cat\/ceipmarededeudelaroca\/wp-content\/uploads\/usu2452\/2026\/03\/CARTELL-CURSA-4-TERMES-KIDS-2025-26102025-768x1087.jpg 768w, https:\/\/agora.xtec.cat\/ceipmarededeudelaroca\/wp-content\/uploads\/usu2452\/2026\/03\/CARTELL-CURSA-4-TERMES-KIDS-2025-26102025.jpg 904w\" sizes=\"auto, (max-width: 723px) 100vw, 723px\" \/><\/a><\/figure>\n\n\n\n<p class=\"has-text-align-center\">CURSA 4 TERMES KIDS<\/p>\n<\/div>\n\n\n\n<div class=\"wp-block-column is-layout-flow wp-block-column-is-layout-flow\" style=\"flex-basis:21.07%\">\n<figure class=\"wp-block-image aligncenter size-full is-resized\"><a href=\"https:\/\/agora.xtec.cat\/ceipmarededeudelaroca\/tag\/olimpiades\/\"><img loading=\"lazy\" decoding=\"async\" width=\"317\" height=\"448\" src=\"https:\/\/agora.xtec.cat\/ceipmarededeudelaroca\/wp-content\/uploads\/usu2452\/2026\/03\/cartell_44a-olimpiada-2-2.jpg\" alt=\"\" class=\"wp-image-6144\" style=\"width:95px;height:auto\" srcset=\"https:\/\/agora.xtec.cat\/ceipmarededeudelaroca\/wp-content\/uploads\/usu2452\/2026\/03\/cartell_44a-olimpiada-2-2.jpg 317w, https:\/\/agora.xtec.cat\/ceipmarededeudelaroca\/wp-content\/uploads\/usu2452\/2026\/03\/cartell_44a-olimpiada-2-2-212x300.jpg 212w\" sizes=\"auto, (max-width: 317px) 100vw, 317px\" \/><\/a><\/figure>\n\n\n\n<p class=\"has-text-align-center\">OLIMP\u00cdADES ESCOLARS<\/p>\n<\/div>\n\n\n\n<div class=\"wp-block-column is-layout-flow wp-block-column-is-layout-flow\" style=\"flex-basis:25%\">\n<figure class=\"wp-block-image size-full\"><a href=\"https:\/\/agora.xtec.cat\/ceipmarededeudelaroca\/portada\/cursa-solidaria\/\"><img loading=\"lazy\" decoding=\"async\" width=\"275\" height=\"183\" src=\"https:\/\/agora.xtec.cat\/ceipmarededeudelaroca\/wp-content\/uploads\/usu2452\/2026\/03\/images.jpeg\" alt=\"\" class=\"wp-image-6145\"\/><\/a><\/figure>\n\n\n\n<p class=\"has-text-align-center\">CURSES SOLID\u00c0RIES<\/p>\n<\/div>\n<\/div>\n\n\n\n<p><\/p>\n","protected":false},"excerpt":{"rendered":"<p>Entendre la import\u00e0ncia d\u2019incorporar la pr\u00e0ctica d\u2019activitat f\u00edsica saludable a la vida di\u00e0ria de manera regular \u00e9s fonamental per tenir un estil de vida saludable. \u00c9s per aquest motiu que la nostra escola forma part del&nbsp;Pla Catal\u00e0 de l\u2019Esport&nbsp;en el qual&nbsp;es promociona el foment de l\u2019esport al nostre pa\u00eds. A la nostra escola el moviment [&hellip;]<\/p>\n","protected":false},"author":1,"featured_media":5446,"parent":2585,"menu_order":60,"comment_status":"closed","ping_status":"closed","template":"","meta":{"_bbp_topic_count":0,"_bbp_reply_count":0,"_bbp_total_topic_count":0,"_bbp_total_reply_count":0,"_bbp_voice_count":0,"_bbp_anonymous_reply_count":0,"_bbp_topic_count_hidden":0,"_bbp_reply_count_hidden":0,"_bbp_forum_subforum_count":0,"site-sidebar-layout":"default","site-content-layout":"","ast-site-content-layout":"default","site-content-style":"default","site-sidebar-style":"default","ast-global-header-display":"","ast-banner-title-visibility":"","ast-main-header-display":"","ast-hfb-above-header-display":"","ast-hfb-below-header-display":"","ast-hfb-mobile-header-display":"","site-post-title":"","ast-breadcrumbs-content":"","ast-featured-img":"","footer-sml-layout":"","theme-transparent-header-meta":"","adv-header-id-meta":"","stick-header-meta":"","header-above-stick-meta":"","header-main-stick-meta":"","header-below-stick-meta":"","astra-migrate-meta-layouts":"set","ast-page-background-enabled":"default","ast-page-background-meta":{"desktop":{"background-color":"var(--ast-global-color-4)","background-image":"","background-repeat":"repeat","background-position":"center center","background-size":"auto","background-attachment":"scroll","background-type":"","background-media":"","overlay-type":"","overlay-color":"","overlay-opacity":"","overlay-gradient":""},"tablet":{"background-color":"","background-image":"","background-repeat":"repeat","background-position":"center center","background-size":"auto","background-attachment":"scroll","background-type":"","background-media":"","overlay-type":"","overlay-color":"","overlay-opacity":"","overlay-gradient":""},"mobile":{"background-color":"","background-image":"","background-repeat":"repeat","background-position":"center center","background-size":"auto","background-attachment":"scroll","background-type":"","background-media":"","overlay-type":"","overlay-color":"","overlay-opacity":"","overlay-gradient":""}},"ast-content-background-meta":{"desktop":{"background-color":"var(--ast-global-color-5)","background-image":"","background-repeat":"repeat","background-position":"center center","background-size":"auto","background-attachment":"scroll","background-type":"","background-media":"","overlay-type":"","overlay-color":"","overlay-opacity":"","overlay-gradient":""},"tablet":{"background-color":"var(--ast-global-color-5)","background-image":"","background-repeat":"repeat","background-position":"center center","background-size":"auto","background-attachment":"scroll","background-type":"","background-media":"","overlay-type":"","overlay-color":"","overlay-opacity":"","overlay-gradient":""},"mobile":{"background-color":"var(--ast-global-color-5)","background-image":"","background-repeat":"repeat","background-position":"center center","background-size":"auto","background-attachment":"scroll","background-type":"","background-media":"","overlay-type":"","overlay-color":"","overlay-opacity":"","overlay-gradient":""}},"footnotes":""},"class_list":["post-2645","page","type-page","status-publish","has-post-thumbnail","hentry"],"post_mailing_queue_ids":[],"_links":{"self":[{"href":"https:\/\/agora.xtec.cat\/ceipmarededeudelaroca\/wp-json\/wp\/v2\/pages\/2645","targetHints":{"allow":["GET"]}}],"collection":[{"href":"https:\/\/agora.xtec.cat\/ceipmarededeudelaroca\/wp-json\/wp\/v2\/pages"}],"about":[{"href":"https:\/\/agora.xtec.cat\/ceipmarededeudelaroca\/wp-json\/wp\/v2\/types\/page"}],"author":[{"embeddable":true,"href":"https:\/\/agora.xtec.cat\/ceipmarededeudelaroca\/wp-json\/wp\/v2\/users\/1"}],"replies":[{"embeddable":true,"href":"https:\/\/agora.xtec.cat\/ceipmarededeudelaroca\/wp-json\/wp\/v2\/comments?post=2645"}],"version-history":[{"count":5,"href":"https:\/\/agora.xtec.cat\/ceipmarededeudelaroca\/wp-json\/wp\/v2\/pages\/2645\/revisions"}],"predecessor-version":[{"id":6158,"href":"https:\/\/agora.xtec.cat\/ceipmarededeudelaroca\/wp-json\/wp\/v2\/pages\/2645\/revisions\/6158"}],"up":[{"embeddable":true,"href":"https:\/\/agora.xtec.cat\/ceipmarededeudelaroca\/wp-json\/wp\/v2\/pages\/2585"}],"wp:featuredmedia":[{"embeddable":true,"href":"https:\/\/agora.xtec.cat\/ceipmarededeudelaroca\/wp-json\/wp\/v2\/media\/5446"}],"wp:attachment":[{"href":"https:\/\/agora.xtec.cat\/ceipmarededeudelaroca\/wp-json\/wp\/v2\/media?parent=2645"}],"curies":[{"name":"wp","href":"https:\/\/api.w.org\/{rel}","templated":true}]}}