{"id":2643,"date":"2021-02-25T09:16:13","date_gmt":"2021-02-25T08:16:13","guid":{"rendered":"https:\/\/agora.xtec.cat\/ceipmarededeudelaroca\/?page_id=2643"},"modified":"2023-05-24T16:04:18","modified_gmt":"2023-05-24T14:04:18","slug":"implicats-amb-el-medi-ambient","status":"publish","type":"page","link":"https:\/\/agora.xtec.cat\/ceipmarededeudelaroca\/ens-identifica\/implicats-amb-el-medi-ambient\/","title":{"rendered":"Implicats amb el medi ambient"},"content":{"rendered":"<h6>Estem compromesos amb el medi ambient i la sostenibilitat.<\/h6>\n<p><img loading=\"lazy\" decoding=\"async\" class=\"alignleft\" src=\"https:\/\/agora.xtec.cat\/escolapaisoscatalans\/wp-content\/uploads\/usu491\/2020\/01\/cartell-fruita.png\" width=\"58\" height=\"81\" \/><img loading=\"lazy\" decoding=\"async\" class=\"alignleft\" src=\"https:\/\/olot.escolapia.cat\/wp-content\/uploads\/2019\/03\/pagina-escola-verda-t.png\" width=\"89\" height=\"80\" \/><\/p>\n<p><span style=\"font-family: inherit; font-size: 1em;\"><img loading=\"lazy\" decoding=\"async\" class=\"alignleft\" src=\"https:\/\/mont-roig.cat\/wp-content\/uploads\/Logotip-Ajuntament-de-Mont-roig-del-Camp-fons-transparent.gif\" width=\"84\" height=\"59\" \/><\/span><\/p>\n<p><img loading=\"lazy\" decoding=\"async\" class=\"alignleft\" src=\"https:\/\/encrypted-tbn0.gstatic.com\/images?q=tbn:ANd9GcRTnq9ga9RvZNQ2Pcw2fvhpW_XlgtJrkybJ3N08wguZDF8QOEkdtjPjSoNLGTrM6i-zIcM&amp;usqp=CAU\" width=\"118\" height=\"67\" \/><\/p>\n<p>&nbsp;<\/p>\n<p>&nbsp;<\/p>\n<p>La nostra escola est\u00e0 sensibilitzada amb l&#8217;entorn natural, fomentant els h\u00e0bits saludables i el comprom\u00eds amb el medi ambient.<\/p>\n<div>\n<ul>\n<li>El distin<img loading=\"lazy\" decoding=\"async\" class=\"alignleft\" src=\"https:\/\/olot.escolapia.cat\/wp-content\/uploads\/2019\/03\/pagina-escola-verda-t.png\" width=\"111\" height=\"100\" \/>tiu <em><strong>d\u2019Escola Verda<\/strong><\/em> atorgat pel Departament d\u2019Ensenyament premia la nostra tasca de comprom\u00eds amb el medi ambient i el foment d\u2019h\u00e0bits saludables als nostres alumnes.<\/li>\n<\/ul>\n<\/div>\n<p>&nbsp;<\/p>\n<div>\n<ul>\n<li><img loading=\"lazy\" decoding=\"async\" class=\"alignleft\" src=\"https:\/\/agora.xtec.cat\/escolapaisoscatalans\/wp-content\/uploads\/usu491\/2020\/01\/cartell-fruita.png\" width=\"101\" height=\"142\" \/>Emmarcat dins del programa d\u2019Escola Verda, participem al <em><strong>Pla de Consum de fruita a les escoles<\/strong><\/em> per a promoure els esmorzars saludables.\n<ul>\n<li>D&#8217;una banda, motivem els\/ les alumnes que tots els dimarts i dijous portin fruita de casa per l&#8217;hora d&#8217;esmorzar.<\/li>\n<li>Tamb\u00e9 tenim durant tot el curs escolar setmanes que tots els alumnes de l&#8217;escola tenen fruita de temporada a la seva disposici\u00f3 que ha estat proporcionada per aquest citat programa.<\/li>\n<\/ul>\n<\/li>\n<\/ul>\n<\/div>\n<p>&nbsp;<\/p>\n<div>\n<ul>\n<li><span style=\"font-family: inherit; font-size: 1em;\"><img loading=\"lazy\" decoding=\"async\" class=\"alignleft\" src=\"https:\/\/mont-roig.cat\/wp-content\/uploads\/Logotip-Ajuntament-de-Mont-roig-del-Camp-fons-transparent.gif\" width=\"115\" height=\"81\" \/>El curs escolar 2012- 2013 vam iniciar a la nostra escola el <em><strong>programa de reutilitzaci\u00f3 de llibres de text<\/strong><\/em> per als alumnes de Cicle Mitj\u00e0 i Cicle Superior.\u00a0<\/span><\/li>\n<\/ul>\n<p>L&#8217;ajuntament de Mont-roig del Camp subvenciona part d&#8217;aquest projecte, emmarcat dins del programa d&#8217;Escola Verda.<\/p>\n<p>L&#8217;AFA \u00e9s qui s&#8217;encarrega de fer la revisi\u00f3 i l&#8217;acondicionament dels llibres de reutilitzaci\u00f3. Els tutors\/ tutores tindran una llista amb els\/les alumnes de la seva aula que s&#8217;han acollit aquest programa.<\/p>\n<p>&nbsp;<\/p>\n<ul>\n<li><img loading=\"lazy\" decoding=\"async\" class=\"alignleft\" src=\"https:\/\/encrypted-tbn0.gstatic.com\/images?q=tbn:ANd9GcRTnq9ga9RvZNQ2Pcw2fvhpW_XlgtJrkybJ3N08wguZDF8QOEkdtjPjSoNLGTrM6i-zIcM&amp;usqp=CAU\" width=\"125\" height=\"71\" \/>L&#8217;escola t\u00e9 <em><strong>hort escolar<\/strong><\/em>.\u00a0Tenir un hort al pati ens ofereix infinitat de possibilitats educatives amb alumnes de totes les edats; des d\u2019aspectes t\u00e8cnics o cient\u00edfics fins al desenvolupament dels sentits, de l\u2019observaci\u00f3, de l\u2019esperit cr\u00edtic, de la cooperaci\u00f3, del llenguatge\u2026 L\u2019hort \u00e9s un espai privilegiat per plantejar-se preguntes, formular hip\u00f2tesis i experimentar. Per aix\u00f2 hi ha moltes escoles innovadores que aprofiten l\u2019hort com a espai d\u2019aprenentatge transversal, ja que a l\u2019hort es poden tractar problemes reals que s\u2019originen, es desenvolupen i es reformulen de manera natural.\n<ul>\n<li>A principi de curs s&#8217;enviar\u00e0 a les fam\u00edlies informaci\u00f3 sobre com participar de l&#8217;hort escolar, adquirint verdura que s&#8217;anir\u00e0 collint a un preu simb\u00f2lic d&#8217;1 euro.<\/li>\n<\/ul>\n<\/li>\n<\/ul>\n<div class=\"ast-oembed-container \" style=\"height: 100%;\"><iframe loading=\"lazy\" title=\"HORT ESCOLAR\" width=\"500\" height=\"281\" src=\"https:\/\/www.youtube.com\/embed\/fGL5fcXyguo?feature=oembed\" frameborder=\"0\" allow=\"accelerometer; autoplay; clipboard-write; encrypted-media; gyroscope; picture-in-picture; web-share\" referrerpolicy=\"strict-origin-when-cross-origin\" allowfullscreen><\/iframe><\/div>\n<\/div>\n","protected":false},"excerpt":{"rendered":"<p>Estem compromesos amb el medi ambient i la sostenibilitat. &nbsp; &nbsp; La nostra escola est\u00e0 sensibilitzada amb l&#8217;entorn natural, fomentant els h\u00e0bits saludables i el comprom\u00eds amb el medi ambient. El distintiu d\u2019Escola Verda atorgat pel Departament d\u2019Ensenyament premia la nostra tasca de comprom\u00eds amb el medi ambient i el foment d\u2019h\u00e0bits saludables als nostres [&hellip;]<\/p>\n","protected":false},"author":1,"featured_media":0,"parent":2585,"menu_order":50,"comment_status":"closed","ping_status":"closed","template":"page-templates\/side-menu.php","meta":{"_bbp_topic_count":0,"_bbp_reply_count":0,"_bbp_total_topic_count":0,"_bbp_total_reply_count":0,"_bbp_voice_count":0,"_bbp_anonymous_reply_count":0,"_bbp_topic_count_hidden":0,"_bbp_reply_count_hidden":0,"_bbp_forum_subforum_count":0,"site-sidebar-layout":"default","site-content-layout":"","ast-site-content-layout":"","site-content-style":"default","site-sidebar-style":"default","ast-global-header-display":"","ast-banner-title-visibility":"","ast-main-header-display":"","ast-hfb-above-header-display":"","ast-hfb-below-header-display":"","ast-hfb-mobile-header-display":"","site-post-title":"","ast-breadcrumbs-content":"","ast-featured-img":"","footer-sml-layout":"","theme-transparent-header-meta":"","adv-header-id-meta":"","stick-header-meta":"","header-above-stick-meta":"","header-main-stick-meta":"","header-below-stick-meta":"","astra-migrate-meta-layouts":"default","ast-page-background-enabled":"default","ast-page-background-meta":{"desktop":{"background-color":"var(--ast-global-color-4)","background-image":"","background-repeat":"repeat","background-position":"center center","background-size":"auto","background-attachment":"scroll","background-type":"","background-media":"","overlay-type":"","overlay-color":"","overlay-opacity":"","overlay-gradient":""},"tablet":{"background-color":"","background-image":"","background-repeat":"repeat","background-position":"center center","background-size":"auto","background-attachment":"scroll","background-type":"","background-media":"","overlay-type":"","overlay-color":"","overlay-opacity":"","overlay-gradient":""},"mobile":{"background-color":"","background-image":"","background-repeat":"repeat","background-position":"center center","background-size":"auto","background-attachment":"scroll","background-type":"","background-media":"","overlay-type":"","overlay-color":"","overlay-opacity":"","overlay-gradient":""}},"ast-content-background-meta":{"desktop":{"background-color":"var(--ast-global-color-5)","background-image":"","background-repeat":"repeat","background-position":"center center","background-size":"auto","background-attachment":"scroll","background-type":"","background-media":"","overlay-type":"","overlay-color":"","overlay-opacity":"","overlay-gradient":""},"tablet":{"background-color":"var(--ast-global-color-5)","background-image":"","background-repeat":"repeat","background-position":"center center","background-size":"auto","background-attachment":"scroll","background-type":"","background-media":"","overlay-type":"","overlay-color":"","overlay-opacity":"","overlay-gradient":""},"mobile":{"background-color":"var(--ast-global-color-5)","background-image":"","background-repeat":"repeat","background-position":"center center","background-size":"auto","background-attachment":"scroll","background-type":"","background-media":"","overlay-type":"","overlay-color":"","overlay-opacity":"","overlay-gradient":""}},"footnotes":""},"class_list":["post-2643","page","type-page","status-publish","hentry"],"post_mailing_queue_ids":[],"_links":{"self":[{"href":"https:\/\/agora.xtec.cat\/ceipmarededeudelaroca\/wp-json\/wp\/v2\/pages\/2643","targetHints":{"allow":["GET"]}}],"collection":[{"href":"https:\/\/agora.xtec.cat\/ceipmarededeudelaroca\/wp-json\/wp\/v2\/pages"}],"about":[{"href":"https:\/\/agora.xtec.cat\/ceipmarededeudelaroca\/wp-json\/wp\/v2\/types\/page"}],"author":[{"embeddable":true,"href":"https:\/\/agora.xtec.cat\/ceipmarededeudelaroca\/wp-json\/wp\/v2\/users\/1"}],"replies":[{"embeddable":true,"href":"https:\/\/agora.xtec.cat\/ceipmarededeudelaroca\/wp-json\/wp\/v2\/comments?post=2643"}],"version-history":[{"count":3,"href":"https:\/\/agora.xtec.cat\/ceipmarededeudelaroca\/wp-json\/wp\/v2\/pages\/2643\/revisions"}],"predecessor-version":[{"id":3586,"href":"https:\/\/agora.xtec.cat\/ceipmarededeudelaroca\/wp-json\/wp\/v2\/pages\/2643\/revisions\/3586"}],"up":[{"embeddable":true,"href":"https:\/\/agora.xtec.cat\/ceipmarededeudelaroca\/wp-json\/wp\/v2\/pages\/2585"}],"wp:attachment":[{"href":"https:\/\/agora.xtec.cat\/ceipmarededeudelaroca\/wp-json\/wp\/v2\/media?parent=2643"}],"curies":[{"name":"wp","href":"https:\/\/api.w.org\/{rel}","templated":true}]}}