{"id":2635,"date":"2021-02-24T10:44:46","date_gmt":"2021-02-24T09:44:46","guid":{"rendered":"https:\/\/agora.xtec.cat\/ceipmarededeudelaroca\/?page_id=2635"},"modified":"2026-03-07T11:48:08","modified_gmt":"2026-03-07T10:48:08","slug":"la-inclusio","status":"publish","type":"page","link":"https:\/\/agora.xtec.cat\/ceipmarededeudelaroca\/ens-identifica\/la-inclusio\/","title":{"rendered":"Inclusi\u00f3"},"content":{"rendered":"\n<h5 class=\"wp-block-heading\">La nostra escola \u00e9s de tots i per a tots.<\/h5>\n\n\n\n<figure class=\"wp-block-image aligncenter is-resized\"><img decoding=\"async\" src=\"https:\/\/www.educaciontrespuntocero.com\/wp-content\/uploads\/2017\/10\/inclusion_estela_fernandez_destacada.png\" alt=\"\" style=\"width:314px;height:auto\"\/><\/figure>\n\n\n\n<h5 class=\"wp-block-heading\">&nbsp;<\/h5>\n\n\n\n<div class=\"wp-block-group has-luminous-vivid-amber-background-color has-background is-layout-flow wp-block-group-is-layout-flow\" style=\"padding-top:var(--wp--preset--spacing--50);padding-right:var(--wp--preset--spacing--80);padding-bottom:var(--wp--preset--spacing--50);padding-left:var(--wp--preset--spacing--80)\">\n<div style=\"text-align: justify;\">La\u00a0<strong>inclusi\u00f3\u00a0<\/strong>i la\u00a0<strong>cohesi\u00f3 social<\/strong>\u00a0s\u00f3n dos dels principis generals que inspiren el sistema educatiu de Catalunya (Llei 12\/2009, de 10 de juliol, d\u2019educaci\u00f3), que se sustenten en el reconeixement internacional sobre el fet\u00a0que l\u2019educaci\u00f3 inclusiva \u00e9s un pilar fonamental per promoure la inclusi\u00f3 social de totes les persones en tots els\u00a0\u00e0mbits de la vida, des de la inf\u00e0ncia fins a la vellesa.<\/div>\n<\/div>\n\n\n\n<div style=\"text-align: justify;\">\u00a0<\/div>\n\n\n\n<div class=\"wp-block-group is-layout-constrained wp-block-group-is-layout-constrained\">\n<div style=\"text-align: justify;\">La nostra escola at\u00e9n la diversitat de ritmes i nivells d&#8217;aprenentatge amb una metodologia adaptada a les necessitats dels alumnes: atenci\u00f3 individualitzada, codoc\u00e8ncia, desdoblaments, treball en grup&#8230;<\/div>\n<\/div>\n\n\n\n<div style=\"text-align: justify;\">\u00a0<\/div>\n\n\n\n<h5 class=\"wp-block-heading has-large-font-size\"><span style=\"color: #800000;\">El centre disposa de diferents recursos per atendre aquesta diversitat com s\u00f3n:<\/span><\/h5>\n\n\n\n<p><\/p>\n\n\n\n<div class=\"wp-block-media-text is-stacked-on-mobile\" style=\"grid-template-columns:23% auto\"><figure class=\"wp-block-media-text__media\"><img decoding=\"async\" src=\"https:\/\/educaciodigital.cat\/insmontperdut\/moodle\/pluginfile.php\/26548\/mod_page\/content\/3\/corro.jpg\" alt=\"\"\/><\/figure><div class=\"wp-block-media-text__content\">\n<p class=\"has-large-font-size\"><a href=\"https:\/\/xtec.gencat.cat\/ca\/curriculum\/diversitat-i-inclusio\/mesures-i-suports\/intensius\/siei\/\">Aula SIEI:<\/a>\u00a0\u00a0<\/p>\n\n\n\n<p class=\"has-medium-font-size\"><strong>S<em style=\"font-weight: bold;\">uport intensiu a l\u2019escolaritzaci\u00f3 inclusiva<\/em>,<\/strong><\/p>\n<\/div><\/div>\n\n\n\n<p style=\"padding-top:var(--wp--preset--spacing--40);padding-right:var(--wp--preset--spacing--60);padding-bottom:var(--wp--preset--spacing--40);padding-left:var(--wp--preset--spacing--60)\">Son dotacions extraordin\u00e0ries de professionals que incorporen a les plantilles com a recursos intensius i conjunturals, que es sumen als recursos d\u2019atenci\u00f3 a la diversitat universals i addicionals que els centres ja disposen.Descarrega <a href=\"https:\/\/drive.google.com\/file\/d\/1G6-bEwX1lqOy8BXv_kvaXQn9Szw7pAU3\/view?usp=sharing\" target=\"_blank\" rel=\"noopener\"><strong>m\u00e9s informaci\u00f3<\/strong><\/a><\/p>\n\n\n\n<hr class=\"wp-block-separator has-alpha-channel-opacity\"\/>\n\n\n\n<div class=\"wp-block-media-text is-stacked-on-mobile\" style=\"margin-top:0;margin-right:0;margin-bottom:0;margin-left:0;padding-top:var(--wp--preset--spacing--20);padding-right:var(--wp--preset--spacing--40);padding-bottom:var(--wp--preset--spacing--20);padding-left:var(--wp--preset--spacing--40);grid-template-columns:25% auto\"><figure class=\"wp-block-media-text__media\"><img decoding=\"async\" src=\"https:\/\/portal.edu.gva.es\/ceevallblanca\/wp-content\/uploads\/sites\/1091\/2022\/02\/maestra-de-audicion-y-lenguaje-2.png\" alt=\"\"\/><\/figure><div class=\"wp-block-media-text__content\">\n<p class=\"has-medium-font-size\">Mestra<strong> d&#8217;audici\u00f3 i llenguatge.<\/strong><\/p>\n<\/div><\/div>\n\n\n\n<p style=\"padding-top:var(--wp--preset--spacing--40);padding-right:var(--wp--preset--spacing--40);padding-bottom:var(--wp--preset--spacing--40);padding-left:var(--wp--preset--spacing--40)\">Dins del marc de l&#8217;escola inclusiva a Catalunya, les seves tasques es divideixen en quatre grans eixos:<\/p>\n\n\n\n<ul class=\"wp-block-list\">\n<li>Prevenci\u00f3 i detecci\u00f3 preco\u00e7<\/li>\n<\/ul>\n\n\n\n<ul class=\"wp-block-list\">\n<li>Intervenci\u00f3 directa amb l&#8217;alumnat<\/li>\n<\/ul>\n\n\n\n<ul class=\"wp-block-list\">\n<li>Assessorament i suport al centre<\/li>\n<\/ul>\n\n\n\n<ul class=\"wp-block-list\">\n<li>Coordinaci\u00f3 amb agents externs<\/li>\n<\/ul>\n\n\n\n<hr class=\"wp-block-separator has-alpha-channel-opacity\"\/>\n\n\n\n<div class=\"wp-block-media-text is-stacked-on-mobile\" style=\"padding-top:var(--wp--preset--spacing--40);padding-right:var(--wp--preset--spacing--40);padding-bottom:var(--wp--preset--spacing--40);padding-left:var(--wp--preset--spacing--40);grid-template-columns:27% auto\"><figure class=\"wp-block-media-text__media\"><a href=\"https:\/\/img.freepik.com\/vector-gratis\/educacion-ninos-discapacitados-nino-discapacitado-silla-ruedas-jardin-infantes-igualdad-oportunidades-programa-preescolar-necesidades-especiales_335657-3595.jpg?semt=ais_rp_50_assets&amp;w=740&amp;q=80\"><img loading=\"lazy\" decoding=\"async\" width=\"740\" height=\"555\" src=\"https:\/\/agora.xtec.cat\/ceipmarededeudelaroca\/wp-content\/uploads\/usu2452\/2026\/03\/comunidad-multietnica-personas-discapacitadas-lapices_23-2148699762.avif\" alt=\"\" class=\"wp-image-6087 size-full\"\/><\/a><\/figure><div class=\"wp-block-media-text__content\">\n<p class=\"has-medium-font-size\"><strong>Mestra d&#8217;educaci\u00f3 especial<\/strong><\/p>\n<\/div><\/div>\n\n\n\n<p style=\"padding-top:var(--wp--preset--spacing--40);padding-right:var(--wp--preset--spacing--40);padding-bottom:var(--wp--preset--spacing--40);padding-left:var(--wp--preset--spacing--40)\">L&#8217;educaci\u00f3 especial\u00a0\u00e9s\u00a0el conjunt de recursos, suports i mesures destinats a garantir l&#8217;aprenentatge i el desenvolupament de l&#8217;alumnat amb\u00a0Necessitats Espec\u00edfiques de Suport Educatiu (NESE)\u00a0que no poden ser ateses completament en centres ordinaris<\/p>\n\n\n\n<hr class=\"wp-block-separator has-alpha-channel-opacity\"\/>\n\n\n\n<div class=\"wp-block-media-text is-stacked-on-mobile\" style=\"padding-top:var(--wp--preset--spacing--40);padding-right:var(--wp--preset--spacing--40);padding-bottom:var(--wp--preset--spacing--40);padding-left:var(--wp--preset--spacing--40);grid-template-columns:30% auto\"><figure class=\"wp-block-media-text__media\"><img decoding=\"async\" src=\"data:image\/png;base64,iVBORw0KGgoAAAANSUhEUgAAASwAAACoCAMAAABt9SM9AAAAXVBMVEX\/\/\/9sw8P1+\/tgv79nwcF4yMhuxMSFzc3s9\/ddvr6h19d+ysqs2trz+vr7\/f3l9PTR6uqNz8\/A5OTc8PCp29u039++4+OZ1NSc1dXI5+fO6urY7u5Uu7u439+Kzc3y7\/G3AAAJyElEQVR4nO2diZKqOhCGCWnCDrILqO\/\/mDcbCCTizK3xnDnQ\/1RNIQSEj06ns+o4KBQKhUKhUCgUCoVCoVAoFAqFQqFQKBQK9W1lbf63b8GqKlh9TC9K8970nk6bozjwR56iDNmf+JrvKqd09bmgUiFz9Y4uvOqtKhRHoEidj8sHWn3+W76tCsLV5xiYx8Vq\/dmlhGk6F0r4AQp+9umbyoHA9X2yPy4DFu1Xn0tKpj0cFv+fs02KD6gGQmaDr9pyyvp5OW9mQ9vPriIo28kQx7afLX+RPO8dty\/lW87F9Up17mXkp\/I0bn8fn18f9PfLtF0G1XzFvAZYPfsWFrc0eKhNBcupafT1x\/5fyjxaevo+soJn\/rCTj3kVm8oLjCTkSlT6Wuz3xeO7nnAVarcrz3wod+KHHdDboPfSmBYyiXQsYdeL\/97EvhaXZgreJQSR5C4\/MErIbYlnAysISQ+gX4OCdf04LPFFNfXl9p2yrgN5i31Iuo7cGr6Zh9D1NQulsxhDUlxZKO6qAxYVEEoze1DorqAv4wOAX3PkPhUXAWUAbkigEJ8gjhjEyr3UlDR9p50mvxVyLYAO4sNQEIjcxY3G0DVJkkzEEv5lD9rMz5BlJdCL81l1\/HXkQAO13Qj7dx1t0kGdyrts+f80lmlaYSZpInIcE081ytsdKOMHA+00HgASbE8ZT1cxUJZFxXUuAB2\/AFNEuL9M5emFembxFY1Gnm99FpF2d9OZXTiskirmHBa3T0q7z2GS4g84Zo4H8plbCo9EOaQhBD+RuUPY+9D3QxSWjiilIa7VC7zywroJ9OZdnS9v9wGx3NupvcmUDT0BxpNWlCibaGjBL90PMQnkM\/synSrkzNLQ77gSZZIj5ZgDQuUtCpMEYMmP09mopSSOY0ZUqFWT2fM0jL9G4Zty\/tpuXKGE5bRifyxer9uJVy3dhK8yQEUlpYf2Lv6Uu17C4k78Jq+tYYmE2StYK59VAPH5fatynMMK8vzzURYPsoQFAygfGwyRp605HWpP3D23rEsupd6pO9axdjlBeWXSejoqcirPFhLLQ\/uOjkq89z3L8tWlc\/XMX4aVAlH3LdNqB\/9p5RRGfqtBR8UrKhvOoAdhZUPC7WsExnd4ygMpVmOUSlcjnItAkUi0PfVcUTwqOhOslsY8ceDBS1g5gPiUKj\/0DVgtd5KCsSrHLxQ+AWerWr115QJ4FOHV3JwEtzj06kRaFi8AwW\/v\/k06oCJkUROLWDngubSJmLSpLKYyuTI4nSk5PODXY\/AalhNRiMqaqfJlC2sdK8TwiK5ccmesz2\/kKX8GVhaH+oYg5Plw9GQQJXxWFYvNWD7EIDyZiq2cwBfhkidMoSQybnLm3Tq5498GddE8lolV8ebeJATvJmHdtDeOxKWpqsJcbiLGmGBxrLflvcZUloZU1A1TelNfxXOGK+OZn2djamyy5UY2JImOVbJLkgz6YFrWzfg8JelV\/OP2STPXKi\/zmU41XVReb3R1orZXp4v\/QT1FpXmTTK0emYxInF6\/v7RZWVZVJ0K1fBFlq\/eWMk3z6QALhUKhUCgUCoVCoVAoFOqYcvNxM\/QD9ULDA4S85uPDE\/55pTEFIgUw\/O2b+eWqJlRCYfO3b+dXK6VkKdUlhLLLhxUsAujnX2pcGxb5ncPDfomKjWGReQQfytAWFdHDO1CmAsOwCKCLf6HcAgujByHX3GWD1ZrJjqesaup6Z85BycyCLjNhfXx4429Q78kKHhR2XG5HCTWNZhtmcZ0g0IqmgGkaCrdWxQQVMED2RpxV\/IGb\/cuKFg9tInEadViPL12KbXPhb5zg8bNaBeIGkiyeDtN6e2YVrlkZCY6ntevZ+uhFXgsNw+mXtD4+IPsXKNj4nc3kBneBkhkBxEimw3AGuzKqw97m+OV5HEzbcRMGlP+R7nfOdfxhbWEZcxajp23ZZmtl1XDvx5PUoCt4A8uJF7ROEEjtKVgHAJastqjXWOKHc+mxLg0tOa1duK2Pz6v53bqsYHm2Lq1FM9\/Zm6yuC1r2qnDqLWhaGiDOpGKuG76anFwu3JZllmneJ3UznCJ4ENU\/KhodqP+qctcv8qEBa4hBnE7BP0cWdcuouzav68HPKpFhWG5Bn1H8p+c2\/wtKn6y2lRp3VbVcNtIEJ43Jnl3PhmFt+sPmGuKF6Tln59MTCfirms2wbQDUoUV+E2ktrWMnUMCetFa9Et6G1ZQRVea0VAeOoLRvmmGnNhx4i\/LQm4Mxowd\/GvCgU8cHHLWVdyJ2oOvFKtZK42XoGrepWo7E0sMjQrWpRDhgBNvPI9LYayfjrlw5j8nqtk9MVqr26B4W1qLlGNhOeb9GI\/vOTFZqKM1hYa3alcHfSTkwG51TwWrWTTR7VZagMB36uWDF62fdr7H0b43r0LDSTVfpm7ZQNyH7uGSgdVRYm2ZlSxv8Rundozu8ENZGVR1T2aqDsL6krOrvzd2o7SCs17KMOkJYr4SwviGEJVQW\/r4iWS9CWI7o74F3kiPXEJZcwfetZE8+wrI2U5kSK\/khrNUoI4S1lA1WHxoM7FBssI5ckbY6+OvKwT9BLPy7XFISYQldomLWTMSLpJKGS625iLC2yjQSy0RVhGVIN75bjliKTdnBj7CY2QloTmZV0+gQ1gwrb2slWzwmF4hHWBOsLjTLyYVEKXkWWKGZ2daw2t26kOrwOAss6MpJve6fXsOy+KmlYcoBE2eBtYg8aejJwYBrWDHZEehF0c8Caw1OPO0alr+TnOjxNaeEpdaX+RosbordFLaeE5b013ZYy7JQ\/PjXo34OwUFYa1i0DJ5y03SF5bCwdrvjX8Pa7dg4Kiy3iG2Cr8JyA4vKg8JyMqv0NMR3sCqf2TQ36hwNll1Z\/BVY1d4QkWPCctdS+74Eaz+aPyCs3Ft3ElIm2w2+BGu3JD0grNQcy0dThGXXdkI5UeNKEZZNlmWw\/odlbfr2jwrLaeRPd+lIQW6K+uC3YEEcreUdFZYTjFwyjIRebMra8LdgmeuuHDUoVcpF++dijQvX+wYscz7TyWB9x7IQFsJ6qS\/A0usfIaxdWGra2DQtFWHtwsrkNNZpRT+EtVsaOkERhmz6JQGEtWtZ4uPzCMJ6B2uhGGF9HdZjUTYiLKnXsO6qbJRLg7yERc4Fy3sFS5aN6rfqX8PyTgVrWvPDsvqoG3me7nvWRM01lbVd7k1P\/4eVCVjLUaO1zG3h\/qLlasC8ZSHAhr5CfQgVwA1hkZ3EjzUBfbMOd8rkb1+Z67JkorEavKOuChUU3mO1Xoib+I+3vxyQRr5\/tSFJo9izHjiIftgZZ8d07igUCoVCoVAoFAqFQqFQKBQKhUKdSf8BgVWAkNZvG3YAAAAASUVORK5CYII=\" alt=\"\"\/><\/figure><div class=\"wp-block-media-text__content\">\n<p class=\"has-medium-font-size\"><strong>EAP: Equips d&#8217;Assesorament Psicopedag\u00f2gic.<\/strong><\/p>\n<\/div><\/div>\n\n\n\n<p style=\"padding-top:var(--wp--preset--spacing--40);padding-right:var(--wp--preset--spacing--40);padding-bottom:var(--wp--preset--spacing--40);padding-left:var(--wp--preset--spacing--40)\">L&#8217;<strong>EAP<\/strong>\u00a0(Equip d&#8217;Assessorament i Orientaci\u00f3 Psicopedag\u00f2gic) \u00e9s un servei educatiu extern que dona suport als centres escolars per atendre la diversitat de l&#8217;alumnat.<\/p>\n","protected":false},"excerpt":{"rendered":"<p>La nostra escola \u00e9s de tots i per a tots. &nbsp; La\u00a0inclusi\u00f3\u00a0i la\u00a0cohesi\u00f3 social\u00a0s\u00f3n dos dels principis generals que inspiren el sistema educatiu de Catalunya (Llei 12\/2009, de 10 de juliol, d\u2019educaci\u00f3), que se sustenten en el reconeixement internacional sobre el fet\u00a0que l\u2019educaci\u00f3 inclusiva \u00e9s un pilar fonamental per promoure la inclusi\u00f3 social de totes [&hellip;]<\/p>\n","protected":false},"author":1,"featured_media":0,"parent":2585,"menu_order":30,"comment_status":"closed","ping_status":"closed","template":"","meta":{"_bbp_topic_count":0,"_bbp_reply_count":0,"_bbp_total_topic_count":0,"_bbp_total_reply_count":0,"_bbp_voice_count":0,"_bbp_anonymous_reply_count":0,"_bbp_topic_count_hidden":0,"_bbp_reply_count_hidden":0,"_bbp_forum_subforum_count":0,"site-sidebar-layout":"default","site-content-layout":"","ast-site-content-layout":"default","site-content-style":"default","site-sidebar-style":"default","ast-global-header-display":"","ast-banner-title-visibility":"","ast-main-header-display":"","ast-hfb-above-header-display":"","ast-hfb-below-header-display":"","ast-hfb-mobile-header-display":"","site-post-title":"","ast-breadcrumbs-content":"","ast-featured-img":"","footer-sml-layout":"","theme-transparent-header-meta":"","adv-header-id-meta":"","stick-header-meta":"","header-above-stick-meta":"","header-main-stick-meta":"","header-below-stick-meta":"","astra-migrate-meta-layouts":"set","ast-page-background-enabled":"default","ast-page-background-meta":{"desktop":{"background-color":"var(--ast-global-color-4)","background-image":"","background-repeat":"repeat","background-position":"center center","background-size":"auto","background-attachment":"scroll","background-type":"","background-media":"","overlay-type":"","overlay-color":"","overlay-opacity":"","overlay-gradient":""},"tablet":{"background-color":"","background-image":"","background-repeat":"repeat","background-position":"center center","background-size":"auto","background-attachment":"scroll","background-type":"","background-media":"","overlay-type":"","overlay-color":"","overlay-opacity":"","overlay-gradient":""},"mobile":{"background-color":"","background-image":"","background-repeat":"repeat","background-position":"center center","background-size":"auto","background-attachment":"scroll","background-type":"","background-media":"","overlay-type":"","overlay-color":"","overlay-opacity":"","overlay-gradient":""}},"ast-content-background-meta":{"desktop":{"background-color":"var(--ast-global-color-5)","background-image":"","background-repeat":"repeat","background-position":"center center","background-size":"auto","background-attachment":"scroll","background-type":"","background-media":"","overlay-type":"","overlay-color":"","overlay-opacity":"","overlay-gradient":""},"tablet":{"background-color":"var(--ast-global-color-5)","background-image":"","background-repeat":"repeat","background-position":"center center","background-size":"auto","background-attachment":"scroll","background-type":"","background-media":"","overlay-type":"","overlay-color":"","overlay-opacity":"","overlay-gradient":""},"mobile":{"background-color":"var(--ast-global-color-5)","background-image":"","background-repeat":"repeat","background-position":"center center","background-size":"auto","background-attachment":"scroll","background-type":"","background-media":"","overlay-type":"","overlay-color":"","overlay-opacity":"","overlay-gradient":""}},"footnotes":""},"class_list":["post-2635","page","type-page","status-publish","hentry"],"post_mailing_queue_ids":[],"_links":{"self":[{"href":"https:\/\/agora.xtec.cat\/ceipmarededeudelaroca\/wp-json\/wp\/v2\/pages\/2635","targetHints":{"allow":["GET"]}}],"collection":[{"href":"https:\/\/agora.xtec.cat\/ceipmarededeudelaroca\/wp-json\/wp\/v2\/pages"}],"about":[{"href":"https:\/\/agora.xtec.cat\/ceipmarededeudelaroca\/wp-json\/wp\/v2\/types\/page"}],"author":[{"embeddable":true,"href":"https:\/\/agora.xtec.cat\/ceipmarededeudelaroca\/wp-json\/wp\/v2\/users\/1"}],"replies":[{"embeddable":true,"href":"https:\/\/agora.xtec.cat\/ceipmarededeudelaroca\/wp-json\/wp\/v2\/comments?post=2635"}],"version-history":[{"count":5,"href":"https:\/\/agora.xtec.cat\/ceipmarededeudelaroca\/wp-json\/wp\/v2\/pages\/2635\/revisions"}],"predecessor-version":[{"id":6092,"href":"https:\/\/agora.xtec.cat\/ceipmarededeudelaroca\/wp-json\/wp\/v2\/pages\/2635\/revisions\/6092"}],"up":[{"embeddable":true,"href":"https:\/\/agora.xtec.cat\/ceipmarededeudelaroca\/wp-json\/wp\/v2\/pages\/2585"}],"wp:attachment":[{"href":"https:\/\/agora.xtec.cat\/ceipmarededeudelaroca\/wp-json\/wp\/v2\/media?parent=2635"}],"curies":[{"name":"wp","href":"https:\/\/api.w.org\/{rel}","templated":true}]}}