{"id":2627,"date":"2021-02-24T10:35:58","date_gmt":"2021-02-24T09:35:58","guid":{"rendered":"https:\/\/agora.xtec.cat\/ceipmarededeudelaroca\/?page_id=2627"},"modified":"2026-03-07T11:11:49","modified_gmt":"2026-03-07T10:11:49","slug":"llengua-i-cultura","status":"publish","type":"page","link":"https:\/\/agora.xtec.cat\/ceipmarededeudelaroca\/ens-identifica\/llengua-i-cultura\/","title":{"rendered":"Llengua i Cultura"},"content":{"rendered":"\n<h5 class=\"wp-block-heading\">&nbsp;<\/h5>\n\n\n\n<h5 class=\"wp-block-heading has-text-align-center\"><figure><img loading=\"lazy\" decoding=\"async\" class=\" aligncenter\" style=\"font-size: 16px; font-weight: 400;\" src=\"https:\/\/somescola.cat\/logo.png\" width=\"357\" height=\"215\"><\/figure><\/h5>\n\n\n\n<p>&nbsp;<\/p>\n\n\n\n<p class=\"has-text-align-left\">Som una escola catalana <em><strong>compromesa, arrelada al pa\u00eds i oberta a l&#8217;aprenentatge de les lleng\u00fces<\/strong><\/em>.&nbsp;Les <strong><em>tradicions i la cultura catalana<\/em><\/strong> tenen un espai destacat a l&#8217;escola amb la celebraci\u00f3 de les diferents festes tradicionals de la nostra cultura (Castanyada, Nadal , Carnaval, La Mona, Sant Jordi).<\/p>\n\n\n\n<p>A la nostra escola fem servir el catal\u00e0 com a llengua vehicular d&#8217;aprenentatge, respectem les tradicions i ens agrada sortir i con\u00e8ixer tot el que ens envolta.<\/p>\n\n\n\n<div>\u00a0<\/div>\n\n\n\n<figure class=\"wp-block-embed is-type-video is-provider-youtube wp-block-embed-youtube wp-embed-aspect-9-16 wp-has-aspect-ratio\"><div class=\"wp-block-embed__wrapper\">\n<div class=\"ast-oembed-container \" style=\"height: 100%;\"><iframe loading=\"lazy\" title=\"V\u00eddeo qui som\" width=\"422\" height=\"750\" src=\"https:\/\/www.youtube.com\/embed\/L8C_mR6P_Kg?feature=oembed\" frameborder=\"0\" allow=\"accelerometer; autoplay; clipboard-write; encrypted-media; gyroscope; picture-in-picture; web-share\" referrerpolicy=\"strict-origin-when-cross-origin\" allowfullscreen><\/iframe><\/div>\n<\/div><\/figure>\n\n\n\n<ul class=\"wp-block-list\">\n<li>Garanteix l&#8217;aprenentatge de les lleng\u00fces com queda establert a la Llei d&#8217;Educaci\u00f3 12\/2009:\n<ul class=\"wp-block-list\">\n<li><sub><em>La Llei 12\/2009 de 10 de juliol d\u2019educaci\u00f3 desenvolupa al m\u00e0xim les compet\u00e8ncies de l\u2019Estatut en mat\u00e8ria educativa. El text consagra el model ling\u00fc\u00edstic definit a la llei de pol\u00edtica ling\u00fc\u00edstica que fa el catal\u00e0 la llengua vehicular de l&#8217;ensenyament a Catalunya i d\u00f3na la possibilitat al Govern de la Generalitat de fixar el curr\u00edculum de les hores ling\u00fc\u00edstiques. Tanmateix, la Llei certifica l&#8217;obje20ctiu del triling\u00fcisme, amb el domini del catal\u00e0, el castell\u00e0 i una tercera llengua, de la qual els alumnes hauran de tenir un coneixement suficient al final de l&#8217;educaci\u00f3 secund\u00e0ria obligat\u00f2ria (ESO).<\/em><\/sub><\/li>\n<\/ul>\n<\/li>\n<\/ul>\n\n\n\n<ul class=\"wp-block-list\">\n<li>Introdueix el treball de la <em><strong>llengua anglesa a partir de i4.<\/strong><\/em><\/li>\n\n\n\n<li>A 3r, 4t, 5\u00e8 i 6\u00e8 l&#8217;\u00e0rea d&#8217;Educaci\u00f3 Art\u00edstica, Visual i Pl\u00e0stica s&#8217;imparteix en angl\u00e8s.<\/li>\n\n\n\n<li>Els alumnes de Cicle Mitj\u00e0 i Cicle Superior, quinzenalment, fan una sessi\u00f3 d&#8217;expressi\u00f3 oral en llengua anglesa en petit grup.<\/li>\n<\/ul>\n\n\n\n<figure class=\"wp-block-embed is-type-video is-provider-youtube wp-block-embed-youtube wp-embed-aspect-16-9 wp-has-aspect-ratio\"><div class=\"wp-block-embed__wrapper\">\n<div class=\"ast-oembed-container \" style=\"height: 100%;\"><iframe loading=\"lazy\" title=\"ENGLISH\" width=\"500\" height=\"281\" src=\"https:\/\/www.youtube.com\/embed\/XBC0YiQJwks?feature=oembed\" frameborder=\"0\" allow=\"accelerometer; autoplay; clipboard-write; encrypted-media; gyroscope; picture-in-picture; web-share\" referrerpolicy=\"strict-origin-when-cross-origin\" allowfullscreen><\/iframe><\/div>\n<\/div><\/figure>\n","protected":false},"excerpt":{"rendered":"<p>&nbsp; &nbsp; Som una escola catalana compromesa, arrelada al pa\u00eds i oberta a l&#8217;aprenentatge de les lleng\u00fces.&nbsp;Les tradicions i la cultura catalana tenen un espai destacat a l&#8217;escola amb la celebraci\u00f3 de les diferents festes tradicionals de la nostra cultura (Castanyada, Nadal , Carnaval, La Mona, Sant Jordi). A la nostra escola fem servir el [&hellip;]<\/p>\n","protected":false},"author":1,"featured_media":0,"parent":2585,"menu_order":20,"comment_status":"closed","ping_status":"closed","template":"","meta":{"_bbp_topic_count":0,"_bbp_reply_count":0,"_bbp_total_topic_count":0,"_bbp_total_reply_count":0,"_bbp_voice_count":0,"_bbp_anonymous_reply_count":0,"_bbp_topic_count_hidden":0,"_bbp_reply_count_hidden":0,"_bbp_forum_subforum_count":0,"site-sidebar-layout":"default","site-content-layout":"","ast-site-content-layout":"default","site-content-style":"default","site-sidebar-style":"default","ast-global-header-display":"","ast-banner-title-visibility":"","ast-main-header-display":"","ast-hfb-above-header-display":"","ast-hfb-below-header-display":"","ast-hfb-mobile-header-display":"","site-post-title":"","ast-breadcrumbs-content":"","ast-featured-img":"","footer-sml-layout":"","theme-transparent-header-meta":"","adv-header-id-meta":"","stick-header-meta":"","header-above-stick-meta":"","header-main-stick-meta":"","header-below-stick-meta":"","astra-migrate-meta-layouts":"set","ast-page-background-enabled":"default","ast-page-background-meta":{"desktop":{"background-color":"var(--ast-global-color-4)","background-image":"","background-repeat":"repeat","background-position":"center center","background-size":"auto","background-attachment":"scroll","background-type":"","background-media":"","overlay-type":"","overlay-color":"","overlay-opacity":"","overlay-gradient":""},"tablet":{"background-color":"","background-image":"","background-repeat":"repeat","background-position":"center center","background-size":"auto","background-attachment":"scroll","background-type":"","background-media":"","overlay-type":"","overlay-color":"","overlay-opacity":"","overlay-gradient":""},"mobile":{"background-color":"","background-image":"","background-repeat":"repeat","background-position":"center center","background-size":"auto","background-attachment":"scroll","background-type":"","background-media":"","overlay-type":"","overlay-color":"","overlay-opacity":"","overlay-gradient":""}},"ast-content-background-meta":{"desktop":{"background-color":"var(--ast-global-color-5)","background-image":"","background-repeat":"repeat","background-position":"center center","background-size":"auto","background-attachment":"scroll","background-type":"","background-media":"","overlay-type":"","overlay-color":"","overlay-opacity":"","overlay-gradient":""},"tablet":{"background-color":"var(--ast-global-color-5)","background-image":"","background-repeat":"repeat","background-position":"center center","background-size":"auto","background-attachment":"scroll","background-type":"","background-media":"","overlay-type":"","overlay-color":"","overlay-opacity":"","overlay-gradient":""},"mobile":{"background-color":"var(--ast-global-color-5)","background-image":"","background-repeat":"repeat","background-position":"center center","background-size":"auto","background-attachment":"scroll","background-type":"","background-media":"","overlay-type":"","overlay-color":"","overlay-opacity":"","overlay-gradient":""}},"footnotes":""},"class_list":["post-2627","page","type-page","status-publish","hentry"],"post_mailing_queue_ids":[],"_links":{"self":[{"href":"https:\/\/agora.xtec.cat\/ceipmarededeudelaroca\/wp-json\/wp\/v2\/pages\/2627","targetHints":{"allow":["GET"]}}],"collection":[{"href":"https:\/\/agora.xtec.cat\/ceipmarededeudelaroca\/wp-json\/wp\/v2\/pages"}],"about":[{"href":"https:\/\/agora.xtec.cat\/ceipmarededeudelaroca\/wp-json\/wp\/v2\/types\/page"}],"author":[{"embeddable":true,"href":"https:\/\/agora.xtec.cat\/ceipmarededeudelaroca\/wp-json\/wp\/v2\/users\/1"}],"replies":[{"embeddable":true,"href":"https:\/\/agora.xtec.cat\/ceipmarededeudelaroca\/wp-json\/wp\/v2\/comments?post=2627"}],"version-history":[{"count":4,"href":"https:\/\/agora.xtec.cat\/ceipmarededeudelaroca\/wp-json\/wp\/v2\/pages\/2627\/revisions"}],"predecessor-version":[{"id":6085,"href":"https:\/\/agora.xtec.cat\/ceipmarededeudelaroca\/wp-json\/wp\/v2\/pages\/2627\/revisions\/6085"}],"up":[{"embeddable":true,"href":"https:\/\/agora.xtec.cat\/ceipmarededeudelaroca\/wp-json\/wp\/v2\/pages\/2585"}],"wp:attachment":[{"href":"https:\/\/agora.xtec.cat\/ceipmarededeudelaroca\/wp-json\/wp\/v2\/media?parent=2627"}],"curies":[{"name":"wp","href":"https:\/\/api.w.org\/{rel}","templated":true}]}}