{"id":26,"date":"2014-09-18T12:24:32","date_gmt":"2014-09-18T11:24:32","guid":{"rendered":"http:\/\/agora.xtec.cat\/ceipmarededeudelaroca\/?page_id=26"},"modified":"2025-06-30T12:09:13","modified_gmt":"2025-06-30T10:09:13","slug":"historia-2","status":"publish","type":"page","link":"https:\/\/agora.xtec.cat\/ceipmarededeudelaroca\/escola\/historia-2\/","title":{"rendered":"Hist\u00f2ria"},"content":{"rendered":"\n<p class=\"has-text-align-left\">El juny de <strong>1974 <\/strong>s\u2019inicien les obres de construcci\u00f3 de l\u2019actual Escola Mare de D\u00e9u de la Roca per a donar cabuda a alumnat que fins llavors estava escolaritzat a l\u2019edifici de les escoles velles o antiga casa de la vila.<\/p>\n\n\n\n<figure class=\"wp-block-image aligncenter\"><img decoding=\"async\" src=\"https:\/\/www.festacatalunya.cat\/img\/31334-308-0-ESCALA_INF.jpg\" alt=\"\"\/><\/figure>\n\n\n\n<p><\/p>\n\n\n\n<p>No ser\u00e0 fins a l\u2019any 1980 quan es realitza l\u2019acte\u00a0oficial de recepci\u00f3 de l\u2019obra definitiva. Al mateix assisteixen: Alejandro Banyeres\u00a0V\u00e1zquez, delegat provincial d\u2019Ensenyament, Josep Grau Barber\u00e0, arquitecte i director\u00a0de l\u2019obra, Josep Maria Vilella Sanzo, director i aparellador i l\u2019alcalde Josep Maria\u00a0Aragon\u00e8s Roca aix\u00ed com Rossend Clariana, com a director, professorat i fam\u00edlies.<\/p>\n\n\n\n<p>El centre (d\u2019EGB en aquell moment) es posa en funcionament despr\u00e9s de la&nbsp;Setmana Santa del curs 1977-78 amb una dotaci\u00f3 de setze mestres i quinze classes ( 2&nbsp;de parvulari, 8 de Primera Etapa (de 1r a 5\u00e8) i 5 de Segona Etapa (de 6\u00e8 a 8\u00e8). Ja es&nbsp;disposava de servei de menjador.<\/p>\n\n\n\n<p>El centre ha anat evolucionant al llarg dels diferents anys dins diferents marcs normatius\u00a0i pol\u00edtics (EGB, LODE, LOGSE, LOE, LEC\u2026).  Amb diferents denominacions Col.legi,\u00a0CEIP, Escola, amb uns canvis socials i familiars importants. Amb una nova configuraci\u00f3\u00a0de les etapes educatives  en Educaci\u00f3 Infantil i Prim\u00e0ria\u00a0(formada per tres cicles educatius), amb la incorporaci\u00f3 dels alumnes d\u2019educaci\u00f3 infantil\u00a0(3 anys), canvis en el contingent de matr\u00edcula i en l\u2019arribada d\u2019alumnes nouvinguts\u00a0de diferents pa\u00efsos, amb l\u2019aparici\u00f3 de noves tecnologies i nous professionals.<\/p>\n\n\n\n<figure class=\"wp-block-image\"><a href=\"https:\/\/agora.xtec.cat\/ceipmarededeudelaroca\/wp-content\/uploads\/usu2452\/2019\/10\/img_20191024_095117-e1571904834560.jpg\"><img loading=\"lazy\" decoding=\"async\" width=\"1024\" height=\"229\" src=\"https:\/\/agora.xtec.cat\/ceipmarededeudelaroca\/wp-content\/uploads\/usu2452\/2019\/10\/img_20191024_095117-e1571904834560-1024x229.jpg\" alt=\"\" class=\"wp-image-1536\" srcset=\"https:\/\/agora.xtec.cat\/ceipmarededeudelaroca\/wp-content\/uploads\/usu2452\/2019\/10\/img_20191024_095117-e1571904834560-1024x229.jpg 1024w, https:\/\/agora.xtec.cat\/ceipmarededeudelaroca\/wp-content\/uploads\/usu2452\/2019\/10\/img_20191024_095117-e1571904834560-300x67.jpg 300w, https:\/\/agora.xtec.cat\/ceipmarededeudelaroca\/wp-content\/uploads\/usu2452\/2019\/10\/img_20191024_095117-e1571904834560-768x172.jpg 768w\" sizes=\"auto, (max-width: 1024px) 100vw, 1024px\" \/><\/a><\/figure>\n\n\n\n<p>Pel centre durant aquests anys han passat molts mestres i moltes fam\u00edlies de la poblaci\u00f3,&nbsp;algunes d\u2019elles ja amb dues generacions i s\u2019han generat al llarg d\u2019aquests anys una&nbsp;muni\u00f3 de records i viv\u00e8ncies que sempre els acompanyaran.<\/p>\n\n\n\n<p>\u00a0<strong>El 8 de juny de l&#8217;any 2019<\/strong>  vam celebrar els <strong>40 anys!<\/strong><\/p>\n\n\n\n<figure class=\"wp-block-image\"><img loading=\"lazy\" decoding=\"async\" width=\"1024\" height=\"683\" src=\"https:\/\/agora.xtec.cat\/ceipmarededeudelaroca\/wp-content\/uploads\/usu2452\/2023\/02\/DSC_1425_comp-1024x683.jpg\" alt=\"\" class=\"wp-image-3047\" srcset=\"https:\/\/agora.xtec.cat\/ceipmarededeudelaroca\/wp-content\/uploads\/usu2452\/2023\/02\/DSC_1425_comp-1024x683.jpg 1024w, https:\/\/agora.xtec.cat\/ceipmarededeudelaroca\/wp-content\/uploads\/usu2452\/2023\/02\/DSC_1425_comp-300x200.jpg 300w, https:\/\/agora.xtec.cat\/ceipmarededeudelaroca\/wp-content\/uploads\/usu2452\/2023\/02\/DSC_1425_comp-768x512.jpg 768w, https:\/\/agora.xtec.cat\/ceipmarededeudelaroca\/wp-content\/uploads\/usu2452\/2023\/02\/DSC_1425_comp-1536x1024.jpg 1536w, https:\/\/agora.xtec.cat\/ceipmarededeudelaroca\/wp-content\/uploads\/usu2452\/2023\/02\/DSC_1425_comp.jpg 1773w\" sizes=\"auto, (max-width: 1024px) 100vw, 1024px\" \/><\/figure>\n\n\n\n<p><\/p>\n","protected":false},"excerpt":{"rendered":"<p>El juny de 1974 s\u2019inicien les obres de construcci\u00f3 de l\u2019actual Escola Mare de D\u00e9u de la Roca per a donar cabuda a alumnat que fins llavors estava escolaritzat a l\u2019edifici de les escoles velles o antiga casa de la vila. No ser\u00e0 fins a l\u2019any 1980 quan es realitza l\u2019acte\u00a0oficial de recepci\u00f3 de l\u2019obra [&hellip;]<\/p>\n","protected":false},"author":1,"featured_media":0,"parent":477,"menu_order":20,"comment_status":"closed","ping_status":"closed","template":"","meta":{"_bbp_topic_count":0,"_bbp_reply_count":0,"_bbp_total_topic_count":0,"_bbp_total_reply_count":0,"_bbp_voice_count":0,"_bbp_anonymous_reply_count":0,"_bbp_topic_count_hidden":0,"_bbp_reply_count_hidden":0,"_bbp_forum_subforum_count":0,"site-sidebar-layout":"default","site-content-layout":"","ast-site-content-layout":"default","site-content-style":"default","site-sidebar-style":"default","ast-global-header-display":"","ast-banner-title-visibility":"","ast-main-header-display":"","ast-hfb-above-header-display":"","ast-hfb-below-header-display":"","ast-hfb-mobile-header-display":"","site-post-title":"","ast-breadcrumbs-content":"","ast-featured-img":"","footer-sml-layout":"","theme-transparent-header-meta":"","adv-header-id-meta":"","stick-header-meta":"","header-above-stick-meta":"","header-main-stick-meta":"","header-below-stick-meta":"","astra-migrate-meta-layouts":"set","ast-page-background-enabled":"default","ast-page-background-meta":{"desktop":{"background-color":"var(--ast-global-color-4)","background-image":"","background-repeat":"repeat","background-position":"center center","background-size":"auto","background-attachment":"scroll","background-type":"","background-media":"","overlay-type":"","overlay-color":"","overlay-opacity":"","overlay-gradient":""},"tablet":{"background-color":"","background-image":"","background-repeat":"repeat","background-position":"center center","background-size":"auto","background-attachment":"scroll","background-type":"","background-media":"","overlay-type":"","overlay-color":"","overlay-opacity":"","overlay-gradient":""},"mobile":{"background-color":"","background-image":"","background-repeat":"repeat","background-position":"center center","background-size":"auto","background-attachment":"scroll","background-type":"","background-media":"","overlay-type":"","overlay-color":"","overlay-opacity":"","overlay-gradient":""}},"ast-content-background-meta":{"desktop":{"background-color":"var(--ast-global-color-5)","background-image":"","background-repeat":"repeat","background-position":"center center","background-size":"auto","background-attachment":"scroll","background-type":"","background-media":"","overlay-type":"","overlay-color":"","overlay-opacity":"","overlay-gradient":""},"tablet":{"background-color":"var(--ast-global-color-5)","background-image":"","background-repeat":"repeat","background-position":"center center","background-size":"auto","background-attachment":"scroll","background-type":"","background-media":"","overlay-type":"","overlay-color":"","overlay-opacity":"","overlay-gradient":""},"mobile":{"background-color":"var(--ast-global-color-5)","background-image":"","background-repeat":"repeat","background-position":"center center","background-size":"auto","background-attachment":"scroll","background-type":"","background-media":"","overlay-type":"","overlay-color":"","overlay-opacity":"","overlay-gradient":""}},"footnotes":""},"class_list":["post-26","page","type-page","status-publish","hentry"],"post_mailing_queue_ids":[],"_links":{"self":[{"href":"https:\/\/agora.xtec.cat\/ceipmarededeudelaroca\/wp-json\/wp\/v2\/pages\/26","targetHints":{"allow":["GET"]}}],"collection":[{"href":"https:\/\/agora.xtec.cat\/ceipmarededeudelaroca\/wp-json\/wp\/v2\/pages"}],"about":[{"href":"https:\/\/agora.xtec.cat\/ceipmarededeudelaroca\/wp-json\/wp\/v2\/types\/page"}],"author":[{"embeddable":true,"href":"https:\/\/agora.xtec.cat\/ceipmarededeudelaroca\/wp-json\/wp\/v2\/users\/1"}],"replies":[{"embeddable":true,"href":"https:\/\/agora.xtec.cat\/ceipmarededeudelaroca\/wp-json\/wp\/v2\/comments?post=26"}],"version-history":[{"count":3,"href":"https:\/\/agora.xtec.cat\/ceipmarededeudelaroca\/wp-json\/wp\/v2\/pages\/26\/revisions"}],"predecessor-version":[{"id":5662,"href":"https:\/\/agora.xtec.cat\/ceipmarededeudelaroca\/wp-json\/wp\/v2\/pages\/26\/revisions\/5662"}],"up":[{"embeddable":true,"href":"https:\/\/agora.xtec.cat\/ceipmarededeudelaroca\/wp-json\/wp\/v2\/pages\/477"}],"wp:attachment":[{"href":"https:\/\/agora.xtec.cat\/ceipmarededeudelaroca\/wp-json\/wp\/v2\/media?parent=26"}],"curies":[{"name":"wp","href":"https:\/\/api.w.org\/{rel}","templated":true}]}}