{"id":1808,"date":"2020-07-08T09:00:49","date_gmt":"2020-07-08T09:00:49","guid":{"rendered":"http:\/\/escolamarededeudelaroca.cat\/?page_id=1808"},"modified":"2025-09-11T18:47:15","modified_gmt":"2025-09-11T16:47:15","slug":"matricula","status":"publish","type":"page","link":"https:\/\/agora.xtec.cat\/ceipmarededeudelaroca\/families-2\/matricula\/","title":{"rendered":"Altres documents"},"content":{"rendered":"\n<div class=\"wp-block-group is-vertical is-content-justification-center is-layout-flex wp-container-core-group-is-layout-1 wp-block-group-is-layout-flex\">\n<div class=\"wp-block-columns are-vertically-aligned-center is-layout-flex wp-container-core-columns-is-layout-1 wp-block-columns-is-layout-flex\">\n<div class=\"wp-block-column is-layout-flow wp-block-column-is-layout-flow\">\n<figure class=\"wp-block-image aligncenter is-resized is-style-default\"><a href=\"https:\/\/agora.xtec.cat\/ceipmarededeudelaroca\/wp-content\/uploads\/usu2452\/2020\/07\/carta-compromc3ads-educatiu-actualitzada.pdf\"><img decoding=\"async\" src=\"https:\/\/encrypted-tbn0.gstatic.com\/images?q=tbn:ANd9GcQl5fOeXeQFpKzIOfwTbpH1xAeyyxrJYi0jCAfglZeC7MkCnpkKSh6nC7ItXR4s9mqMIYc&amp;usqp=CAU\" alt=\"\" style=\"aspect-ratio:1;object-fit:cover;width:197px;height:auto\"\/><\/a><\/figure>\n\n\n\n<p class=\"has-text-align-center\"><a href=\"https:\/\/drive.google.com\/file\/d\/1DeU-xa0oztDcgpVJzCBJn4Qxcg4vi-Ea\/view?usp=sharing\">CARTA COMPROM\u00cdS EDUCATIU<\/a><\/p>\n<\/div>\n\n\n\n<div class=\"wp-block-column is-layout-flow wp-block-column-is-layout-flow\">\n<figure class=\"wp-block-image aligncenter\"><a href=\"https:\/\/agora.xtec.cat\/ceipmarededeudelaroca\/wp-content\/uploads\/usu2452\/2020\/07\/ensenyament-de-la-religic3b3.pdf\"><img decoding=\"async\" src=\"https:\/\/encrypted-tbn0.gstatic.com\/images?q=tbn:ANd9GcS_1AlU53Vonb4wfkuHR5PPvGN0sLuC3aCJf_7czLDt5I5NhckQ9yXkcWqARmgGPB7fyiU&amp;usqp=CAU\" alt=\"\"\/><\/a><\/figure>\n\n\n\n<figure class=\"wp-block-image aligncenter size-large is-resized is-style-default\"><img decoding=\"async\" src=\"https:\/\/img.freepik.com\/vector-premium\/ilustracion-biblica-dibujada-mano_23-2151449485.jpg\" alt=\"\" style=\"object-fit:cover;width:122px;height:auto\"\/><\/figure>\n\n\n\n<p class=\"has-text-align-center\"><a href=\"https:\/\/drive.google.com\/file\/d\/15mHEGr7o_pySF6xwX-rFLvjaPmsJ2K8M\/view?usp=sharing\">ENSENYAMENT DE LA RELIGI\u00d3<\/a><\/p>\n<\/div>\n\n\n\n<div class=\"wp-block-column is-vertically-aligned-center is-layout-flow wp-block-column-is-layout-flow\">\n<figure class=\"wp-block-image aligncenter size-large is-resized is-style-default\"><img decoding=\"async\" src=\"https:\/\/blog.psnsercon.com\/wp-content\/uploads\/2022\/05\/social-media-6363633_1280-1280x640.jpg\" alt=\"\" style=\"aspect-ratio:1;object-fit:cover;width:134px;height:auto\"\/><\/figure>\n\n\n\n<p class=\"has-text-align-center has-ast-global-color-0-color has-text-color has-link-color wp-elements-318c5dc295f5f876d20aaadf862c1bb6\"><a href=\"https:\/\/docs.google.com\/document\/d\/15hwtDdZ9GldPXlepcQW-KBtwDpoVjzAq\/edit?usp=sharing&amp;ouid=107808939358243794310&amp;rtpof=true&amp;sd=true\">SERVEIS I RECURSOS DIGITALS.<\/a><\/p>\n<\/div>\n\n\n\n<div class=\"wp-block-column is-vertically-aligned-center is-layout-flow wp-block-column-is-layout-flow\">\n<figure class=\"wp-block-image aligncenter is-resized is-style-default\"><img decoding=\"async\" src=\"https:\/\/media.istockphoto.com\/id\/1222037307\/es\/vector\/m%C3%A9dico-preparando-informe-m%C3%A9dico.jpg?s=612x612&amp;w=0&amp;k=20&amp;c=6BkFOQbCzI5jRo9xrM_0r1sLHNcpbIf7eYR8Op6o8KE=\" alt=\"\" style=\"aspect-ratio:1;object-fit:cover;width:237px;height:auto\"\/><\/figure>\n\n\n\n<p class=\"has-text-align-center\"><a href=\"https:\/\/drive.google.com\/file\/d\/1lYwdJv2nvivqbg1DdPvyKOKbF2j2g7xT\/view?usp=drive_link\">FITXA DE DADES M\u00c8DIQUES<\/a><\/p>\n<\/div>\n\n\n\n<div class=\"wp-block-column is-vertically-aligned-center is-layout-flow wp-block-column-is-layout-flow\">\n<figure class=\"wp-block-image aligncenter is-resized is-style-default\"><img decoding=\"async\" src=\"data:image\/jpeg;base64,\/9j\/4AAQSkZJRgABAQAAAQABAAD\/2wCEAAoGBxMQEBEQERMWFhARERYREREQGBgQERAWFhYYGRYWGBYaHysiGhwoHxYWIzQjKCwuMTExGSE3PDcwOyswMS4BCwsLDw4PHRERHDooISguLjIwMDA7MDAuNjAwMDAwMDAwMjAwMDAwMjMwMDAwMjAwMDAwMDAwMDAwMDAwMDAwMP\/AABEIAOEA4QMBIgACEQEDEQH\/xAAcAAEAAQUBAQAAAAAAAAAAAAAAAQIDBAUHBgj\/xABBEAACAQECBwwIBQQDAQAAAAAAAQIDBBEFEhMWITFRBhQVMkFSYWJxkpPhIlOBkaGiwdEHQmNk0iMzVLGCsvBy\/8QAGgEBAAIDAQAAAAAAAAAAAAAAAAQFAQIDBv\/EADARAAIBAgQEBAUFAQEAAAAAAAABAgMRBBJRYSExQVIFExSRcaHB0fAiMoGx4fFC\/9oADAMBAAIRAxEAPwDswAAAAAAAAAAAAAAAAAAAAAAAAAAAAAAAAAAAAAAAAAAAAAAAAAAAAAAAAAAAAAAAAAAAAAAAAAAAAAAAAAAAAAAAAAABh4VtGSoVai1whJx7btHxuMpXdjDdlc12F8N4mNGDUVF3Tqy9K6XMhH80vgjQPDmPJ4qnN86dRx+WOhGhwjbnOeLffGHox069su1vSZFk9KEUuVty6dnwM+IYhYDDeYleTaSvy+L69OXC+3Mi4SnLG18jlZWu7aaI21TC04q\/Ju7luqSd3uZazg6j78zGjRcdK1\/A1dsmlUklqvIvgvissa5U6sVdK91e3PRt26deP99fE8CsKlOnJtN2420+H0N5nB1H4kyc4Oo\/Emedywyxf5Y6FPnlqeizg6j8SYzg6j8SZ53LDLDLHQZ5anos4Oo\/EmM4Oo\/Emedywywyx0GeWp6LODqPxJjODqPxJnncsMsMsdBnlqeizg6j8SYzg6j8SZ53LDLDLHQZ5anos4Oo\/EmM4Oo\/Emedywywyx0GeWp6LODqPxJjODqPxJnncsMsMsdBnlqehzg6j8SZKw+uWEv+NSaZ53LDLDJHQZ5anuMGboXznUguNCaSrU1yyTWiSWzWenpVFKKlF3xavTWppnIqVqcZKUXc0700dC3G27K0ZLkjJNJaoqava9klIiYikksyJ+FruTyM34AIZPAAAAAABqt1crrFaHsptm1MTClljVo1Kc78WcXGVzudz6TMXZpmsleLS0ZxnLGxwThOMfRqcXklru6HdyHrFuJsfNl32StxFk5s++ztivT4qk6VVOz976ohYeliMPUVSm1f5fBmlteG6UY+i8aXIl9XyHnKlpcm5N6W72e\/W4iyc2fiMnMeyc2fiSI\/h+FwmBT8q93zb4v4dFb6nbFvFYprPay5Jf2c+yxGWOh5jWTmz8SQzFsfNn4kix9VDch+iq7HPcsRljouYtj5tTvyGYlj5tTvseqhuPRVdvn9jneWIyx0XMSx82p32Mw7HzaniMeqhuPRVNjnWWGWOjZh2Pm1PEYzDsfNqeIx6qG49FV29znWWIyx0XMSx82p32MxLHzanfY9VDceiqbfP7HO8sRljouYtj5tTvyKcxbHzZ+JIeqhuPRVdjnmWGWOh5jWTmz8SRGY9k5s\/EkPVQ3Hoquxz3LE5Y6A9w9k5s\/EZGZFk5s++x6qG49FV29zwGWPdfhZUxo2nodNf92V5k2Pmy77NzuawNRsuUVFSWPiuWNJy1X3a+051a8JQaR1oYWcKilK1v8AGbsAEMsAAAAAAAWrTxJdhdLVp4kuwA16KkUoqQBUiTArW53vFuUU7saV7crtiLe\/5c+PdZtlZzdSJtCUavf8ufHuscIS58e6xlY82JtUVI1HCM+fHuslYRnyTh7U0hlY82Jt0DHsNqyid6ulF3SRkI1fA3TurokAMGSCCSGAQUlRSwCCCSACGUsqZj2y0ZON\/K+KgDz+7fdSrFTUINZaWm96cSO27lb5F7eQ8Tgjd\/aaNVTdSc4t+nGcspGS6Fd6P\/G41u7WzWiNolOve1NtwqLiz7NjWq7YjRxkQ5zk5aHpMJhqMaSVlK\/N8\/bqrfw+vM+hdzu6KjbYY1J3SSTnTfGj09Kv5TcHzfgzCVSzyjOk2nF3pxdzT2o65uO3e07Uo067UKzaipLRCbe3mu\/2HWnWzcJcyvxfh0qd50uMdOq+639z2gAO5VgAAAtWniS7C6WrTxJdgBr0VRKUSgDQ1J6ezR8SnGLVSWl9r\/2Y+ELTk6U5rWou7tJFrsgNljCeHY0W4xSlJaG3xU9nSzApbqXf6UY3e2PxPO1auM22UY3\/AL\/3aTFRilxIjqzbvc6FY7ZGrHGi+1PXF9Jexjx25i1uNZQ5JJq73tf6+J6zGI1SGV2JFOeZXZusAzvx+yP1MjD9rnRs1erT49Om5RvV6v23dGsw9zjvdTsX1NymRpcGTqfGBzHPm286Hc8xnzbNsO55nT8bpGMbZ49oyy7jmGfNs2w7nmM+bZth3PM6djPaMZ7Rnj2jLLuOYZ8WzbDueYz4tm2Hc8zp2O9pDm9ozx7Rkl3HMlu3tnJiN8iyevo1nSWVOb2lJrJp8kbRTXNlMncr9hrLVVTd77F2F63Wj8q1LX0msr1SmxuNcZWg+X57E+hQTV5dS\/XsFOvSlTnFTpy0ShLSvJnON124Wdlxq9BSnZ1plFelOl2rlj08nLtPcQtMoSxovT8H2m5sWEYVVsnyx29m02w2PpYn9E+E+m\/w+3tc6R83CvNDjHqvz+0cCjIu06jTvXk+hrlR0vdp+H0a+NaLElGprnR4saj2x5svg+g5lXpSpzlTqRcZRd0oyV0ovpR3nBx5lzhsVCtG8Hx06r81On\/hxu1qVKlOyVtONfGEm25xaTajjfmVyevSrvd0w5B+EO5uVWurdNXUqDap61lKjV2joSb9rOvkmjfLxKTxGNNV2ofzpf8AOe4AB1IALVp4kuwulq1cSXYAa5FRSSAeVq1PSl\/9P\/bMTCcHUo1IrW4u7t5CqrU9J9r\/ANmPa7fCjHGm7ti1t9iJavfgVjaseQbIvNrUsULSnVoPFlf6dOepPbetV5ap4CrN6cWK2t3\/AARM8yPUjZGVbnKblXjLkgnJv2XfU9ZlDRYPtdCzydBN41\/pVHddKWy\/kuNrlCNVd5cjtT4Kx6PcvK91OxfUz8O2yVCzVq0EnOnByinpV\/SazcjK91eyP1N+9PYRJ\/uLGj+xHNs\/rX+n3Bn7a\/0+4dF3rT9XDux+w3rT9XDux+xtnj2mcstTnWftr\/T7gz+tf6fcOib2p+rh3Y\/Yb2p+rh3Y\/YZ49oyy1OdZ+Wv9PuDPy1\/p9w6I7NT9XDux+xG9qfq4d2P2GePaMstTnmfdq\/T7hutzuG7VaFKdXFVK66N0cVzfLc9iPSWmNOEb8nC\/kWLH7GnrVdly6FoXuK3H4yNOOSK4v5f7oSsNh3KWaT4EV6pit36eQltyd3JykVXceXnLNx6FquBYm9JXRjpv2cvSU04Yzu95eno0I4xjf9TNm+hl0cIta3p2vU+0xsM7maGE8VSThUV39SFymo8q6V2lmnTlUmoRV8m7kj2OC8HxoQUVpk16UtrPReGYqrXUo1FeK\/8AX03+nXmQK8VRkp03aW358uRdwfYoUKUKNNYtOnFQhFciRkgFyQQAAAWrVxJdhdLVq4kuwA1sSrkfYUIrQBzzCdtVGM562m0ltbeg8naLTKpJzm72\/h0LoPZ7qtzNe6cacHOLlj05R039D2O7QeTzftX+PV7rLGk42vcqJQknZoowfbnRmpLVqlHnI3uEsLKNFSg75VF6HQuV+w0ub9q9RV7rJ4Atf+PV7rNpKDd2woyXQw3I2+AsKyjKNGbvjLRFv8r2dhh5v2r\/AB6vdZlYM3OWp1YuVGooxabbi1q1I2k4yXFmMjXQ6FuLle63ZH\/bNxh2VRWau6F+WVN5PF0yv6Okwty+C5WenKVTRUqNPF5qWpPpNxeVs3+q5Z0U1TSZzLfuFOdafc\/sN+4U51p9z+x068YxnzNjPl7nMd+4U51p9z+w35hTnWj3P7HTbxePM2Hl7nMt+YU51o9z+xMLVhRtLHrq93Xyvil2trQdMcjU4StuN6Kfor4sj4nFxowzNK\/Q6UsO5ytcwaUpxpwjUqOpNL0pyd975btiMepNt3LWxXql6hRxVjPjP4I8nUqSrTd38WXMYqCsilxxVd73tMael3F6tImhSu9J638DlJZnlXI25cRGGKruXlLNSRdqSNjuewdjyys+LHirnPyN6dGVaoqUP+LX8+HU1lNQjmZnbnsF5KOUkv6kloXNXmboA9bQowowUIcl+XKmc3OWZgAHU0AAABatXEl2F0tWriS7ADWIlEBAFyMmVKb2stoqAK1N7SpSe0tolAFeM9pOMyi8kAm8EAAkEXi8AkXkAAtWuV0H7jS2ug7r46dq5Tb256Eukxooq8bTVWWV6Eug3GN0aqxWe\/8AqS1Lirp2l2tI2FSjetGs186TcnF6LtZUzoOlFRXvqyZGak7lmlTveM9S1dJXUkXJu7UWYwc5KK1s4uOVZVxf1N79SbJZnVnd+VaZP6Hp8FxSUktSuuXvMCzUFTior2vazYYN\/N7PqejwODWHhx\/c+f2\/j5srK9bzJcOS5GaACacAAAAAAAWbXxJdheLNr\/ty7ADWIlFKJAPJ7rq9ujXus6rZLEV2Rg5xv5b3FPTftNPvzCf7rw5\/xOixkytTe1nRTsrWNHC7vc5xvzCn7rw6n8Rv3Cn7rw6n8TpGM9rJxntHmbGMm7Oa79wp+68Of8Sd+4U\/deHU\/idKx3tYxntY8zZDJuc039hT914dT+JO\/sKfuvDn\/E6XjPaMZ7R5myGTc5pv7Cn7rw5\/xJ39hT914c\/4nSsZ7RjPax5myGTc5pv7Cn7rw5\/xG\/cKfuvDqfxOl4z2kYz2sZ9kMm55jcpO0TpzlaXUxspdFVk4ySSTvSaWh3\/A3cUcf\/EPdXaqGF7Q7PXnCNLJ0lTTxqTxYLGxoPQ\/Scuk9RuD\/EqnbJRs9pUaVpk7oSWilWexX8WXQQK9KTm5kqnJKKie9iialnU1c\/fsKoIrvuOSgpcLXNnKzuaS22eVN6dT1NcpmWCy4ivfHevoWwzZyvV12j3lszh8BGlUdR\/xsKmIlOOX3DMzBn5\/Z9TCbMzBf5vZ9SeRzOAAAAAAAAALNr\/ty7C8WbZ\/bn2AGpRUmUJlSAKryUzye6jc5aLRXytHFxMSMUnUxGmtehmqzKtnU8VG6gn1NHJ6HQkybznmZVs6nioZlWzqeKjORdxjO+06JjA53mVbdkPFROZVt2Q8VDIu4Z32nRMYYxzvMq27IeKhmVbdkPFQyLuGd9p0TGGMc7zKtuyHioZlW3ZDxUMi7hnfadExgmc7zKtuyHio3e5Hc9aLNOrKu0oTp4iUZ47bvTv0arlf7zDikr3MqTb5HHN01V17XaKr0upXm\/mZn7nfw3tttak4OhRb\/u104t9MKeiT7dC2M7BgXchZbI8enTUqreNlav8AUnf0X6vYbps0Nyxg2hOjQpUp1HUnTgoSqyV0qjXK7uUvtkNkGEkuQJKWGUmQDOwX+f2fUwGzOwVqn7PqAZ4AAAAAAAABZta\/py7C8QwDREpldqoOEruR6uktgFZKZQmVXgFRJTeTeATeTeUk3gE3klN4vAKgU3i8Am8XkXi8AXi8gXgAhsEXgEBsi8gAGfgpaJPpRgRi27lrNtZoqEVH39oBkApxkTeASCCQAAADHtNfFRq6+Fmjb1qKkjCq4KiwDV1sMt60Y6wptj9GbSpgRMtTwEgDXPDC5vx8hwyuZ8fIzOASmeAQDEeG+p8fIjh3qfN5F54CZPATALPDvU+byHDvU+byL3ATKJ4DYBRw91Pm8iOHn6v5vIjgWQ4EkATw8\/VrveQ4efq13vIjgSQ4EkATw8\/VrveQ4efq\/m8iOBJDgSQBPDz9X83kOHep83kRwJIcCSAJ4c6nzeQ4c6nzeRXDAbLnATAMfhvqfN5E8M9T43\/QvcAsLATAMdYYfJoK4YakZccAlXAIBYWG5F2nhpl+GAkXYYESAKaGFrzaWavjIxaWCoozaNFRQBdAAAAAAAABFwuJABFwuJABFxGIthUACjJoZNFYAKMmhk0VgAoyaGTRWACjJoZNFYAKcRDFRUACnFQxUVAAi4XEgAAAAAAAAAAAAAAAAAAAAAAAAAAAAAAAAAAAAAAAAAAAAAAAAAAAAAAA\/9k=\" alt=\"\" style=\"object-fit:cover;width:118px;height:auto\"\/><\/figure>\n\n\n\n<p class=\"has-text-align-center\"><a href=\"https:\/\/drive.google.com\/file\/d\/13218brj6uC14Y9mTvBKMWyB5vvee9SuS\/view?usp=sharing\">FITXA DE DADES B\u00c0SIQUES<\/a><\/p>\n<\/div>\n<\/div>\n<\/div>\n\n\n\n<p><\/p>\n","protected":false},"excerpt":{"rendered":"<p>CARTA COMPROM\u00cdS EDUCATIU ENSENYAMENT DE LA RELIGI\u00d3 SERVEIS I RECURSOS DIGITALS. FITXA DE DADES M\u00c8DIQUES FITXA DE DADES B\u00c0SIQUES<\/p>\n","protected":false},"author":1,"featured_media":0,"parent":123,"menu_order":0,"comment_status":"closed","ping_status":"closed","template":"","meta":{"_bbp_topic_count":0,"_bbp_reply_count":0,"_bbp_total_topic_count":0,"_bbp_total_reply_count":0,"_bbp_voice_count":0,"_bbp_anonymous_reply_count":0,"_bbp_topic_count_hidden":0,"_bbp_reply_count_hidden":0,"_bbp_forum_subforum_count":0,"site-sidebar-layout":"default","site-content-layout":"","ast-site-content-layout":"default","site-content-style":"default","site-sidebar-style":"default","ast-global-header-display":"","ast-banner-title-visibility":"","ast-main-header-display":"","ast-hfb-above-header-display":"","ast-hfb-below-header-display":"","ast-hfb-mobile-header-display":"","site-post-title":"","ast-breadcrumbs-content":"","ast-featured-img":"","footer-sml-layout":"","theme-transparent-header-meta":"","adv-header-id-meta":"","stick-header-meta":"","header-above-stick-meta":"","header-main-stick-meta":"","header-below-stick-meta":"","astra-migrate-meta-layouts":"set","ast-page-background-enabled":"default","ast-page-background-meta":{"desktop":{"background-color":"var(--ast-global-color-4)","background-image":"","background-repeat":"repeat","background-position":"center center","background-size":"auto","background-attachment":"scroll","background-type":"","background-media":"","overlay-type":"","overlay-color":"","overlay-opacity":"","overlay-gradient":""},"tablet":{"background-color":"","background-image":"","background-repeat":"repeat","background-position":"center center","background-size":"auto","background-attachment":"scroll","background-type":"","background-media":"","overlay-type":"","overlay-color":"","overlay-opacity":"","overlay-gradient":""},"mobile":{"background-color":"","background-image":"","background-repeat":"repeat","background-position":"center center","background-size":"auto","background-attachment":"scroll","background-type":"","background-media":"","overlay-type":"","overlay-color":"","overlay-opacity":"","overlay-gradient":""}},"ast-content-background-meta":{"desktop":{"background-color":"var(--ast-global-color-5)","background-image":"","background-repeat":"repeat","background-position":"center center","background-size":"auto","background-attachment":"scroll","background-type":"","background-media":"","overlay-type":"","overlay-color":"","overlay-opacity":"","overlay-gradient":""},"tablet":{"background-color":"var(--ast-global-color-5)","background-image":"","background-repeat":"repeat","background-position":"center center","background-size":"auto","background-attachment":"scroll","background-type":"","background-media":"","overlay-type":"","overlay-color":"","overlay-opacity":"","overlay-gradient":""},"mobile":{"background-color":"var(--ast-global-color-5)","background-image":"","background-repeat":"repeat","background-position":"center center","background-size":"auto","background-attachment":"scroll","background-type":"","background-media":"","overlay-type":"","overlay-color":"","overlay-opacity":"","overlay-gradient":""}},"footnotes":""},"class_list":["post-1808","page","type-page","status-publish","hentry"],"post_mailing_queue_ids":[],"_links":{"self":[{"href":"https:\/\/agora.xtec.cat\/ceipmarededeudelaroca\/wp-json\/wp\/v2\/pages\/1808","targetHints":{"allow":["GET"]}}],"collection":[{"href":"https:\/\/agora.xtec.cat\/ceipmarededeudelaroca\/wp-json\/wp\/v2\/pages"}],"about":[{"href":"https:\/\/agora.xtec.cat\/ceipmarededeudelaroca\/wp-json\/wp\/v2\/types\/page"}],"author":[{"embeddable":true,"href":"https:\/\/agora.xtec.cat\/ceipmarededeudelaroca\/wp-json\/wp\/v2\/users\/1"}],"replies":[{"embeddable":true,"href":"https:\/\/agora.xtec.cat\/ceipmarededeudelaroca\/wp-json\/wp\/v2\/comments?post=1808"}],"version-history":[{"count":6,"href":"https:\/\/agora.xtec.cat\/ceipmarededeudelaroca\/wp-json\/wp\/v2\/pages\/1808\/revisions"}],"predecessor-version":[{"id":5814,"href":"https:\/\/agora.xtec.cat\/ceipmarededeudelaroca\/wp-json\/wp\/v2\/pages\/1808\/revisions\/5814"}],"up":[{"embeddable":true,"href":"https:\/\/agora.xtec.cat\/ceipmarededeudelaroca\/wp-json\/wp\/v2\/pages\/123"}],"wp:attachment":[{"href":"https:\/\/agora.xtec.cat\/ceipmarededeudelaroca\/wp-json\/wp\/v2\/media?parent=1808"}],"curies":[{"name":"wp","href":"https:\/\/api.w.org\/{rel}","templated":true}]}}