{"id":1427,"date":"2019-05-24T11:21:43","date_gmt":"2019-05-24T11:21:43","guid":{"rendered":"http:\/\/escolamarededeudelaroca.cat\/?page_id=1427"},"modified":"2025-09-12T20:08:41","modified_gmt":"2025-09-12T18:08:41","slug":"projecte-linguistic","status":"publish","type":"page","link":"https:\/\/agora.xtec.cat\/ceipmarededeudelaroca\/documents-de-centre\/projecte-linguistic\/","title":{"rendered":"Projecte Ling\u00fc\u00edstic"},"content":{"rendered":"\n<figure class=\"wp-block-image aligncenter\"><img decoding=\"async\" src=\"data:image\/jpeg;base64,\/9j\/4AAQSkZJRgABAQAAAQABAAD\/2wCEAAkGBxETEBUSERMSExURFxUQGA8WEhAVFg8WFhEXFxURFRYYHSggGBolGxYVIjEhJSkrLi4uGB8zODMtNygtLisBCgoKDg0OGxAQGislHyYtLS0tLS0tLS0tLS0tLS0tLS0tLS0tLS0tLS0tLS0tLS0tLS0tLS0tLS0tLS0tLS0tLf\/AABEIAJ8BPgMBIgACEQEDEQH\/xAAcAAEAAgMBAQEAAAAAAAAAAAAABQYDBAcBAgj\/xABHEAACAQICBwQIAgQLCQAAAAAAAQIDEQQhBQYSMVFxkRNBYYEiMkJSobHB0QdyM5Ky4RQjNFNiY3Ois9LwFRYkQ1SCg5Px\/8QAGwEAAgMBAQEAAAAAAAAAAAAAAAUDBAYCAQf\/xAA8EQABAwICBQgHBwUBAAAAAAABAAIDBBEhMQUSQVFhE3GBkaGx0eEGFCIyUsHwFRZTYqLi8TNCY5LSgv\/aAAwDAQACEQMRAD8A7iAAQgABCAAEIDxmCeMprfOPUBivCbZrYBHz0rSW5t8l9zBPTK9mD83Y6DHHYozMwbVLghaGlpOSUoxs2lle6v3k0Dmlua6ZIH5IAV7SenbNwpWbWTk80uXErVFRHA3XkNh2nmCniifIbNCnZySzdkvEwPG0lvq0\/wBeP3KTXrzm7zk5Pxd+nA+BK\/Thv7EeHE+A+ZTFujR\/c7qV+pV4y9WSlyafyMxzqLad02nxWT6kvgNPTi0ql5x4+0vPv8yaDTUbjaVurxzHTgD39AUcmj3NF2G\/DJW4GDD14zipRd09zM46BBFwlxFsCgAPUIAeAheg0tIY6nRpupVdorq33JLvZRdIa715Nqko0uDspS87\/YljidJ7qp1VdDTf1DjuGfgOkhdHBy3D644yLvKamvdcIpfBX+Jb9XtZqeJ9BrYqJepfJrvaf0PX072C5yUVNpSnqHarbg7jh3EjtVjABCmKAAEIAAQgABCAAEIAAQhhq4iEfWaRmK\/puNql+MV9UdMbrGyileWNuFIT0tSW5t8l9zXlppezB+bsRIJxE1VTUPK3paWqPcoryb+bME8dVe+cvLL5GAHQaBsUZkecyUlJve2+buADpcIAAQl7Z8C105XSfFJlTLLo6V6UX4W6ZfQhlGStUxxIUTrJj3FdnB2lJXk\/djw8ysmxja+3UlN+03bluXwsYTB1tSaiYu2ZDm88z1ZALW08IijA27edAAVFOgABCkdBaRdKai36E3Z+D7p\/f9xcznJdtDV3OhCT32s+ay+hodC1JN4XbMRzbR3HpKVaQiAIkHMfkpAAD9LFWdbdP\/waKhTs6s1dXzUe7at3vhyOe4nSNab2p1JN+Lfw4Etry3\/Dal9yULctiP1bK+M6eNoYDvWL0nVySTubf2QSAObDt8lsYjG1JpRnJyUb7MW21G++19241gCcADJLnOLjcm5Qy0a0oyU4NxcWmpLua3GIHq5vbJdm0Ziu2owqrLbSlyfeutzdK9qdXg8JTjGUZOKe1FPOF5t2a7t5YRM8WcQvoUD+Uia87QD2Y9qAFP1u1vjhX2VNKdVpN39WmnulK29+H+nE97WN1nK3BBJO8Rxi5+sTwVwBwzFazY2o7yr1V4QnKCXlGyMK09i\/+oxH\/vr\/AOYp+vt+Ep2PR6S2Mg6j5LvB6cJpayY1O6xNe\/jVnJdG2vgXPVPXpzmqOK2U20o10tlNvcprcm+KsvDvO46xjjYiyr1OhJ4W67SHWztn1ea6GDxM9LiTIAAQhDaeh6sua+T+5MkdpuF6d\/daf0+p0w2cFFOLxlQQALaXIAAQgABCAAEITOi5\/wAS17u18r\/UhiV0DL1o8n9H9COUXapqc2kCqcdx6ZMXR2Jyg\/Zb6Lc+ljGfNtUt9k5jDqw+S3FwcQgABCAAEIWzVj9A\/wA8voVMuOgqGxQinvd59XdfCw30K0moJ3NPaQqOkHARW3nxUmAR2mq7hh6k45OMW0+D7maoC5SRzg0EnYqHrzj6NWulTTcqacJSv6M7P1VxzvmVkAcMYGNDQvn9RUOnkMjhYnd9fygAOlCgABC2cDjJ0akalOWy49Gu9Nd6fA67o\/FqrShUWSmk7cOK8ndHGTrerGHcMJSjLJ2vbhtTckviU6xosDtWg0BI7XezZYHpv8x3LexmIVOE5vdTjKb5Rjd\/I4Li8RKpUlUm7ucnJy8Xm\/I7lrD\/ACPE\/wBjW\/w5HB2Z6vPtNC+oejzBqSP23A6M\/rmCAAoLQoAAXt7LtOpWkXXwdOcneUb0m+Oxkm\/Fqz8ywlP\/AAw\/kP8A5Z\/swLgPICTG0ncF8+rmBlTI1uWsUABKqqGrpCF6Ul4N9MzaPicbpriANsV4RcWVUB41bLhkel1KkAAIQHh9wpSl6sZPkmwQvkG1DR1V+zbm0jPHQ03vlFdWcl7RtXYjedijjd0LO1S3vJr6\/Q24aGj7UpPkkvublDBQg7xWfFu5G6RpFgpo4HhwJUJrJgH+mivCX0l9OhAHQnG6sysaT0FJPapK8fc7190ZbSejnF5liF75jbfeBt4jztoqOrAaI34bj8lCA8as7NNNey8meiFM0B8m\/gNE1KtnbZj3za+S7\/kdxRPldqxi54fWC5e9rBrONgvNE4J1aiVvRjnJ+H3ZdzWweFjSiowVl8W+LNo19BRimjsfeOfgOA8UiqqjlnX2DJDWxdFVKc6ct04tPk1Y2QXlVIBFiuMaTwE6NR05q0o7pdzXds8UzTOzY3R9KstmrCM13XWa5Peir6d1Np9m5YaLU1nstt7S70r7mMI6ppwdn2LK1WhJGEuiNxu283H62qggk9D4WnUqqlVlKG3lGVt0u5NPue7mTk9Qq18qtNri9pPol9SZ0zWmzil0NDPMzXjFxwIw57kKoEtg9XsVVgqlOk5RlublTW1bvs2si1aK1IhBqVefaW9mKslze9roW6EFFJJJJZJLJJcEQS1QGDE1o9COd7U5I3AEX6cCOhUjQOpklJVMS4tRzVGOefi91vBXvxL4AU3yOebuT+mpYqZurGPE86jNPQbwteK3yo1UubpSSRwi+bP0Szi+uerssLXcoxfZVG3Ga3Qvn2b4Nd3FedllcwmzgtX6P1DQXQnM2I47x3W6VXgLgXLToAfVODbUYptyaSS3tvJJeYIXWvwyjbAJ8ZzfyX0LcRGrmA7DC0qTteEfS\/M25S+LZLj2JpawA7l89q5RLUPe3IkkcyAAkVdAACFAYnRtRzk4pNNtp3S3u5qYnDyg7SXLg+RajFXoxkrSV1\/rcSiU7VWfTNOWaiMHo2E4qTlLP2VZbL4G9DRlJezfm2MLhXTbUXeL7nvT4ribxy55ORXccTbYtxWGnh4R9WMVySMxC6U1hw9B7M5Ny92KcmufcvNkdDXfCtO6qJ8Go59GAje4XAK4fWU8Z1XPaDuuB9dKtYKotecPfONRLjaL+pKaO07h69lTqJyfsS9Fvknv8gdG9ouQV7HVwSHVY8E7rqXABwrCAAELWrYWnP14xlzWfUqGO0fKFbs1um1svim7LoXgqWmda8BTlFSm6k6cr7NJKWy1k4t3UfK4u0hSRzMBcQDcY7xtHVlxAV6hfNr6sbS7DIY23HrU7htG0oWtCN17TV3zzN9FLj+JGEbtsV7cdmk\/lMm9D6wYbE\/oaqb39lL0Z2W97Lza8VkWonwj2YyBwGC4no6qMa8rHc+fbipoAE6qIAAQgABCrWsGrFOvecWqdX3\/AGZc0u\/x+Zm0LjaiSoYmLhVjlGbzVaK71Lc3bet\/fxtPmKdNS3pPc813rczvlCW6p6FW9Wa2QyswJz3Hn4jYc991lBq1cRGMoxbzm7Jd\/wD8NojDgSRu\/nuVqxzQAHq8Q1sTh4Ti4VIxlGSs4ySaa8Uz3EYqEFeTt4d75I1P9sQ92fRfc9DSdi4MjWnEqDxP4f4KbbSqU790JpryUk7GF\/htg\/5zEfrUv8hbcPioT9V+W59DYIDTRX90Ji3SlXbCUnpv3rnOntScLh8NUq7dZuEfRTlTS2m0o3tFd7R9fh9qs4WxVaNnvpQazSefaSXHgvPha7Y7BQqqMZK6jKNTZe5uLvG670nZ28EbxwKVgfrAYDvUrtKzupzEXElxxPC1tUW34380ABZSxAACEAAIQAAhCta4aY\/g9JRg7VKt0n7sV6z55pL9xZTlWuuJc8ZU4U9mmuSjd\/3nInp4w9+PP9dKW6VqTBT3acSbD5nqUHKTbu8283fe33tnyANFikAALwi6vOpusjlJYevJybyhUe9v3W+\/wfkXo4fCTTUotp3TUlvTWaZ2fBV9unGXvRjLrFP6i2qjDSCNq12hat8zHRvxLbY8Me6y2St626yRwlNWSlUqX2I3yy3zl\/RWXMshw\/XDSTr4ypK94xk6UPCNNuKt4N7UvMW1UxjZhmVrdFUQqpvb91uJ444D62BeYzWjGVdpSrzSldOEXbJ9yilkiGAFBcTiStrHGyMWY0AcAB3IfVOo4tSi3Fp3TTs01uaa3M+QeLpdf1H1j\/hVFxlbtaVlLu20900vg\/HmWs4hqbpJ0MbTleyk1Sl\/SjUko58nsy8jt44pZS9mOYWJ0vSNp5\/YFmuxA3Y4j62WQArmsmkGv4qLtdXlye5HtTUNp4zI7q3ncqEMRleGhbOM05SjdRvNrhuvz+xGz1jqd0YLyk\/qQ4MxLpSpkNw63AeOfaOZOGUULRlfnUv\/ALyVeEej+5grabry9pR\/KkvjvI8ELq6pcLGQ9du6ylFPEMmhbWjpuVeEm3JucM27vei9FM1ew+1XT7qacvovnfyLmPNCMIhc47XfK1+vuS3SLgZA0bAhqY7FqnG+9vcvryNq5WMdiNubl3blyHkbdYpVNJqNwzKxVajk3KTu2eAFpLkjJppp2a3SN2npWonm1JcLJfI0gcloOa6a5zcirPhcQpx2l5rvT4GcruicRszS7p5Pn3P\/AFxLEV3t1Sr8Umu2+1AAcKVAACEAAIQAAhDj2sS\/4yvf35ftM7Acd03ie0xNWootbUvVe+Nss+hbo\/ePMkOnyORYPzdwKjwAMFlkAAIQ7DoKNsNR\/s4\/GKZx469q9iVUw1KSi4px2VF92x6PTIp1g9kJ\/wCj5HKPG2w78e8Lax9bYpTn7kJT6Rb+h+f+ebu7ndtZZ2wWIa\/manxg0cKZna4+00cF9R9HW2jkdvI7AfFAAUVoUAAIXnerZO+R+gMBiO0pQn78IT\/Win9TgCO66tO+Cw7\/AKml\/hovUJ9pw5ln\/SFt4o3bie0DwUoyhY2tt1JT96TflfL4WL8c5SKmnXHVjbs9o9VvEpRo0C7jzfPwX0ADOpqgABC3NDVdnEQfF7D5Sy+3QvBQ9GL+Ph+eH7SL4aXQZPIvH5vkPBKNIga7TwWjpars03bfL0eu\/wCFyvkrp6fqr8z+S+5FGkiHsrP1DrvtuQAEigQAAhL2zXcWqlO6T4pPqVUsmj3elDl8siGbIK1SnEhbQAIFcQAAhAACEAAIQoev+iUtnEQilnszst7fqt\/FX5F8NetQjOLhNKUZJpxe5pkkbyxwcFWq6cVERjO3I7js+ty4oCd1i1dqYaTkk5Um\/Rl7vhLg\/Hc\/gQQ2a4OFwsLNC+F5ZILFADd0bo2rXmoU4uT75eylxb7kBIAuVyxheQ1ouTkFvaqaL7fExUleFP0pcLLdB838LnU6VNRSUUkkrJJWSXBIjtB6KhhqShHNvOU7Wcn9uCJYVzy8o64y2La6Oo\/VorO944nw6O+60tK0VPD1YPdOnOL84NHAVnnxOx6+6TdDBy2XadV9jF+6pRbk\/wBVPzaOOiauILwOC3fo\/G4QvccicOjPvt0IACin6AAEIdd\/DrSPa4JRfrUW6T\/L60H0dvI5EdP\/AAswco4edSWSqzSiuKgneXVteRaoyeVwSfTjWmkJdmCLc\/8AFz0K5YzD7dOUL22k1fhco+IouEpRlvi7M6CVbWXBtSVVLKVlLwa3PzXyONM02tGJRm3Pm8is7o+XVfqHI9\/8KEABmU4QAAhZcFhZVZqEbJu72n3Jb2XqlGyS32SV+NiC1YwllKo162UeS3vzduhYjVaIphHDyhzd3bPrikldNryaoyHftUJp5elHk\/mRhZcVhYzVpXy3Nb0Q+J0VOOcfSXhv6D2N4sAUlmidrFwC0geNWyeTPSZVkAEIOTtFNvwVwQhYtGfoo8n82R2F0TJ51Ml7q3\/uJmnBRSSySyRBK4HAK5TxuablZAAQq0gABCAAEIAAQgK1rLrNHDvs4JSqNXs90U9z8X4FJxmsuKne9V2fsxSiv7ufUnZTveL5DillVpWCndqG5PDZ12XTcdjqVNPtJwjdeq7Xf\/bvZyzTtajKvKVCK7N2tFRstyu0u7MjpSbd3m+L3nhchpxHjdZ+u0m6qaG6oAGO89e7o6UOq6F0vg5RUKMow\/q2tl38\/WfJs5UDuaESDEqGhrnUjiWtBva9+G47OoruYON4TStel+jqSjb2btr9V5Fn0HrrLaUMQk4vLtoqzXi1ua8V0KT6V7csVoYNNwSO1XgtPHLr8Qt78S8I54LaX\/KnGb\/K04P9pPyOSHftI04SpTjUtsShJS\/K07vocBe98+QirWWeHbx3L6LoCUugdGf7T3\/wetAAUk9QAAhePeuZ3rQkILDUVC2z2dPZtw7NZnBjqf4YaRc8M6Mnd0ZK35J3aXk1L4FyicBJbeEj0\/E59OHj+049OHfYdKu5hqU1JNSSaeTT3HletGKvOSiuLdiLq6w0Y+rtSfgrL4l6WohjwkcBzkY9HksqyJ7\/AHQSo3SuhZQvKmnKPDfKH3REEvidYajygowX6z6vL4EO3fPiZKtNMX3p7224WHRfHotYbNweU\/Khtpc\/rO2HUvUTOjNBSlaVVbMfc9qXPgviRFObi1KLs07p+JL4XWKccqkVLxXov7P4HVD6rr3qL8MLjptj0Zb75Lyp5bVtF349Cs8IpKyySMhD0dP0Zb24v+ksuquSdKopK8Wmnuad0ayOeKX+m4HmPyzSN8b2e8LLKeMwYursQcuG7nuRXa2InL1pN+eXQssYXKtJMGbFOYrFUVlNxl4W2n+4gKjTbaVk27cu48BO1mqqkkpfmtnR9Smm+1V72tldLmidoVINeg428LfIrJ4ePj1l7HNqYWVvBX9H46UZKMm2pO2bva+5lgIHNLVcjkDxcIADlSIAAQgABCHjPQCFx7T+J28VWnvvNpclkvgkRvXodw2VwXQbK4LoXG1dhbV7fJZ6TQJe8uMuZJ93eb\/EuH359GOvRncNlcF0GyuC6HXrv5e3yXH3e\/y\/p\/cuH9ejHXozuGyuC6DZXBdA9d\/L2+SPu9\/l\/T+5cPvz6MX59DuGyuC6DZXBdA9d\/L2+S8+73+X9P7lUNI6UtoZ1e+VLsvNy7N+e85NdcD9EbK3WR52a4LohPU0\/LP1gbcM\/BbrRekxRQcm5msdpva+AGVju3r88bS4DaXA\/RGwuC6IbC4LoiD1A\/F2eaZfeJv4X6h\/yvzvtLgNpcD9EbC4LohsLguiD1A\/F2eaPvE38L9Q\/5X532lwOn\/hVg7UKlbJ9rNRVuEI3z85PoXns1wXRHsYJbkiWGk5N+sTfo81UrtM+swmIM1b2x1r5f+QqLpLGurUk27xTaiu5LuNW50Sy8Og2VwFj9CPe4udLify\/vVZukWtAaGYDj5Lnlxc6HsrgNlcDn7CP4o\/1\/evftMfB2+S55cXOh7K4DZXAPsI\/ij\/X96PtMfB2+S55ck9AY1xqxjf0ZuzV8rvd8cvMuGyuA2VwJIdDvikbIJcj8PWPe2jBcSaQa9haWZ8fJRmnaloJcXfov3oh1DJy7k0ut\/sWywsaFsmqLWSaSDXde6qFxct4OuW4Lj1XiqhcXLeD3luCPVeKqdSLi2u+Lt0LTRntRT4pPqj7PSN79aylii1CcUABwpkAAIX\/2Q==\" alt=\"\"\/><\/figure>\n\n\n\n<p><\/p>\n\n\n\n<p>En aquest enlla\u00e7 podreu veure i descarregar el Projecte Ling\u00fc\u00edstic de l\u2019escola Mare de D\u00e9u de la Roca de Mont-roig del Camp.<\/p>\n\n\n\n<h5 class=\"wp-block-heading\"><a href=\"https:\/\/drive.google.com\/file\/d\/1FsOzMHEbxkCxBlmFAjRvgo-LVpcGvDHw\/view?usp=sharing\" target=\"_blank\" rel=\"noopener\">Projecte ling\u00fc\u00edstic.<\/a><\/h5>\n\n\n\n<p><\/p>\n","protected":false},"excerpt":{"rendered":"<p>En aquest enlla\u00e7 podreu veure i descarregar el Projecte Ling\u00fc\u00edstic de l\u2019escola Mare de D\u00e9u de la Roca de Mont-roig del Camp. Projecte ling\u00fc\u00edstic.<\/p>\n","protected":false},"author":1,"featured_media":0,"parent":3279,"menu_order":0,"comment_status":"closed","ping_status":"closed","template":"","meta":{"_bbp_topic_count":0,"_bbp_reply_count":0,"_bbp_total_topic_count":0,"_bbp_total_reply_count":0,"_bbp_voice_count":0,"_bbp_anonymous_reply_count":0,"_bbp_topic_count_hidden":0,"_bbp_reply_count_hidden":0,"_bbp_forum_subforum_count":0,"site-sidebar-layout":"default","site-content-layout":"","ast-site-content-layout":"default","site-content-style":"default","site-sidebar-style":"default","ast-global-header-display":"","ast-banner-title-visibility":"","ast-main-header-display":"","ast-hfb-above-header-display":"","ast-hfb-below-header-display":"","ast-hfb-mobile-header-display":"","site-post-title":"","ast-breadcrumbs-content":"","ast-featured-img":"","footer-sml-layout":"","theme-transparent-header-meta":"","adv-header-id-meta":"","stick-header-meta":"","header-above-stick-meta":"","header-main-stick-meta":"","header-below-stick-meta":"","astra-migrate-meta-layouts":"set","ast-page-background-enabled":"default","ast-page-background-meta":{"desktop":{"background-color":"var(--ast-global-color-4)","background-image":"","background-repeat":"repeat","background-position":"center center","background-size":"auto","background-attachment":"scroll","background-type":"","background-media":"","overlay-type":"","overlay-color":"","overlay-opacity":"","overlay-gradient":""},"tablet":{"background-color":"","background-image":"","background-repeat":"repeat","background-position":"center center","background-size":"auto","background-attachment":"scroll","background-type":"","background-media":"","overlay-type":"","overlay-color":"","overlay-opacity":"","overlay-gradient":""},"mobile":{"background-color":"","background-image":"","background-repeat":"repeat","background-position":"center center","background-size":"auto","background-attachment":"scroll","background-type":"","background-media":"","overlay-type":"","overlay-color":"","overlay-opacity":"","overlay-gradient":""}},"ast-content-background-meta":{"desktop":{"background-color":"var(--ast-global-color-5)","background-image":"","background-repeat":"repeat","background-position":"center center","background-size":"auto","background-attachment":"scroll","background-type":"","background-media":"","overlay-type":"","overlay-color":"","overlay-opacity":"","overlay-gradient":""},"tablet":{"background-color":"var(--ast-global-color-5)","background-image":"","background-repeat":"repeat","background-position":"center center","background-size":"auto","background-attachment":"scroll","background-type":"","background-media":"","overlay-type":"","overlay-color":"","overlay-opacity":"","overlay-gradient":""},"mobile":{"background-color":"var(--ast-global-color-5)","background-image":"","background-repeat":"repeat","background-position":"center center","background-size":"auto","background-attachment":"scroll","background-type":"","background-media":"","overlay-type":"","overlay-color":"","overlay-opacity":"","overlay-gradient":""}},"footnotes":""},"class_list":["post-1427","page","type-page","status-publish","hentry"],"post_mailing_queue_ids":[],"_links":{"self":[{"href":"https:\/\/agora.xtec.cat\/ceipmarededeudelaroca\/wp-json\/wp\/v2\/pages\/1427","targetHints":{"allow":["GET"]}}],"collection":[{"href":"https:\/\/agora.xtec.cat\/ceipmarededeudelaroca\/wp-json\/wp\/v2\/pages"}],"about":[{"href":"https:\/\/agora.xtec.cat\/ceipmarededeudelaroca\/wp-json\/wp\/v2\/types\/page"}],"author":[{"embeddable":true,"href":"https:\/\/agora.xtec.cat\/ceipmarededeudelaroca\/wp-json\/wp\/v2\/users\/1"}],"replies":[{"embeddable":true,"href":"https:\/\/agora.xtec.cat\/ceipmarededeudelaroca\/wp-json\/wp\/v2\/comments?post=1427"}],"version-history":[{"count":5,"href":"https:\/\/agora.xtec.cat\/ceipmarededeudelaroca\/wp-json\/wp\/v2\/pages\/1427\/revisions"}],"predecessor-version":[{"id":5841,"href":"https:\/\/agora.xtec.cat\/ceipmarededeudelaroca\/wp-json\/wp\/v2\/pages\/1427\/revisions\/5841"}],"up":[{"embeddable":true,"href":"https:\/\/agora.xtec.cat\/ceipmarededeudelaroca\/wp-json\/wp\/v2\/pages\/3279"}],"wp:attachment":[{"href":"https:\/\/agora.xtec.cat\/ceipmarededeudelaroca\/wp-json\/wp\/v2\/media?parent=1427"}],"curies":[{"name":"wp","href":"https:\/\/api.w.org\/{rel}","templated":true}]}}