{"id":36,"date":"2014-09-18T12:33:11","date_gmt":"2014-09-18T11:33:11","guid":{"rendered":"http:\/\/agora.xtec.cat\/ceipmarcelidomingo-roquetes\/?page_id=36"},"modified":"2025-06-23T13:55:43","modified_gmt":"2025-06-23T11:55:43","slug":"material-escolar","status":"publish","type":"page","link":"https:\/\/agora.xtec.cat\/ceipmarcelidomingo-roquetes\/tauler-danuncis\/material-escolar\/","title":{"rendered":"Material escolar"},"content":{"rendered":"<p><strong>I3:<\/strong> <a href=\"https:\/\/www.calameo.com\/read\/005782577e1c4ab9f60b8\">Material did\u00e0ctic curs 2025-2026<\/a><br \/>\n<strong>I4:<\/strong> <a href=\"https:\/\/www.calameo.com\/read\/00578257763ed9b75730b\">Material did\u00e0ctic curs 2025-2026<\/a><br \/>\n<strong>I5:<\/strong> <a href=\"https:\/\/www.calameo.com\/read\/0057825771c3dcf9b40e2\">Material did\u00e0ctic curs 2025-2026<\/a><br \/>\n<strong>1r:<\/strong> <a href=\"https:\/\/www.calameo.com\/read\/005782577a269aeb45597\">Material did\u00e0ctic curs 2025-2026<\/a><br \/>\n<strong>2n:<\/strong> <a href=\"https:\/\/www.calameo.com\/read\/0057825772446fc33d484\">Material did\u00e0ctic curs 2025-2026<\/a><br \/>\n<strong>3r:<\/strong> <a href=\"https:\/\/www.calameo.com\/read\/005782577d1ade1e942a1\">Material did\u00e0ctic curs 2025-2026<\/a><br \/>\n<strong>4t:<\/strong> <a href=\"https:\/\/www.calameo.com\/read\/00578257766ae108334b8\">Material did\u00e0ctic curs 2025-2026<\/a><br \/>\n<strong>5\u00e8:<\/strong> <a href=\"https:\/\/www.calameo.com\/read\/00578257721c86d78e4c8\">Material did\u00e0ctic curs 2025-2026<\/a><br \/>\n<strong>6\u00e8:<\/strong> <a href=\"https:\/\/www.calameo.com\/read\/005782577dcef0e51086b\">Material did\u00e0ctic curs 2025-2026<\/a><\/p>\n","protected":false},"excerpt":{"rendered":"<p>I3: Material did\u00e0ctic curs 2025-2026 I4: Material did\u00e0ctic curs 2025-2026 I5: Material did\u00e0ctic curs 2025-2026 1r: Material did\u00e0ctic curs 2025-2026 2n: Material did\u00e0ctic curs 2025-2026 3r: Material did\u00e0ctic curs 2025-2026 4t: Material did\u00e0ctic curs 2025-2026 5\u00e8: Material did\u00e0ctic curs 2025-2026 6\u00e8: Material did\u00e0ctic curs 2025-2026<\/p>\n","protected":false},"author":1,"featured_media":0,"parent":1587,"menu_order":70,"comment_status":"closed","ping_status":"closed","template":"page-templates\/side-menu.php","meta":{"_bbp_topic_count":0,"_bbp_reply_count":0,"_bbp_total_topic_count":0,"_bbp_total_reply_count":0,"_bbp_voice_count":0,"_bbp_anonymous_reply_count":0,"_bbp_topic_count_hidden":0,"_bbp_reply_count_hidden":0,"_bbp_forum_subforum_count":0,"site-sidebar-layout":"default","site-content-layout":"","ast-site-content-layout":"","site-content-style":"default","site-sidebar-style":"default","ast-global-header-display":"","ast-banner-title-visibility":"","ast-main-header-display":"","ast-hfb-above-header-display":"","ast-hfb-below-header-display":"","ast-hfb-mobile-header-display":"","site-post-title":"","ast-breadcrumbs-content":"","ast-featured-img":"","footer-sml-layout":"","theme-transparent-header-meta":"","adv-header-id-meta":"","stick-header-meta":"","header-above-stick-meta":"","header-main-stick-meta":"","header-below-stick-meta":"","astra-migrate-meta-layouts":"default","ast-page-background-enabled":"default","ast-page-background-meta":{"desktop":{"background-color":"var(--ast-global-color-4)","background-image":"","background-repeat":"repeat","background-position":"center center","background-size":"auto","background-attachment":"scroll","background-type":"","background-media":"","overlay-type":"","overlay-color":"","overlay-opacity":"","overlay-gradient":""},"tablet":{"background-color":"","background-image":"","background-repeat":"repeat","background-position":"center center","background-size":"auto","background-attachment":"scroll","background-type":"","background-media":"","overlay-type":"","overlay-color":"","overlay-opacity":"","overlay-gradient":""},"mobile":{"background-color":"","background-image":"","background-repeat":"repeat","background-position":"center center","background-size":"auto","background-attachment":"scroll","background-type":"","background-media":"","overlay-type":"","overlay-color":"","overlay-opacity":"","overlay-gradient":""}},"ast-content-background-meta":{"desktop":{"background-color":"var(--ast-global-color-5)","background-image":"","background-repeat":"repeat","background-position":"center center","background-size":"auto","background-attachment":"scroll","background-type":"","background-media":"","overlay-type":"","overlay-color":"","overlay-opacity":"","overlay-gradient":""},"tablet":{"background-color":"var(--ast-global-color-5)","background-image":"","background-repeat":"repeat","background-position":"center center","background-size":"auto","background-attachment":"scroll","background-type":"","background-media":"","overlay-type":"","overlay-color":"","overlay-opacity":"","overlay-gradient":""},"mobile":{"background-color":"var(--ast-global-color-5)","background-image":"","background-repeat":"repeat","background-position":"center center","background-size":"auto","background-attachment":"scroll","background-type":"","background-media":"","overlay-type":"","overlay-color":"","overlay-opacity":"","overlay-gradient":""}},"footnotes":""},"class_list":["post-36","page","type-page","status-publish","hentry"],"post_mailing_queue_ids":[],"_links":{"self":[{"href":"https:\/\/agora.xtec.cat\/ceipmarcelidomingo-roquetes\/wp-json\/wp\/v2\/pages\/36","targetHints":{"allow":["GET"]}}],"collection":[{"href":"https:\/\/agora.xtec.cat\/ceipmarcelidomingo-roquetes\/wp-json\/wp\/v2\/pages"}],"about":[{"href":"https:\/\/agora.xtec.cat\/ceipmarcelidomingo-roquetes\/wp-json\/wp\/v2\/types\/page"}],"author":[{"embeddable":true,"href":"https:\/\/agora.xtec.cat\/ceipmarcelidomingo-roquetes\/wp-json\/wp\/v2\/users\/1"}],"replies":[{"embeddable":true,"href":"https:\/\/agora.xtec.cat\/ceipmarcelidomingo-roquetes\/wp-json\/wp\/v2\/comments?post=36"}],"version-history":[{"count":4,"href":"https:\/\/agora.xtec.cat\/ceipmarcelidomingo-roquetes\/wp-json\/wp\/v2\/pages\/36\/revisions"}],"predecessor-version":[{"id":9211,"href":"https:\/\/agora.xtec.cat\/ceipmarcelidomingo-roquetes\/wp-json\/wp\/v2\/pages\/36\/revisions\/9211"}],"up":[{"embeddable":true,"href":"https:\/\/agora.xtec.cat\/ceipmarcelidomingo-roquetes\/wp-json\/wp\/v2\/pages\/1587"}],"wp:attachment":[{"href":"https:\/\/agora.xtec.cat\/ceipmarcelidomingo-roquetes\/wp-json\/wp\/v2\/media?parent=36"}],"curies":[{"name":"wp","href":"https:\/\/api.w.org\/{rel}","templated":true}]}}