{"id":858,"date":"2018-08-10T11:02:15","date_gmt":"2018-08-10T09:02:15","guid":{"rendered":"http:\/\/agora.xtec.cat\/ceipmaragallrubi\/?page_id=858"},"modified":"2025-02-11T12:16:13","modified_gmt":"2025-02-11T11:16:13","slug":"patis","status":"publish","type":"page","link":"https:\/\/agora.xtec.cat\/ceipmaragallrubi\/lescola\/patis\/","title":{"rendered":"Patis"},"content":{"rendered":"<p><span style=\"font-size: medium;\">El nostre Projecte Educatiu visualitza el pati com a un espai natural<\/span> <span style=\"font-size: medium;\">ple d&#8217;oportunitats per l&#8217;aprenentage i essencial per al desenvolupament de la capacitat de jugar i, per extensi\u00f3, amb un immens potencial pel que fa als seus beneficis educatius<\/span><\/p>\n<p align=\"left\"><span style=\"font-size: medium;\">Tamb\u00e9 \u00e9s l&#8217;espai festiu per excel\u00e8ncia, on\u00a0celebrem plegats\u00a0les dates culturalment senyalades\u00a0i d&#8217;altres activitats l\u00fadiques que impliquen a tota l&#8217;escola o a tota la comunitat escolar. \u00c9s, sens dubte,\u00a0l&#8217;escenari m\u00e9s visible de l\u2019escola.<\/span><\/p>\n<p align=\"left\">La zona de patis de l&#8217;escola est\u00e0 dividida en dos sectors: una pels nens i nens de prim\u00e0ria i una altre, separada per una tanca amb porta,\u00a0pels alumnes d&#8217;Educaci\u00f3 Infantil.\u00a0Al pati de prim\u00e0ria t\u00e9 tamb\u00e9 una caseta amb escala a la zona de terra, taules de joc i ping pong, aix\u00ed com dues pistes cimentades de futbol i b\u00e0squet.<\/p>\n<p><img loading=\"lazy\" decoding=\"async\" class=\"wp-image-491 alignleft\" src=\"https:\/\/agora.xtec.cat\/ceipmaragallrubi\/wp-content\/uploads\/usu1825\/2018\/03\/pati-2-2-1.jpg\" alt=\"\" width=\"370\" height=\"277\" srcset=\"https:\/\/agora.xtec.cat\/ceipmaragallrubi\/wp-content\/uploads\/usu1825\/2018\/03\/pati-2-2-1.jpg 640w, https:\/\/agora.xtec.cat\/ceipmaragallrubi\/wp-content\/uploads\/usu1825\/2018\/03\/pati-2-2-1-300x225.jpg 300w, https:\/\/agora.xtec.cat\/ceipmaragallrubi\/wp-content\/uploads\/usu1825\/2018\/03\/pati-2-2-1-200x150.jpg 200w\" sizes=\"auto, (max-width: 370px) 100vw, 370px\" \/><img loading=\"lazy\" decoding=\"async\" class=\" wp-image-1567 alignright\" src=\"https:\/\/agora.xtec.cat\/ceipmaragallrubi\/wp-content\/uploads\/usu1825\/2020\/04\/espais-escola.pptx-3.jpg\" alt=\"\" width=\"370\" height=\"277\" srcset=\"https:\/\/agora.xtec.cat\/ceipmaragallrubi\/wp-content\/uploads\/usu1825\/2020\/04\/espais-escola.pptx-3.jpg 960w, https:\/\/agora.xtec.cat\/ceipmaragallrubi\/wp-content\/uploads\/usu1825\/2020\/04\/espais-escola.pptx-3-300x225.jpg 300w, https:\/\/agora.xtec.cat\/ceipmaragallrubi\/wp-content\/uploads\/usu1825\/2020\/04\/espais-escola.pptx-3-768x576.jpg 768w, https:\/\/agora.xtec.cat\/ceipmaragallrubi\/wp-content\/uploads\/usu1825\/2020\/04\/espais-escola.pptx-3-200x150.jpg 200w\" sizes=\"auto, (max-width: 370px) 100vw, 370px\" \/><\/p>\n<p>&nbsp;<\/p>\n<p>&nbsp;<\/p>\n<p>&nbsp;<\/p>\n<p>&nbsp;<\/p>\n<p>&nbsp;<\/p>\n<p>&nbsp;<\/p>\n<p>&nbsp;<\/p>\n<p align=\"left\"><img loading=\"lazy\" decoding=\"async\" class=\"wp-image-2108 alignleft\" src=\"https:\/\/agora.xtec.cat\/ceipmaragallrubi\/wp-content\/uploads\/usu1825\/2022\/02\/1644588494338-1.jpg\" alt=\"\" width=\"361\" height=\"271\" srcset=\"https:\/\/agora.xtec.cat\/ceipmaragallrubi\/wp-content\/uploads\/usu1825\/2022\/02\/1644588494338-1.jpg 960w, https:\/\/agora.xtec.cat\/ceipmaragallrubi\/wp-content\/uploads\/usu1825\/2022\/02\/1644588494338-1-300x225.jpg 300w, https:\/\/agora.xtec.cat\/ceipmaragallrubi\/wp-content\/uploads\/usu1825\/2022\/02\/1644588494338-1-768x576.jpg 768w, https:\/\/agora.xtec.cat\/ceipmaragallrubi\/wp-content\/uploads\/usu1825\/2022\/02\/1644588494338-1-200x150.jpg 200w\" sizes=\"auto, (max-width: 361px) 100vw, 361px\" \/><\/p>\n<p align=\"left\"><img loading=\"lazy\" decoding=\"async\" class=\"wp-image-2104 alignright\" src=\"https:\/\/agora.xtec.cat\/ceipmaragallrubi\/wp-content\/uploads\/usu1825\/2022\/02\/1644588549461-1024x768.jpg\" alt=\"\" width=\"370\" height=\"278\" \/><\/p>\n<p align=\"left\">\u00a0 <img loading=\"lazy\" decoding=\"async\" class=\"wp-image-2101 aligncenter\" src=\"https:\/\/agora.xtec.cat\/ceipmaragallrubi\/wp-content\/uploads\/usu1825\/2022\/02\/1644588549440-1024x768.jpg\" alt=\"\" width=\"345\" height=\"259\" \/><\/p>\n<p align=\"left\">En un dels laterals del pat\u00ed hem creat un espai de jocs amb material divers: cordes, frisbees o plats voladors, jocs de bitlles, etc&#8230;<\/p>\n<p>Al pat\u00ed d&#8217;Infantil disposen de sorral i diversos elements: gronxador, cavallets, tobogan&#8230;<\/p>\n<p><img loading=\"lazy\" decoding=\"async\" class=\"alignright  wp-image-3141\" src=\"https:\/\/agora.xtec.cat\/ceipmaragallrubi\/wp-content\/uploads\/usu1825\/2025\/02\/PPT-FOTOS-ESCOLA.pptx-6-1.jpg\" alt=\"\" width=\"423\" height=\"317\" srcset=\"https:\/\/agora.xtec.cat\/ceipmaragallrubi\/wp-content\/uploads\/usu1825\/2025\/02\/PPT-FOTOS-ESCOLA.pptx-6-1.jpg 1024w, https:\/\/agora.xtec.cat\/ceipmaragallrubi\/wp-content\/uploads\/usu1825\/2025\/02\/PPT-FOTOS-ESCOLA.pptx-6-1-300x225.jpg 300w, https:\/\/agora.xtec.cat\/ceipmaragallrubi\/wp-content\/uploads\/usu1825\/2025\/02\/PPT-FOTOS-ESCOLA.pptx-6-1-768x576.jpg 768w, https:\/\/agora.xtec.cat\/ceipmaragallrubi\/wp-content\/uploads\/usu1825\/2025\/02\/PPT-FOTOS-ESCOLA.pptx-6-1-200x150.jpg 200w\" sizes=\"auto, (max-width: 423px) 100vw, 423px\" \/><\/p>\n<p>&nbsp;<\/p>\n<p><img loading=\"lazy\" decoding=\"async\" class=\"wp-image-1566 alignleft\" src=\"https:\/\/agora.xtec.cat\/ceipmaragallrubi\/wp-content\/uploads\/usu1825\/2020\/04\/espais-escola.pptx-4.jpg\" alt=\"\" width=\"373\" height=\"280\" srcset=\"https:\/\/agora.xtec.cat\/ceipmaragallrubi\/wp-content\/uploads\/usu1825\/2020\/04\/espais-escola.pptx-4.jpg 960w, https:\/\/agora.xtec.cat\/ceipmaragallrubi\/wp-content\/uploads\/usu1825\/2020\/04\/espais-escola.pptx-4-300x225.jpg 300w, https:\/\/agora.xtec.cat\/ceipmaragallrubi\/wp-content\/uploads\/usu1825\/2020\/04\/espais-escola.pptx-4-768x576.jpg 768w, https:\/\/agora.xtec.cat\/ceipmaragallrubi\/wp-content\/uploads\/usu1825\/2020\/04\/espais-escola.pptx-4-200x150.jpg 200w\" sizes=\"auto, (max-width: 373px) 100vw, 373px\" \/><\/p>\n","protected":false},"excerpt":{"rendered":"<p>El nostre Projecte Educatiu visualitza el pati com a un espai natural ple d&#8217;oportunitats per l&#8217;aprenentage i essencial per al [&hellip;]<\/p>\n","protected":false},"author":1,"featured_media":0,"parent":22,"menu_order":0,"comment_status":"closed","ping_status":"closed","template":"","meta":{"_bbp_topic_count":0,"_bbp_reply_count":0,"_bbp_total_topic_count":0,"_bbp_total_reply_count":0,"_bbp_voice_count":0,"_bbp_anonymous_reply_count":0,"_bbp_topic_count_hidden":0,"_bbp_reply_count_hidden":0,"_bbp_forum_subforum_count":0,"site-sidebar-layout":"default","site-content-layout":"","ast-site-content-layout":"default","site-content-style":"default","site-sidebar-style":"default","ast-global-header-display":"","ast-banner-title-visibility":"","ast-main-header-display":"","ast-hfb-above-header-display":"","ast-hfb-below-header-display":"","ast-hfb-mobile-header-display":"","site-post-title":"","ast-breadcrumbs-content":"","ast-featured-img":"","footer-sml-layout":"","theme-transparent-header-meta":"default","adv-header-id-meta":"","stick-header-meta":"","header-above-stick-meta":"","header-main-stick-meta":"","header-below-stick-meta":"","astra-migrate-meta-layouts":"set","ast-page-background-enabled":"default","ast-page-background-meta":{"desktop":{"background-color":"var(--ast-global-color-4)","background-image":"","background-repeat":"repeat","background-position":"center center","background-size":"auto","background-attachment":"scroll","background-type":"","background-media":"","overlay-type":"","overlay-color":"","overlay-opacity":"","overlay-gradient":""},"tablet":{"background-color":"","background-image":"","background-repeat":"repeat","background-position":"center center","background-size":"auto","background-attachment":"scroll","background-type":"","background-media":"","overlay-type":"","overlay-color":"","overlay-opacity":"","overlay-gradient":""},"mobile":{"background-color":"","background-image":"","background-repeat":"repeat","background-position":"center center","background-size":"auto","background-attachment":"scroll","background-type":"","background-media":"","overlay-type":"","overlay-color":"","overlay-opacity":"","overlay-gradient":""}},"ast-content-background-meta":{"desktop":{"background-color":"var(--ast-global-color-5)","background-image":"","background-repeat":"repeat","background-position":"center center","background-size":"auto","background-attachment":"scroll","background-type":"","background-media":"","overlay-type":"","overlay-color":"","overlay-opacity":"","overlay-gradient":""},"tablet":{"background-color":"var(--ast-global-color-5)","background-image":"","background-repeat":"repeat","background-position":"center center","background-size":"auto","background-attachment":"scroll","background-type":"","background-media":"","overlay-type":"","overlay-color":"","overlay-opacity":"","overlay-gradient":""},"mobile":{"background-color":"var(--ast-global-color-5)","background-image":"","background-repeat":"repeat","background-position":"center center","background-size":"auto","background-attachment":"scroll","background-type":"","background-media":"","overlay-type":"","overlay-color":"","overlay-opacity":"","overlay-gradient":""}},"footnotes":""},"class_list":["post-858","page","type-page","status-publish","hentry"],"post_mailing_queue_ids":[],"_links":{"self":[{"href":"https:\/\/agora.xtec.cat\/ceipmaragallrubi\/wp-json\/wp\/v2\/pages\/858","targetHints":{"allow":["GET"]}}],"collection":[{"href":"https:\/\/agora.xtec.cat\/ceipmaragallrubi\/wp-json\/wp\/v2\/pages"}],"about":[{"href":"https:\/\/agora.xtec.cat\/ceipmaragallrubi\/wp-json\/wp\/v2\/types\/page"}],"author":[{"embeddable":true,"href":"https:\/\/agora.xtec.cat\/ceipmaragallrubi\/wp-json\/wp\/v2\/users\/1"}],"replies":[{"embeddable":true,"href":"https:\/\/agora.xtec.cat\/ceipmaragallrubi\/wp-json\/wp\/v2\/comments?post=858"}],"version-history":[{"count":6,"href":"https:\/\/agora.xtec.cat\/ceipmaragallrubi\/wp-json\/wp\/v2\/pages\/858\/revisions"}],"predecessor-version":[{"id":3164,"href":"https:\/\/agora.xtec.cat\/ceipmaragallrubi\/wp-json\/wp\/v2\/pages\/858\/revisions\/3164"}],"up":[{"embeddable":true,"href":"https:\/\/agora.xtec.cat\/ceipmaragallrubi\/wp-json\/wp\/v2\/pages\/22"}],"wp:attachment":[{"href":"https:\/\/agora.xtec.cat\/ceipmaragallrubi\/wp-json\/wp\/v2\/media?parent=858"}],"curies":[{"name":"wp","href":"https:\/\/api.w.org\/{rel}","templated":true}]}}