{"id":80,"date":"2024-06-27T10:35:48","date_gmt":"2024-06-27T08:35:48","guid":{"rendered":"http:\/\/agora.xtec.cat\/ceipmaragallrubi\/?page_id=80"},"modified":"2026-03-03T12:26:14","modified_gmt":"2026-03-03T11:26:14","slug":"https-seu-ccvoc-cat-siac-procedimientos-aspx","status":"publish","type":"page","link":"https:\/\/agora.xtec.cat\/ceipmaragallrubi\/serveis\/https-seu-ccvoc-cat-siac-procedimientos-aspx\/","title":{"rendered":"Transport Escolar"},"content":{"rendered":"<p><span style=\"color: #000000;\">E<span lang=\"ca-ES\">l <a href=\"http:\/\/www.ccvoc.cat\/consell-comarcal\/serveis\/area-de-territori-i-cooperacio-local\/servei-de-transport-escolar\" target=\"_blank\" rel=\"noopener noreferrer\">Consell Comarcal <\/a>t\u00e9 delegada, per part Departament d&#8217;Ensenyament de la Generalitat de Catalunya, les compet\u00e8ncies de la gesti\u00f3 del servei del transport escolar col\u00b7lectiu.<\/span><\/span><\/p>\n<p><span lang=\"ca-ES\"><span style=\"color: #000000;\">En el cas del nostre centre, com l&#8217;escola est\u00e0 al mateix municipi on resideixen els alumnes, el transport escolar t\u00e9 la modalitat de NO OBLIGAT\u00d2RI i subjecte al pagament del <a href=\"http:\/\/www.ccvoc.cat\/fitxer\/827\/publicachttp:\/\/www.ccvoc.cat\/fitxer\/10328\/publicaci__al_bopb_1_d__agost_de_2013.pdfi__al_bopb_1_d__agost_de_2013.pdf\">preu p\u00fablic<\/a>.<\/span> <\/span><\/p>\n<p><span lang=\"ca-ES\">El servei de transport es regeix per<\/span><span lang=\"ca-ES\"> <a href=\"http:\/\/www.ccvoc.cat\/fitxer\/10326\/1_Reglament%20del%20servei%20de%20transport%20escolar%20col%C2%B7lectiu%20del%20Vall%C3%A8s%20Occidental.pdf\" target=\"_blank\" rel=\"noopener noreferrer\">Reglament<\/a> que tots els usuaris han de con\u00e8ixer i respectar.<\/span><\/p>\n<p>El Consell Comarcal fa p\u00fabliques unes Disposicions de gesti\u00f3 del servei espec\u00edfiques per a cada curs escolar. Podeu consultar les del proprer curs 2025-26 a informaci\u00f3 web CCVV Servei de transport escolar <a href=\"https:\/\/agora.xtec.cat\/ceipmaragallrubi\/wp-content\/uploads\/usu1825\/2024\/06\/informacio-web-CCVV-Servei-de-transport-escolar-No-obligatori-i-pagament-preu-public.pdf\">&#8211;<\/a> (No obligatori i pagament preu p\u00fablic)\u00a0 <a href=\"https:\/\/agora.xtec.cat\/ceipmaragallrubi\/wp-content\/uploads\/usu1825\/2024\/06\/informacio-web-CCVV-Servei-de-transport-escolar-No-obligatori-i-pagament-preu-public.pdf\">aqui<\/a><\/p>\n<p><span style=\"color: #000000;\"><span lang=\"ca-ES\">El Consell Comarcal, com a responsable del transport, \u00e9s qui organitza les rutes, determina les parades i autoritza qualsevol tipus de canvi i, per tant, qualsevol consulta, petici\u00f3 o suggeriment l&#8217;heu d&#8217;adre\u00e7ar, personalment i per escrit, al Registre del Consell Comarcal, ja sigui a trav\u00e9s del seu enviament postal, lliurament presencial o via inst\u00e0ncia telem\u00e0tica<\/span><\/span><span style=\"color: #000000;\"><span lang=\"ca-ES\">. Tamb\u00e9 poder escriure un correu\u00a0electr\u00f2nic a\u00a0<\/span><\/span><span lang=\"zxx\" style=\"font-family: inherit; font-size: 1em;\"> <a href=\"mailto:ensenyament@ccvoc.cat\">ensenyament@ccvoc.cat<\/a><\/span><\/p>\n<div id=\"mainmiddle\">\n<div id=\"mainmiddle-expand\">\n<div id=\"content\">\n<div id=\"content-shift\">\n<div class=\"floatbox\">\n<div class=\"joomla \">\n<div class=\"article\">\n<p><span style=\"color: #000000;\"><span lang=\"ca-ES\">L\u2019escrit haur\u00e0 de contenir: Dades de la persona (nom, cognoms i DNI), adre\u00e7a a efectes de resposta (postal o electr\u00f2nica), explicaci\u00f3 de la situaci\u00f3 i concreci\u00f3 de la consulta, petici\u00f3 o suggeriment.<\/span><\/span><\/p>\n<p>Per tramitar qualsevol sol\u00b7licitud cal fer-ho a trav\u00e9s de la seu electr\u00f2nica del Consell Comarcal<\/p>\n<p><a href=\"https:\/\/seu.ccvoc.cat\/siac\/Procedimientos.aspx\">Enlla\u00e7\u00a0 ALTA TRANSPORT ESCOLAR NO OBLIGATORI CCVO<\/a><\/p>\n<p><a href=\"https:\/\/agora.xtec.cat\/ceipmaragallrubi\/wp-content\/uploads\/usu1825\/2022\/08\/Rutes-25-26.pdf\">Rutes 25-26<\/a><\/p>\n<p>&nbsp;<\/p>\n<\/div>\n<\/div>\n<\/div>\n<\/div>\n<\/div>\n<\/div>\n<\/div>\n","protected":false},"excerpt":{"rendered":"<p>El Consell Comarcal t\u00e9 delegada, per part Departament d&#8217;Ensenyament de la Generalitat de Catalunya, les compet\u00e8ncies de la gesti\u00f3 del [&hellip;]<\/p>\n","protected":false},"author":1,"featured_media":0,"parent":66,"menu_order":40,"comment_status":"closed","ping_status":"closed","template":"","meta":{"_bbp_topic_count":0,"_bbp_reply_count":0,"_bbp_total_topic_count":0,"_bbp_total_reply_count":0,"_bbp_voice_count":0,"_bbp_anonymous_reply_count":0,"_bbp_topic_count_hidden":0,"_bbp_reply_count_hidden":0,"_bbp_forum_subforum_count":0,"site-sidebar-layout":"default","site-content-layout":"","ast-site-content-layout":"default","site-content-style":"default","site-sidebar-style":"default","ast-global-header-display":"","ast-banner-title-visibility":"","ast-main-header-display":"","ast-hfb-above-header-display":"","ast-hfb-below-header-display":"","ast-hfb-mobile-header-display":"","site-post-title":"","ast-breadcrumbs-content":"","ast-featured-img":"","footer-sml-layout":"","theme-transparent-header-meta":"default","adv-header-id-meta":"","stick-header-meta":"","header-above-stick-meta":"","header-main-stick-meta":"","header-below-stick-meta":"","astra-migrate-meta-layouts":"set","ast-page-background-enabled":"default","ast-page-background-meta":{"desktop":{"background-color":"var(--ast-global-color-4)","background-image":"","background-repeat":"repeat","background-position":"center center","background-size":"auto","background-attachment":"scroll","background-type":"","background-media":"","overlay-type":"","overlay-color":"","overlay-opacity":"","overlay-gradient":""},"tablet":{"background-color":"","background-image":"","background-repeat":"repeat","background-position":"center center","background-size":"auto","background-attachment":"scroll","background-type":"","background-media":"","overlay-type":"","overlay-color":"","overlay-opacity":"","overlay-gradient":""},"mobile":{"background-color":"","background-image":"","background-repeat":"repeat","background-position":"center center","background-size":"auto","background-attachment":"scroll","background-type":"","background-media":"","overlay-type":"","overlay-color":"","overlay-opacity":"","overlay-gradient":""}},"ast-content-background-meta":{"desktop":{"background-color":"var(--ast-global-color-5)","background-image":"","background-repeat":"repeat","background-position":"center center","background-size":"auto","background-attachment":"scroll","background-type":"","background-media":"","overlay-type":"","overlay-color":"","overlay-opacity":"","overlay-gradient":""},"tablet":{"background-color":"var(--ast-global-color-5)","background-image":"","background-repeat":"repeat","background-position":"center center","background-size":"auto","background-attachment":"scroll","background-type":"","background-media":"","overlay-type":"","overlay-color":"","overlay-opacity":"","overlay-gradient":""},"mobile":{"background-color":"var(--ast-global-color-5)","background-image":"","background-repeat":"repeat","background-position":"center center","background-size":"auto","background-attachment":"scroll","background-type":"","background-media":"","overlay-type":"","overlay-color":"","overlay-opacity":"","overlay-gradient":""}},"footnotes":""},"class_list":["post-80","page","type-page","status-publish","hentry"],"post_mailing_queue_ids":[],"_links":{"self":[{"href":"https:\/\/agora.xtec.cat\/ceipmaragallrubi\/wp-json\/wp\/v2\/pages\/80","targetHints":{"allow":["GET"]}}],"collection":[{"href":"https:\/\/agora.xtec.cat\/ceipmaragallrubi\/wp-json\/wp\/v2\/pages"}],"about":[{"href":"https:\/\/agora.xtec.cat\/ceipmaragallrubi\/wp-json\/wp\/v2\/types\/page"}],"author":[{"embeddable":true,"href":"https:\/\/agora.xtec.cat\/ceipmaragallrubi\/wp-json\/wp\/v2\/users\/1"}],"replies":[{"embeddable":true,"href":"https:\/\/agora.xtec.cat\/ceipmaragallrubi\/wp-json\/wp\/v2\/comments?post=80"}],"version-history":[{"count":6,"href":"https:\/\/agora.xtec.cat\/ceipmaragallrubi\/wp-json\/wp\/v2\/pages\/80\/revisions"}],"predecessor-version":[{"id":3395,"href":"https:\/\/agora.xtec.cat\/ceipmaragallrubi\/wp-json\/wp\/v2\/pages\/80\/revisions\/3395"}],"up":[{"embeddable":true,"href":"https:\/\/agora.xtec.cat\/ceipmaragallrubi\/wp-json\/wp\/v2\/pages\/66"}],"wp:attachment":[{"href":"https:\/\/agora.xtec.cat\/ceipmaragallrubi\/wp-json\/wp\/v2\/media?parent=80"}],"curies":[{"name":"wp","href":"https:\/\/api.w.org\/{rel}","templated":true}]}}