{"id":73,"date":"2014-09-18T14:01:51","date_gmt":"2014-09-18T13:01:51","guid":{"rendered":"http:\/\/agora.xtec.cat\/ceipmaragallrubi\/?page_id=73"},"modified":"2026-01-25T19:57:44","modified_gmt":"2026-01-25T18:57:44","slug":"menjador-escolar","status":"publish","type":"page","link":"https:\/\/agora.xtec.cat\/ceipmaragallrubi\/serveis\/menjador-escolar\/","title":{"rendered":"Menjador escolar"},"content":{"rendered":"<div id=\"mainmiddle\">\n<div id=\"mainmiddle-expand\">\n<div id=\"content\">\n<div id=\"content-shift\">\n<div class=\"floatbox\">\n<div class=\"joomla \">\n<div class=\"article\">\n<div class=\"headline\"><\/div>\n<p><span style=\"font-family: Arial, sans-serif;\">La gesti\u00f3 del menjador escolar est\u00e0 cedida, per part del Director dels Serveis Territorials d&#8217;Ensenyament, a l\u2019AMPA de l&#8217;escola.<\/span><\/p>\n<p>L&#8217;AMPA ha contractat, per a la seva posada en marxa\u00a0i execuci\u00f3, a una empresa del sector: CAMPOS ESTELA<span style=\"font-family: Arial, sans-serif;\">\u00a0que s&#8217;encarrega del servei de c\u00e0tering i del monitoratge.<\/span><\/p>\n<p><span style=\"font-family: Arial, sans-serif;\">Podeu contactar amb el coordinador del menjador, Laura, al tel. 682352030<\/span><\/p>\n<p><span style=\"font-family: Arial, sans-serif;\">Actualment es queden a dinar al voltant de cent vint alumnes al dia, repartits en dos torns.<\/span><\/p>\n<p><span style=\"font-family: Arial, sans-serif;\">Des de gener de 2018 l&#8217;escola disposa de cuina pr\u00f2pia.<\/span><img loading=\"lazy\" decoding=\"async\" class=\"wp-image-877 alignright\" src=\"http:\/\/agora.xtec.cat\/ceipmaragallrubi\/wp-content\/uploads\/usu1825\/2014\/09\/IMG_0952.jpg\" alt=\"\" width=\"386\" height=\"217\" srcset=\"https:\/\/agora.xtec.cat\/ceipmaragallrubi\/wp-content\/uploads\/usu1825\/2014\/09\/IMG_0952.jpg 640w, https:\/\/agora.xtec.cat\/ceipmaragallrubi\/wp-content\/uploads\/usu1825\/2014\/09\/IMG_0952-300x169.jpg 300w\" sizes=\"auto, (max-width: 386px) 100vw, 386px\" \/><\/p>\n<p><span style=\"font-family: Arial, sans-serif;\">Si necessiteu qualsevol aclariment referent al menjador, o simplement, voleu fer algun suggeriment, podeu adre\u00e7ar-vos al correu electr\u00f2nic de\u00a0 menjador.j.maragall@camposestela.com <\/span><\/p>\n<p><span lang=\"JA\">El preu m\u00e0xim de la prestaci\u00f3 del servei escolar de menjador compr\u00e8n, a m\u00e9s de l\u2019\u00e0pat, l\u2019atenci\u00f3 directa a l\u2019alumnat durant el temps de la prestaci\u00f3 del servei de <\/span>menjador i els per\u00edodes de temps anteriors i posteriors, des que acaben les classes <span lang=\"JA\">del mat\u00ed fins que comencen les de la tarda..<\/span><\/p>\n<p><span lang=\"JA\">Aquest preu s&#8217;aplica tant als alumnes fixos com als fixos discontinus.<\/span><\/p>\n<p><span lang=\"JA\">Teniu m\u00e9s informaci\u00f3 sobre el menjador en aquest <a href=\"https:\/\/agora.xtec.cat\/ceipmaragallrubi\/wp-content\/uploads\/usu1825\/2025\/06\/Normativa-Benvinguda-Joan-Maragal-curs-2025-26_24-1.pdf\">menjador fam\u00edlies curs 25-26<\/a><\/span><\/p>\n<\/div>\n<\/div>\n<\/div>\n<\/div>\n<\/div>\n<\/div>\n<\/div>\n","protected":false},"excerpt":{"rendered":"<p>La gesti\u00f3 del menjador escolar est\u00e0 cedida, per part del Director dels Serveis Territorials d&#8217;Ensenyament, a l\u2019AMPA de l&#8217;escola. L&#8217;AMPA [&hellip;]<\/p>\n","protected":false},"author":1,"featured_media":0,"parent":66,"menu_order":30,"comment_status":"closed","ping_status":"closed","template":"","meta":{"_bbp_topic_count":0,"_bbp_reply_count":0,"_bbp_total_topic_count":0,"_bbp_total_reply_count":0,"_bbp_voice_count":0,"_bbp_anonymous_reply_count":0,"_bbp_topic_count_hidden":0,"_bbp_reply_count_hidden":0,"_bbp_forum_subforum_count":0,"site-sidebar-layout":"default","site-content-layout":"","ast-site-content-layout":"default","site-content-style":"default","site-sidebar-style":"default","ast-global-header-display":"","ast-banner-title-visibility":"","ast-main-header-display":"","ast-hfb-above-header-display":"","ast-hfb-below-header-display":"","ast-hfb-mobile-header-display":"","site-post-title":"","ast-breadcrumbs-content":"","ast-featured-img":"","footer-sml-layout":"","theme-transparent-header-meta":"default","adv-header-id-meta":"","stick-header-meta":"","header-above-stick-meta":"","header-main-stick-meta":"","header-below-stick-meta":"","astra-migrate-meta-layouts":"set","ast-page-background-enabled":"default","ast-page-background-meta":{"desktop":{"background-color":"var(--ast-global-color-4)","background-image":"","background-repeat":"repeat","background-position":"center center","background-size":"auto","background-attachment":"scroll","background-type":"","background-media":"","overlay-type":"","overlay-color":"","overlay-opacity":"","overlay-gradient":""},"tablet":{"background-color":"","background-image":"","background-repeat":"repeat","background-position":"center center","background-size":"auto","background-attachment":"scroll","background-type":"","background-media":"","overlay-type":"","overlay-color":"","overlay-opacity":"","overlay-gradient":""},"mobile":{"background-color":"","background-image":"","background-repeat":"repeat","background-position":"center center","background-size":"auto","background-attachment":"scroll","background-type":"","background-media":"","overlay-type":"","overlay-color":"","overlay-opacity":"","overlay-gradient":""}},"ast-content-background-meta":{"desktop":{"background-color":"var(--ast-global-color-5)","background-image":"","background-repeat":"repeat","background-position":"center center","background-size":"auto","background-attachment":"scroll","background-type":"","background-media":"","overlay-type":"","overlay-color":"","overlay-opacity":"","overlay-gradient":""},"tablet":{"background-color":"var(--ast-global-color-5)","background-image":"","background-repeat":"repeat","background-position":"center center","background-size":"auto","background-attachment":"scroll","background-type":"","background-media":"","overlay-type":"","overlay-color":"","overlay-opacity":"","overlay-gradient":""},"mobile":{"background-color":"var(--ast-global-color-5)","background-image":"","background-repeat":"repeat","background-position":"center center","background-size":"auto","background-attachment":"scroll","background-type":"","background-media":"","overlay-type":"","overlay-color":"","overlay-opacity":"","overlay-gradient":""}},"footnotes":""},"class_list":["post-73","page","type-page","status-publish","hentry"],"post_mailing_queue_ids":[],"_links":{"self":[{"href":"https:\/\/agora.xtec.cat\/ceipmaragallrubi\/wp-json\/wp\/v2\/pages\/73","targetHints":{"allow":["GET"]}}],"collection":[{"href":"https:\/\/agora.xtec.cat\/ceipmaragallrubi\/wp-json\/wp\/v2\/pages"}],"about":[{"href":"https:\/\/agora.xtec.cat\/ceipmaragallrubi\/wp-json\/wp\/v2\/types\/page"}],"author":[{"embeddable":true,"href":"https:\/\/agora.xtec.cat\/ceipmaragallrubi\/wp-json\/wp\/v2\/users\/1"}],"replies":[{"embeddable":true,"href":"https:\/\/agora.xtec.cat\/ceipmaragallrubi\/wp-json\/wp\/v2\/comments?post=73"}],"version-history":[{"count":7,"href":"https:\/\/agora.xtec.cat\/ceipmaragallrubi\/wp-json\/wp\/v2\/pages\/73\/revisions"}],"predecessor-version":[{"id":3379,"href":"https:\/\/agora.xtec.cat\/ceipmaragallrubi\/wp-json\/wp\/v2\/pages\/73\/revisions\/3379"}],"up":[{"embeddable":true,"href":"https:\/\/agora.xtec.cat\/ceipmaragallrubi\/wp-json\/wp\/v2\/pages\/66"}],"wp:attachment":[{"href":"https:\/\/agora.xtec.cat\/ceipmaragallrubi\/wp-json\/wp\/v2\/media?parent=73"}],"curies":[{"name":"wp","href":"https:\/\/api.w.org\/{rel}","templated":true}]}}