{"id":664,"date":"2018-05-12T22:22:16","date_gmt":"2018-05-12T20:22:16","guid":{"rendered":"http:\/\/agora.xtec.cat\/ceipmaragallrubi\/?page_id=664"},"modified":"2025-02-11T12:03:20","modified_gmt":"2025-02-11T11:03:20","slug":"aula-dinformatica","status":"publish","type":"page","link":"https:\/\/agora.xtec.cat\/ceipmaragallrubi\/lescola\/aula-dinformatica\/","title":{"rendered":"Aula d&#8217;inform\u00e0tica"},"content":{"rendered":"<h6 style=\"text-align: left;\">A l&#8217;escola disposem d&#8217;una aula per a realitzar activitats d&#8217;inform\u00e0tica, rob\u00f2tica i audiovisual.<\/h6>\n<p>&nbsp;<\/p>\n<p><img loading=\"lazy\" decoding=\"async\" class=\"wp-image-3159 alignnone\" src=\"https:\/\/agora.xtec.cat\/ceipmaragallrubi\/wp-content\/uploads\/usu1825\/2025\/02\/20240508_162209-scaled.jpg\" alt=\"\" width=\"332\" height=\"383\" srcset=\"https:\/\/agora.xtec.cat\/ceipmaragallrubi\/wp-content\/uploads\/usu1825\/2025\/02\/20240508_162209-scaled.jpg 2221w, https:\/\/agora.xtec.cat\/ceipmaragallrubi\/wp-content\/uploads\/usu1825\/2025\/02\/20240508_162209-260x300.jpg 260w, https:\/\/agora.xtec.cat\/ceipmaragallrubi\/wp-content\/uploads\/usu1825\/2025\/02\/20240508_162209-889x1024.jpg 889w, https:\/\/agora.xtec.cat\/ceipmaragallrubi\/wp-content\/uploads\/usu1825\/2025\/02\/20240508_162209-768x885.jpg 768w, https:\/\/agora.xtec.cat\/ceipmaragallrubi\/wp-content\/uploads\/usu1825\/2025\/02\/20240508_162209-1333x1536.jpg 1333w, https:\/\/agora.xtec.cat\/ceipmaragallrubi\/wp-content\/uploads\/usu1825\/2025\/02\/20240508_162209-1777x2048.jpg 1777w\" sizes=\"auto, (max-width: 332px) 100vw, 332px\" \/><\/p>\n<p>&nbsp;<\/p>\n<h6 style=\"text-align: left;\">Existeix dotaci\u00f3 inform\u00e0tica i audiovisual a tots els espais de l&#8217;escola: a totes les classes i espais on s&#8217;imparteix doc\u00e8ncia, hi una pantalla interactiva o un can\u00f3 amb pantalla.<\/h6>\n<h6 style=\"text-align: left;\">Disposem tamb\u00e9 d&#8217;una aula m\u00f2bil de vint-i-set ordinadors port\u00e0tils utilitzada regularment a les classes.<\/h6>\n<h6 style=\"text-align: left;\">Tots tenen connexi\u00f3 a Internet sense fil o per connexi\u00f3 local. Tota l&#8217;escola, incl\u00f2s gimn\u00e0s i espais m\u00e9s allunyats, disposem de zona WIFI<span class=\"Estilo1\">\u00a0<\/span><\/h6>\n<div align=\"justify\">\n<h6 style=\"text-align: left;\"><span class=\"Estilo1\">Completa el parc de mitjan\u00e7 audiovisuals i recursos TIC, un potent equip de so per activitats escolars i festes.<\/span><\/h6>\n<\/div>\n","protected":false},"excerpt":{"rendered":"<p>A l&#8217;escola disposem d&#8217;una aula per a realitzar activitats d&#8217;inform\u00e0tica, rob\u00f2tica i audiovisual. &nbsp; &nbsp; Existeix dotaci\u00f3 inform\u00e0tica i audiovisual [&hellip;]<\/p>\n","protected":false},"author":1,"featured_media":0,"parent":22,"menu_order":0,"comment_status":"closed","ping_status":"closed","template":"","meta":{"_bbp_topic_count":0,"_bbp_reply_count":0,"_bbp_total_topic_count":0,"_bbp_total_reply_count":0,"_bbp_voice_count":0,"_bbp_anonymous_reply_count":0,"_bbp_topic_count_hidden":0,"_bbp_reply_count_hidden":0,"_bbp_forum_subforum_count":0,"site-sidebar-layout":"default","site-content-layout":"","ast-site-content-layout":"default","site-content-style":"default","site-sidebar-style":"default","ast-global-header-display":"","ast-banner-title-visibility":"","ast-main-header-display":"","ast-hfb-above-header-display":"","ast-hfb-below-header-display":"","ast-hfb-mobile-header-display":"","site-post-title":"","ast-breadcrumbs-content":"","ast-featured-img":"","footer-sml-layout":"","theme-transparent-header-meta":"disabled","adv-header-id-meta":"","stick-header-meta":"","header-above-stick-meta":"","header-main-stick-meta":"","header-below-stick-meta":"","astra-migrate-meta-layouts":"set","ast-page-background-enabled":"default","ast-page-background-meta":{"desktop":{"background-color":"var(--ast-global-color-4)","background-image":"","background-repeat":"repeat","background-position":"center center","background-size":"auto","background-attachment":"scroll","background-type":"","background-media":"","overlay-type":"","overlay-color":"","overlay-opacity":"","overlay-gradient":""},"tablet":{"background-color":"","background-image":"","background-repeat":"repeat","background-position":"center center","background-size":"auto","background-attachment":"scroll","background-type":"","background-media":"","overlay-type":"","overlay-color":"","overlay-opacity":"","overlay-gradient":""},"mobile":{"background-color":"","background-image":"","background-repeat":"repeat","background-position":"center center","background-size":"auto","background-attachment":"scroll","background-type":"","background-media":"","overlay-type":"","overlay-color":"","overlay-opacity":"","overlay-gradient":""}},"ast-content-background-meta":{"desktop":{"background-color":"var(--ast-global-color-5)","background-image":"","background-repeat":"repeat","background-position":"center center","background-size":"auto","background-attachment":"scroll","background-type":"","background-media":"","overlay-type":"","overlay-color":"","overlay-opacity":"","overlay-gradient":""},"tablet":{"background-color":"var(--ast-global-color-5)","background-image":"","background-repeat":"repeat","background-position":"center center","background-size":"auto","background-attachment":"scroll","background-type":"","background-media":"","overlay-type":"","overlay-color":"","overlay-opacity":"","overlay-gradient":""},"mobile":{"background-color":"var(--ast-global-color-5)","background-image":"","background-repeat":"repeat","background-position":"center center","background-size":"auto","background-attachment":"scroll","background-type":"","background-media":"","overlay-type":"","overlay-color":"","overlay-opacity":"","overlay-gradient":""}},"footnotes":""},"class_list":["post-664","page","type-page","status-publish","hentry"],"post_mailing_queue_ids":[],"_links":{"self":[{"href":"https:\/\/agora.xtec.cat\/ceipmaragallrubi\/wp-json\/wp\/v2\/pages\/664","targetHints":{"allow":["GET"]}}],"collection":[{"href":"https:\/\/agora.xtec.cat\/ceipmaragallrubi\/wp-json\/wp\/v2\/pages"}],"about":[{"href":"https:\/\/agora.xtec.cat\/ceipmaragallrubi\/wp-json\/wp\/v2\/types\/page"}],"author":[{"embeddable":true,"href":"https:\/\/agora.xtec.cat\/ceipmaragallrubi\/wp-json\/wp\/v2\/users\/1"}],"replies":[{"embeddable":true,"href":"https:\/\/agora.xtec.cat\/ceipmaragallrubi\/wp-json\/wp\/v2\/comments?post=664"}],"version-history":[{"count":6,"href":"https:\/\/agora.xtec.cat\/ceipmaragallrubi\/wp-json\/wp\/v2\/pages\/664\/revisions"}],"predecessor-version":[{"id":3163,"href":"https:\/\/agora.xtec.cat\/ceipmaragallrubi\/wp-json\/wp\/v2\/pages\/664\/revisions\/3163"}],"up":[{"embeddable":true,"href":"https:\/\/agora.xtec.cat\/ceipmaragallrubi\/wp-json\/wp\/v2\/pages\/22"}],"wp:attachment":[{"href":"https:\/\/agora.xtec.cat\/ceipmaragallrubi\/wp-json\/wp\/v2\/media?parent=664"}],"curies":[{"name":"wp","href":"https:\/\/api.w.org\/{rel}","templated":true}]}}