{"id":557,"date":"2018-05-01T19:01:44","date_gmt":"2018-05-01T17:01:44","guid":{"rendered":"http:\/\/agora.xtec.cat\/ceipmaragallrubi\/?page_id=557"},"modified":"2026-01-25T20:12:50","modified_gmt":"2026-01-25T19:12:50","slug":"consell-escolar-2","status":"publish","type":"page","link":"https:\/\/agora.xtec.cat\/ceipmaragallrubi\/consell-escolar-2\/","title":{"rendered":"Consell escolar"},"content":{"rendered":"<ul class=\"star\">\n<li><strong>PRESIDENTA<\/strong>: Rosa Mas\u00f3<\/li>\n<li><strong>SECRET\u00c0RIA<\/strong>: Herminia Arnau<\/li>\n<li><strong>CAP D&#8217;ESTUDIS<\/strong>: Gl\u00f2ria Pernas<\/li>\n<li><strong>SECTOR MESTRES<\/strong>: Andrea Boldo &#8211; Ingrid Hinojosa-\u00a0 &#8211; Ariadna Jimenez- Sheila Mulero-Anna Pererira<\/li>\n<li><strong>SECTOR FAM\u00cdLIES<\/strong>:\u00a0 \u00a0Elena Sanchez- Mireia Soteras &#8211; Laura Beriain- Irene Fernandez- Raquel Ferri<\/li>\n<li><strong>REPRESENTANT AMPA<\/strong>: Victor Alcaraz<\/li>\n<li><strong>REPRESENTANT AJUNTAMENT<\/strong>: Ariadna Cavero<\/li>\n<li><strong>REPRESENTANT PAS<\/strong>: Helena L\u00f3pez<\/li>\n<\/ul>\n","protected":false},"excerpt":{"rendered":"<p>PRESIDENTA: Rosa Mas\u00f3 SECRET\u00c0RIA: Herminia Arnau CAP D&#8217;ESTUDIS: Gl\u00f2ria Pernas SECTOR MESTRES: Andrea Boldo &#8211; Ingrid Hinojosa-\u00a0 &#8211; Ariadna Jimenez- [&hellip;]<\/p>\n","protected":false},"author":1,"featured_media":0,"parent":0,"menu_order":0,"comment_status":"closed","ping_status":"closed","template":"","meta":{"_bbp_topic_count":0,"_bbp_reply_count":0,"_bbp_total_topic_count":0,"_bbp_total_reply_count":0,"_bbp_voice_count":0,"_bbp_anonymous_reply_count":0,"_bbp_topic_count_hidden":0,"_bbp_reply_count_hidden":0,"_bbp_forum_subforum_count":0,"site-sidebar-layout":"default","site-content-layout":"","ast-site-content-layout":"default","site-content-style":"default","site-sidebar-style":"default","ast-global-header-display":"","ast-banner-title-visibility":"","ast-main-header-display":"","ast-hfb-above-header-display":"","ast-hfb-below-header-display":"","ast-hfb-mobile-header-display":"","site-post-title":"","ast-breadcrumbs-content":"","ast-featured-img":"","footer-sml-layout":"","theme-transparent-header-meta":"default","adv-header-id-meta":"","stick-header-meta":"","header-above-stick-meta":"","header-main-stick-meta":"","header-below-stick-meta":"","astra-migrate-meta-layouts":"set","ast-page-background-enabled":"default","ast-page-background-meta":{"desktop":{"background-color":"var(--ast-global-color-4)","background-image":"","background-repeat":"repeat","background-position":"center center","background-size":"auto","background-attachment":"scroll","background-type":"","background-media":"","overlay-type":"","overlay-color":"","overlay-opacity":"","overlay-gradient":""},"tablet":{"background-color":"","background-image":"","background-repeat":"repeat","background-position":"center center","background-size":"auto","background-attachment":"scroll","background-type":"","background-media":"","overlay-type":"","overlay-color":"","overlay-opacity":"","overlay-gradient":""},"mobile":{"background-color":"","background-image":"","background-repeat":"repeat","background-position":"center center","background-size":"auto","background-attachment":"scroll","background-type":"","background-media":"","overlay-type":"","overlay-color":"","overlay-opacity":"","overlay-gradient":""}},"ast-content-background-meta":{"desktop":{"background-color":"var(--ast-global-color-5)","background-image":"","background-repeat":"repeat","background-position":"center center","background-size":"auto","background-attachment":"scroll","background-type":"","background-media":"","overlay-type":"","overlay-color":"","overlay-opacity":"","overlay-gradient":""},"tablet":{"background-color":"var(--ast-global-color-5)","background-image":"","background-repeat":"repeat","background-position":"center center","background-size":"auto","background-attachment":"scroll","background-type":"","background-media":"","overlay-type":"","overlay-color":"","overlay-opacity":"","overlay-gradient":""},"mobile":{"background-color":"var(--ast-global-color-5)","background-image":"","background-repeat":"repeat","background-position":"center center","background-size":"auto","background-attachment":"scroll","background-type":"","background-media":"","overlay-type":"","overlay-color":"","overlay-opacity":"","overlay-gradient":""}},"footnotes":""},"class_list":["post-557","page","type-page","status-publish","hentry"],"post_mailing_queue_ids":[],"_links":{"self":[{"href":"https:\/\/agora.xtec.cat\/ceipmaragallrubi\/wp-json\/wp\/v2\/pages\/557","targetHints":{"allow":["GET"]}}],"collection":[{"href":"https:\/\/agora.xtec.cat\/ceipmaragallrubi\/wp-json\/wp\/v2\/pages"}],"about":[{"href":"https:\/\/agora.xtec.cat\/ceipmaragallrubi\/wp-json\/wp\/v2\/types\/page"}],"author":[{"embeddable":true,"href":"https:\/\/agora.xtec.cat\/ceipmaragallrubi\/wp-json\/wp\/v2\/users\/1"}],"replies":[{"embeddable":true,"href":"https:\/\/agora.xtec.cat\/ceipmaragallrubi\/wp-json\/wp\/v2\/comments?post=557"}],"version-history":[{"count":6,"href":"https:\/\/agora.xtec.cat\/ceipmaragallrubi\/wp-json\/wp\/v2\/pages\/557\/revisions"}],"predecessor-version":[{"id":3384,"href":"https:\/\/agora.xtec.cat\/ceipmaragallrubi\/wp-json\/wp\/v2\/pages\/557\/revisions\/3384"}],"wp:attachment":[{"href":"https:\/\/agora.xtec.cat\/ceipmaragallrubi\/wp-json\/wp\/v2\/media?parent=557"}],"curies":[{"name":"wp","href":"https:\/\/api.w.org\/{rel}","templated":true}]}}