{"id":1136,"date":"2019-03-04T10:39:43","date_gmt":"2019-03-04T09:39:43","guid":{"rendered":"http:\/\/agora.xtec.cat\/ceipmaragallrubi\/?page_id=1136"},"modified":"2019-03-04T10:47:00","modified_gmt":"2019-03-04T09:47:00","slug":"projecte-50-50-rubi-brilla","status":"publish","type":"page","link":"https:\/\/agora.xtec.cat\/ceipmaragallrubi\/projecte-educatiu\/projecte-50-50-rubi-brilla\/","title":{"rendered":"Projecte 50\/50 &#8220;Rub\u00ed Brilla&#8221;"},"content":{"rendered":"<p>Aquest \u00e9s un projecte amb el suport europeu que t\u00e9 per objectiu l&#8217;estalvi energ\u00e8tic a les escoles.<br \/>\nLa principal idea d&#8217;aquesta metodologia \u00e9s que, de l&#8217;estalvi energ\u00e8tic que el centre educatiu aconsegueix mitjan\u00e7ant un canvi d&#8217;h\u00e0bits i de comportament dels usuaris envers l&#8217;\u00fas de l&#8217;energia, l\u2019ajuntament torna l\u2019estalvi generat a les escoles.<\/p>\n<p>El 50% en beneficis econ\u00f2mics per invertir en les necessitats de l\u2019escola i l&#8217;altre 50% tamb\u00e9 el podran rebre, sempre consensuat amb el consistori, si es destina a la inversi\u00f3 en accions que representin m\u00e9s estalvi energ\u00e8tic.<\/p>\n<p>En aquest projecte volem engrescar als alumnes, com a principals actors que s\u00f3n, als mestres i a les fam\u00edlies a formar part de la xarxa 50\/50 d&#8217;escoles que estalvien energia.<\/p>\n<p><iframe loading=\"lazy\" src=\"https:\/\/www.youtube.com\/embed\/_6Wtal4VBhU\" width=\"560\" height=\"315\" frameborder=\"0\" allowfullscreen=\"allowfullscreen\"><\/iframe> <iframe loading=\"lazy\" src=\"https:\/\/www.ccma.cat\/video\/embed\/super3\/5481812\/\" width=\"500px\" height=\"281px\" frameborder=\"0\" scrolling=\"no\" allowfullscreen=\"allowfullscreen\"><\/iframe><\/p>\n","protected":false},"excerpt":{"rendered":"<p>Aquest \u00e9s un projecte amb el suport europeu que t\u00e9 per objectiu l&#8217;estalvi energ\u00e8tic a les escoles. La principal idea [&hellip;]<\/p>\n","protected":false},"author":1,"featured_media":0,"parent":64,"menu_order":0,"comment_status":"closed","ping_status":"closed","template":"","meta":{"_bbp_topic_count":0,"_bbp_reply_count":0,"_bbp_total_topic_count":0,"_bbp_total_reply_count":0,"_bbp_voice_count":0,"_bbp_anonymous_reply_count":0,"_bbp_topic_count_hidden":0,"_bbp_reply_count_hidden":0,"_bbp_forum_subforum_count":0,"site-sidebar-layout":"default","site-content-layout":"","ast-site-content-layout":"","site-content-style":"default","site-sidebar-style":"default","ast-global-header-display":"","ast-banner-title-visibility":"","ast-main-header-display":"","ast-hfb-above-header-display":"","ast-hfb-below-header-display":"","ast-hfb-mobile-header-display":"","site-post-title":"","ast-breadcrumbs-content":"","ast-featured-img":"","footer-sml-layout":"","theme-transparent-header-meta":"","adv-header-id-meta":"","stick-header-meta":"","header-above-stick-meta":"","header-main-stick-meta":"","header-below-stick-meta":"","astra-migrate-meta-layouts":"default","ast-page-background-enabled":"default","ast-page-background-meta":{"desktop":{"background-color":"var(--ast-global-color-4)","background-image":"","background-repeat":"repeat","background-position":"center center","background-size":"auto","background-attachment":"scroll","background-type":"","background-media":"","overlay-type":"","overlay-color":"","overlay-opacity":"","overlay-gradient":""},"tablet":{"background-color":"","background-image":"","background-repeat":"repeat","background-position":"center center","background-size":"auto","background-attachment":"scroll","background-type":"","background-media":"","overlay-type":"","overlay-color":"","overlay-opacity":"","overlay-gradient":""},"mobile":{"background-color":"","background-image":"","background-repeat":"repeat","background-position":"center center","background-size":"auto","background-attachment":"scroll","background-type":"","background-media":"","overlay-type":"","overlay-color":"","overlay-opacity":"","overlay-gradient":""}},"ast-content-background-meta":{"desktop":{"background-color":"var(--ast-global-color-5)","background-image":"","background-repeat":"repeat","background-position":"center center","background-size":"auto","background-attachment":"scroll","background-type":"","background-media":"","overlay-type":"","overlay-color":"","overlay-opacity":"","overlay-gradient":""},"tablet":{"background-color":"var(--ast-global-color-5)","background-image":"","background-repeat":"repeat","background-position":"center center","background-size":"auto","background-attachment":"scroll","background-type":"","background-media":"","overlay-type":"","overlay-color":"","overlay-opacity":"","overlay-gradient":""},"mobile":{"background-color":"var(--ast-global-color-5)","background-image":"","background-repeat":"repeat","background-position":"center center","background-size":"auto","background-attachment":"scroll","background-type":"","background-media":"","overlay-type":"","overlay-color":"","overlay-opacity":"","overlay-gradient":""}},"footnotes":""},"class_list":["post-1136","page","type-page","status-publish","hentry"],"post_mailing_queue_ids":[],"_links":{"self":[{"href":"https:\/\/agora.xtec.cat\/ceipmaragallrubi\/wp-json\/wp\/v2\/pages\/1136","targetHints":{"allow":["GET"]}}],"collection":[{"href":"https:\/\/agora.xtec.cat\/ceipmaragallrubi\/wp-json\/wp\/v2\/pages"}],"about":[{"href":"https:\/\/agora.xtec.cat\/ceipmaragallrubi\/wp-json\/wp\/v2\/types\/page"}],"author":[{"embeddable":true,"href":"https:\/\/agora.xtec.cat\/ceipmaragallrubi\/wp-json\/wp\/v2\/users\/1"}],"replies":[{"embeddable":true,"href":"https:\/\/agora.xtec.cat\/ceipmaragallrubi\/wp-json\/wp\/v2\/comments?post=1136"}],"version-history":[{"count":4,"href":"https:\/\/agora.xtec.cat\/ceipmaragallrubi\/wp-json\/wp\/v2\/pages\/1136\/revisions"}],"predecessor-version":[{"id":1147,"href":"https:\/\/agora.xtec.cat\/ceipmaragallrubi\/wp-json\/wp\/v2\/pages\/1136\/revisions\/1147"}],"up":[{"embeddable":true,"href":"https:\/\/agora.xtec.cat\/ceipmaragallrubi\/wp-json\/wp\/v2\/pages\/64"}],"wp:attachment":[{"href":"https:\/\/agora.xtec.cat\/ceipmaragallrubi\/wp-json\/wp\/v2\/media?parent=1136"}],"curies":[{"name":"wp","href":"https:\/\/api.w.org\/{rel}","templated":true}]}}