{"id":84,"date":"2014-09-18T14:11:31","date_gmt":"2014-09-18T14:11:31","guid":{"rendered":"http:\/\/agora.xtec.cat\/ceipmalagrida\/?page_id=84"},"modified":"2025-03-10T13:09:55","modified_gmt":"2025-03-10T12:09:55","slug":"activitats-extraescolars","status":"publish","type":"page","link":"https:\/\/agora.xtec.cat\/ceipmalagrida\/serveis\/activitats-extraescolars\/","title":{"rendered":"Activitats extraescolars"},"content":{"rendered":"<p>Les activitats extraescolars s\u00f3n ofertades per l&#8217;AFA de l&#8217;escola. Poden variar en funci\u00f3 de la demanda o de les prefer\u00e8ncies de les fam\u00edlies i l&#8217;alumnat.<br \/>\nA finals de cada curs vigent es fa una preoferta de les activitats del curs seg\u00fcent i al mes de setembre s&#8217;acaben de tancar les inscripcions.<\/p>\n<p>Es realitzen en dues franges hor\u00e0ries: migdia i tarda.<\/p>\n<p>Aquest curs l&#8217;alumnat pot gaudir de les seg\u00fcents activitats\u00a0extraescolars:<\/p>\n<p>&#8211; <em><strong>Ioga<\/strong><\/em> (Dimarts i dijous de 12:30 a 14:15 els cursos de I4 a 6\u00e8)<\/p>\n<p>&#8211; <em><strong>Teatre<\/strong><\/em> (Dilluns i dimecres de 13:15 a 14:00 els cursos de I4 a 6\u00e8)<\/p>\n<p>&#8211; <em><strong>Mecanografia<\/strong> <\/em>(Divendres de 13:15 a 14:00 els cursos de 4t, 5\u00e8 i 6\u00e8)<\/p>\n<p>&#8211; <em><strong>Angl\u00e8s<\/strong> <\/em>(Dimarts i dijous de 12:30 a 14:15 els cursos de I4 fins a 6\u00e8)<\/p>\n<p>&#8211; <em><strong>F\u00fatbol, escoleta C.F. OLOT<\/strong><\/em> (Dimecres de 16:30 a 17:45 els cursos de I4 a 1R)<\/p>\n<p>&#8211; <em><strong>Enganxa&#8217;t a la lectura<\/strong> <\/em>(Dilluns de 16:30 a 17:45 els cursos de P3 fins a 1r)<\/p>\n<p>&nbsp;<\/p>\n","protected":false},"excerpt":{"rendered":"<p>Les activitats extraescolars s\u00f3n ofertades per l&#8217;AFA de l&#8217;escola. Poden variar en funci\u00f3 de la demanda o de les prefer\u00e8ncies de les fam\u00edlies i l&#8217;alumnat.<br \/>\nA finals de cada curs vigent es fa una preoferta de les activitats del curs seg\u00fcent i al mes de setembre&hellip;  <a href=\"https:\/\/agora.xtec.cat\/ceipmalagrida\/serveis\/activitats-extraescolars\/\" title=\"Read Activitats extraescolars\">Llegeix m\u00e9s\u00bb<\/a><\/p>\n","protected":false},"author":2,"featured_media":0,"parent":66,"menu_order":60,"comment_status":"closed","ping_status":"closed","template":"page-templates\/side-menu.php","meta":{"_bbp_topic_count":0,"_bbp_reply_count":0,"_bbp_total_topic_count":0,"_bbp_total_reply_count":0,"_bbp_voice_count":0,"_bbp_anonymous_reply_count":0,"_bbp_topic_count_hidden":0,"_bbp_reply_count_hidden":0,"_bbp_forum_subforum_count":0,"footnotes":""},"class_list":["post-84","page","type-page","status-publish","hentry"],"post_mailing_queue_ids":[],"_links":{"self":[{"href":"https:\/\/agora.xtec.cat\/ceipmalagrida\/wp-json\/wp\/v2\/pages\/84","targetHints":{"allow":["GET"]}}],"collection":[{"href":"https:\/\/agora.xtec.cat\/ceipmalagrida\/wp-json\/wp\/v2\/pages"}],"about":[{"href":"https:\/\/agora.xtec.cat\/ceipmalagrida\/wp-json\/wp\/v2\/types\/page"}],"author":[{"embeddable":true,"href":"https:\/\/agora.xtec.cat\/ceipmalagrida\/wp-json\/wp\/v2\/users\/2"}],"replies":[{"embeddable":true,"href":"https:\/\/agora.xtec.cat\/ceipmalagrida\/wp-json\/wp\/v2\/comments?post=84"}],"version-history":[{"count":6,"href":"https:\/\/agora.xtec.cat\/ceipmalagrida\/wp-json\/wp\/v2\/pages\/84\/revisions"}],"predecessor-version":[{"id":4688,"href":"https:\/\/agora.xtec.cat\/ceipmalagrida\/wp-json\/wp\/v2\/pages\/84\/revisions\/4688"}],"up":[{"embeddable":true,"href":"https:\/\/agora.xtec.cat\/ceipmalagrida\/wp-json\/wp\/v2\/pages\/66"}],"wp:attachment":[{"href":"https:\/\/agora.xtec.cat\/ceipmalagrida\/wp-json\/wp\/v2\/media?parent=84"}],"curies":[{"name":"wp","href":"https:\/\/api.w.org\/{rel}","templated":true}]}}