{"id":77,"date":"2014-09-18T14:05:08","date_gmt":"2014-09-18T14:05:08","guid":{"rendered":"http:\/\/agora.xtec.cat\/ceipmalagrida\/?page_id=77"},"modified":"2024-02-27T12:25:45","modified_gmt":"2024-02-27T11:25:45","slug":"acollida","status":"publish","type":"page","link":"https:\/\/agora.xtec.cat\/ceipmalagrida\/serveis\/acollida\/","title":{"rendered":"Acollida"},"content":{"rendered":"<p>L&#8217;escola Malagrida ofereix un servei d&#8217;acollida matinal des de 7:30 del mat\u00ed fins a les 9:00 h.<\/p>\n<p>A la tarda les franges hor\u00e0ries s\u00f3n entre les 16:30 i les 18:00 h.<\/p>\n<p>L&#8217;empresa Recrea&#8217;t \u00e9s l&#8217;encarregada de la gesti\u00f3 del servei d&#8217;acollida del centre.<\/p>\n<p>El servei pot ser utilitzat de manera fixa, o b\u00e9, de manera espor\u00e0dica. En cas de necessitat de fer-ne \u00fas espor\u00e0dic es pot dir aquell mateix mat\u00ed. Si \u00e9s un cas d&#8217;emerg\u00e8ncia o necessitat, cal trucar a la secretaria de l&#8217;escola perqu\u00e8 ho pugui confirmar a l&#8217;alumne\/a, la tutora i a la monitora del servei.<\/p>\n<p>COST DEL SERVEI: l&#8217;AFA n&#8217;informar\u00e0 a principis de curs.<\/p>\n","protected":false},"excerpt":{"rendered":"<p>L&#8217;escola Malagrida ofereix un servei d&#8217;acollida matinal des de 7:30 del mat\u00ed fins a les 9:00 h.<br \/>\nA la tarda les franges hor\u00e0ries s\u00f3n entre les 16:30 i les 18:00 h.<br \/>\nL&#8217;empresa Recrea&#8217;t \u00e9s l&#8217;encarregada de la gesti\u00f3 del servei d&#8217;acollida del centre.<br \/>\nEl servei pot ser utilitzat&hellip;  <a href=\"https:\/\/agora.xtec.cat\/ceipmalagrida\/serveis\/acollida\/\" title=\"Read Acollida\">Llegeix m\u00e9s\u00bb<\/a><\/p>\n","protected":false},"author":2,"featured_media":0,"parent":66,"menu_order":20,"comment_status":"closed","ping_status":"closed","template":"page-templates\/side-menu.php","meta":{"_bbp_topic_count":0,"_bbp_reply_count":0,"_bbp_total_topic_count":0,"_bbp_total_reply_count":0,"_bbp_voice_count":0,"_bbp_anonymous_reply_count":0,"_bbp_topic_count_hidden":0,"_bbp_reply_count_hidden":0,"_bbp_forum_subforum_count":0,"footnotes":""},"class_list":["post-77","page","type-page","status-publish","hentry"],"post_mailing_queue_ids":[],"_links":{"self":[{"href":"https:\/\/agora.xtec.cat\/ceipmalagrida\/wp-json\/wp\/v2\/pages\/77","targetHints":{"allow":["GET"]}}],"collection":[{"href":"https:\/\/agora.xtec.cat\/ceipmalagrida\/wp-json\/wp\/v2\/pages"}],"about":[{"href":"https:\/\/agora.xtec.cat\/ceipmalagrida\/wp-json\/wp\/v2\/types\/page"}],"author":[{"embeddable":true,"href":"https:\/\/agora.xtec.cat\/ceipmalagrida\/wp-json\/wp\/v2\/users\/2"}],"replies":[{"embeddable":true,"href":"https:\/\/agora.xtec.cat\/ceipmalagrida\/wp-json\/wp\/v2\/comments?post=77"}],"version-history":[{"count":5,"href":"https:\/\/agora.xtec.cat\/ceipmalagrida\/wp-json\/wp\/v2\/pages\/77\/revisions"}],"predecessor-version":[{"id":4623,"href":"https:\/\/agora.xtec.cat\/ceipmalagrida\/wp-json\/wp\/v2\/pages\/77\/revisions\/4623"}],"up":[{"embeddable":true,"href":"https:\/\/agora.xtec.cat\/ceipmalagrida\/wp-json\/wp\/v2\/pages\/66"}],"wp:attachment":[{"href":"https:\/\/agora.xtec.cat\/ceipmalagrida\/wp-json\/wp\/v2\/media?parent=77"}],"curies":[{"name":"wp","href":"https:\/\/api.w.org\/{rel}","templated":true}]}}