{"id":73,"date":"2014-09-18T14:01:51","date_gmt":"2014-09-18T14:01:51","guid":{"rendered":"http:\/\/agora.xtec.cat\/ceipmalagrida\/?page_id=73"},"modified":"2024-09-16T09:13:48","modified_gmt":"2024-09-16T07:13:48","slug":"menjador-escolar","status":"publish","type":"page","link":"https:\/\/agora.xtec.cat\/ceipmalagrida\/serveis\/menjador-escolar\/","title":{"rendered":"Menjador escolar"},"content":{"rendered":"<h2>SERVEI DE MENJADOR ESCOLAR<\/h2>\n<p><span style=\"font-family: Verdana, Arial, Helvetica, sans-serif;\">El Servei de Menjador dona atenci\u00f3 a alumnes <span style=\"text-decoration: underline;\">entre les 12:30 del migdia i les 3 de la tarda<\/span>. Compr\u00e8n el dinar i l&#8217;estona de lleure, a part de les activitats extres que s&#8217;hi realitzen (angl\u00e8s, mecanografia, taller d&#8217;estudi).<br \/>\n<span style=\"text-decoration: underline;\">L&#8217;AFA de l&#8217;escola Malagrida es responsabilitza de la gesti\u00f3<\/span> del Servei de Menjador mitjan\u00e7ant un contracte amb <a href=\"https:\/\/www.boisa.cat\/ca\/\">BOISA<\/a><em><a href=\"http:\/\/www.serunion-educa.com\/Paginas\/Default_ca.aspx\">,<\/a><\/em> una empresa especialitzada del sector.<br \/>\nAquest \u00e9s <a href=\"https:\/\/ampamalagrida.wixsite.com\/my-site\">l&#8217;enlla\u00e7 espec\u00edfic<\/a> a l&#8217;apartat d&#8217;escola Malagrida.<\/span><\/p>\n<h3>ORGANITZACI\u00d3<\/h3>\n<p><span style=\"font-family: Verdana, Arial, Helvetica, sans-serif;\">El servei de menjador fa 2 <span style=\"text-decoration: underline;\">torns<\/span> diaris: un d&#8217;Educaci\u00f3 Infantil i cicle inicial conjuntament amb 3r de prim\u00e0ria, i un segon torn de 4t a 6\u00e8.<br \/>\nPel que fa refer\u00e8ncia a la tipologia d&#8217;usuari ara ja no es contempla l&#8217;usuari fix i l&#8217;espor\u00e0dic. S&#8217;aplica el mateix preu de serveis a tot l&#8217;alumnat: 6,87\u20ac. Els nens i nenes que tenen beca de menjador se&#8217;ls aplica la bonificaci\u00f3 del servei sobre els dies que tenen becats: 100% (5 dies) o 70 % (3 dies). Nom\u00e9s es comptabilitzen els dies que cada nen\/a fa \u00fas del servei de menjador.<br \/>\nEls alumnes del torn d\u2019Educaci\u00f3 Infantil (I3) despr\u00e9s de dinar van a dormir (els les qui ho necessitin),\u00a0 i els de I4 i I5 van a fer jocs al pati o altres activitats dirigides dins les aules. Si algun\/a alumna de I4 tamb\u00e9 necessit\u00e9s dormir, es contemplaria aquesta possibilitat.\u00a0 Els de Prim\u00e0ria fan jocs i activitats diverses i tamb\u00e9 poden, de forma volunt\u00e0ria, fer activitats extraescolars de migdia: taller d&#8217;angl\u00e8s, taller de mecanografia, art\u00edstics&#8230;<br \/>\nLa <span style=\"text-decoration: underline;\">comissi\u00f3 de menjador<\/span> inclou representants de la Direcci\u00f3, l\u2019AFA i Boisa.<\/span><\/p>\n<p><span style=\"font-family: Verdana, Arial, Helvetica, sans-serif;\"><strong>*NOTA IMPORTANT:<\/strong> CAL QUE COMUNIQUEU SI EL VOSTRE FILL \u00c9S CEL\u00cdAC, INTOLERANT LACTOSA, OU, PEIX, ETC.<br \/>\n<\/span><\/p>\n<h2><\/h2>\n<h3>MEN\u00daS<\/h3>\n<p><span style=\"font-family: Verdana, Arial, Helvetica, sans-serif;\">Els men\u00fas s\u00f3n elaborats a la cuina de l\u2019escola per l&#8217;empresa contractada i revisats, peri\u00f2dicament, tant per l&#8217;empresa com pel servei de salut de l&#8217;Ajuntament. <span style=\"text-decoration: underline;\">Cada mes es d\u00f3na als usuaris un full amb els men\u00fas escolars diaris.<\/span><\/span><\/p>\n<p>&nbsp;<\/p>\n<h3>FUNCIONAMENT ADMINISTRATIU DEL MENJADOR<\/h3>\n<p><span style=\"font-family: Verdana, Arial, Helvetica, sans-serif;\"><span style=\"text-decoration: underline;\">ATENCI\u00d3<\/span> <span style=\"text-decoration: underline;\">als usuaris<\/span> <span style=\"text-decoration: underline;\">cada dia, de<\/span> <span style=\"text-decoration: underline;\">9h a 10:30h,<\/span> <span style=\"text-decoration: underline;\">a la finestreta de consergeria: coordinadora del servei (Monika)<\/span><strong>.<\/strong><br \/>\nLes altes es comuniquen abans d&#8217;utilitzar el servei, en l\u2019horari d\u2019atenci\u00f3 al p\u00fablic.<br \/>\nEl pagament es fa per avan\u00e7at mitjan\u00e7ant rebut bancari mensual. Les abs\u00e8ncies s\u00f3n descomptades a final de mes, a partir de la tercera consecutiva. Tots els pagaments es fan a trav\u00e9s de rebut bancari. Per aquest curs el preu del men\u00fa d&#8217;alumnes\u00a0 ser\u00e0 de <strong>6,87 \u20ac<\/strong>.<\/span><\/p>\n<p>Per evitar problemes de finan\u00e7ament i possibles impagats, s\u00f3n autom\u00e0ticament donats de baixa els qui no estiguin al corrent de pagament a finals del mes ven\u00e7ut.<br \/>\nEs poden sol\u00b7licitar beques o ajuts al Consell Comarcal, en els per\u00edodes establerts amb aquesta finalitat. Cal parar atenci\u00f3 a la cartellera de l&#8217;escola.<\/p>\n<p>&nbsp;<\/p>\n<h3>FUNCIONAMENT ORGANITZATIU DEL MENJADOR<\/h3>\n<p><span style=\"text-decoration: underline;\">L&#8217;alumnat de I3 han de tenir una muda pel menjador<\/span>, a m\u00e9s de la que tenen a l\u2019aula. Els que acostumen a dormir han de dur tamb\u00e9 una manta (totes dues coses amb el nom).<\/p>\n<p><span style=\"color: #000000; font-family: Verdana, Arial, Helvetica, sans-serif;\">Cap alumne\/a de menjador no pot sortir de l\u2019escola sense autoritzaci\u00f3 expressa dels pares.<br \/>\nEl recompte de comensals es fa cada dia a les 9:30 del mat\u00ed. Si un\/a alumne\/a no \u00e9s llavors a l\u2019escola, i la fam\u00edlia no ha avisat, es considera que aquell dia no es queda a dinar.<br \/>\nLa Comissi\u00f3 de Menjador pot, per raons de mal comportament, excloure un alumne del servei durant uns temps determinat, previ av\u00eds a la fam\u00edlia. Reiterades faltes greus comporten la intervenci\u00f3 de la Comissi\u00f3 de Conviv\u00e8ncia i la Comissi\u00f3 de Menjador i, eventualment, la baixa for\u00e7osa del servei de menjador.<\/span><\/p>\n<p>&nbsp;<\/p>\n","protected":false},"excerpt":{"rendered":"<p>SERVEI DE MENJADOR ESCOLAR<br \/>\nEl Servei de Menjador dona atenci\u00f3 a alumnes entre les 12:30 del migdia i les 3 de la tarda. Compr\u00e8n el dinar i l&#8217;estona de lleure, a part de les activitats extres que s&#8217;hi realitzen (angl\u00e8s, mecanografia, taller d&#8217;estudi).<br \/>\nL&#8217;AFA de l&#8217;escola Malagrida&hellip;  <a href=\"https:\/\/agora.xtec.cat\/ceipmalagrida\/serveis\/menjador-escolar\/\" title=\"Read Menjador escolar\">Llegeix m\u00e9s\u00bb<\/a><\/p>\n","protected":false},"author":2,"featured_media":0,"parent":66,"menu_order":30,"comment_status":"closed","ping_status":"closed","template":"page-templates\/side-menu.php","meta":{"_bbp_topic_count":0,"_bbp_reply_count":0,"_bbp_total_topic_count":0,"_bbp_total_reply_count":0,"_bbp_voice_count":0,"_bbp_anonymous_reply_count":0,"_bbp_topic_count_hidden":0,"_bbp_reply_count_hidden":0,"_bbp_forum_subforum_count":0,"footnotes":""},"class_list":["post-73","page","type-page","status-publish","hentry"],"post_mailing_queue_ids":[],"_links":{"self":[{"href":"https:\/\/agora.xtec.cat\/ceipmalagrida\/wp-json\/wp\/v2\/pages\/73","targetHints":{"allow":["GET"]}}],"collection":[{"href":"https:\/\/agora.xtec.cat\/ceipmalagrida\/wp-json\/wp\/v2\/pages"}],"about":[{"href":"https:\/\/agora.xtec.cat\/ceipmalagrida\/wp-json\/wp\/v2\/types\/page"}],"author":[{"embeddable":true,"href":"https:\/\/agora.xtec.cat\/ceipmalagrida\/wp-json\/wp\/v2\/users\/2"}],"replies":[{"embeddable":true,"href":"https:\/\/agora.xtec.cat\/ceipmalagrida\/wp-json\/wp\/v2\/comments?post=73"}],"version-history":[{"count":7,"href":"https:\/\/agora.xtec.cat\/ceipmalagrida\/wp-json\/wp\/v2\/pages\/73\/revisions"}],"predecessor-version":[{"id":4657,"href":"https:\/\/agora.xtec.cat\/ceipmalagrida\/wp-json\/wp\/v2\/pages\/73\/revisions\/4657"}],"up":[{"embeddable":true,"href":"https:\/\/agora.xtec.cat\/ceipmalagrida\/wp-json\/wp\/v2\/pages\/66"}],"wp:attachment":[{"href":"https:\/\/agora.xtec.cat\/ceipmalagrida\/wp-json\/wp\/v2\/media?parent=73"}],"curies":[{"name":"wp","href":"https:\/\/api.w.org\/{rel}","templated":true}]}}