{"id":4629,"date":"2024-03-11T10:27:16","date_gmt":"2024-03-11T09:27:16","guid":{"rendered":"https:\/\/agora.xtec.cat\/ceipmalagrida\/?page_id=4629"},"modified":"2025-10-13T12:22:25","modified_gmt":"2025-10-13T10:22:25","slug":"programa-sensei","status":"publish","type":"page","link":"https:\/\/agora.xtec.cat\/ceipmalagrida\/programa-sensei\/","title":{"rendered":"PROGRAMA SENSEI"},"content":{"rendered":"<p>Des del curs 23-24, a l&#8217;escola Malagrida formem part del programa SENSEI.<\/p>\n<p>Es tracta d&#8217;un programa de capacitaci\u00f3 inicial docent que alterna la doc\u00e8ncia a l&#8217;aula, amb la codoc\u00e8ncia i la formaci\u00f3 inicial intensiva per part de 3 docents novells que s&#8217;han incorporat al nostre centre.<br \/>\nEs troben vinculats a diversos cicles: a educaci\u00f3 infantil, cicle mitj\u00e0 i cicle superior.<\/p>\n<p>Aquestes 3 docents novells es troben supervisades per una docent mentora del centre, que els acompanya en els processos de treball i formaci\u00f3, a l&#8217;igual que tamb\u00e9 disposen de la figura d&#8217;una docent de refer\u00e8ncia per a processos d&#8217;acompanyament en el dia a dia.<\/p>\n<p>Aquest pla es troba finan\u00e7at per fons europeus que permeten poder-lo implementar.<\/p>\n<p><a href=\"https:\/\/agora.xtec.cat\/ceipmalagrida\/programa-sensei\/attachment\/cartell-a3-fse-2021_2027-externs-pptx-2\/\" rel=\"attachment wp-att-4736\">cartell A3 FSE+ 2021_2027 externs.pptx (2)<\/a><a href=\"https:\/\/agora.xtec.cat\/ceipmalagrida\/programa-sensei\/attachment\/cartell-a3-imatge\/\" rel=\"attachment wp-att-4737\"><img loading=\"lazy\" decoding=\"async\" class=\"aligncenter  wp-image-4737\" src=\"https:\/\/agora.xtec.cat\/ceipmalagrida\/wp-content\/uploads\/usu205\/2025\/10\/CARTELL-A3-IMATGE.jpg\" alt=\"\" width=\"635\" height=\"448\" srcset=\"https:\/\/agora.xtec.cat\/ceipmalagrida\/wp-content\/uploads\/usu205\/2025\/10\/CARTELL-A3-IMATGE.jpg 1290w, https:\/\/agora.xtec.cat\/ceipmalagrida\/wp-content\/uploads\/usu205\/2025\/10\/CARTELL-A3-IMATGE-300x212.jpg 300w, https:\/\/agora.xtec.cat\/ceipmalagrida\/wp-content\/uploads\/usu205\/2025\/10\/CARTELL-A3-IMATGE-1024x722.jpg 1024w, https:\/\/agora.xtec.cat\/ceipmalagrida\/wp-content\/uploads\/usu205\/2025\/10\/CARTELL-A3-IMATGE-768x542.jpg 768w\" sizes=\"auto, (max-width: 635px) 100vw, 635px\" \/><\/a><\/p>\n<p><a href=\"https:\/\/agora.xtec.cat\/ceipmalagrida\/pagina-dinici-buida\/attachment\/tira-amb-tots-els-logos\/\" rel=\"attachment wp-att-4626\"><img loading=\"lazy\" decoding=\"async\" class=\"aligncenter wp-image-4626\" src=\"https:\/\/agora.xtec.cat\/ceipmalagrida\/wp-content\/uploads\/usu205\/2024\/03\/Tira-amb-tots-els-logos-300x17.png\" alt=\"\" width=\"406\" height=\"23\" srcset=\"https:\/\/agora.xtec.cat\/ceipmalagrida\/wp-content\/uploads\/usu205\/2024\/03\/Tira-amb-tots-els-logos-300x17.png 300w, https:\/\/agora.xtec.cat\/ceipmalagrida\/wp-content\/uploads\/usu205\/2024\/03\/Tira-amb-tots-els-logos-1024x56.png 1024w, https:\/\/agora.xtec.cat\/ceipmalagrida\/wp-content\/uploads\/usu205\/2024\/03\/Tira-amb-tots-els-logos-768x42.png 768w, https:\/\/agora.xtec.cat\/ceipmalagrida\/wp-content\/uploads\/usu205\/2024\/03\/Tira-amb-tots-els-logos-1536x84.png 1536w, https:\/\/agora.xtec.cat\/ceipmalagrida\/wp-content\/uploads\/usu205\/2024\/03\/Tira-amb-tots-els-logos.png 2000w\" sizes=\"auto, (max-width: 406px) 100vw, 406px\" \/><\/a><\/p>\n","protected":false},"excerpt":{"rendered":"<p>Des del curs 23-24, a l&#8217;escola Malagrida formem part del programa SENSEI.<br \/>\nEs tracta d&#8217;un programa de capacitaci\u00f3 inicial docent que alterna la doc\u00e8ncia a l&#8217;aula, amb la codoc\u00e8ncia i la formaci\u00f3 inicial intensiva per part de 3 docents novells que s&#8217;han incorporat al nostre centre.<br \/>\nEs&hellip;  <a href=\"https:\/\/agora.xtec.cat\/ceipmalagrida\/programa-sensei\/\" title=\"Read PROGRAMA SENSEI\">Llegeix m\u00e9s\u00bb<\/a><\/p>\n","protected":false},"author":3,"featured_media":0,"parent":0,"menu_order":0,"comment_status":"closed","ping_status":"closed","template":"","meta":{"_bbp_topic_count":0,"_bbp_reply_count":0,"_bbp_total_topic_count":0,"_bbp_total_reply_count":0,"_bbp_voice_count":0,"_bbp_anonymous_reply_count":0,"_bbp_topic_count_hidden":0,"_bbp_reply_count_hidden":0,"_bbp_forum_subforum_count":0,"footnotes":""},"class_list":["post-4629","page","type-page","status-publish","hentry"],"post_mailing_queue_ids":[],"_links":{"self":[{"href":"https:\/\/agora.xtec.cat\/ceipmalagrida\/wp-json\/wp\/v2\/pages\/4629","targetHints":{"allow":["GET"]}}],"collection":[{"href":"https:\/\/agora.xtec.cat\/ceipmalagrida\/wp-json\/wp\/v2\/pages"}],"about":[{"href":"https:\/\/agora.xtec.cat\/ceipmalagrida\/wp-json\/wp\/v2\/types\/page"}],"author":[{"embeddable":true,"href":"https:\/\/agora.xtec.cat\/ceipmalagrida\/wp-json\/wp\/v2\/users\/3"}],"replies":[{"embeddable":true,"href":"https:\/\/agora.xtec.cat\/ceipmalagrida\/wp-json\/wp\/v2\/comments?post=4629"}],"version-history":[{"count":5,"href":"https:\/\/agora.xtec.cat\/ceipmalagrida\/wp-json\/wp\/v2\/pages\/4629\/revisions"}],"predecessor-version":[{"id":4738,"href":"https:\/\/agora.xtec.cat\/ceipmalagrida\/wp-json\/wp\/v2\/pages\/4629\/revisions\/4738"}],"wp:attachment":[{"href":"https:\/\/agora.xtec.cat\/ceipmalagrida\/wp-json\/wp\/v2\/media?parent=4629"}],"curies":[{"name":"wp","href":"https:\/\/api.w.org\/{rel}","templated":true}]}}