{"id":4433,"date":"2021-10-13T08:47:03","date_gmt":"2021-10-13T06:47:03","guid":{"rendered":"https:\/\/agora.xtec.cat\/ceipmalagrida\/?page_id=4433"},"modified":"2021-10-13T08:47:57","modified_gmt":"2021-10-13T06:47:57","slug":"laboratori-de-transformacio-educativa","status":"publish","type":"page","link":"https:\/\/agora.xtec.cat\/ceipmalagrida\/laboratori-de-transformacio-educativa\/","title":{"rendered":"LABORATORI DE TRANSFORMACI\u00d3 EDUCATIVA, CURS 21-22"},"content":{"rendered":"<p>En aquesta p\u00e0gina hi trobareu la reflexi\u00f3 sorgida arran de la sessi\u00f3 de treball que vam dur a terme conjuntament amb l&#8217;equip de claustre.<\/p>\n<p>Us deixem <a href=\"https:\/\/docs.google.com\/document\/d\/166LsZ5RrNFDhnosaEcuDRWaMH1iYE7qfFpDiritz5Pc\/edit?usp=sharing\">l&#8217;enlla\u00e7 al recull final<\/a> de totes les aportacions que es varen efectuar.<\/p>\n<p>&nbsp;<\/p>\n","protected":false},"excerpt":{"rendered":"<p>En aquesta p\u00e0gina hi trobareu la reflexi\u00f3 sorgida arran de la sessi\u00f3 de treball que vam dur a terme conjuntament amb l&#8217;equip de claustre.<br \/>\nUs deixem <a href=\"https:\/\/docs.google.com\/document\/d\/166LsZ5RrNFDhnosaEcuDRWaMH1iYE7qfFpDiritz5Pc\/edit?usp=sharing\">l&#8217;enlla\u00e7 al recull final<\/a> de totes les aportacions que es varen efectuar.<br \/>\n&nbsp;<\/p>\n","protected":false},"author":3,"featured_media":0,"parent":0,"menu_order":0,"comment_status":"closed","ping_status":"closed","template":"","meta":{"_bbp_topic_count":0,"_bbp_reply_count":0,"_bbp_total_topic_count":0,"_bbp_total_reply_count":0,"_bbp_voice_count":0,"_bbp_anonymous_reply_count":0,"_bbp_topic_count_hidden":0,"_bbp_reply_count_hidden":0,"_bbp_forum_subforum_count":0,"footnotes":""},"class_list":["post-4433","page","type-page","status-publish","hentry"],"post_mailing_queue_ids":[],"_links":{"self":[{"href":"https:\/\/agora.xtec.cat\/ceipmalagrida\/wp-json\/wp\/v2\/pages\/4433","targetHints":{"allow":["GET"]}}],"collection":[{"href":"https:\/\/agora.xtec.cat\/ceipmalagrida\/wp-json\/wp\/v2\/pages"}],"about":[{"href":"https:\/\/agora.xtec.cat\/ceipmalagrida\/wp-json\/wp\/v2\/types\/page"}],"author":[{"embeddable":true,"href":"https:\/\/agora.xtec.cat\/ceipmalagrida\/wp-json\/wp\/v2\/users\/3"}],"replies":[{"embeddable":true,"href":"https:\/\/agora.xtec.cat\/ceipmalagrida\/wp-json\/wp\/v2\/comments?post=4433"}],"version-history":[{"count":2,"href":"https:\/\/agora.xtec.cat\/ceipmalagrida\/wp-json\/wp\/v2\/pages\/4433\/revisions"}],"predecessor-version":[{"id":4435,"href":"https:\/\/agora.xtec.cat\/ceipmalagrida\/wp-json\/wp\/v2\/pages\/4433\/revisions\/4435"}],"wp:attachment":[{"href":"https:\/\/agora.xtec.cat\/ceipmalagrida\/wp-json\/wp\/v2\/media?parent=4433"}],"curies":[{"name":"wp","href":"https:\/\/api.w.org\/{rel}","templated":true}]}}